{"id":17532,"date":"2025-10-18T17:54:05","date_gmt":"2025-10-18T09:54:05","guid":{"rendered":"https:\/\/green-grasshopper-921422.hostingersite.com\/?post_type=product&#038;p=17532"},"modified":"2026-01-19T22:00:40","modified_gmt":"2026-01-19T14:00:40","slug":"lavande-nebula-15000-puffow-led-vape","status":"publish","type":"product","link":"https:\/\/agoravape.com\/pl\/product\/lavande-nebula-15000-puffs-led-vape\/","title":{"rendered":"Lavande NEBULA 15K Puffs Jednorazowy Vape z ekranem LED | D\u0142ugotrwa\u0142y smak z inteligentnym statusem na ekranie"},"content":{"rendered":"<h2 data-v-md-heading=\"what-is-special-about-lavande-nebula-s-15000-port-led-screen-disposable-vape\" data-v-md-line=\"3\"><img loading=\"lazy\" decoding=\"async\" class=\"aligncenter size-full wp-image-17564\" src=\"https:\/\/agoravape.com\/wp-content\/uploads\/2025\/10\/Lavande-NEBULA-15K-Puffs-LED-Screen-Disposable-Vape_Agora_vape-11-scaled.webp\" alt=\"\" width=\"2560\" height=\"1440\" srcset=\"https:\/\/agoravape.com\/wp-content\/uploads\/2025\/10\/Lavande-NEBULA-15K-Puffs-LED-Screen-Disposable-Vape_Agora_vape-11-scaled.webp 2560w, https:\/\/agoravape.com\/wp-content\/uploads\/2025\/10\/Lavande-NEBULA-15K-Puffs-LED-Screen-Disposable-Vape_Agora_vape-11-scaled-1200x675.webp 1200w, https:\/\/agoravape.com\/wp-content\/uploads\/2025\/10\/Lavande-NEBULA-15K-Puffs-LED-Screen-Disposable-Vape_Agora_vape-11-300x169.webp 300w, https:\/\/agoravape.com\/wp-content\/uploads\/2025\/10\/Lavande-NEBULA-15K-Puffs-LED-Screen-Disposable-Vape_Agora_vape-11-1024x576.webp 1024w, https:\/\/agoravape.com\/wp-content\/uploads\/2025\/10\/Lavande-NEBULA-15K-Puffs-LED-Screen-Disposable-Vape_Agora_vape-11-768x432.webp 768w, https:\/\/agoravape.com\/wp-content\/uploads\/2025\/10\/Lavande-NEBULA-15K-Puffs-LED-Screen-Disposable-Vape_Agora_vape-11-1536x864.webp 1536w, https:\/\/agoravape.com\/wp-content\/uploads\/2025\/10\/Lavande-NEBULA-15K-Puffs-LED-Screen-Disposable-Vape_Agora_vape-11-2048x1152.webp 2048w\" sizes=\"auto, (max-width: 2560px) 100vw, 2560px\" \/><\/h2>\n<h2 data-v-md-heading=\"what-is-special-about-lavande-nebula-s-15000-port-led-screen-disposable-vape\" data-v-md-line=\"3\">Co jest wyj\u0105tkowego w jednorazowym waporyzatorze Lavande NEBULA z 15000-portowym ekranem LED?<\/h2>\n<p data-v-md-line=\"4\">Je\u015bli jeste\u015b zm\u0119czony wymian\u0105 waporyzatora co kilka dni, ten produkt u\u0142atwi Ci \u017cycie. Lavande NEBULA ma d\u0142ug\u0105 \u017cywotno\u015b\u0107 baterii do 15000 port\u00f3w i jest wyposa\u017cony w wygodny ekran LED, umo\u017cliwiaj\u0105cy \u015bledzenie stanu w dowolnym momencie.<\/p>\n<p data-v-md-line=\"6\">Je\u015bli chcesz prostego i \u0142atwego w u\u017cyciu waporyzatora bez utraty wyrafinowania, ten produkt jest idealnym wyborem. Nie ma potrzeby \u017cmudnych ustawie\u0144, nie trzeba zgadywa\u0107. Siatkowa cewka zapewnia sp\u00f3jn\u0105 tekstur\u0119 i w razie potrzeby mo\u017cna j\u0105 \u0142atwo na\u0142adowa\u0107 za pomoc\u0105 interfejsu typu C.<\/p>\n<h2 data-v-md-heading=\"excellent-performance-worry-free\" data-v-md-line=\"8\">Doskona\u0142a wydajno\u015b\u0107, bez obaw<\/h2>\n<p data-v-md-line=\"9\">Rdzeniem NEBULA jest cewka siatkowa 1,2 \u03a9, dzi\u0119ki czemu ka\u017cdy k\u0119s mo\u017ce zachowa\u0107 czysty i stabilny smak od pocz\u0105tku do ko\u0144ca. Ekrany LED mog\u0105 szybko zapewni\u0107 wizualn\u0105 informacj\u0119 zwrotn\u0105, umo\u017cliwiaj\u0105c \u0142atwe uchwycenie aktualnego stanu. Gdy poziom na\u0142adowania baterii jest niski, mo\u017cesz u\u017cy\u0107 kabla do transmisji danych typu C, kt\u00f3ry mo\u017cesz ju\u017c mie\u0107, aby go na\u0142adowa\u0107. W przypadku urz\u0105dze\u0144 o du\u017cej pojemno\u015bci mo\u017cesz naturalnie martwi\u0107 si\u0119 o \u017cywotno\u015b\u0107 baterii, ale funkcja szybkiego \u0142adowania Type-C sprawia, \u017ce jest to \u0142atwe i bez obaw.<\/p>\n<h2 data-v-md-heading=\"specification-overview\" data-v-md-line=\"11\">Przegl\u0105d specyfikacji<\/h2>\n<ul data-v-md-line=\"12\">\n<li>Wydajno\u015b\u0107 ssania: do 15000 zassa\u0144<\/li>\n<li>St\u0119\u017cenie nikotyny: Producenci oferuj\u0105 dwie opcje: 2% (20mg) i 5%<\/li>\n<li>Pojemno\u015b\u0107 e-liquidu: 15 mililitr\u00f3w<\/li>\n<li>Bateria: akumulator o pojemno\u015bci 550 mAh<\/li>\n<li>Rdze\u0144 rozpylaj\u0105cy: cewka siatkowa 1,2 \u03a9<\/li>\n<li>Ekran: Zintegrowany ekran LED<\/li>\n<li>Zasada dzia\u0142ania: Nie wymaga ustawie\u0144 - otw\u00f3rz, wdychaj, \u0142aduj w razie potrzeby<\/li>\n<li>\u0141adowanie: Standardowy port USB typu C<\/li>\n<li>Status: Gotowy do u\u017cycia od razu po wyj\u0119ciu z pude\u0142ka<\/li>\n<\/ul>\n<p data-v-md-line=\"22\">O\u015bwiadczenie o zgodno\u015bci: St\u0119\u017cenie nikotyny i pojemno\u015b\u0107 r\u00f3\u017cni\u0105 si\u0119 w zale\u017cno\u015bci od kraju\/regionu. Dostarczamy produkty spe\u0142niaj\u0105ce wymagania lokalnych przepis\u00f3w.<\/p>\n<h2 data-v-md-heading=\"for-you-and-your-business\" data-v-md-line=\"24\">Dla Ciebie i Twojego biznesu<\/h2>\n<p data-v-md-line=\"25\">Zakup dla siebie, \u0142atwy i wygodny. Dodaj do koszyka, aby zacz\u0105\u0107 u\u017cywa\u0107. Je\u015bli prowadzisz sklep fizyczny lub internetowy, Lavande NEBULA mo\u017cesz kupi\u0107 w formie hurtowej, po 100 sztuk w pude\u0142ku. Waga pe\u0142nego pude\u0142ka wynosi 7,26 kg, co u\u0142atwia planowanie koszt\u00f3w wysy\u0142ki.<\/p>\n<p data-v-md-line=\"27\">Wsp\u00f3\u0142pracujemy z zaufanymi partnerami, takimi jak UPS, DPD i DHL, aby \u015bwiadczy\u0107 us\u0142ugi Duty Paid Delivery (DDP), dzi\u0119ki czemu taryfy mog\u0105 by\u0107 przetwarzane z wyprzedzeniem, aby unikn\u0105\u0107 nieoczekiwanych sytuacji celnych. Oznacza to szybsz\u0105 dostaw\u0119 i mniej k\u0142opot\u00f3w.<\/p>\n<h2 data-v-md-heading=\"why-do-you-like-it\" data-v-md-line=\"29\">Dlaczego to lubisz?<\/h2>\n<ul data-v-md-line=\"30\">\n<li>Ogromne ssanie: do 15000 zaci\u0105gni\u0119\u0107, co oznacza mniej powt\u00f3rnych zam\u00f3wie\u0144 i wi\u0119cej dni bez zmartwie\u0144.<\/li>\n<li>Wyb\u00f3r zawarto\u015bci nikotyny: Wybierz zawarto\u015b\u0107 nikotyny 2% lub 5% w oparciu o poda\u017c rynkow\u0105 i preferencje<\/li>\n<li>Mo\u017cliwo\u015b\u0107 \u0142adowania: Interfejs \u0142adowania typu C pomaga wykorzysta\u0107 ka\u017cd\u0105 kropl\u0119 e-cieczy.<\/li>\n<li>Siatkowy rdze\u0144 rozpylaj\u0105cy: Ka\u017cde zassanie mo\u017ce przynie\u015b\u0107 g\u0142adki i sp\u00f3jny smak<\/li>\n<li>Ekran LED: Przejrzysty i szybki status na pierwszy rzut oka, umo\u017cliwiaj\u0105cy poznanie pozosta\u0142ej kwoty w dowolnym momencie<\/li>\n<\/ul>\n<h2 data-v-md-heading=\"why-choose-to-collaborate-with-agoravape\" data-v-md-line=\"36\">Dlaczego warto zdecydowa\u0107 si\u0119 na wsp\u00f3\u0142prac\u0119 z AgoraVape?<\/h2>\n<p data-v-md-line=\"37\">Dostarczamy tylko oryginalne produkty 100% od sprawdzonych producent\u00f3w. Lavande NEBULA 15K jednorazowy vape z ekranem LED, otrzymasz obni\u017cone ceny hurtowe, niezawodne wsparcie oraz szybkie i niezawodne us\u0142ugi dostawy na terenie Europy. Potrzebujesz wyceny lub indywidualnego planu zam\u00f3wienia? Skontaktuj si\u0119 z nami, a my dostarczymy Ci urz\u0105dzenie, po kt\u00f3re Twoi klienci b\u0119d\u0105 ch\u0119tnie wraca\u0107.<\/p>\n<p data-v-md-line=\"39\">Ten produkt ma ograniczenie wiekowe. Tylko dla os\u00f3b powy\u017cej 18 roku \u017cycia. Przed zakupem nale\u017cy sprawdzi\u0107 lokalne przepisy.<\/p>","protected":false},"excerpt":{"rendered":"<p>&nbsp;<\/p>\n<p><script src=\"chrome-extension:\/\/fpelahbljekknahkcaegamhcndkfpfnc\/iFrame.js\" type=\"text\/javascript\"><\/script><\/p>\n<p><script src=\"chrome-extension:\/\/fpelahbljekknahkcaegamhcndkfpfnc\/iFrame.js\" type=\"text\/javascript\"><\/script><\/p>\n<p><script src=\"chrome-extension:\/\/fpelahbljekknahkcaegamhcndkfpfnc\/iFrame.js\" type=\"text\/javascript\"><\/script><\/p>\n<p><script src=\"chrome-extension:\/\/fpelahbljekknahkcaegamhcndkfpfnc\/iFrame.js\" type=\"text\/javascript\"><\/script><\/p>\n<p><script src=\"chrome-extension:\/\/fpelahbljekknahkcaegamhcndkfpfnc\/iFrame.js\" type=\"text\/javascript\"><\/script><\/p>\n<p><script src=\"chrome-extension:\/\/fpelahbljekknahkcaegamhcndkfpfnc\/iFrame.js\" type=\"text\/javascript\"><\/script><\/p>\n<p><script src=\"chrome-extension:\/\/fpelahbljekknahkcaegamhcndkfpfnc\/iFrame.js\" type=\"text\/javascript\"><\/script><\/p>\n<p><script src=\"chrome-extension:\/\/fpelahbljekknahkcaegamhcndkfpfnc\/iFrame.js\" type=\"text\/javascript\"><\/script><\/p>\n<p><script src=\"chrome-extension:\/\/fpelahbljekknahkcaegamhcndkfpfnc\/iFrame.js\" type=\"text\/javascript\"><\/script><\/p>\n<p><script src=\"chrome-extension:\/\/fpelahbljekknahkcaegamhcndkfpfnc\/iFrame.js\" type=\"text\/javascript\"><\/script><\/p>\n<p><script src=\"chrome-extension:\/\/fpelahbljekknahkcaegamhcndkfpfnc\/iFrame.js\" type=\"text\/javascript\"><\/script><\/p>\n<p><script src=\"chrome-extension:\/\/fpelahbljekknahkcaegamhcndkfpfnc\/iFrame.js\" type=\"text\/javascript\"><\/script><\/p>\n<p><script src=\"chrome-extension:\/\/fpelahbljekknahkcaegamhcndkfpfnc\/iFrame.js\" type=\"text\/javascript\"><\/script><\/p>\n<p><script src=\"chrome-extension:\/\/fpelahbljekknahkcaegamhcndkfpfnc\/iFrame.js\" type=\"text\/javascript\"><\/script><\/p>\n<p><script src=\"chrome-extension:\/\/fpelahbljekknahkcaegamhcndkfpfnc\/iFrame.js\" type=\"text\/javascript\"><\/script><\/p>","protected":false},"featured_media":17563,"comment_status":"open","ping_status":"closed","template":"","meta":[],"product_brand":[235],"product_cat":[124,185,1635,189,174,175,162,193,191,173,186,180,190,192],"product_tag":[],"class_list":{"0":"post-17532","1":"product","2":"type-product","3":"status-publish","4":"has-post-thumbnail","6":"product_brand-lavande","7":"product_cat-vape-by-brand","8":"product_cat-10000-puffs-high-capacity","9":"product_cat-15000-puffs","10":"product_cat-20mg-standard-nicotine-vapes","11":"product_cat-fruit-flavors","12":"product_cat-icy-mint","13":"product_cat-lavande","14":"product_cat-mesh-coil","15":"product_cat-rechargeable-disposables","16":"product_cat-vape-by-flavor-profile","17":"product_cat-vape-by-nicotine-strength","18":"product_cat-vape-by-puff-count","19":"product_cat-vape-by-feature-or-type","20":"product_cat-vapes-with-screens","22":"first","23":"onbackorder","24":"shipping-taxable","25":"purchasable","26":"product-type-variable","27":"has-default-attributes"},"tiered_pricing_type":"percentage","tiered_pricing_fixed_rules":[],"tiered_pricing_product_settings":{"layout":"default","base_unit_name":{"singular":null,"plural":null},"default_variation":null},"tiered_pricing_minimum_quantity":50,"tiered_pricing_roles_data":[],"tiered_pricing_percentage_rules":{"100":"40","200":"44","500":"47","1000":"49"},"tiered_pricing_maximum_quantity":null,"tiered_pricing_quantity_step":"10","_links":{"self":[{"href":"https:\/\/agoravape.com\/pl\/wp-json\/wp\/v2\/product\/17532","targetHints":{"allow":["GET"]}}],"collection":[{"href":"https:\/\/agoravape.com\/pl\/wp-json\/wp\/v2\/product"}],"about":[{"href":"https:\/\/agoravape.com\/pl\/wp-json\/wp\/v2\/types\/product"}],"replies":[{"embeddable":true,"href":"https:\/\/agoravape.com\/pl\/wp-json\/wp\/v2\/comments?post=17532"}],"version-history":[{"count":0,"href":"https:\/\/agoravape.com\/pl\/wp-json\/wp\/v2\/product\/17532\/revisions"}],"wp:featuredmedia":[{"embeddable":true,"href":"https:\/\/agoravape.com\/pl\/wp-json\/wp\/v2\/media\/17563"}],"wp:attachment":[{"href":"https:\/\/agoravape.com\/pl\/wp-json\/wp\/v2\/media?parent=17532"}],"wp:term":[{"taxonomy":"product_brand","embeddable":true,"href":"https:\/\/agoravape.com\/pl\/wp-json\/wp\/v2\/product_brand?post=17532"},{"taxonomy":"product_cat","embeddable":true,"href":"https:\/\/agoravape.com\/pl\/wp-json\/wp\/v2\/product_cat?post=17532"},{"taxonomy":"product_tag","embeddable":true,"href":"https:\/\/agoravape.com\/pl\/wp-json\/wp\/v2\/product_tag?post=17532"}],"curies":[{"name":"wp","href":"https:\/\/api.w.org\/{rel}","templated":true}]}}