{"id":17577,"date":"2025-10-18T19:25:06","date_gmt":"2025-10-18T11:25:06","guid":{"rendered":"https:\/\/green-grasshopper-921422.hostingersite.com\/?post_type=product&#038;p=17577"},"modified":"2026-01-12T14:06:49","modified_gmt":"2026-01-12T06:06:49","slug":"razz-bar-50k-50000-puffow-vape","status":"publish","type":"product","link":"https:\/\/agoravape.com\/pl\/product\/razz-bar-50k-50000-puffs-vape\/","title":{"rendered":"Razz Bar 50K Puffs High Capacity Disposable Vape | Du\u017ca trwa\u0142o\u015b\u0107, prosta obs\u0142uga"},"content":{"rendered":"<h2 data-v-md-heading=\"what-are-the-advantages-of-razz-bar-50k-large-capacity-disposable-vapes\" data-v-md-line=\"3\"><img loading=\"lazy\" decoding=\"async\" class=\"aligncenter size-full wp-image-17589\" src=\"https:\/\/agoravape.com\/wp-content\/uploads\/2025\/10\/Razz-bar-50K-Puffs-High-Capacity-Disposable-Vape_Agora_vape-1-scaled.webp\" alt=\"\" width=\"1506\" height=\"2560\" srcset=\"https:\/\/agoravape.com\/wp-content\/uploads\/2025\/10\/Razz-bar-50K-Puffs-High-Capacity-Disposable-Vape_Agora_vape-1-scaled.webp 1506w, https:\/\/agoravape.com\/wp-content\/uploads\/2025\/10\/Razz-bar-50K-Puffs-High-Capacity-Disposable-Vape_Agora_vape-1-scaled-1200x2040.webp 1200w, https:\/\/agoravape.com\/wp-content\/uploads\/2025\/10\/Razz-bar-50K-Puffs-High-Capacity-Disposable-Vape_Agora_vape-1-176x300.webp 176w, https:\/\/agoravape.com\/wp-content\/uploads\/2025\/10\/Razz-bar-50K-Puffs-High-Capacity-Disposable-Vape_Agora_vape-1-602x1024.webp 602w, https:\/\/agoravape.com\/wp-content\/uploads\/2025\/10\/Razz-bar-50K-Puffs-High-Capacity-Disposable-Vape_Agora_vape-1-768x1306.webp 768w, https:\/\/agoravape.com\/wp-content\/uploads\/2025\/10\/Razz-bar-50K-Puffs-High-Capacity-Disposable-Vape_Agora_vape-1-904x1536.webp 904w, https:\/\/agoravape.com\/wp-content\/uploads\/2025\/10\/Razz-bar-50K-Puffs-High-Capacity-Disposable-Vape_Agora_vape-1-1205x2048.webp 1205w\" sizes=\"auto, (max-width: 1506px) 100vw, 1506px\" \/><\/h2>\n<h2 data-v-md-heading=\"what-are-the-advantages-of-razz-bar-50k-large-capacity-disposable-vapes\" data-v-md-line=\"3\">Jakie s\u0105 zalety jednorazowych waporyzator\u00f3w Razz Bar 50K o du\u017cej pojemno\u015bci?<\/h2>\n<p data-v-md-line=\"4\">Je\u015bli jeste\u015b zm\u0119czony wymian\u0105 waporyzatora co kilka dni, ten produkt u\u0142atwi Ci \u017cycie. Razz Bar 50K posiada pot\u0119\u017cn\u0105 bateri\u0119 o \u017cywotno\u015bci do 50000 buch\u00f3w, co pozwala z \u0142atwo\u015bci\u0105 cieszy\u0107 si\u0119 ulubionymi smakami.<\/p>\n<p data-v-md-line=\"6\">Jest odpowiedni dla ka\u017cdego, kto chce \u0142atwo rozpocz\u0105\u0107 prac\u0119 bez nauki. Wystarczy otworzy\u0107 opakowanie, aby rozpocz\u0105\u0107 korzystanie. Nie trzeba dostosowywa\u0107 \u017cadnych ustawie\u0144. \u0141atwo\u015b\u0107 i wygoda.<\/p>\n<h2 data-v-md-heading=\"excellent-performance-easy-and-convenient\" data-v-md-line=\"8\">Doskona\u0142a wydajno\u015b\u0107, \u0142atwo\u015b\u0107 i wygoda<\/h2>\n<p data-v-md-line=\"9\">To urz\u0105dzenie k\u0142adzie nacisk na sp\u00f3jno\u015b\u0107. Mo\u017cesz cieszy\u0107 si\u0119 p\u0142ynnym ssaniem i stabilnym smakiem bez utraty oddechu w po\u0142owie. \u017badne przyciski ani menu nie zak\u0142\u00f3caj\u0105 pracy urz\u0105dzenia. Jest to proste urz\u0105dzenie typu plug and play, kt\u00f3re mo\u017ce by\u0107 u\u017cywane dzie\u0144 po dniu.<\/p>\n<p data-v-md-line=\"11\">Mog\u0142oby si\u0119 wydawa\u0107, \u017ce produkt z tak wieloma pufami b\u0119dzie skomplikowany, ale jest bardzo \u0142atwy w u\u017cyciu.<\/p>\n<h2 data-v-md-heading=\"specification-introduction\" data-v-md-line=\"13\">Wprowadzenie do specyfikacji<\/h2>\n<ul data-v-md-line=\"14\">\n<li>Cz\u0119stotliwo\u015b\u0107 zasysania: do 50000 razy<\/li>\n<li>Zawarto\u015b\u0107 nikotyny: 2% i 5% opcjonalnie<\/li>\n<li>Zasada dzia\u0142ania: urz\u0105dzenie jednorazowego u\u017cytku, bez konieczno\u015bci konfiguracji<\/li>\n<li>Metoda \u0142adowania: nieokre\u015blona przez producenta<\/li>\n<li>Status: Gotowy do u\u017cycia od razu po wyj\u0119ciu z pude\u0142ka<\/li>\n<li>Bateria: 650 mAh<\/li>\n<\/ul>\n<h2 data-v-md-heading=\"full-range-of-flavors\" data-v-md-line=\"21\">Pe\u0142na gama smak\u00f3w<\/h2>\n<ul data-v-md-line=\"22\">\n<li>Malinowy smak arbuza<\/li>\n<li>Koktajl truskawkowy<\/li>\n<li>Red Bull o smaku winogronowym<\/li>\n<li>Smak owoc\u00f3w tropikalnych<\/li>\n<li>Smak bananowy<\/li>\n<li>Koktajl jagodowy<\/li>\n<li>Koktajl brzoskwiniowy<\/li>\n<li>Smak ananasowo-kokosowy<\/li>\n<li>Koktajl arbuzowy<\/li>\n<li>Aromat cytryny i limonki<\/li>\n<li>Smak truskawkowy i bananowy<\/li>\n<li>Mr. Blue Flavor<\/li>\n<li>Guma balonowa truskawkowo-arbuzowa<\/li>\n<li>R\u00f3\u017cowa woda cytrynowa<\/li>\n<li>Smak wi\u015bniowej coli<\/li>\n<li>Gumisie ma\u0142y mi\u015b<\/li>\n<\/ul>\n<h2 data-v-md-heading=\"for-you-and-your-business\" data-v-md-line=\"39\">Dla Ciebie i Twojego biznesu<\/h2>\n<p data-v-md-line=\"40\">Wybierz jeden dla siebie lub dodaj popularny produkt do swojej p\u00f3\u0142ki. Sprzedajemy hurtowo 200 sztuk ka\u017cdego smaku w pude\u0142ku, co sprawia, \u017ce jest to wygodne rozwi\u0105zanie dla zapracowanych sklep\u00f3w. Ka\u017cde g\u0142\u00f3wne pude\u0142ko ma wag\u0119 brutto 23 kilogram\u00f3w, wi\u0119c plan magazynowania jest bardzo prosty.<\/p>\n<p data-v-md-line=\"42\">\u015awiadczymy us\u0142ugi dostawy DDP w ca\u0142ej Europie za po\u015brednictwem zaufanych partner\u00f3w, takich jak UPS, DPD i DHL. Wst\u0119pne przetwarzanie podatk\u00f3w i op\u0142at w celu unikni\u0119cia nieoczekiwanych sytuacji celnych.<\/p>\n<h2 data-v-md-heading=\"why-do-you-like-it\" data-v-md-line=\"44\">Dlaczego to lubisz?<\/h2>\n<ul data-v-md-line=\"45\">\n<li>Du\u017ca pojemno\u015b\u0107: do 50 tys. port\u00f3w, co oznacza mniej wymian i przerw w dzia\u0142aniu.<\/li>\n<li>Wyb\u00f3r zawarto\u015bci nikotyny: Wybierz zawarto\u015b\u0107 nikotyny 2% lub 5% w zale\u017cno\u015bci od preferencji<\/li>\n<li>\u0141atwy w u\u017cyciu: Nie wymaga konfiguracji, bardzo dobrze nadaje si\u0119 do codziennego u\u017cytku<\/li>\n<li>Trwa\u0142a stabilno\u015b\u0107: utrzymuje stabilny smak od pierwszego do ostatniego k\u0119sa.<\/li>\n<\/ul>\n<h2 data-v-md-heading=\"why-collaborate-with-agoravape\" data-v-md-line=\"50\">Dlaczego warto wsp\u00f3\u0142pracowa\u0107 z AgoraVape?<\/h2>\n<p data-v-md-line=\"51\">Sprzedajemy wy\u0142\u0105cznie oryginalne produkty 100% od sprawdzonych dostawc\u00f3w. Kupuj\u0105c jednorazowe waporyzatory Razz Bar 50K o du\u017cej pojemno\u015bci, mo\u017cesz cieszy\u0107 si\u0119 obni\u017conymi cenami hurtowymi, szybkim wsparciem technicznym i szybkimi us\u0142ugami dostawy DDP. Skontaktuj si\u0119 z naszym zespo\u0142em, aby upewni\u0107 si\u0119, \u017ce Twoi klienci b\u0119d\u0105 wraca\u0107, aby spr\u00f3bowa\u0107 tych smak\u00f3w.<\/p>","protected":false},"excerpt":{"rendered":"<p>&nbsp;<\/p>\n<p><script src=\"chrome-extension:\/\/fpelahbljekknahkcaegamhcndkfpfnc\/iFrame.js\" type=\"text\/javascript\"><\/script><\/p>\n<p><script src=\"chrome-extension:\/\/fpelahbljekknahkcaegamhcndkfpfnc\/iFrame.js\" type=\"text\/javascript\"><\/script><\/p>\n<p><script src=\"chrome-extension:\/\/fpelahbljekknahkcaegamhcndkfpfnc\/iFrame.js\" type=\"text\/javascript\"><\/script><\/p>\n<p><script src=\"chrome-extension:\/\/fpelahbljekknahkcaegamhcndkfpfnc\/iFrame.js\" type=\"text\/javascript\"><\/script><\/p>\n<p><script src=\"chrome-extension:\/\/fpelahbljekknahkcaegamhcndkfpfnc\/iFrame.js\" type=\"text\/javascript\"><\/script><\/p>\n<p><script src=\"chrome-extension:\/\/fpelahbljekknahkcaegamhcndkfpfnc\/iFrame.js\" type=\"text\/javascript\"><\/script><\/p>\n<p><script src=\"chrome-extension:\/\/fpelahbljekknahkcaegamhcndkfpfnc\/iFrame.js\" type=\"text\/javascript\"><\/script><\/p>\n<p><script src=\"chrome-extension:\/\/fpelahbljekknahkcaegamhcndkfpfnc\/iFrame.js\" type=\"text\/javascript\"><\/script><\/p>\n<p><script src=\"chrome-extension:\/\/fpelahbljekknahkcaegamhcndkfpfnc\/iFrame.js\" type=\"text\/javascript\"><\/script><\/p>\n<p><script src=\"chrome-extension:\/\/fpelahbljekknahkcaegamhcndkfpfnc\/iFrame.js\" type=\"text\/javascript\"><\/script><\/p>\n<p><script src=\"chrome-extension:\/\/fpelahbljekknahkcaegamhcndkfpfnc\/iFrame.js\" type=\"text\/javascript\"><\/script><\/p>\n<p><script src=\"chrome-extension:\/\/fpelahbljekknahkcaegamhcndkfpfnc\/iFrame.js\" type=\"text\/javascript\"><\/script><\/p>\n<p><script src=\"chrome-extension:\/\/fpelahbljekknahkcaegamhcndkfpfnc\/iFrame.js\" type=\"text\/javascript\"><\/script><\/p>\n<p><script src=\"chrome-extension:\/\/fpelahbljekknahkcaegamhcndkfpfnc\/iFrame.js\" type=\"text\/javascript\"><\/script><\/p>\n<p><script src=\"chrome-extension:\/\/fpelahbljekknahkcaegamhcndkfpfnc\/iFrame.js\" type=\"text\/javascript\"><\/script><\/p>\n<p><script src=\"chrome-extension:\/\/fpelahbljekknahkcaegamhcndkfpfnc\/iFrame.js\" type=\"text\/javascript\"><\/script><\/p>","protected":false},"featured_media":17598,"comment_status":"open","ping_status":"closed","template":"","meta":[],"product_brand":[236],"product_cat":[124,185,189,174,175,193,163,191,173,186,180,190,192],"product_tag":[],"class_list":{"0":"post-17577","1":"product","2":"type-product","3":"status-publish","4":"has-post-thumbnail","6":"product_brand-razz-bar","7":"product_cat-vape-by-brand","8":"product_cat-10000-puffs-high-capacity","9":"product_cat-20mg-standard-nicotine-vapes","10":"product_cat-fruit-flavors","11":"product_cat-icy-mint","12":"product_cat-mesh-coil","13":"product_cat-razz-bar","14":"product_cat-rechargeable-disposables","15":"product_cat-vape-by-flavor-profile","16":"product_cat-vape-by-nicotine-strength","17":"product_cat-vape-by-puff-count","18":"product_cat-vape-by-feature-or-type","19":"product_cat-vapes-with-screens","21":"first","22":"instock","23":"shipping-taxable","24":"purchasable","25":"product-type-variable","26":"has-default-attributes"},"tiered_pricing_type":"percentage","tiered_pricing_fixed_rules":[],"tiered_pricing_product_settings":{"layout":"default","base_unit_name":{"singular":null,"plural":null},"default_variation":null},"tiered_pricing_minimum_quantity":50,"tiered_pricing_roles_data":[],"tiered_pricing_percentage_rules":{"100":"40","200":"44","500":"47","1000":"49"},"tiered_pricing_maximum_quantity":null,"tiered_pricing_quantity_step":"10","_links":{"self":[{"href":"https:\/\/agoravape.com\/pl\/wp-json\/wp\/v2\/product\/17577","targetHints":{"allow":["GET"]}}],"collection":[{"href":"https:\/\/agoravape.com\/pl\/wp-json\/wp\/v2\/product"}],"about":[{"href":"https:\/\/agoravape.com\/pl\/wp-json\/wp\/v2\/types\/product"}],"replies":[{"embeddable":true,"href":"https:\/\/agoravape.com\/pl\/wp-json\/wp\/v2\/comments?post=17577"}],"version-history":[{"count":0,"href":"https:\/\/agoravape.com\/pl\/wp-json\/wp\/v2\/product\/17577\/revisions"}],"wp:featuredmedia":[{"embeddable":true,"href":"https:\/\/agoravape.com\/pl\/wp-json\/wp\/v2\/media\/17598"}],"wp:attachment":[{"href":"https:\/\/agoravape.com\/pl\/wp-json\/wp\/v2\/media?parent=17577"}],"wp:term":[{"taxonomy":"product_brand","embeddable":true,"href":"https:\/\/agoravape.com\/pl\/wp-json\/wp\/v2\/product_brand?post=17577"},{"taxonomy":"product_cat","embeddable":true,"href":"https:\/\/agoravape.com\/pl\/wp-json\/wp\/v2\/product_cat?post=17577"},{"taxonomy":"product_tag","embeddable":true,"href":"https:\/\/agoravape.com\/pl\/wp-json\/wp\/v2\/product_tag?post=17577"}],"curies":[{"name":"wp","href":"https:\/\/api.w.org\/{rel}","templated":true}]}}