{"id":17606,"date":"2025-10-18T19:36:37","date_gmt":"2025-10-18T11:36:37","guid":{"rendered":"https:\/\/green-grasshopper-921422.hostingersite.com\/?post_type=product&#038;p=17606"},"modified":"2026-01-19T22:00:34","modified_gmt":"2026-01-19T14:00:34","slug":"razz-bar-45000-puffow-vape","status":"publish","type":"product","link":"https:\/\/agoravape.com\/pl\/product\/razz-bar-45000-puffs-vape\/","title":{"rendered":"Razz bar 45000 Puff\u00f3w D\u0142ugotrwa\u0142e jednorazowe Vape | Du\u017ca liczba Puff\u00f3w, Proste u\u017cytkowanie"},"content":{"rendered":"<h2 data-v-md-heading=\"what-is-special-about-razz-bar-45000-long-lasting-disposable-vapes\" data-v-md-line=\"3\"><img loading=\"lazy\" decoding=\"async\" class=\"aligncenter size-full wp-image-17629\" src=\"https:\/\/agoravape.com\/wp-content\/uploads\/2025\/10\/Razz-bar-45000-Puffs-Long-Lasting-Disposable-Vape_Agora_vape-6.webp\" alt=\"\" width=\"2000\" height=\"2000\" srcset=\"https:\/\/agoravape.com\/wp-content\/uploads\/2025\/10\/Razz-bar-45000-Puffs-Long-Lasting-Disposable-Vape_Agora_vape-6.webp 2000w, https:\/\/agoravape.com\/wp-content\/uploads\/2025\/10\/Razz-bar-45000-Puffs-Long-Lasting-Disposable-Vape_Agora_vape-6-600x600.webp 600w, https:\/\/agoravape.com\/wp-content\/uploads\/2025\/10\/Razz-bar-45000-Puffs-Long-Lasting-Disposable-Vape_Agora_vape-6-1200x1200.webp 1200w, https:\/\/agoravape.com\/wp-content\/uploads\/2025\/10\/Razz-bar-45000-Puffs-Long-Lasting-Disposable-Vape_Agora_vape-6-300x300.webp 300w, https:\/\/agoravape.com\/wp-content\/uploads\/2025\/10\/Razz-bar-45000-Puffs-Long-Lasting-Disposable-Vape_Agora_vape-6-1024x1024.webp 1024w, https:\/\/agoravape.com\/wp-content\/uploads\/2025\/10\/Razz-bar-45000-Puffs-Long-Lasting-Disposable-Vape_Agora_vape-6-150x150.webp 150w, https:\/\/agoravape.com\/wp-content\/uploads\/2025\/10\/Razz-bar-45000-Puffs-Long-Lasting-Disposable-Vape_Agora_vape-6-768x768.webp 768w, https:\/\/agoravape.com\/wp-content\/uploads\/2025\/10\/Razz-bar-45000-Puffs-Long-Lasting-Disposable-Vape_Agora_vape-6-1536x1536.webp 1536w\" sizes=\"auto, (max-width: 2000px) 100vw, 2000px\" \/><\/h2>\n<h2 data-v-md-heading=\"what-is-special-about-razz-bar-45000-long-lasting-disposable-vapes\" data-v-md-line=\"3\">Co jest wyj\u0105tkowego w Razz bar 45000 - jednorazowych waporyzatorach o d\u0142ugiej \u017cywotno\u015bci?<\/h2>\n<p data-v-md-line=\"4\">Je\u015bli jeste\u015b zm\u0119czony jednorazowymi waporyzatorami, kt\u00f3re psuj\u0105 si\u0119 w pi\u0105tki, ten produkt z pewno\u015bci\u0105 przyci\u0105gnie twoj\u0105 uwag\u0119. Razz bar 45000 pack vape jest przeznaczony dla tych, kt\u00f3rzy d\u0105\u017c\u0105 do prostoty, trwa\u0142o\u015bci i przyst\u0119pnej ceny. Bez przycisk\u00f3w, bez menu, po prostu lekko przesu\u0144, aby cieszy\u0107 si\u0119.<\/p>\n<p data-v-md-line=\"6\">Proste przypomnienie: Nominalna warto\u015b\u0107 45000 port\u00f3w jest do\u015b\u0107 imponuj\u0105ca. Jest przeznaczony do d\u0142ugotrwa\u0142ego u\u017cytkowania i jest odpowiedni dla ci\u0119\u017ckich u\u017cytkownik\u00f3w, kt\u00f3rzy nie chc\u0105 wymienia\u0107 swoich urz\u0105dze\u0144 co kilka dni. Je\u015bli jeste\u015b w UE, potrzebujesz opcji zawarto\u015bci nikotyny 2% i powiniene\u015b sprawdzi\u0107 lokalne przepisy. Wysokiej klasy waporyzatory zwykle przekraczaj\u0105 standardowy limit TPD dla jednorazowych waporyzator\u00f3w, wi\u0119c sytuacja poda\u017cowa mo\u017ce si\u0119 r\u00f3\u017cni\u0107 w r\u00f3\u017cnych krajach\/regionach.<\/p>\n<h2 data-v-md-heading=\"excellent-performance-easy-and-convenient\" data-v-md-line=\"8\">Doskona\u0142a wydajno\u015b\u0107, \u0142atwo\u015b\u0107 i wygoda<\/h2>\n<p data-v-md-line=\"9\">Od pierwszego do ostatniego k\u0119sa mo\u017cesz cieszy\u0107 si\u0119 stabilnym smakiem. Rdze\u0144 rozpylaj\u0105cy utrzymuje g\u0142adk\u0105 par\u0119, dzi\u0119ki czemu nie poczujesz si\u0119 znudzony nawet po tygodniu. Wystarczy zaci\u0105gn\u0105\u0107 si\u0119, aby aktywowa\u0107 i rozpocz\u0105\u0107 ekskluzywne doznania. Gdy bateria wymaga na\u0142adowania, do \u0142adowania wystarczy standardowy kabel USB do transmisji danych. Prosty i wygodny.<\/p>\n<h2 data-v-md-heading=\"specification-introduction\" data-v-md-line=\"11\">Wprowadzenie do specyfikacji<\/h2>\n<p data-v-md-line=\"12\"><strong>Liczba przyssawek<\/strong>do 45000 zasysa\u0144<br \/>\n<strong>Zawarto\u015b\u0107 nikotyny<\/strong>2% i 5% opcjonalnie<br \/>\n<strong>U\u017cycie<\/strong>: Zaci\u0105gnij si\u0119, aby aktywowa\u0107<br \/>\n<strong>\u0141adowanie<\/strong>: Standardowy interfejs \u0142adowania USB<br \/>\n<strong>Status<\/strong>: Gotowy do u\u017cycia po rozpakowaniu<\/p>\n<h2 data-v-md-heading=\"multiple-flavor-options\" data-v-md-line=\"18\">Wiele opcji smakowych<\/h2>\n<ul data-v-md-line=\"19\">\n<li>Smak krwi tygrysa<\/li>\n<li>Truskawkowy l\u00f3d<\/li>\n<li>Smak truskawkowy i bananowy<\/li>\n<li>Smak Summer Dreamy<\/li>\n<li>Smak owoc\u00f3w tropikalnych<\/li>\n<li>Niebieskie lodowisko<\/li>\n<li>Brzoskwiniowy l\u00f3d<\/li>\n<li>Truskawka Malina Wi\u015bnia L\u00f3d<\/li>\n<li>Arbuzowy l\u00f3d<\/li>\n<li>Black Dragon Ice<\/li>\n<li>Mi\u0142o\u015b\u0107 66<\/li>\n<li>Truskawkowy smak dziwnych owoc\u00f3w<\/li>\n<li>Smak wi\u015bniowej coli<\/li>\n<li>Smak ananasowo-kokosowy<\/li>\n<li>Aromat cytryny i limonki<\/li>\n<li>Mr. Blue Flavor<\/li>\n<\/ul>\n<h2 data-v-md-heading=\"born-for-you-and-your-business\" data-v-md-line=\"36\">Stworzony dla Ciebie i Twojej firmy<\/h2>\n<p data-v-md-line=\"37\">Mo\u017cesz kupi\u0107 e-liquid Razz bar na 45000 zaci\u0105gni\u0119\u0107 do u\u017cytku osobistego lub do swojego sklepu. Hurtowe pude\u0142ko kartonowe zawiera 200 sztuk, co u\u0142atwia planowanie p\u00f3\u0142ek. \u015awiadczymy us\u0142ugi dostawy DDP za po\u015brednictwem zaufanych partner\u00f3w, takich jak UPS, DPD i DHL, dzi\u0119ki czemu taryfy mog\u0105 by\u0107 przetwarzane z wyprzedzeniem, aby unikn\u0105\u0107 nieoczekiwanych sytuacji w urz\u0119dzie celnym.<\/p>\n<p data-v-md-line=\"39\">Kolejna praktyczna wskaz\u00f3wka: zgodnie z przepisami UE maksymalna pojemno\u015b\u0107 wst\u0119pnie zainstalowanego jednorazowego e-liquidu wynosi 2 mililitry, a maksymalna zawarto\u015b\u0107 nikotyny to 20 miligram\u00f3w na mililitr. 2% opcji spe\u0142nia limit zawarto\u015bci nikotyny. Og\u00f3lne specyfikacje i pojemno\u015b\u0107 sprz\u0119tu mog\u0105 nie spe\u0142nia\u0107 wymaga\u0144 wszystkich rynk\u00f3w UE, dlatego przed z\u0142o\u017ceniem zam\u00f3wie\u0144 hurtowych nale\u017cy sprawdzi\u0107 lokalne przepisy lub skonsultowa\u0107 si\u0119 z naszym zespo\u0142em.<\/p>\n<h2 data-v-md-heading=\"why-do-you-like-it\" data-v-md-line=\"41\">Dlaczego to lubisz?<\/h2>\n<p data-v-md-line=\"42\"><strong>Ogromne ssanie<\/strong>: Wytrzymuje d\u0142u\u017cej, wi\u0119c nie trzeba cz\u0119sto kupowa\u0107 nowych.<br \/>\n<strong>Wyb\u00f3r st\u0119\u017cenia nikotyny<\/strong>: Wybierz koncentracj\u0119, kt\u00f3ra odpowiada Twoim codziennym nawykom.<br \/>\n<strong>Akumulatorowy<\/strong>: Mo\u017cna u\u017cywa\u0107 wszystkich zakupionych e-liquid\u00f3w.<br \/>\n<strong>Stabilna wydajno\u015b\u0107 cewki<\/strong>: Smak jest zawsze \u0142agodny.<\/p>\n<h2 data-v-md-heading=\"why-collaborate-with-agoravape\" data-v-md-line=\"47\">Dlaczego warto wsp\u00f3\u0142pracowa\u0107 z AgoraVape?<\/h2>\n<p data-v-md-line=\"48\">Sprzedajemy wy\u0142\u0105cznie oryginalne produkty i nie mamy co do tego \u017cadnych w\u0105tpliwo\u015bci. Klienci komercyjni mog\u0105 cieszy\u0107 si\u0119 obni\u017conymi cenami hurtowymi, niezawodnym wsparciem i szybk\u0105 dostaw\u0105 DDP w ca\u0142ej Europie dla Razz bar 45000 d\u0142ugotrwa\u0142ych waporyzator\u00f3w jednorazowych. Je\u015bli potrzebujesz wskaz\u00f3wek dotycz\u0105cych zgodno\u015bci lub porady dotycz\u0105cej kombinacji smak\u00f3w, skontaktuj si\u0119 z nami. Zale\u017cy nam na tworzeniu produkt\u00f3w, do kt\u00f3rych klienci ch\u0119tnie wracaj\u0105.<\/p>","protected":false},"excerpt":{"rendered":"<p>&nbsp;<\/p>\n<p><script src=\"chrome-extension:\/\/fpelahbljekknahkcaegamhcndkfpfnc\/iFrame.js\" type=\"text\/javascript\"><\/script><\/p>\n<p><script src=\"chrome-extension:\/\/fpelahbljekknahkcaegamhcndkfpfnc\/iFrame.js\" type=\"text\/javascript\"><\/script><\/p>\n<p><script src=\"chrome-extension:\/\/fpelahbljekknahkcaegamhcndkfpfnc\/iFrame.js\" type=\"text\/javascript\"><\/script><\/p>\n<p><script src=\"chrome-extension:\/\/fpelahbljekknahkcaegamhcndkfpfnc\/iFrame.js\" type=\"text\/javascript\"><\/script><\/p>\n<p><script src=\"chrome-extension:\/\/fpelahbljekknahkcaegamhcndkfpfnc\/iFrame.js\" type=\"text\/javascript\"><\/script><\/p>\n<p><script src=\"chrome-extension:\/\/fpelahbljekknahkcaegamhcndkfpfnc\/iFrame.js\" type=\"text\/javascript\"><\/script><\/p>\n<p><script src=\"chrome-extension:\/\/fpelahbljekknahkcaegamhcndkfpfnc\/iFrame.js\" type=\"text\/javascript\"><\/script><\/p>\n<p><script src=\"chrome-extension:\/\/fpelahbljekknahkcaegamhcndkfpfnc\/iFrame.js\" type=\"text\/javascript\"><\/script><\/p>\n<p><script src=\"chrome-extension:\/\/fpelahbljekknahkcaegamhcndkfpfnc\/iFrame.js\" type=\"text\/javascript\"><\/script><\/p>\n<p><script src=\"chrome-extension:\/\/fpelahbljekknahkcaegamhcndkfpfnc\/iFrame.js\" type=\"text\/javascript\"><\/script><\/p>\n<p><script src=\"chrome-extension:\/\/fpelahbljekknahkcaegamhcndkfpfnc\/iFrame.js\" type=\"text\/javascript\"><\/script><\/p>\n<p><script src=\"chrome-extension:\/\/fpelahbljekknahkcaegamhcndkfpfnc\/iFrame.js\" type=\"text\/javascript\"><\/script><\/p>\n<p><script src=\"chrome-extension:\/\/fpelahbljekknahkcaegamhcndkfpfnc\/iFrame.js\" type=\"text\/javascript\"><\/script><\/p>\n<p><script src=\"chrome-extension:\/\/fpelahbljekknahkcaegamhcndkfpfnc\/iFrame.js\" type=\"text\/javascript\"><\/script><\/p>\n<p><script src=\"chrome-extension:\/\/fpelahbljekknahkcaegamhcndkfpfnc\/iFrame.js\" type=\"text\/javascript\"><\/script><\/p>\n<p><script src=\"chrome-extension:\/\/fpelahbljekknahkcaegamhcndkfpfnc\/iFrame.js\" type=\"text\/javascript\"><\/script><\/p>","protected":false},"featured_media":17632,"comment_status":"open","ping_status":"closed","template":"","meta":[],"product_brand":[236],"product_cat":[124,185,189,1640,194,174,175,193,163,191,173,186,180,190,192],"product_tag":[],"class_list":{"0":"post-17606","1":"product","2":"type-product","3":"status-publish","4":"has-post-thumbnail","6":"product_brand-razz-bar","7":"product_cat-vape-by-brand","8":"product_cat-10000-puffs-high-capacity","9":"product_cat-20mg-standard-nicotine-vapes","10":"product_cat-45000-puffs","11":"product_cat-adjustable-airflow","12":"product_cat-fruit-flavors","13":"product_cat-icy-mint","14":"product_cat-mesh-coil","15":"product_cat-razz-bar","16":"product_cat-rechargeable-disposables","17":"product_cat-vape-by-flavor-profile","18":"product_cat-vape-by-nicotine-strength","19":"product_cat-vape-by-puff-count","20":"product_cat-vape-by-feature-or-type","21":"product_cat-vapes-with-screens","23":"first","24":"onbackorder","25":"shipping-taxable","26":"purchasable","27":"product-type-variable","28":"has-default-attributes"},"tiered_pricing_type":"percentage","tiered_pricing_fixed_rules":[],"tiered_pricing_product_settings":{"layout":"default","base_unit_name":{"singular":null,"plural":null},"default_variation":null},"tiered_pricing_minimum_quantity":50,"tiered_pricing_roles_data":[],"tiered_pricing_percentage_rules":{"100":"40","200":"44","500":"47","1000":"49"},"tiered_pricing_maximum_quantity":null,"tiered_pricing_quantity_step":"10","_links":{"self":[{"href":"https:\/\/agoravape.com\/pl\/wp-json\/wp\/v2\/product\/17606","targetHints":{"allow":["GET"]}}],"collection":[{"href":"https:\/\/agoravape.com\/pl\/wp-json\/wp\/v2\/product"}],"about":[{"href":"https:\/\/agoravape.com\/pl\/wp-json\/wp\/v2\/types\/product"}],"replies":[{"embeddable":true,"href":"https:\/\/agoravape.com\/pl\/wp-json\/wp\/v2\/comments?post=17606"}],"version-history":[{"count":0,"href":"https:\/\/agoravape.com\/pl\/wp-json\/wp\/v2\/product\/17606\/revisions"}],"wp:featuredmedia":[{"embeddable":true,"href":"https:\/\/agoravape.com\/pl\/wp-json\/wp\/v2\/media\/17632"}],"wp:attachment":[{"href":"https:\/\/agoravape.com\/pl\/wp-json\/wp\/v2\/media?parent=17606"}],"wp:term":[{"taxonomy":"product_brand","embeddable":true,"href":"https:\/\/agoravape.com\/pl\/wp-json\/wp\/v2\/product_brand?post=17606"},{"taxonomy":"product_cat","embeddable":true,"href":"https:\/\/agoravape.com\/pl\/wp-json\/wp\/v2\/product_cat?post=17606"},{"taxonomy":"product_tag","embeddable":true,"href":"https:\/\/agoravape.com\/pl\/wp-json\/wp\/v2\/product_tag?post=17606"}],"curies":[{"name":"wp","href":"https:\/\/api.w.org\/{rel}","templated":true}]}}