{"id":17634,"date":"2025-10-18T19:50:04","date_gmt":"2025-10-18T11:50:04","guid":{"rendered":"https:\/\/green-grasshopper-921422.hostingersite.com\/?post_type=product&#038;p=17634"},"modified":"2026-02-14T17:30:48","modified_gmt":"2026-02-14T16:30:48","slug":"razz-bar-40000-puffs-dual-flavor-vape","status":"publish","type":"product","link":"https:\/\/agoravape.com\/pl\/product\/razz-bar-40000-puffs-dual-flavor-vape\/","title":{"rendered":"Razz Bar 40K Puffs Dual Flavor Tank Jednorazowy Vape | Dwa smaki w jednym, zbudowane z my\u015bl\u0105 o trwa\u0142o\u015bci"},"content":{"rendered":"<h2 data-v-md-heading=\"what-s-special-about-the-razz-bar-40k-dual-flavored-disposable-vape\" data-v-md-line=\"3\"><img loading=\"lazy\" decoding=\"async\" class=\"aligncenter size-full wp-image-17653\" src=\"https:\/\/agoravape.com\/wp-content\/uploads\/2025\/10\/Razz-bar-40K-Puffs-Dual-Flavor-Tank-Disposable-Vape_Agora_vape-2.webp\" alt=\"\" width=\"2000\" height=\"2000\" srcset=\"https:\/\/agoravape.com\/wp-content\/uploads\/2025\/10\/Razz-bar-40K-Puffs-Dual-Flavor-Tank-Disposable-Vape_Agora_vape-2.webp 2000w, https:\/\/agoravape.com\/wp-content\/uploads\/2025\/10\/Razz-bar-40K-Puffs-Dual-Flavor-Tank-Disposable-Vape_Agora_vape-2-600x600.webp 600w, https:\/\/agoravape.com\/wp-content\/uploads\/2025\/10\/Razz-bar-40K-Puffs-Dual-Flavor-Tank-Disposable-Vape_Agora_vape-2-1200x1200.webp 1200w, https:\/\/agoravape.com\/wp-content\/uploads\/2025\/10\/Razz-bar-40K-Puffs-Dual-Flavor-Tank-Disposable-Vape_Agora_vape-2-300x300.webp 300w, https:\/\/agoravape.com\/wp-content\/uploads\/2025\/10\/Razz-bar-40K-Puffs-Dual-Flavor-Tank-Disposable-Vape_Agora_vape-2-1024x1024.webp 1024w, https:\/\/agoravape.com\/wp-content\/uploads\/2025\/10\/Razz-bar-40K-Puffs-Dual-Flavor-Tank-Disposable-Vape_Agora_vape-2-150x150.webp 150w, https:\/\/agoravape.com\/wp-content\/uploads\/2025\/10\/Razz-bar-40K-Puffs-Dual-Flavor-Tank-Disposable-Vape_Agora_vape-2-768x768.webp 768w, https:\/\/agoravape.com\/wp-content\/uploads\/2025\/10\/Razz-bar-40K-Puffs-Dual-Flavor-Tank-Disposable-Vape_Agora_vape-2-1536x1536.webp 1536w\" sizes=\"auto, (max-width: 2000px) 100vw, 2000px\" \/><\/h2>\n<h2 data-v-md-heading=\"what-s-special-about-the-razz-bar-40k-dual-flavored-disposable-vape\" data-v-md-line=\"3\">Co jest wyj\u0105tkowego w podw\u00f3jnym aromatyzowanym waporyzatorze jednorazowym Razz Bar 40K?<\/h2>\n<p data-v-md-line=\"4\">Je\u015bli jeste\u015b zm\u0119czony zmian\u0105 sprz\u0119tu lub uzupe\u0142nianiem oleju w po\u0142owie dnia pracy, to ten produkt jest idealnym wyborem. Razz Bar jest wyposa\u017cony w podw\u00f3jne komory do przechowywania olejk\u00f3w smakowych, kt\u00f3re mog\u0105 pomie\u015bci\u0107 do 40000 zaci\u0105gni\u0119\u0107, umo\u017cliwiaj\u0105c \u0142atw\u0105 zmian\u0119 bez konieczno\u015bci noszenia drugiego waporyzatora.<\/p>\n<p data-v-md-line=\"6\">Je\u015bli zale\u017cy Ci na wygodnym i niezawodnym dzia\u0142aniu bez konieczno\u015bci korzystania z menu lub \u017cmudnych operacji, ten produkt jest idealnym wyborem. Wystarczy wybra\u0107 ulubion\u0105 kombinacj\u0119 smakow\u0105 i wzi\u0105\u0107 \u0142yk. \u0141atwy w u\u017cyciu.<\/p>\n<h2 data-v-md-heading=\"excellent-performance-worry-free\" data-v-md-line=\"8\">Doskona\u0142a wydajno\u015b\u0107, bez obaw<\/h2>\n<p data-v-md-line=\"9\">Podw\u00f3jny zbiornik pozwala na korzystanie z dw\u00f3ch r\u00f3\u017cnych smak\u00f3w w jednym urz\u0105dzeniu, zapewniaj\u0105c \u015bwie\u017co\u015b\u0107 dzie\u0144 po dniu. Urz\u0105dzenie jest aktywowane przez zasysanie i nie wymaga \u017cadnych przycisk\u00f3w. Gdy poziom na\u0142adowania baterii jest niski, mo\u017cna na\u0142adowa\u0107 wbudowan\u0105 bateri\u0119 650 mAh za po\u015brednictwem wbudowanego interfejsu i kontynuowa\u0107 korzystanie z urz\u0105dzenia.<\/p>\n<h2 data-v-md-heading=\"specification-overview\" data-v-md-line=\"11\">Przegl\u0105d specyfikacji<\/h2>\n<p data-v-md-line=\"12\"><strong>Liczba przyssawek<\/strong>do 40000 zasysa\u0144<br \/>\n<strong>Zawarto\u015b\u0107 nikotyny<\/strong>2% i 5% opcjonalnie<br \/>\n<strong>Zasada dzia\u0142ania<\/strong>: Aktywowany przez wdychanie<br \/>\n<strong>\u0141adowanie<\/strong>mo\u017cna \u0142adowa\u0107 przez wbudowany port \u0142adowania<br \/>\n<strong>Status<\/strong>: Gotowy do u\u017cycia po rozpakowaniu<br \/>\n<strong>Pojemno\u015b\u0107 e-liquidu<\/strong>: Podw\u00f3jne zbiorniki oleju o \u0142\u0105cznej pojemno\u015bci 40 mililitr\u00f3w<br \/>\n<strong>Pojemno\u015b\u0107 akumulatora<\/strong>650mAh<\/p>\n<h2 data-v-md-heading=\"full-range-of-flavors\" data-v-md-line=\"20\">Pe\u0142na gama smak\u00f3w<\/h2>\n<ul data-v-md-line=\"21\">\n<li>L\u00f3d cytrynowy i limonkowy\/ arbuzowy<\/li>\n<li>Strawberry Ice\/Mixed Berry<\/li>\n<li>Blueberry Ice\/Strawberry Watermelon Bubble Gum<\/li>\n<li>Mieszany l\u00f3d jagodowy\/ arbuzowy<\/li>\n<li>Strawberry Banana\/Red Bull Ice<\/li>\n<li>Blueberry Ice\/Love 66<\/li>\n<li>L\u00f3d brzoskwiniowy\/l\u00f3d jagodowy<\/li>\n<li>Truskawka kiwi\/jagoda kwa\u015bna malina<\/li>\n<li>L\u00f3d arbuzowy\/l\u00f3d z coli<\/li>\n<li>Truskawkowy l\u00f3d arbuzowo-winogronowy<\/li>\n<\/ul>\n<h2 data-v-md-heading=\"for-you-and-for-your-business-as-well\" data-v-md-line=\"32\">Dla Ciebie i dla Twojej firmy<\/h2>\n<p data-v-md-line=\"33\">Razz Bar 40K mo\u017cna kupi\u0107 do u\u017cytku osobistego lub doda\u0107 do swojego sklepu. Hurtowe pude\u0142ko kartonowe zawiera 200 sztuk, dzi\u0119ki czemu wygodnie jest szybko utworzy\u0107 lini\u0119 produkt\u00f3w. Wysy\u0142amy za po\u015brednictwem zaufanych partner\u00f3w, takich jak UPS, DPD i DHL, na zasadzie Delivered Duty Paid (DDP), aby zapewni\u0107, \u017ce nie napotkasz \u017cadnych wypadk\u00f3w w urz\u0119dzie celnym.<\/p>\n<p data-v-md-line=\"35\">Szybkie zrozumienie zgodno\u015bci. Wiele rynk\u00f3w UE ogranicza zawarto\u015b\u0107 nikotyny do 20 miligram\u00f3w na mililitr (2%) i ogranicza wielko\u015b\u0107 zbiornik\u00f3w do przechowywania produkt\u00f3w nikotynowych. W niekt\u00f3rych krajach\/regionach produkty nikotynowe o st\u0119\u017ceniu 5% i pojemno\u015bci 40 mililitr\u00f3w nie mog\u0105 by\u0107 legalnie sprzedawane detalicznie. Je\u015bli dokonujesz zakupu dla firmy, najpierw zapoznaj si\u0119 z lokalnymi przepisami TPD\/TRRP i skonsultuj si\u0119 z naszym zespo\u0142em w celu uzyskania wskaz\u00f3wek.<\/p>\n<h2 data-v-md-heading=\"the-reason-why-you-will-like-it\" data-v-md-line=\"37\">Pow\u00f3d, dla kt\u00f3rego Ci si\u0119 spodoba<\/h2>\n<p data-v-md-line=\"38\"><strong>Intensywne palenie:<\/strong>\u00a0Trwa\u0142e i d\u0142ugowieczne, nie ma potrzeby cz\u0119stej wymiany waporyzator\u00f3w.<br \/>\n<strong>Wyb\u00f3r nikotyny<\/strong>: Wybierz st\u0119\u017cenie nikotyny 2% lub 5% zgodnie z w\u0142asnymi preferencjami.<br \/>\n<strong>Akumulatorowy<\/strong>: Mo\u017cesz u\u017cywa\u0107 wszystkich zakupionych e-liquid\u00f3w bez wyrzucania w po\u0142owie zu\u017cytych urz\u0105dze\u0144.<br \/>\n<strong>Sp\u00f3jny smak<\/strong>: Podw\u00f3jna komora przechowywania oleju zapewnia stabilny smak, u\u0142atwiaj\u0105c zmian\u0119 w dowolnym momencie.<\/p>\n<h2 data-v-md-heading=\"why-choose-agoravape\" data-v-md-line=\"43\">Dlaczego warto wybra\u0107 AgoraVape?<\/h2>\n<p data-v-md-line=\"44\">Sprzedajemy wy\u0142\u0105cznie oryginalne produkty 100% i ponosimy za nie odpowiedzialno\u015b\u0107. Klienci komercyjni mog\u0105 cieszy\u0107 si\u0119 obni\u017conymi cenami hurtowymi, niezawodnym wsparciem i szybkimi us\u0142ugami dostawy DDP jednorazowych waporyzator\u00f3w w magazynie olejk\u00f3w Razz Bar 40K o dw\u00f3ch smakach. Je\u015bli chcesz kupi\u0107 urz\u0105dzenie, do kt\u00f3rego klienci b\u0119d\u0105 wraca\u0107, skontaktuj si\u0119 z nami.<\/p>\n<p data-v-md-line=\"46\">Wyja\u015bnienie dotycz\u0105ce cz\u0119stotliwo\u015bci zasysania: 40000 czas\u00f3w zasysania to warto\u015b\u0107 znamionowa producenta, a rzeczywisty efekt mo\u017ce si\u0119 r\u00f3\u017cni\u0107 w zale\u017cno\u015bci od d\u0142ugo\u015bci zasysania i u\u017cytkowania.<\/p>\n<p><script src=\"chrome-extension:\/\/fpelahbljekknahkcaegamhcndkfpfnc\/iFrame.js\" type=\"text\/javascript\"><\/script><\/p>","protected":false},"excerpt":{"rendered":"<p>&nbsp;<\/p>\n<p><script src=\"chrome-extension:\/\/fpelahbljekknahkcaegamhcndkfpfnc\/iFrame.js\" type=\"text\/javascript\"><\/script><\/p>\n<p><script src=\"chrome-extension:\/\/fpelahbljekknahkcaegamhcndkfpfnc\/iFrame.js\" type=\"text\/javascript\"><\/script><\/p>\n<p><script src=\"chrome-extension:\/\/fpelahbljekknahkcaegamhcndkfpfnc\/iFrame.js\" type=\"text\/javascript\"><\/script><\/p>\n<p><script src=\"chrome-extension:\/\/fpelahbljekknahkcaegamhcndkfpfnc\/iFrame.js\" type=\"text\/javascript\"><\/script><\/p>\n<p><script src=\"chrome-extension:\/\/fpelahbljekknahkcaegamhcndkfpfnc\/iFrame.js\" type=\"text\/javascript\"><\/script><\/p>\n<p><script src=\"chrome-extension:\/\/fpelahbljekknahkcaegamhcndkfpfnc\/iFrame.js\" type=\"text\/javascript\"><\/script><\/p>\n<p><script src=\"chrome-extension:\/\/fpelahbljekknahkcaegamhcndkfpfnc\/iFrame.js\" type=\"text\/javascript\"><\/script><\/p>\n<p><script src=\"chrome-extension:\/\/fpelahbljekknahkcaegamhcndkfpfnc\/iFrame.js\" type=\"text\/javascript\"><\/script><\/p>\n<p><script src=\"chrome-extension:\/\/fpelahbljekknahkcaegamhcndkfpfnc\/iFrame.js\" type=\"text\/javascript\"><\/script><\/p>\n<p><script src=\"chrome-extension:\/\/fpelahbljekknahkcaegamhcndkfpfnc\/iFrame.js\" type=\"text\/javascript\"><\/script><\/p>\n<p><script src=\"chrome-extension:\/\/fpelahbljekknahkcaegamhcndkfpfnc\/iFrame.js\" type=\"text\/javascript\"><\/script><\/p>\n<p><script src=\"chrome-extension:\/\/fpelahbljekknahkcaegamhcndkfpfnc\/iFrame.js\" type=\"text\/javascript\"><\/script><\/p>\n<p><script src=\"chrome-extension:\/\/fpelahbljekknahkcaegamhcndkfpfnc\/iFrame.js\" type=\"text\/javascript\"><\/script><\/p>\n<p><script src=\"chrome-extension:\/\/fpelahbljekknahkcaegamhcndkfpfnc\/iFrame.js\" type=\"text\/javascript\"><\/script><\/p>\n<p><script src=\"chrome-extension:\/\/fpelahbljekknahkcaegamhcndkfpfnc\/iFrame.js\" type=\"text\/javascript\"><\/script><\/p>\n<p><script src=\"chrome-extension:\/\/fpelahbljekknahkcaegamhcndkfpfnc\/iFrame.js\" type=\"text\/javascript\"><\/script><\/p>","protected":false},"featured_media":17659,"comment_status":"open","ping_status":"closed","template":"","meta":[],"product_brand":[236],"product_cat":[124,185,189,1639,195,1674,174,175,193,163,191,173,186,180,190,192],"product_tag":[],"class_list":{"0":"post-17634","1":"product","2":"type-product","3":"status-publish","4":"has-post-thumbnail","6":"product_brand-razz-bar","7":"product_cat-vape-by-brand","8":"product_cat-10000-puffs-high-capacity","9":"product_cat-20mg-standard-nicotine-vapes","10":"product_cat-40000-puffs","11":"product_cat-dual-flavor-switch","12":"product_cat-eu-warehouse","13":"product_cat-fruit-flavors","14":"product_cat-icy-mint","15":"product_cat-mesh-coil","16":"product_cat-razz-bar","17":"product_cat-rechargeable-disposables","18":"product_cat-vape-by-flavor-profile","19":"product_cat-vape-by-nicotine-strength","20":"product_cat-vape-by-puff-count","21":"product_cat-vape-by-feature-or-type","22":"product_cat-vapes-with-screens","24":"first","25":"instock","26":"shipping-taxable","27":"purchasable","28":"product-type-variable","29":"has-default-attributes"},"tiered_pricing_type":"percentage","tiered_pricing_fixed_rules":[],"tiered_pricing_product_settings":{"layout":"default","base_unit_name":{"singular":null,"plural":null},"default_variation":null},"tiered_pricing_minimum_quantity":50,"tiered_pricing_roles_data":[],"tiered_pricing_percentage_rules":{"100":"40","200":"44","500":"47","1000":"49"},"tiered_pricing_maximum_quantity":null,"tiered_pricing_quantity_step":"10","_links":{"self":[{"href":"https:\/\/agoravape.com\/pl\/wp-json\/wp\/v2\/product\/17634","targetHints":{"allow":["GET"]}}],"collection":[{"href":"https:\/\/agoravape.com\/pl\/wp-json\/wp\/v2\/product"}],"about":[{"href":"https:\/\/agoravape.com\/pl\/wp-json\/wp\/v2\/types\/product"}],"replies":[{"embeddable":true,"href":"https:\/\/agoravape.com\/pl\/wp-json\/wp\/v2\/comments?post=17634"}],"version-history":[{"count":0,"href":"https:\/\/agoravape.com\/pl\/wp-json\/wp\/v2\/product\/17634\/revisions"}],"wp:featuredmedia":[{"embeddable":true,"href":"https:\/\/agoravape.com\/pl\/wp-json\/wp\/v2\/media\/17659"}],"wp:attachment":[{"href":"https:\/\/agoravape.com\/pl\/wp-json\/wp\/v2\/media?parent=17634"}],"wp:term":[{"taxonomy":"product_brand","embeddable":true,"href":"https:\/\/agoravape.com\/pl\/wp-json\/wp\/v2\/product_brand?post=17634"},{"taxonomy":"product_cat","embeddable":true,"href":"https:\/\/agoravape.com\/pl\/wp-json\/wp\/v2\/product_cat?post=17634"},{"taxonomy":"product_tag","embeddable":true,"href":"https:\/\/agoravape.com\/pl\/wp-json\/wp\/v2\/product_tag?post=17634"}],"curies":[{"name":"wp","href":"https:\/\/api.w.org\/{rel}","templated":true}]}}