{"id":17734,"date":"2025-10-18T21:23:18","date_gmt":"2025-10-18T13:23:18","guid":{"rendered":"https:\/\/green-grasshopper-921422.hostingersite.com\/?post_type=product&#038;p=17734"},"modified":"2026-03-31T04:20:39","modified_gmt":"2026-03-31T02:20:39","slug":"razz-bar-crystal-10000-zaciagniec-zero-nikotyny-vape","status":"publish","type":"product","link":"https:\/\/agoravape.com\/pl\/product\/razz-bar-crystal-10000-puffs-zero-nicotine-vape\/","title":{"rendered":"Razz bar crystal 10K Puffs 0% beznikotynowy Vape | Intensywny smak, zero nikotyny"},"content":{"rendered":"<h2 data-v-md-heading=\"what-s-special-about-the-razz-bar-crystal-10k-0-nicotine-free-vape\" data-v-md-line=\"3\"><img loading=\"lazy\" decoding=\"async\" class=\"aligncenter size-full wp-image-17759\" src=\"https:\/\/agoravape.com\/wp-content\/uploads\/2025\/10\/Razz-bar-crystal-10K-Puffs-0-Nicotine-Free-Vape_Agora_vape-9.webp\" alt=\"\" width=\"2000\" height=\"2000\" srcset=\"https:\/\/agoravape.com\/wp-content\/uploads\/2025\/10\/Razz-bar-crystal-10K-Puffs-0-Nicotine-Free-Vape_Agora_vape-9.webp 2000w, https:\/\/agoravape.com\/wp-content\/uploads\/2025\/10\/Razz-bar-crystal-10K-Puffs-0-Nicotine-Free-Vape_Agora_vape-9-600x600.webp 600w, https:\/\/agoravape.com\/wp-content\/uploads\/2025\/10\/Razz-bar-crystal-10K-Puffs-0-Nicotine-Free-Vape_Agora_vape-9-1200x1200.webp 1200w, https:\/\/agoravape.com\/wp-content\/uploads\/2025\/10\/Razz-bar-crystal-10K-Puffs-0-Nicotine-Free-Vape_Agora_vape-9-300x300.webp 300w, https:\/\/agoravape.com\/wp-content\/uploads\/2025\/10\/Razz-bar-crystal-10K-Puffs-0-Nicotine-Free-Vape_Agora_vape-9-1024x1024.webp 1024w, https:\/\/agoravape.com\/wp-content\/uploads\/2025\/10\/Razz-bar-crystal-10K-Puffs-0-Nicotine-Free-Vape_Agora_vape-9-150x150.webp 150w, https:\/\/agoravape.com\/wp-content\/uploads\/2025\/10\/Razz-bar-crystal-10K-Puffs-0-Nicotine-Free-Vape_Agora_vape-9-768x768.webp 768w, https:\/\/agoravape.com\/wp-content\/uploads\/2025\/10\/Razz-bar-crystal-10K-Puffs-0-Nicotine-Free-Vape_Agora_vape-9-1536x1536.webp 1536w\" sizes=\"auto, (max-width: 2000px) 100vw, 2000px\" \/><\/h2>\n<h2 data-v-md-heading=\"what-s-special-about-the-razz-bar-crystal-10k-0-nicotine-free-vape\" data-v-md-line=\"3\">Co jest wyj\u0105tkowego w Razz bar crystal 10K 0% vape bez nikotyny?<\/h2>\n<p data-v-md-line=\"4\">Je\u015bli chcesz do\u015bwiadczy\u0107 waporyzacji bez nikotyny, ten produkt mo\u017ce u\u0142atwi\u0107 Ci \u017cycie. Razz bar crystal mo\u017ce wytrzyma\u0107 do 10000 zaci\u0105gni\u0119\u0107, od pierwszego do ostatniego \u0142yku, z jednolit\u0105 i g\u0142adk\u0105 konsystencj\u0105. Nie musisz si\u0119 martwi\u0107, nie musisz zgadywa\u0107. Wystarczy otworzy\u0107 opakowanie i mo\u017cna zacz\u0105\u0107 u\u017cywa\u0107.<\/p>\n<p data-v-md-line=\"6\">Je\u015bli rzucasz nikotyn\u0119 lub po prostu chcesz cieszy\u0107 si\u0119 niedra\u017cni\u0105cym smakiem, ten produkt jest najlepszym wyborem. Mo\u017cesz pomy\u015ble\u0107, \u017ce posiadanie tak wielu vape'\u00f3w by\u0142oby niepor\u0119czne, ale ten vape jest lekki i przeno\u015bny, dzi\u0119ki czemu idealnie nadaje si\u0119 do codziennego \u017cycia.<\/p>\n<h2 data-v-md-heading=\"excellent-performance-without-any-complex-operations\" data-v-md-line=\"8\">Doskona\u0142a wydajno\u015b\u0107 bez skomplikowanych operacji<\/h2>\n<p data-v-md-line=\"9\">Siatkowa cewka jest rdzeniem urz\u0105dzenia, dzi\u0119ki czemu ka\u017cde otwarcie jest tak czyste i schludne, jak pierwsze. Wbudowany w 18 ml e-liquidu i wyposa\u017cony w bateri\u0119 650 mAh, zapewnia d\u0142ugotrwa\u0142e i niezawodne wra\u017cenia u\u017cytkownika. Gdy bateria jest roz\u0142adowana, wystarczy na\u0142adowa\u0107 j\u0105 przez USB. Prosty i wygodny.<\/p>\n<h2 data-v-md-heading=\"specification-introduction\" data-v-md-line=\"11\">Wprowadzenie do specyfikacji<\/h2>\n<ul data-v-md-line=\"12\">\n<li>Cz\u0119stotliwo\u015b\u0107 zasysania: do 10000 razy<\/li>\n<li>Zawarto\u015b\u0107 nikotyny: 0% (nie zawiera nikotyny)<\/li>\n<li>Pojemno\u015b\u0107 e-liquidu: 18 mililitr\u00f3w<\/li>\n<li>Bateria: 650 mAh<\/li>\n<li>Zasada dzia\u0142ania: Gotowy do u\u017cycia po wyj\u0119ciu z pude\u0142ka, bez potrzeby u\u017cywania przycisk\u00f3w<\/li>\n<li>Metoda \u0142adowania: \u0141adowanie przez USB<\/li>\n<li>Atomization Core: Mesh Atomization Core<\/li>\n<li>Status: Zapiecz\u0119towany, gotowy do u\u017cycia po przybyciu<\/li>\n<\/ul>\n<h2 data-v-md-heading=\"full-range-of-flavors\" data-v-md-line=\"21\">Pe\u0142na gama smak\u00f3w<\/h2>\n<ul data-v-md-line=\"22\">\n<li>Koktajl brzoskwiniowy<\/li>\n<li>Truskawka i banan<\/li>\n<li>Winogrona Red Bull<\/li>\n<li>Koktajl jagodowy<\/li>\n<li>Koktajl arbuzowy<\/li>\n<li>Koktajl jagodowy<\/li>\n<li>Owoce tropikalne<\/li>\n<li>Truskawka kiwi<\/li>\n<li>Koktajl truskawkowy<\/li>\n<li>Mieszane jagody<\/li>\n<li>Koktajl truskawkowy, malinowy, wi\u015bniowy<\/li>\n<li>Mi\u0142o\u015b\u0107 66<\/li>\n<li>Black Dragon Ice Sand<\/li>\n<li>Cytryna i limonka<\/li>\n<li>Letnie marzenia<\/li>\n<li>Guma balonowa truskawkowo-arbuzowa<\/li>\n<\/ul>\n<h2 data-v-md-heading=\"for-you-and-your-business\" data-v-md-line=\"39\">Dla Ciebie i Twojego biznesu<\/h2>\n<p data-v-md-line=\"40\">W razie potrzeby zakup vape bez nikotyny, niezale\u017cnie od tego, czy wypr\u00f3bowujesz go po raz pierwszy, czy przygotowujesz si\u0119 na tydzie\u0144 zakup\u00f3w. Je\u015bli prowadzisz sklep fizyczny lub internetowy, zawsze jeste\u015bmy gotowi do hurtowej sprzeda\u017cy pude\u0142ek papierowych. Zapraszamy do kontaktu z nami, aby dowiedzie\u0107 si\u0119 o aktualnej ilo\u015bci pude\u0142ek papierowych i cenach warstwowych.<\/p>\n<p data-v-md-line=\"42\">\u015awiadczymy us\u0142ugi dostawy DDP w ca\u0142ej Europie za po\u015brednictwem zaufanych partner\u00f3w, takich jak UPS, DPD i DHL, wi\u0119c podatki i op\u0142aty b\u0119d\u0105 przetwarzane z wyprzedzeniem. Pozwala to unikn\u0105\u0107 wypadk\u00f3w celnych i nieoczekiwanych op\u00f3\u017anie\u0144.<\/p>\n<h2 data-v-md-heading=\"why-do-you-like-it\" data-v-md-line=\"44\">Dlaczego to lubisz?<\/h2>\n<ul data-v-md-line=\"45\">\n<li>Ogromne ssanie: do 10000 zaci\u0105gni\u0119\u0107, co oznacza mniej powt\u00f3rze\u0144 zam\u00f3wie\u0144 i wi\u0119cej czasu na delektowanie si\u0119 ulubionymi smakami.<\/li>\n<li>Bez nikotyny: Ciesz si\u0119 smakiem i nawykami bez potrzeby u\u017cywania nikotyny.<\/li>\n<li>Du\u017ca pojemno\u015b\u0107: 18 mililitr\u00f3w, zapewniaj\u0105ca d\u0142ugotrwa\u0142y smak.<\/li>\n<li>Siatkowy rdze\u0144 rozpylaj\u0105cy: Ka\u017cde zassanie mo\u017ce zapewni\u0107 jednolity dym i czysty smak.<\/li>\n<li>Stabilne zasilanie: Bateria o pojemno\u015bci 650 mAh wspiera niezawodne dzia\u0142anie.<\/li>\n<\/ul>\n<h2 data-v-md-heading=\"why-choose-to-collaborate-with-agoravape\" data-v-md-line=\"51\">Dlaczego warto zdecydowa\u0107 si\u0119 na wsp\u00f3\u0142prac\u0119 z AgoraVape?<\/h2>\n<p data-v-md-line=\"52\">Dostarczamy tylko 100% oryginalne produkty marek, kt\u00f3re Twoi klienci kochaj\u0105. Razz bar crystal 10K 0% bez nikotyny vape, oferuj\u0105c obni\u017cone ceny hurtowe, szybkie wsparcie i szybk\u0105 dostaw\u0119 p\u0142atno\u015bci podatkowych w Europie. Zapraszamy do kontaktu z nami i wyboru preferowanych produkt\u00f3w z serii bez nikotyny.<\/p>","protected":false},"excerpt":{"rendered":"<p>&nbsp;<\/p>","protected":false},"featured_media":17755,"comment_status":"open","ping_status":"closed","template":"","meta":[],"product_brand":[236],"product_cat":[124,187,185,189,174,175,193,163,191,173,186,180,190],"product_tag":[],"class_list":{"0":"post-17734","1":"product","2":"type-product","3":"status-publish","4":"has-post-thumbnail","6":"product_brand-razz-bar","7":"product_cat-vape-by-brand","8":"product_cat-0mg-nicotine-free-vapes","9":"product_cat-10000-puffs-high-capacity","10":"product_cat-20mg-standard-nicotine-vapes","11":"product_cat-fruit-flavors","12":"product_cat-icy-mint","13":"product_cat-mesh-coil","14":"product_cat-razz-bar","15":"product_cat-rechargeable-disposables","16":"product_cat-vape-by-flavor-profile","17":"product_cat-vape-by-nicotine-strength","18":"product_cat-vape-by-puff-count","19":"product_cat-vape-by-feature-or-type","21":"first","22":"onbackorder","23":"shipping-taxable","24":"purchasable","25":"product-type-variable","26":"has-default-attributes"},"tiered_pricing_type":"percentage","tiered_pricing_fixed_rules":[],"tiered_pricing_product_settings":{"layout":"default","base_unit_name":{"singular":null,"plural":null},"default_variation":null},"tiered_pricing_minimum_quantity":50,"tiered_pricing_roles_data":[],"tiered_pricing_percentage_rules":{"100":"40","200":"44","500":"47","1000":"49"},"tiered_pricing_maximum_quantity":null,"tiered_pricing_quantity_step":"10","_links":{"self":[{"href":"https:\/\/agoravape.com\/pl\/wp-json\/wp\/v2\/product\/17734","targetHints":{"allow":["GET"]}}],"collection":[{"href":"https:\/\/agoravape.com\/pl\/wp-json\/wp\/v2\/product"}],"about":[{"href":"https:\/\/agoravape.com\/pl\/wp-json\/wp\/v2\/types\/product"}],"replies":[{"embeddable":true,"href":"https:\/\/agoravape.com\/pl\/wp-json\/wp\/v2\/comments?post=17734"}],"version-history":[{"count":1,"href":"https:\/\/agoravape.com\/pl\/wp-json\/wp\/v2\/product\/17734\/revisions"}],"predecessor-version":[{"id":29809,"href":"https:\/\/agoravape.com\/pl\/wp-json\/wp\/v2\/product\/17734\/revisions\/29809"}],"wp:featuredmedia":[{"embeddable":true,"href":"https:\/\/agoravape.com\/pl\/wp-json\/wp\/v2\/media\/17755"}],"wp:attachment":[{"href":"https:\/\/agoravape.com\/pl\/wp-json\/wp\/v2\/media?parent=17734"}],"wp:term":[{"taxonomy":"product_brand","embeddable":true,"href":"https:\/\/agoravape.com\/pl\/wp-json\/wp\/v2\/product_brand?post=17734"},{"taxonomy":"product_cat","embeddable":true,"href":"https:\/\/agoravape.com\/pl\/wp-json\/wp\/v2\/product_cat?post=17734"},{"taxonomy":"product_tag","embeddable":true,"href":"https:\/\/agoravape.com\/pl\/wp-json\/wp\/v2\/product_tag?post=17734"}],"curies":[{"name":"wp","href":"https:\/\/api.w.org\/{rel}","templated":true}]}}