{"id":17770,"date":"2025-10-19T19:52:07","date_gmt":"2025-10-19T11:52:07","guid":{"rendered":"https:\/\/green-grasshopper-921422.hostingersite.com\/?post_type=product&#038;p=17770"},"modified":"2026-01-19T22:00:21","modified_gmt":"2026-01-19T14:00:21","slug":"hazey-a40-15000-puffow-vape","status":"publish","type":"product","link":"https:\/\/agoravape.com\/pl\/product\/hazey-a40-15000-puffs-vape\/","title":{"rendered":"Hazey A40 15K Puffs Dual Display Disposable Vape | Du\u017ce pufy, wyra\u017ane wy\u015bwietlacze, zero zamieszania"},"content":{"rendered":"<h2 data-v-md-heading=\"what-are-the-characteristics-of-hazey-a40-15000-dual-screen-disposable-vapes\" data-v-md-line=\"3\">Czym charakteryzuje si\u0119 waporyzator Hazey A40 15000 z podw\u00f3jnym ekranem?<\/h2>\n<p data-v-md-line=\"4\">Je\u015bli jeste\u015b zm\u0119czony zgadywaniem pozosta\u0142ego poziomu baterii lub e-liquidu, z pewno\u015bci\u0105 pokochasz ten produkt. Hazey A40 oferuje pojemno\u015b\u0107 do 15000 port\u00f3w i jest wyposa\u017cony w czytelne wy\u015bwietlacze z dwoma ekranami, kt\u00f3re zapewniaj\u0105 dobr\u0105 widoczno\u015b\u0107 poziomu e-cieczy i baterii. \u017badnych wypadk\u00f3w, \u017cadnego palenia na sucho.<\/p>\n<p data-v-md-line=\"6\">Je\u015bli zale\u017cy Ci na d\u0142ugotrwa\u0142ym smaku i prostym codziennym u\u017cytkowaniu, jest to idealny wyb\u00f3r. Nie musisz majstrowa\u0107 przy ustawieniach, po prostu wybierz sw\u00f3j ulubiony smak i zacznij go u\u017cywa\u0107. Dwuekranowy wy\u015bwietlacz mo\u017ce wydawa\u0107 si\u0119 skomplikowany, ale tak nie jest. Przejrzysty, prosty i wygodny.<\/p>\n<h2 data-v-md-heading=\"excellent-performance-easy-and-convenient\" data-v-md-line=\"8\">Doskona\u0142a wydajno\u015b\u0107, \u0142atwo\u015b\u0107 i wygoda<\/h2>\n<p data-v-md-line=\"9\">Wbudowany siatkowy rdze\u0144 rozpylaj\u0105cy 0,8 \u03a9 pozwala zachowa\u0107 jasny i sp\u00f3jny smak od pierwszego do ostatniego k\u0119sa. Siatkowy rdze\u0144 rozpylaj\u0105cy jest r\u00f3wnomiernie podgrzewany, dzi\u0119ki czemu ka\u017cde ssanie jest g\u0142adkie i przyjemne, dzi\u0119ki czemu ludzie czuj\u0105 si\u0119 od\u015bwie\u017ceni i szcz\u0119\u015bliwi. Gdy bateria jest roz\u0142adowana, wystarczy pod\u0142\u0105czy\u0107 j\u0105 przez port USB-C w telefonie. Prosty i wygodny.<\/p>\n<h2 data-v-md-heading=\"specification-introduction\" data-v-md-line=\"11\">Wprowadzenie do specyfikacji<\/h2>\n<ul data-v-md-line=\"12\">\n<li>Cz\u0119stotliwo\u015b\u0107 ssania: do 15000 razy<\/li>\n<li>Zawarto\u015b\u0107 nikotyny: 2% (20mg\/mL) lub 5% opcjonalnie<\/li>\n<li>Rdze\u0144 rozpylaj\u0105cy: rdze\u0144 rozpylaj\u0105cy o oczkach 0,8 \u03a9<\/li>\n<li>Pojemno\u015b\u0107 e-liquidu: 25 mililitr\u00f3w<\/li>\n<li>Akumulator: akumulator 650mAh<\/li>\n<li>Ekran wy\u015bwietlacza: podw\u00f3jny wy\u015bwietlacz poziomu e-cieczy i baterii<\/li>\n<li>Zasada dzia\u0142ania: Aktywacja jednym zaci\u0105gni\u0119ciem<\/li>\n<li>\u0141adowanie: Interfejs USB typu C<\/li>\n<li>Status: Gotowy do u\u017cycia od razu po wyj\u0119ciu z pude\u0142ka<\/li>\n<\/ul>\n<p data-v-md-line=\"22\">Uwaga dla nabywc\u00f3w z UE: Zgodnie z normami TPD\/TRRP zawarto\u015b\u0107 nikotyny na poziomie 2% jest maksymaln\u0105 dopuszczaln\u0105 zawarto\u015bci\u0105 na wi\u0119kszo\u015bci rynk\u00f3w UE. Opcja 5% ma zastosowanie do rynk\u00f3w spoza UE. Konkretna sytuacja w zakresie dostaw r\u00f3\u017cni si\u0119 w zale\u017cno\u015bci od kraju\/regionu, nale\u017cy zapozna\u0107 si\u0119 z lokalnymi przepisami.<\/p>\n<h2 data-v-md-heading=\"full-flavor-series\" data-v-md-line=\"24\">Seria o pe\u0142nym smaku<\/h2>\n<ul data-v-md-line=\"25\">\n<li>Truskawkowy l\u00f3d<\/li>\n<li>Arbuzowy l\u00f3d<\/li>\n<li>Niebieskie lodowisko<\/li>\n<li>Kiwi, marakuja, guawa<\/li>\n<li>Bor\u00f3wki i maliny<\/li>\n<li>Cz\u0142owiek Arbuz<\/li>\n<li>Napoje energetyczne<\/li>\n<li>Truskawka i banan<\/li>\n<li>Lody<\/li>\n<li>Guma balonowa o smaku arbuza<\/li>\n<\/ul>\n<p><img loading=\"lazy\" decoding=\"async\" class=\"aligncenter size-full wp-image-17769\" src=\"https:\/\/agoravape.com\/wp-content\/uploads\/2025\/10\/Hazey-A40-15K-Puffs-Dual-Display-Disposable-Vape_Agora_vape-7-scaled.webp\" alt=\"\" width=\"2560\" height=\"2360\" srcset=\"https:\/\/agoravape.com\/wp-content\/uploads\/2025\/10\/Hazey-A40-15K-Puffs-Dual-Display-Disposable-Vape_Agora_vape-7-scaled.webp 2560w, https:\/\/agoravape.com\/wp-content\/uploads\/2025\/10\/Hazey-A40-15K-Puffs-Dual-Display-Disposable-Vape_Agora_vape-7-scaled-1200x1106.webp 1200w, https:\/\/agoravape.com\/wp-content\/uploads\/2025\/10\/Hazey-A40-15K-Puffs-Dual-Display-Disposable-Vape_Agora_vape-7-300x277.webp 300w, https:\/\/agoravape.com\/wp-content\/uploads\/2025\/10\/Hazey-A40-15K-Puffs-Dual-Display-Disposable-Vape_Agora_vape-7-1024x944.webp 1024w, https:\/\/agoravape.com\/wp-content\/uploads\/2025\/10\/Hazey-A40-15K-Puffs-Dual-Display-Disposable-Vape_Agora_vape-7-768x708.webp 768w, https:\/\/agoravape.com\/wp-content\/uploads\/2025\/10\/Hazey-A40-15K-Puffs-Dual-Display-Disposable-Vape_Agora_vape-7-1536x1416.webp 1536w, https:\/\/agoravape.com\/wp-content\/uploads\/2025\/10\/Hazey-A40-15K-Puffs-Dual-Display-Disposable-Vape_Agora_vape-7-2048x1888.webp 2048w\" sizes=\"auto, (max-width: 2560px) 100vw, 2560px\" \/><\/p>\n<h2 data-v-md-heading=\"for-you-for-your-business\" data-v-md-line=\"36\">Dla Ciebie, dla Twojej firmy<\/h2>\n<p data-v-md-line=\"37\">Mo\u017cesz kupi\u0107 Hazey A40 do u\u017cytku osobistego lub doda\u0107 go do swojego sklepu. Hurtowy karton zawiera 200 sztuk, co u\u0142atwia uzupe\u0142nianie zapas\u00f3w. Zapewniamy us\u0142ugi dostawy DDP za po\u015brednictwem zaufanych partner\u00f3w, takich jak UPS, DPD i DHL, wi\u0119c taryfy b\u0119d\u0105 przetwarzane z wyprzedzeniem i nie musisz si\u0119 martwi\u0107 o dodatkowe op\u0142aty celne.<\/p>\n<p data-v-md-line=\"39\">Je\u015bli Tw\u00f3j zakres sprzeda\u017cy obejmuje r\u00f3\u017cne rynki europejskie, mo\u017cemy pom\u00f3c Ci dopasowa\u0107 odpowiednie st\u0119\u017cenie nikotyny i etykiety zgodno\u015bci. Otrzymasz oryginalne produkty z mo\u017cliwo\u015bci\u0105 \u015bledzenia partii i jasnymi danymi produktu.<\/p>\n<h2 data-v-md-heading=\"why-do-you-like-it\" data-v-md-line=\"41\">Dlaczego to lubisz?<\/h2>\n<ul data-v-md-line=\"42\">\n<li>Ogromne ssanie: do 15000 zaci\u0105gni\u0119\u0107, co oznacza mniej \u0142adowania i zakup\u00f3w w ostatniej chwili.<\/li>\n<li>Wyb\u00f3r nikotyny: Norma UE dopuszcza wyb\u00f3r 2%, natomiast regiony o zawarto\u015bci nikotyny 5%.<\/li>\n<li>Mo\u017cliwo\u015b\u0107 wielokrotnego \u0142adowania: Mo\u017cesz zu\u017cy\u0107 ca\u0142y zakupiony e-liquid bez marnowania ani kropli.<\/li>\n<li>Siatkowa cewka: Od pierwszego do ostatniego \u0142yku smak jest sp\u00f3jny i jedwabi\u015bcie g\u0142adki.<\/li>\n<li>Podw\u00f3jny wy\u015bwietlacz: Poziomy na\u0142adowania baterii i e-liquidu s\u0105 widoczne na pierwszy rzut oka, dzi\u0119ki czemu mo\u017cesz spa\u0107 spokojnie i bez obaw.<\/li>\n<\/ul>\n<h2 data-v-md-heading=\"why-choose-agoravape\" data-v-md-line=\"48\">Dlaczego warto wybra\u0107 AgoraVape?<\/h2>\n<p data-v-md-line=\"49\">Jeste\u015bmy jednym z najbardziej zaufanych dystrybutor\u00f3w vape w Europie i sprzedajemy tylko oryginalne produkty 100%. Klienci korporacyjni, kt\u00f3rzy kupuj\u0105 jednorazowe waporyzatory Hazey A40 15000 z podw\u00f3jnym wy\u015bwietlaczem, mog\u0105 cieszy\u0107 si\u0119 obni\u017conymi cenami hurtowymi, szybk\u0105 obs\u0142ug\u0105 posprzeda\u017cn\u0105 i szybk\u0105 dostaw\u0105 DDP. Zapraszamy do kontaktu z nami, pomo\u017cemy Ci \u0142atwo wymieni\u0107 to niezawodne i bardzo poszukiwane urz\u0105dzenie.<\/p>\n<p data-v-md-line=\"51\">Przypomnienie o zgodno\u015bci: Przepisy TPD\/TRRP dotycz\u0105ce st\u0119\u017cenia nikotyny, pojemno\u015bci e-liquidu, pakowania i etykietowania obowi\u0105zuj\u0105 we wszystkich krajach. Przeprowadzamy rygorystyczn\u0105 weryfikacj\u0119 wieku i zapewniamy pe\u0142ne informacje o produkcie, aby\u015b m\u00f3g\u0142 sprzedawa\u0107 ze spokojem.<\/p>","protected":false},"excerpt":{"rendered":"<p>&nbsp;<\/p>\n<p><script src=\"chrome-extension:\/\/fpelahbljekknahkcaegamhcndkfpfnc\/iFrame.js\" type=\"text\/javascript\"><\/script><\/p>\n<p><script src=\"chrome-extension:\/\/fpelahbljekknahkcaegamhcndkfpfnc\/iFrame.js\" type=\"text\/javascript\"><\/script><\/p>\n<p><script src=\"chrome-extension:\/\/fpelahbljekknahkcaegamhcndkfpfnc\/iFrame.js\" type=\"text\/javascript\"><\/script><\/p>\n<p><script src=\"chrome-extension:\/\/fpelahbljekknahkcaegamhcndkfpfnc\/iFrame.js\" type=\"text\/javascript\"><\/script><\/p>\n<p><script src=\"chrome-extension:\/\/fpelahbljekknahkcaegamhcndkfpfnc\/iFrame.js\" type=\"text\/javascript\"><\/script><\/p>\n<p><script src=\"chrome-extension:\/\/fpelahbljekknahkcaegamhcndkfpfnc\/iFrame.js\" type=\"text\/javascript\"><\/script><\/p>\n<p><script src=\"chrome-extension:\/\/fpelahbljekknahkcaegamhcndkfpfnc\/iFrame.js\" type=\"text\/javascript\"><\/script><\/p>\n<p><script src=\"chrome-extension:\/\/fpelahbljekknahkcaegamhcndkfpfnc\/iFrame.js\" type=\"text\/javascript\"><\/script><\/p>\n<p><script src=\"chrome-extension:\/\/fpelahbljekknahkcaegamhcndkfpfnc\/iFrame.js\" type=\"text\/javascript\"><\/script><\/p>\n<p><script src=\"chrome-extension:\/\/fpelahbljekknahkcaegamhcndkfpfnc\/iFrame.js\" type=\"text\/javascript\"><\/script><\/p>\n<p><script src=\"chrome-extension:\/\/fpelahbljekknahkcaegamhcndkfpfnc\/iFrame.js\" type=\"text\/javascript\"><\/script><\/p>\n<p><script src=\"chrome-extension:\/\/fpelahbljekknahkcaegamhcndkfpfnc\/iFrame.js\" type=\"text\/javascript\"><\/script><\/p>\n<p><script src=\"chrome-extension:\/\/fpelahbljekknahkcaegamhcndkfpfnc\/iFrame.js\" type=\"text\/javascript\"><\/script><\/p>\n<p><script src=\"chrome-extension:\/\/fpelahbljekknahkcaegamhcndkfpfnc\/iFrame.js\" type=\"text\/javascript\"><\/script><\/p>\n<p><script src=\"chrome-extension:\/\/fpelahbljekknahkcaegamhcndkfpfnc\/iFrame.js\" type=\"text\/javascript\"><\/script><\/p>\n<p><script src=\"chrome-extension:\/\/fpelahbljekknahkcaegamhcndkfpfnc\/iFrame.js\" type=\"text\/javascript\"><\/script><\/p>\n<p><script src=\"chrome-extension:\/\/fpelahbljekknahkcaegamhcndkfpfnc\/iFrame.js\" type=\"text\/javascript\"><\/script><\/p>","protected":false},"featured_media":17768,"comment_status":"open","ping_status":"closed","template":"","meta":[],"product_brand":[237],"product_cat":[124,185,189,174,164,175,193,191,173,186,180,190,192],"product_tag":[],"class_list":{"0":"post-17770","1":"product","2":"type-product","3":"status-publish","4":"has-post-thumbnail","6":"product_brand-hazey","7":"product_cat-vape-by-brand","8":"product_cat-10000-puffs-high-capacity","9":"product_cat-20mg-standard-nicotine-vapes","10":"product_cat-fruit-flavors","11":"product_cat-hazey","12":"product_cat-icy-mint","13":"product_cat-mesh-coil","14":"product_cat-rechargeable-disposables","15":"product_cat-vape-by-flavor-profile","16":"product_cat-vape-by-nicotine-strength","17":"product_cat-vape-by-puff-count","18":"product_cat-vape-by-feature-or-type","19":"product_cat-vapes-with-screens","21":"first","22":"onbackorder","23":"shipping-taxable","24":"purchasable","25":"product-type-variable","26":"has-default-attributes"},"tiered_pricing_type":"percentage","tiered_pricing_fixed_rules":[],"tiered_pricing_product_settings":{"layout":"default","base_unit_name":{"singular":null,"plural":null},"default_variation":null},"tiered_pricing_minimum_quantity":50,"tiered_pricing_roles_data":[],"tiered_pricing_percentage_rules":{"100":"40","200":"44","500":"47","1000":"49"},"tiered_pricing_maximum_quantity":null,"tiered_pricing_quantity_step":"10","_links":{"self":[{"href":"https:\/\/agoravape.com\/pl\/wp-json\/wp\/v2\/product\/17770","targetHints":{"allow":["GET"]}}],"collection":[{"href":"https:\/\/agoravape.com\/pl\/wp-json\/wp\/v2\/product"}],"about":[{"href":"https:\/\/agoravape.com\/pl\/wp-json\/wp\/v2\/types\/product"}],"replies":[{"embeddable":true,"href":"https:\/\/agoravape.com\/pl\/wp-json\/wp\/v2\/comments?post=17770"}],"version-history":[{"count":0,"href":"https:\/\/agoravape.com\/pl\/wp-json\/wp\/v2\/product\/17770\/revisions"}],"wp:featuredmedia":[{"embeddable":true,"href":"https:\/\/agoravape.com\/pl\/wp-json\/wp\/v2\/media\/17768"}],"wp:attachment":[{"href":"https:\/\/agoravape.com\/pl\/wp-json\/wp\/v2\/media?parent=17770"}],"wp:term":[{"taxonomy":"product_brand","embeddable":true,"href":"https:\/\/agoravape.com\/pl\/wp-json\/wp\/v2\/product_brand?post=17770"},{"taxonomy":"product_cat","embeddable":true,"href":"https:\/\/agoravape.com\/pl\/wp-json\/wp\/v2\/product_cat?post=17770"},{"taxonomy":"product_tag","embeddable":true,"href":"https:\/\/agoravape.com\/pl\/wp-json\/wp\/v2\/product_tag?post=17770"}],"curies":[{"name":"wp","href":"https:\/\/api.w.org\/{rel}","templated":true}]}}