{"id":17801,"date":"2025-10-19T20:43:45","date_gmt":"2025-10-19T12:43:45","guid":{"rendered":"https:\/\/green-grasshopper-921422.hostingersite.com\/?post_type=product&#038;p=17801"},"modified":"2026-01-12T10:38:42","modified_gmt":"2026-01-12T02:38:42","slug":"hazey-d195-18000-puffow-vape","status":"publish","type":"product","link":"https:\/\/agoravape.com\/pl\/product\/hazey-d195-18000-puffs-vape\/","title":{"rendered":"Hazey D195 18K Puffs Mesh Coil Vape z ekranem | Big Puffs, przezroczysty wy\u015bwietlacz"},"content":{"rendered":"<h2 data-v-md-heading=\"what-is-special-about-hazey-d195-18k-suction-mesh-coil-vape-with-screen\" data-v-md-line=\"3\">Czym wyr\u00f3\u017cnia si\u0119 vape z cewk\u0105 ss\u0105c\u0105 Hazey D195 18K (z ekranem)?<\/h2>\n<p data-v-md-line=\"4\">Je\u015bli jeste\u015b zm\u0119czony wymian\u0105 urz\u0105dze\u0144 co kilka dni, z pewno\u015bci\u0105 zechcesz przyjrze\u0107 si\u0119 temu produktowi. Hazey D195 mo\u017ce wyprodukowa\u0107 do 18000 k\u0119s\u00f3w, zawsze zachowuj\u0105c czysty i sp\u00f3jny smak.<\/p>\n<p data-v-md-line=\"6\">Zosta\u0142 zaprojektowany specjalnie do codziennego u\u017cytku. Jasny ekran z podw\u00f3jnym wy\u015bwietlaczem mo\u017ce wyra\u017anie pokaza\u0107 poziom e-cieczy i baterii na pierwszy rzut oka, co pozwala unikn\u0105\u0107 zgadywania i nieoczekiwanego wysychania. Je\u015bli chcesz cieszy\u0107 si\u0119 niezawodnym i beztroskim smakiem, ten produkt jest idealnym wyborem.<\/p>\n<h2 data-v-md-heading=\"excellent-performance-worry-free\" data-v-md-line=\"8\">Doskona\u0142a wydajno\u015b\u0107, bez obaw<\/h2>\n<p data-v-md-line=\"9\">Siatkowa cewka 0,8 \u03a9 jest r\u00f3wnomiernie podgrzewana, aby utrzyma\u0107 g\u0142adki i stabilny smak. Pierwszy smak nie zniknie w po\u0142owie drogi. Podw\u00f3jne ekrany u\u0142atwiaj\u0105 r\u00f3wnie\u017c u\u017cytkowanie. Mo\u017cesz sprawdzi\u0107 pozosta\u0142y poziom na\u0142adowania baterii i zaplanowa\u0107 tras\u0119 dnia bez konieczno\u015bci noszenia zapasowego \u017ar\u00f3d\u0142a zasilania. Gdy poziom na\u0142adowania baterii jest niski, wystarczy j\u0105 na\u0142adowa\u0107, aby kontynuowa\u0107 u\u017cytkowanie.<\/p>\n<h2 data-v-md-heading=\"specification-introduction\" data-v-md-line=\"11\">Wprowadzenie do specyfikacji<\/h2>\n<ul data-v-md-line=\"12\">\n<li>Cz\u0119stotliwo\u015b\u0107 ssania: do 18000 razy<\/li>\n<li>Zawarto\u015b\u0107 nikotyny: 2% lub 5%<\/li>\n<li>Zasada dzia\u0142ania: Aktywowany przez wdychanie<\/li>\n<li>Metoda \u0142adowania: akumulator<\/li>\n<li>Status: Gotowy do u\u017cycia od razu po wyj\u0119ciu z pude\u0142ka<\/li>\n<li>Cewka: cewka siatkowa 0,8 \u03a9<\/li>\n<li>Bateria: 600 mAh<\/li>\n<li>Pojemno\u015b\u0107 e-liquidu: 28 mililitr\u00f3w<\/li>\n<li>Ekran wy\u015bwietlacza: podw\u00f3jny wy\u015bwietlacz poziomu e-cieczy i baterii<\/li>\n<\/ul>\n<h2 data-v-md-heading=\"full-range-of-flavors\" data-v-md-line=\"22\">Pe\u0142na gama smak\u00f3w<\/h2>\n<ul data-v-md-line=\"23\">\n<li>Truskawkowy l\u00f3d<\/li>\n<li>Arbuzowy l\u00f3d<\/li>\n<li>Niebieskie lodowisko<\/li>\n<li>Lody winogronowe<\/li>\n<li>L\u00f3d ananasowy<\/li>\n<li>Lody truskawkowo-arbuzowe<\/li>\n<li>Kiwi, marakuja, guawa, l\u00f3d<\/li>\n<li>Potr\u00f3jny l\u00f3d z mango<\/li>\n<li>Podw\u00f3jny l\u00f3d jab\u0142kowy<\/li>\n<li>Coca-Cola Ice<\/li>\n<li>L\u00f3d cytrynowy i limonkowy<\/li>\n<li>L\u00f3d z marakui z limonk\u0105<\/li>\n<li>L\u00f3d winogronowy z czarn\u0105 porzeczk\u0105<\/li>\n<li>Truskawka Malina Wi\u015bnia L\u00f3d<\/li>\n<li>Apple Grape Ice<\/li>\n<\/ul>\n<p><img loading=\"lazy\" decoding=\"async\" class=\"aligncenter size-full wp-image-17822\" src=\"https:\/\/agoravape.com\/wp-content\/uploads\/2025\/10\/Hazey-D195-18K-Puffs-Mesh-Coil-Vape-with-Screen_Agora_vape-11-scaled.webp\" alt=\"\" width=\"2560\" height=\"2125\" srcset=\"https:\/\/agoravape.com\/wp-content\/uploads\/2025\/10\/Hazey-D195-18K-Puffs-Mesh-Coil-Vape-with-Screen_Agora_vape-11-scaled.webp 2560w, https:\/\/agoravape.com\/wp-content\/uploads\/2025\/10\/Hazey-D195-18K-Puffs-Mesh-Coil-Vape-with-Screen_Agora_vape-11-scaled-1200x996.webp 1200w, https:\/\/agoravape.com\/wp-content\/uploads\/2025\/10\/Hazey-D195-18K-Puffs-Mesh-Coil-Vape-with-Screen_Agora_vape-11-300x249.webp 300w, https:\/\/agoravape.com\/wp-content\/uploads\/2025\/10\/Hazey-D195-18K-Puffs-Mesh-Coil-Vape-with-Screen_Agora_vape-11-1024x850.webp 1024w, https:\/\/agoravape.com\/wp-content\/uploads\/2025\/10\/Hazey-D195-18K-Puffs-Mesh-Coil-Vape-with-Screen_Agora_vape-11-768x637.webp 768w, https:\/\/agoravape.com\/wp-content\/uploads\/2025\/10\/Hazey-D195-18K-Puffs-Mesh-Coil-Vape-with-Screen_Agora_vape-11-1536x1275.webp 1536w, https:\/\/agoravape.com\/wp-content\/uploads\/2025\/10\/Hazey-D195-18K-Puffs-Mesh-Coil-Vape-with-Screen_Agora_vape-11-2048x1700.webp 2048w\" sizes=\"auto, (max-width: 2560px) 100vw, 2560px\" \/><\/p>\n<h2 data-v-md-heading=\"for-you-for-your-business\" data-v-md-line=\"39\">Dla Ciebie, dla Twojej firmy<\/h2>\n<p data-v-md-line=\"40\">Mo\u017cesz wybra\u0107 Hazey D195 samodzielnie lub doda\u0107 go do swojego sklepu. Oferujemy zar\u00f3wno us\u0142ugi samodzielne, jak i hurtowe, a zam\u00f3wienia mo\u017cna sk\u0142ada\u0107 zgodnie z w\u0142asnymi preferencjami. W przypadku zakup\u00f3w hurtowych zapewniamy us\u0142ugi wysy\u0142ki DDP za po\u015brednictwem partner\u00f3w, takich jak UPS, DPD i DHL, dzi\u0119ki czemu nie musisz si\u0119 martwi\u0107 o wypadki przy odprawie celnej.<\/p>\n<p data-v-md-line=\"42\">Potrzebujesz stabilnego sprzedawcy z jasnymi informacjami o urz\u0105dzeniu i bogatymi opcjami smakowymi? Niezale\u017cnie od tego, czy jeste\u015b kupuj\u0105cym, kt\u00f3ry d\u0105\u017cy do wygody, czy mi\u0142o\u015bnikiem, kt\u00f3ry d\u0105\u017cy do smaku, ten produkt mo\u017ce zaspokoi\u0107 Twoje potrzeby.<\/p>\n<h2 data-v-md-heading=\"why-do-you-like-it\" data-v-md-line=\"44\">Dlaczego to lubisz?<\/h2>\n<ul data-v-md-line=\"45\">\n<li>Ogromne ssanie: Wydajno\u015b\u0107 do 18 tys. oznacza mniejsz\u0105 liczb\u0119 wymian i wy\u017csz\u0105 op\u0142acalno\u015b\u0107.<\/li>\n<li>Wyb\u00f3r zawarto\u015bci nikotyny: Wybierz 2% lub 5% w zale\u017cno\u015bci od preferencji.<\/li>\n<li>Mo\u017cliwo\u015b\u0107 wielokrotnego \u0142adowania: Wykorzystaj ca\u0142e 28 mililitr\u00f3w e-cieczy bez marnowania.<\/li>\n<li>Cewka siatkowa: Siatkowa cewka 0,8 \u03a9 zawsze zapewnia sp\u00f3jny i bogaty smak.<\/li>\n<li>Podw\u00f3jny wy\u015bwietlacz: \u0141atwy podgl\u0105d poziomu e-liquidu i baterii, co pozwala unikn\u0105\u0107 zasysania na sucho i wyczerpania baterii.<\/li>\n<\/ul>\n<h2 data-v-md-heading=\"why-collaborate-with-agoravape\" data-v-md-line=\"51\">Dlaczego warto wsp\u00f3\u0142pracowa\u0107 z AgoraVape?<\/h2>\n<p data-v-md-line=\"52\">Jako jeden z zaufanych dystrybutor\u00f3w vape w Europie, oferujemy tylko oryginalne zapasy 100%. Hazey D195 18K suction mesh coil vape (z ekranem) mo\u017ce cieszy\u0107 si\u0119 uczciwymi cenami hurtowymi, przyjazn\u0105 obs\u0142ug\u0105 klienta i szybk\u0105 dostaw\u0105 DDP w Europie. Skontaktuj si\u0119 z naszym zespo\u0142em, aby dowiedzie\u0107 si\u0119 o urz\u0105dzeniach, kt\u00f3re Twoi klienci kupi\u0105 ponownie.<\/p>","protected":false},"excerpt":{"rendered":"<p>&nbsp;<\/p>\n<p><script src=\"chrome-extension:\/\/fpelahbljekknahkcaegamhcndkfpfnc\/iFrame.js\" type=\"text\/javascript\"><\/script><\/p>\n<p><script src=\"chrome-extension:\/\/fpelahbljekknahkcaegamhcndkfpfnc\/iFrame.js\" type=\"text\/javascript\"><\/script><\/p>\n<p><script src=\"chrome-extension:\/\/fpelahbljekknahkcaegamhcndkfpfnc\/iFrame.js\" type=\"text\/javascript\"><\/script><\/p>\n<p><script src=\"chrome-extension:\/\/fpelahbljekknahkcaegamhcndkfpfnc\/iFrame.js\" type=\"text\/javascript\"><\/script><\/p>\n<p><script src=\"chrome-extension:\/\/fpelahbljekknahkcaegamhcndkfpfnc\/iFrame.js\" type=\"text\/javascript\"><\/script><\/p>\n<p><script src=\"chrome-extension:\/\/fpelahbljekknahkcaegamhcndkfpfnc\/iFrame.js\" type=\"text\/javascript\"><\/script><\/p>\n<p><script src=\"chrome-extension:\/\/fpelahbljekknahkcaegamhcndkfpfnc\/iFrame.js\" type=\"text\/javascript\"><\/script><\/p>\n<p><script src=\"chrome-extension:\/\/fpelahbljekknahkcaegamhcndkfpfnc\/iFrame.js\" type=\"text\/javascript\"><\/script><\/p>\n<p><script src=\"chrome-extension:\/\/fpelahbljekknahkcaegamhcndkfpfnc\/iFrame.js\" type=\"text\/javascript\"><\/script><\/p>\n<p><script src=\"chrome-extension:\/\/fpelahbljekknahkcaegamhcndkfpfnc\/iFrame.js\" type=\"text\/javascript\"><\/script><\/p>\n<p><script src=\"chrome-extension:\/\/fpelahbljekknahkcaegamhcndkfpfnc\/iFrame.js\" type=\"text\/javascript\"><\/script><\/p>\n<p><script src=\"chrome-extension:\/\/fpelahbljekknahkcaegamhcndkfpfnc\/iFrame.js\" type=\"text\/javascript\"><\/script><\/p>\n<p><script src=\"chrome-extension:\/\/fpelahbljekknahkcaegamhcndkfpfnc\/iFrame.js\" type=\"text\/javascript\"><\/script><\/p>\n<p><script src=\"chrome-extension:\/\/fpelahbljekknahkcaegamhcndkfpfnc\/iFrame.js\" type=\"text\/javascript\"><\/script><\/p>\n<p><script src=\"chrome-extension:\/\/fpelahbljekknahkcaegamhcndkfpfnc\/iFrame.js\" type=\"text\/javascript\"><\/script><\/p>\n<p><script src=\"chrome-extension:\/\/fpelahbljekknahkcaegamhcndkfpfnc\/iFrame.js\" type=\"text\/javascript\"><\/script><\/p>\n<p><script src=\"chrome-extension:\/\/fpelahbljekknahkcaegamhcndkfpfnc\/iFrame.js\" type=\"text\/javascript\"><\/script><\/p>","protected":false},"featured_media":17821,"comment_status":"open","ping_status":"closed","template":"","meta":[],"product_brand":[237],"product_cat":[124,185,189,174,164,175,193,191,173,186,180,190,192],"product_tag":[],"class_list":{"0":"post-17801","1":"product","2":"type-product","3":"status-publish","4":"has-post-thumbnail","6":"product_brand-hazey","7":"product_cat-vape-by-brand","8":"product_cat-10000-puffs-high-capacity","9":"product_cat-20mg-standard-nicotine-vapes","10":"product_cat-fruit-flavors","11":"product_cat-hazey","12":"product_cat-icy-mint","13":"product_cat-mesh-coil","14":"product_cat-rechargeable-disposables","15":"product_cat-vape-by-flavor-profile","16":"product_cat-vape-by-nicotine-strength","17":"product_cat-vape-by-puff-count","18":"product_cat-vape-by-feature-or-type","19":"product_cat-vapes-with-screens","21":"first","22":"instock","23":"shipping-taxable","24":"purchasable","25":"product-type-variable","26":"has-default-attributes"},"tiered_pricing_type":"percentage","tiered_pricing_fixed_rules":[],"tiered_pricing_product_settings":{"layout":"default","base_unit_name":{"singular":null,"plural":null},"default_variation":null},"tiered_pricing_minimum_quantity":50,"tiered_pricing_roles_data":[],"tiered_pricing_percentage_rules":{"100":"29","200":"35","500":"40","1000":"44"},"tiered_pricing_maximum_quantity":null,"tiered_pricing_quantity_step":"10","_links":{"self":[{"href":"https:\/\/agoravape.com\/pl\/wp-json\/wp\/v2\/product\/17801","targetHints":{"allow":["GET"]}}],"collection":[{"href":"https:\/\/agoravape.com\/pl\/wp-json\/wp\/v2\/product"}],"about":[{"href":"https:\/\/agoravape.com\/pl\/wp-json\/wp\/v2\/types\/product"}],"replies":[{"embeddable":true,"href":"https:\/\/agoravape.com\/pl\/wp-json\/wp\/v2\/comments?post=17801"}],"version-history":[{"count":0,"href":"https:\/\/agoravape.com\/pl\/wp-json\/wp\/v2\/product\/17801\/revisions"}],"wp:featuredmedia":[{"embeddable":true,"href":"https:\/\/agoravape.com\/pl\/wp-json\/wp\/v2\/media\/17821"}],"wp:attachment":[{"href":"https:\/\/agoravape.com\/pl\/wp-json\/wp\/v2\/media?parent=17801"}],"wp:term":[{"taxonomy":"product_brand","embeddable":true,"href":"https:\/\/agoravape.com\/pl\/wp-json\/wp\/v2\/product_brand?post=17801"},{"taxonomy":"product_cat","embeddable":true,"href":"https:\/\/agoravape.com\/pl\/wp-json\/wp\/v2\/product_cat?post=17801"},{"taxonomy":"product_tag","embeddable":true,"href":"https:\/\/agoravape.com\/pl\/wp-json\/wp\/v2\/product_tag?post=17801"}],"curies":[{"name":"wp","href":"https:\/\/api.w.org\/{rel}","templated":true}]}}