{"id":17880,"date":"2025-10-19T21:22:15","date_gmt":"2025-10-19T13:22:15","guid":{"rendered":"https:\/\/green-grasshopper-921422.hostingersite.com\/?post_type=product&#038;p=17880"},"modified":"2025-12-15T21:30:09","modified_gmt":"2025-12-15T13:30:09","slug":"lavie-cameo-30000-puffs-dual-mesh","status":"publish","type":"product","link":"https:\/\/agoravape.com\/pl\/product\/lavie-cameo-30000-puffs-dual-mesh\/","title":{"rendered":"LAVIE CAMEO 30k Puffs Dual Mesh Coil Jednorazowe Vape EU | Du\u017ce zaci\u0105gni\u0119cia, czysty smak, proste \u0142adowanie"},"content":{"rendered":"<h2 data-v-md-heading=\"what-are-the-special-features-of-lavie-cameo-30000-port-dual-mesh-coil-disposable-vape-european-standard\" data-v-md-line=\"3\"><img loading=\"lazy\" decoding=\"async\" class=\"aligncenter size-full wp-image-17908\" src=\"https:\/\/agoravape.com\/wp-content\/uploads\/2025\/10\/LAVIE-CAMEO-30k-Puffs-Dual-Mesh-Coil-Disposable-Vape-EU_Agora_vape-13-scaled.webp\" alt=\"\" width=\"2560\" height=\"1810\" srcset=\"https:\/\/agoravape.com\/wp-content\/uploads\/2025\/10\/LAVIE-CAMEO-30k-Puffs-Dual-Mesh-Coil-Disposable-Vape-EU_Agora_vape-13-scaled.webp 2560w, https:\/\/agoravape.com\/wp-content\/uploads\/2025\/10\/LAVIE-CAMEO-30k-Puffs-Dual-Mesh-Coil-Disposable-Vape-EU_Agora_vape-13-scaled-1200x848.webp 1200w, https:\/\/agoravape.com\/wp-content\/uploads\/2025\/10\/LAVIE-CAMEO-30k-Puffs-Dual-Mesh-Coil-Disposable-Vape-EU_Agora_vape-13-300x212.webp 300w, https:\/\/agoravape.com\/wp-content\/uploads\/2025\/10\/LAVIE-CAMEO-30k-Puffs-Dual-Mesh-Coil-Disposable-Vape-EU_Agora_vape-13-1024x724.webp 1024w, https:\/\/agoravape.com\/wp-content\/uploads\/2025\/10\/LAVIE-CAMEO-30k-Puffs-Dual-Mesh-Coil-Disposable-Vape-EU_Agora_vape-13-768x543.webp 768w, https:\/\/agoravape.com\/wp-content\/uploads\/2025\/10\/LAVIE-CAMEO-30k-Puffs-Dual-Mesh-Coil-Disposable-Vape-EU_Agora_vape-13-1536x1086.webp 1536w, https:\/\/agoravape.com\/wp-content\/uploads\/2025\/10\/LAVIE-CAMEO-30k-Puffs-Dual-Mesh-Coil-Disposable-Vape-EU_Agora_vape-13-2048x1448.webp 2048w\" sizes=\"auto, (max-width: 2560px) 100vw, 2560px\" \/><\/h2>\n<h2 data-v-md-heading=\"what-are-the-special-features-of-lavie-cameo-30000-port-dual-mesh-coil-disposable-vape-european-standard\" data-v-md-line=\"3\">Jakie s\u0105 cechy szczeg\u00f3lne LAVIE CAMEO 30000 port dual mesh coil disposable vape (standard europejski)?<\/h2>\n<p data-v-md-line=\"4\">Je\u015bli jeste\u015b zm\u0119czony wymian\u0105 jednorazowych waporyzator\u00f3w co kilka dni, ten produkt u\u0142atwi Ci \u017cycie. LAVIE CAMEO ma pojemno\u015b\u0107 do 30000 port\u00f3w, jest kompaktowy i przeno\u015bny, a jego solidna konstrukcja nie sprawi, \u017ce poczujesz si\u0119 ci\u0119\u017cki.<\/p>\n<p data-v-md-line=\"6\">Je\u015bli szukasz d\u0142ugotrwa\u0142ego smaku i \u0142atwej wygody, jest to idealny wyb\u00f3r. Nie ma potrzeby u\u017cywania przycisk\u00f3w, nie ma potrzeby korzystania z menu, wystarczy delikatne ssanie, aby cieszy\u0107 si\u0119 smakiem. Podw\u00f3jne zwoje siatki zapewniaj\u0105 g\u0142adk\u0105 i sp\u00f3jn\u0105 tekstur\u0119, zapewniaj\u0105c doskona\u0142y smak od pierwszego do ostatniego k\u0119sa.<\/p>\n<h2 data-v-md-heading=\"excellent-performance-easy-and-convenient\" data-v-md-line=\"8\">Doskona\u0142a wydajno\u015b\u0107, \u0142atwo\u015b\u0107 i wygoda<\/h2>\n<p data-v-md-line=\"9\">Wewn\u0119trzne cewki z podw\u00f3jn\u0105 siatk\u0105 s\u0142u\u017c\u0105 do r\u00f3wnomiernego ogrzewania, zapewniaj\u0105c, \u017ce ka\u017cdy k\u0119s jest czysty i pe\u0142en smaku. Gdy bateria jest roz\u0142adowana, mo\u017cna j\u0105 na\u0142adowa\u0107 za pomoc\u0105 z\u0142\u0105cza Type-C. Jest to ten sam kabel, kt\u00f3rego u\u017cywasz w telefonie. Prosty. Mo\u017ce si\u0119 wydawa\u0107, \u017ce waporyzator o tak du\u017cej pojemno\u015bci jest niepor\u0119czny, ale CAMEO jest zaskakuj\u0105co kompaktowy i \u0142atwy do przenoszenia.<\/p>\n<h2 data-v-md-heading=\"specification-introduction\" data-v-md-line=\"11\">Wprowadzenie do specyfikacji<\/h2>\n<ul data-v-md-line=\"12\">\n<li>Cz\u0119stotliwo\u015b\u0107 zasysania: do 30000 razy<\/li>\n<li>E-liquid: wst\u0119pnie nape\u0142niony 25 ml<\/li>\n<li>Rdze\u0144 rozpylaj\u0105cy: podw\u00f3jna siatka<\/li>\n<li>Bateria: 950 mAh<\/li>\n<li>Nikotyna: Sytuacja w zakresie dostaw r\u00f3\u017cni si\u0119 w zale\u017cno\u015bci od rynku; sprawd\u017a aktualne opcje przy kasie lub skonsultuj si\u0119 z naszym zespo\u0142em.<\/li>\n<li>Zasada dzia\u0142ania: Aktywowany przez wdychanie<\/li>\n<li>\u0141adowanie: Standardowy port USB typu C<\/li>\n<li>Status: Gotowy do u\u017cycia od razu po wyj\u0119ciu z pude\u0142ka<\/li>\n<li>Wymiary i waga: 99,9 \u00d7 28,3 \u00d7 46,4 milimetra; 87 gram\u00f3w<\/li>\n<\/ul>\n<h2 data-v-md-heading=\"full-flavor-series\" data-v-md-line=\"22\">Seria o pe\u0142nym smaku<\/h2>\n<ul data-v-md-line=\"23\">\n<li>Arbuzowy l\u00f3d<\/li>\n<li>L\u00f3d gruszkowo-cytrusowy<\/li>\n<li>Mango Ice<\/li>\n<li>Truskawkowy l\u00f3d<\/li>\n<li>Coffee Ice<\/li>\n<li>Wi\u015bniowy l\u00f3d<\/li>\n<li>Niebieskie lodowisko<\/li>\n<li>L\u00f3d z owoc\u00f3w tropikalnych<\/li>\n<li>Lemon Cola Ice<\/li>\n<li>Lody winogronowe<\/li>\n<li>Podw\u00f3jny l\u00f3d jab\u0142kowy<\/li>\n<li>Lody truskawkowo-arbuzowe<\/li>\n<\/ul>\n<h2 data-v-md-heading=\"for-you-for-your-business\" data-v-md-line=\"36\">Dla Ciebie, dla Twojej firmy<\/h2>\n<p data-v-md-line=\"37\">Mo\u017cesz kupi\u0107 jeden dla siebie lub zaopatrzy\u0107 sw\u00f3j sklep. Sprzedajemy hurtowo 200 pude\u0142ek kartonowych (o wymiarach 580 \u00d7 338 \u00d7 264 milimetr\u00f3w i wadze brutto oko\u0142o 25 kilogram\u00f3w). U\u0142atwia to planowanie miejsca na p\u00f3\u0142kach i zysk\u00f3w.<\/p>\n<p data-v-md-line=\"39\">\u015awiadczymy r\u00f3wnie\u017c us\u0142ugi transportowe DDP z zaufanymi partnerami, takimi jak UPS, DPD i DHL, aby zapewni\u0107 sprawn\u0105 dostaw\u0119 towar\u00f3w i unikn\u0105\u0107 wypadk\u00f3w celnych. Zgodnie z dyrektyw\u0105 TPD2, przepisy r\u00f3\u017cni\u0105 si\u0119 w zale\u017cno\u015bci od regionu Unii Europejskiej. Na wielu rynkach wst\u0119pnie nape\u0142nione jednorazowe vape o pojemno\u015bci wi\u0119kszej ni\u017c 2 mililitry nie mog\u0105 zawiera\u0107 nikotyny. Prosimy o zapoznanie si\u0119 z odpowiednimi przepisami obowi\u0105zuj\u0105cymi w danym regionie i skonsultowanie si\u0119 z nami w celu uzyskania alternatywnych rozwi\u0105za\u0144 maj\u0105cych zastosowanie w danym kraju\/regionie.<\/p>\n<h2 data-v-md-heading=\"why-do-you-like-it\" data-v-md-line=\"41\">Dlaczego to lubisz?<\/h2>\n<ul data-v-md-line=\"42\">\n<li>Du\u017cy kaliber: Trwa\u0142y i d\u0142ugowieczny, nie ma potrzeby cz\u0119stego kupowania nowego e-liquidu.<\/li>\n<li>Wyb\u00f3r nikotyny: Wybierz najbardziej odpowiedni\u0105 dla siebie nikotyn\u0119 w oparciu o lokalne warunki dostaw.<\/li>\n<li>Mo\u017cliwo\u015b\u0107 \u0142adowania: \u0141adowanie typu C pomaga wykorzysta\u0107 ka\u017cd\u0105 kropl\u0119.<\/li>\n<li>Siatkowa cewka: Sp\u00f3jny smak.<\/li>\n<\/ul>\n<h2 data-v-md-heading=\"why-collaborate-with-agoravape\" data-v-md-line=\"47\">Dlaczego warto wsp\u00f3\u0142pracowa\u0107 z AgoraVape?<\/h2>\n<p data-v-md-line=\"48\">Sprzedajemy tylko oryginalne produkty z wiarygodnych \u017ar\u00f3de\u0142. Dla klient\u00f3w komercyjnych oznacza to, \u017ce LAVIE CAMEO 30k caliber dual mesh coil disposable vapes (wersja EU) oferuje obni\u017cone ceny hurtowe, szybkie wsparcie techniczne oraz szybkie i niezawodne us\u0142ugi dostawy na terenie UE. Je\u015bli chcesz kupi\u0107 urz\u0105dzenie, kt\u00f3re klienci mog\u0105 stale odkupywa\u0107, skontaktuj si\u0119 z nami.<\/p>\n<p><script src=\"chrome-extension:\/\/fpelahbljekknahkcaegamhcndkfpfnc\/iFrame.js\" type=\"text\/javascript\"><\/script><\/p>\n<p><script src=\"chrome-extension:\/\/fpelahbljekknahkcaegamhcndkfpfnc\/iFrame.js\" type=\"text\/javascript\"><\/script><\/p>","protected":false},"excerpt":{"rendered":"<p>&nbsp;<\/p>\n<p><script src=\"chrome-extension:\/\/fpelahbljekknahkcaegamhcndkfpfnc\/iFrame.js\" type=\"text\/javascript\"><\/script><\/p>\n<p><script src=\"chrome-extension:\/\/fpelahbljekknahkcaegamhcndkfpfnc\/iFrame.js\" type=\"text\/javascript\"><\/script><\/p>\n<p><script src=\"chrome-extension:\/\/fpelahbljekknahkcaegamhcndkfpfnc\/iFrame.js\" type=\"text\/javascript\"><\/script><\/p>\n<p><script src=\"chrome-extension:\/\/fpelahbljekknahkcaegamhcndkfpfnc\/iFrame.js\" type=\"text\/javascript\"><\/script><\/p>\n<p><script src=\"chrome-extension:\/\/fpelahbljekknahkcaegamhcndkfpfnc\/iFrame.js\" type=\"text\/javascript\"><\/script><\/p>\n<p><script src=\"chrome-extension:\/\/fpelahbljekknahkcaegamhcndkfpfnc\/iFrame.js\" type=\"text\/javascript\"><\/script><\/p>\n<p><script src=\"chrome-extension:\/\/fpelahbljekknahkcaegamhcndkfpfnc\/iFrame.js\" type=\"text\/javascript\"><\/script><\/p>\n<p><script src=\"chrome-extension:\/\/fpelahbljekknahkcaegamhcndkfpfnc\/iFrame.js\" type=\"text\/javascript\"><\/script><\/p>\n<p><script src=\"chrome-extension:\/\/fpelahbljekknahkcaegamhcndkfpfnc\/iFrame.js\" type=\"text\/javascript\"><\/script><\/p>\n<p><script src=\"chrome-extension:\/\/fpelahbljekknahkcaegamhcndkfpfnc\/iFrame.js\" type=\"text\/javascript\"><\/script><\/p>\n<p><script src=\"chrome-extension:\/\/fpelahbljekknahkcaegamhcndkfpfnc\/iFrame.js\" type=\"text\/javascript\"><\/script><\/p>\n<p><script src=\"chrome-extension:\/\/fpelahbljekknahkcaegamhcndkfpfnc\/iFrame.js\" type=\"text\/javascript\"><\/script><\/p>\n<p><script src=\"chrome-extension:\/\/fpelahbljekknahkcaegamhcndkfpfnc\/iFrame.js\" type=\"text\/javascript\"><\/script><\/p>\n<p><script src=\"chrome-extension:\/\/fpelahbljekknahkcaegamhcndkfpfnc\/iFrame.js\" type=\"text\/javascript\"><\/script><\/p>\n<p><script src=\"chrome-extension:\/\/fpelahbljekknahkcaegamhcndkfpfnc\/iFrame.js\" type=\"text\/javascript\"><\/script><\/p>\n<p><script src=\"chrome-extension:\/\/fpelahbljekknahkcaegamhcndkfpfnc\/iFrame.js\" type=\"text\/javascript\"><\/script><\/p>\n<p><script src=\"chrome-extension:\/\/fpelahbljekknahkcaegamhcndkfpfnc\/iFrame.js\" type=\"text\/javascript\"><\/script><\/p>","protected":false},"featured_media":17907,"comment_status":"open","ping_status":"closed","template":"","meta":[],"product_brand":[238],"product_cat":[124,185,176,174,175,165,193,191,173,186,180,190,192],"product_tag":[],"class_list":{"0":"post-17880","1":"product","2":"type-product","3":"status-publish","4":"has-post-thumbnail","6":"product_brand-lavie","7":"product_cat-vape-by-brand","8":"product_cat-10000-puffs-high-capacity","9":"product_cat-beverage","10":"product_cat-fruit-flavors","11":"product_cat-icy-mint","12":"product_cat-lavie","13":"product_cat-mesh-coil","14":"product_cat-rechargeable-disposables","15":"product_cat-vape-by-flavor-profile","16":"product_cat-vape-by-nicotine-strength","17":"product_cat-vape-by-puff-count","18":"product_cat-vape-by-feature-or-type","19":"product_cat-vapes-with-screens","21":"first","22":"instock","23":"shipping-taxable","24":"purchasable","25":"product-type-variable","26":"has-default-attributes"},"tiered_pricing_type":"percentage","tiered_pricing_fixed_rules":[],"tiered_pricing_product_settings":{"layout":"default","base_unit_name":{"singular":null,"plural":null},"default_variation":null},"tiered_pricing_minimum_quantity":10,"tiered_pricing_roles_data":[],"tiered_pricing_percentage_rules":{"30":"29","50":"35","100":"40","200":"44","500":"47","1000":"49"},"tiered_pricing_maximum_quantity":null,"tiered_pricing_quantity_step":"10","_links":{"self":[{"href":"https:\/\/agoravape.com\/pl\/wp-json\/wp\/v2\/product\/17880","targetHints":{"allow":["GET"]}}],"collection":[{"href":"https:\/\/agoravape.com\/pl\/wp-json\/wp\/v2\/product"}],"about":[{"href":"https:\/\/agoravape.com\/pl\/wp-json\/wp\/v2\/types\/product"}],"replies":[{"embeddable":true,"href":"https:\/\/agoravape.com\/pl\/wp-json\/wp\/v2\/comments?post=17880"}],"version-history":[{"count":0,"href":"https:\/\/agoravape.com\/pl\/wp-json\/wp\/v2\/product\/17880\/revisions"}],"wp:featuredmedia":[{"embeddable":true,"href":"https:\/\/agoravape.com\/pl\/wp-json\/wp\/v2\/media\/17907"}],"wp:attachment":[{"href":"https:\/\/agoravape.com\/pl\/wp-json\/wp\/v2\/media?parent=17880"}],"wp:term":[{"taxonomy":"product_brand","embeddable":true,"href":"https:\/\/agoravape.com\/pl\/wp-json\/wp\/v2\/product_brand?post=17880"},{"taxonomy":"product_cat","embeddable":true,"href":"https:\/\/agoravape.com\/pl\/wp-json\/wp\/v2\/product_cat?post=17880"},{"taxonomy":"product_tag","embeddable":true,"href":"https:\/\/agoravape.com\/pl\/wp-json\/wp\/v2\/product_tag?post=17880"}],"curies":[{"name":"wp","href":"https:\/\/api.w.org\/{rel}","templated":true}]}}