{"id":17927,"date":"2025-10-20T11:18:51","date_gmt":"2025-10-20T03:18:51","guid":{"rendered":"https:\/\/green-grasshopper-921422.hostingersite.com\/?post_type=product&#038;p=17927"},"modified":"2025-12-15T21:30:09","modified_gmt":"2025-12-15T13:30:09","slug":"lavie-cube-10000-puff","status":"publish","type":"product","link":"https:\/\/agoravape.com\/pl\/product\/lavie-cube-10000-puffs\/","title":{"rendered":"LAVIE Cube 10000 Puffs Jednorazowe Vape | Bateria 1600mAh | D\u0142ugotrwa\u0142y smak, \u0142atwe w u\u017cyciu"},"content":{"rendered":"<h2 data-v-md-heading=\"lavie-cube-10000-disposable-vape-1600mah-battery-what-are-the-highlights\" data-v-md-line=\"3\">LAVIE Cube 10000 jednorazowy vape | bateria 1600mAh, jakie s\u0105 najwa\u017cniejsze cechy?<\/h2>\n<p data-v-md-line=\"4\">Je\u015bli jeste\u015b zm\u0119czony jednorazowymi waporyzatorami, kt\u00f3re wyczerpuj\u0105 bateri\u0119 w ci\u0105gu kilku dni, warto przyjrze\u0107 si\u0119 temu produktowi. LAVIE Cube jest wyposa\u017cony w 16-mililitrowy schowek i akumulator 1600 mAh, kt\u00f3ry mo\u017ce pomie\u015bci\u0107 do 10000 port\u00f3w. Jest on przeznaczony dla u\u017cytkownik\u00f3w, kt\u00f3rzy poszukuj\u0105 niezawodnych, smacznych i trwa\u0142ych waporyzator\u00f3w.<\/p>\n<p data-v-md-line=\"6\">Mog\u0142oby si\u0119 wydawa\u0107, \u017ce posiadanie waporyzatora o tak du\u017cej pojemno\u015bci sprawi, \u017ce b\u0119dzie on niepor\u0119czny, ale Cube jest zaskakuj\u0105co przeno\u015bny. Ma kompaktow\u0105 obudow\u0119 o wymiarach 112 \u00d7 40 \u00d7 17,5 milimetra, kt\u00f3ra jest bardzo wygodna do trzymania w d\u0142oni i wa\u017cy zaledwie 74 gramy.<\/p>\n<h2 data-v-md-heading=\"excellent-performance-without-any-complex-operations\" data-v-md-line=\"8\">Doskona\u0142a wydajno\u015b\u0107 bez skomplikowanych operacji<\/h2>\n<p data-v-md-line=\"9\">Podw\u00f3jna cewka siatkowa wzi\u0119\u0142a na siebie du\u017c\u0105 odpowiedzialno\u015b\u0107. Nagrzewa si\u0119 r\u00f3wnomiernie, a ka\u017cdy k\u0119s jest tak czysty i chrupi\u0105cy jak pierwszy. Po tygodniu u\u017cytkowania nie wyst\u0119puje zjawisko spalania. Gdy bateria jest roz\u0142adowana, wystarczy u\u017cy\u0107 Type-C, aby j\u0105 na\u0142adowa\u0107. Mo\u017ce korzysta\u0107 z tego samego kabla do transmisji danych, co telefon, wi\u0119c nie trzeba martwi\u0107 si\u0119 o znalezienie dedykowanego kabla do transmisji danych.<\/p>\n<h2 data-v-md-heading=\"specification-introduction\" data-v-md-line=\"11\">Wprowadzenie do specyfikacji<\/h2>\n<p data-v-md-line=\"12\"><strong>Cz\u0119stotliwo\u015b\u0107 ssania<\/strong>do 10000 razy<br \/>\n<strong>Zawarto\u015b\u0107 nikotyny<\/strong>: Standardowy 2% lub dostosowany przez OEM 5%<br \/>\n<strong>U\u017cycie<\/strong>: Wdech, aby aktywowa\u0107<br \/>\n<strong>\u0141adowanie<\/strong>: Standardowy interfejs USB typu C<br \/>\n<strong>Status<\/strong>: Gotowy do u\u017cycia po rozpakowaniu<\/p>\n<h2 data-v-md-heading=\"full-range-of-flavors\" data-v-md-line=\"18\">Pe\u0142na gama smak\u00f3w<\/h2>\n<ul data-v-md-line=\"19\">\n<li>Lody winogronowe<\/li>\n<li>Arbuzowy l\u00f3d<\/li>\n<li>Jagody, maliny, winogrona, lody<\/li>\n<li>L\u00f3d truskawkowy z kiwi<\/li>\n<li>Lody truskawkowo-arbuzowe<\/li>\n<li>Blackberry Ice<\/li>\n<li>Je\u017cyna, granat, wi\u015bnia z lodem<\/li>\n<li>Truskawkowy l\u00f3d liczi<\/li>\n<li>Jak<\/li>\n<li>Podw\u00f3jne jab\u0142ka<\/li>\n<li>Guma balonowa jagodowo-malinowa<\/li>\n<li>Apple Grape Ice<\/li>\n<li>L\u00f3d winogronowo-brzoskwiniowy<\/li>\n<li>Mango Monster<\/li>\n<li>Aloe Vera Grape Ice<\/li>\n<\/ul>\n<p><img loading=\"lazy\" decoding=\"async\" class=\"aligncenter size-full wp-image-17977\" src=\"https:\/\/agoravape.com\/wp-content\/uploads\/2025\/10\/LAVIE-Cube-10000-port-disposable-vape_Agora_vape-19-scaled.webp\" alt=\"\" width=\"2560\" height=\"1811\" srcset=\"https:\/\/agoravape.com\/wp-content\/uploads\/2025\/10\/LAVIE-Cube-10000-port-disposable-vape_Agora_vape-19-scaled.webp 2560w, https:\/\/agoravape.com\/wp-content\/uploads\/2025\/10\/LAVIE-Cube-10000-port-disposable-vape_Agora_vape-19-scaled-1200x849.webp 1200w, https:\/\/agoravape.com\/wp-content\/uploads\/2025\/10\/LAVIE-Cube-10000-port-disposable-vape_Agora_vape-19-300x212.webp 300w, https:\/\/agoravape.com\/wp-content\/uploads\/2025\/10\/LAVIE-Cube-10000-port-disposable-vape_Agora_vape-19-1024x724.webp 1024w, https:\/\/agoravape.com\/wp-content\/uploads\/2025\/10\/LAVIE-Cube-10000-port-disposable-vape_Agora_vape-19-768x543.webp 768w, https:\/\/agoravape.com\/wp-content\/uploads\/2025\/10\/LAVIE-Cube-10000-port-disposable-vape_Agora_vape-19-1536x1086.webp 1536w, https:\/\/agoravape.com\/wp-content\/uploads\/2025\/10\/LAVIE-Cube-10000-port-disposable-vape_Agora_vape-19-2048x1448.webp 2048w\" sizes=\"auto, (max-width: 2560px) 100vw, 2560px\" \/><\/p>\n<h2 data-v-md-heading=\"for-you-and-your-business\" data-v-md-line=\"35\">Dla Ciebie i Twojego biznesu<\/h2>\n<p data-v-md-line=\"36\">Zakup dla siebie, prosty i wygodny. Wybierz preferowany smak i st\u0119\u017cenie nikotyny, a nast\u0119pnie u\u017cyj \u0142adowania typu C w razie potrzeby uzupe\u0142nienia. Je\u015bli jeste\u015b w\u0142a\u015bcicielem firmy, mo\u017cemy r\u00f3wnie\u017c zaspokoi\u0107 Twoje potrzeby. LAVIE Cube jest dost\u0119pny w opakowaniach hurtowych po 200 sztuk w pude\u0142ku, dzi\u0119ki czemu mo\u017cna \u0142atwo uzupe\u0142ni\u0107 zapasy i zaspokoi\u0107 potrzeby klient\u00f3w.<\/p>\n<p data-v-md-line=\"38\">Wysy\u0142amy DDP za po\u015brednictwem zaufanych partner\u00f3w, takich jak UPS, DPD i DHL, aby zapewni\u0107, \u017ce towary mog\u0105 by\u0107 sprzedawane po odprawie celnej. Nie ma \u017cadnych nieoczekiwanych wydatk\u00f3w na wej\u015bciu.<\/p>\n<h2 data-v-md-heading=\"why-do-you-like-it\" data-v-md-line=\"40\">Dlaczego to lubisz?<\/h2>\n<p data-v-md-line=\"41\"><strong>Ogromne ssanie<\/strong>do 10000 zaci\u0105gni\u0119\u0107, co oznacza mniej powt\u00f3rnych zakup\u00f3w i wi\u0119cej czasu na delektowanie si\u0119 smakiem.<br \/>\n<strong>Wyb\u00f3r nikotyny<\/strong>: Wybierz st\u0119\u017cenie nikotyny 2%, aby cieszy\u0107 si\u0119 \u0142agodniejszym smakiem; lub na kwalifikuj\u0105cych si\u0119 rynkach wybierz st\u0119\u017cenie nikotyny 5% OEM.<br \/>\n<strong>Akumulatorowy<\/strong>: \u0141adowanie typu C umo\u017cliwia wykorzystanie wszystkich 16 mililitr\u00f3w e-cieczy bez jej marnowania.<br \/>\n<strong>Siatka cewki<\/strong>: Podw\u00f3jne cewki siatkowe zapewniaj\u0105 sta\u0142y smak i stabilne ssanie za ka\u017cdym razem.<\/p>\n<h2 data-v-md-heading=\"why-collaborate-with-agoravape\" data-v-md-line=\"46\">Dlaczego warto wsp\u00f3\u0142pracowa\u0107 z AgoraVape?<\/h2>\n<p data-v-md-line=\"47\">Sprzedajemy tylko oryginalne produkty 100% i nie mamy co do tego w\u0105tpliwo\u015bci. Dla klient\u00f3w hurtowych oznacza to uczciwe ceny, niezawodne wsparcie oraz szybk\u0105 i niezawodn\u0105 dostaw\u0119, LAVIE Cube 10000 jednorazowych vapes | bateria 1600mAh. Skontaktuj si\u0119 z nami, aby zaopatrzy\u0107 swoich klient\u00f3w i uczyni\u0107 ich sta\u0142ymi klientami.<\/p>\n<p><script src=\"chrome-extension:\/\/fpelahbljekknahkcaegamhcndkfpfnc\/iFrame.js\" type=\"text\/javascript\"><\/script><\/p>","protected":false},"excerpt":{"rendered":"<p>&nbsp;<\/p>\n<p><script src=\"chrome-extension:\/\/fpelahbljekknahkcaegamhcndkfpfnc\/iFrame.js\" type=\"text\/javascript\"><\/script><\/p>\n<p><script src=\"chrome-extension:\/\/fpelahbljekknahkcaegamhcndkfpfnc\/iFrame.js\" type=\"text\/javascript\"><\/script><\/p>\n<p><script src=\"chrome-extension:\/\/fpelahbljekknahkcaegamhcndkfpfnc\/iFrame.js\" type=\"text\/javascript\"><\/script><\/p>\n<p><script src=\"chrome-extension:\/\/fpelahbljekknahkcaegamhcndkfpfnc\/iFrame.js\" type=\"text\/javascript\"><\/script><\/p>\n<p><script src=\"chrome-extension:\/\/fpelahbljekknahkcaegamhcndkfpfnc\/iFrame.js\" type=\"text\/javascript\"><\/script><\/p>\n<p><script src=\"chrome-extension:\/\/fpelahbljekknahkcaegamhcndkfpfnc\/iFrame.js\" type=\"text\/javascript\"><\/script><\/p>\n<p><script src=\"chrome-extension:\/\/fpelahbljekknahkcaegamhcndkfpfnc\/iFrame.js\" type=\"text\/javascript\"><\/script><\/p>\n<p><script src=\"chrome-extension:\/\/fpelahbljekknahkcaegamhcndkfpfnc\/iFrame.js\" type=\"text\/javascript\"><\/script><\/p>\n<p><script src=\"chrome-extension:\/\/fpelahbljekknahkcaegamhcndkfpfnc\/iFrame.js\" type=\"text\/javascript\"><\/script><\/p>\n<p><script src=\"chrome-extension:\/\/fpelahbljekknahkcaegamhcndkfpfnc\/iFrame.js\" type=\"text\/javascript\"><\/script><\/p>\n<p><script src=\"chrome-extension:\/\/fpelahbljekknahkcaegamhcndkfpfnc\/iFrame.js\" type=\"text\/javascript\"><\/script><\/p>\n<p><script src=\"chrome-extension:\/\/fpelahbljekknahkcaegamhcndkfpfnc\/iFrame.js\" type=\"text\/javascript\"><\/script><\/p>\n<p><script src=\"chrome-extension:\/\/fpelahbljekknahkcaegamhcndkfpfnc\/iFrame.js\" type=\"text\/javascript\"><\/script><\/p>\n<p><script src=\"chrome-extension:\/\/fpelahbljekknahkcaegamhcndkfpfnc\/iFrame.js\" type=\"text\/javascript\"><\/script><\/p>\n<p><script src=\"chrome-extension:\/\/fpelahbljekknahkcaegamhcndkfpfnc\/iFrame.js\" type=\"text\/javascript\"><\/script><\/p>\n<p><script src=\"chrome-extension:\/\/fpelahbljekknahkcaegamhcndkfpfnc\/iFrame.js\" type=\"text\/javascript\"><\/script><\/p>\n<p><script src=\"chrome-extension:\/\/fpelahbljekknahkcaegamhcndkfpfnc\/iFrame.js\" type=\"text\/javascript\"><\/script><\/p>\n<p><script src=\"chrome-extension:\/\/fpelahbljekknahkcaegamhcndkfpfnc\/iFrame.js\" type=\"text\/javascript\"><\/script><\/p>","protected":false},"featured_media":17976,"comment_status":"open","ping_status":"closed","template":"","meta":[],"product_brand":[238],"product_cat":[124,185,189,174,175,165,193,191,173,186,180,190],"product_tag":[],"class_list":{"0":"post-17927","1":"product","2":"type-product","3":"status-publish","4":"has-post-thumbnail","6":"product_brand-lavie","7":"product_cat-vape-by-brand","8":"product_cat-10000-puffs-high-capacity","9":"product_cat-20mg-standard-nicotine-vapes","10":"product_cat-fruit-flavors","11":"product_cat-icy-mint","12":"product_cat-lavie","13":"product_cat-mesh-coil","14":"product_cat-rechargeable-disposables","15":"product_cat-vape-by-flavor-profile","16":"product_cat-vape-by-nicotine-strength","17":"product_cat-vape-by-puff-count","18":"product_cat-vape-by-feature-or-type","20":"first","21":"instock","22":"shipping-taxable","23":"purchasable","24":"product-type-variable","25":"has-default-attributes"},"tiered_pricing_type":"percentage","tiered_pricing_fixed_rules":[],"tiered_pricing_product_settings":{"layout":"default","base_unit_name":{"singular":null,"plural":null},"default_variation":null},"tiered_pricing_minimum_quantity":10,"tiered_pricing_roles_data":[],"tiered_pricing_percentage_rules":{"30":"29","50":"35","100":"40","200":"44","500":"47","1000":"49"},"tiered_pricing_maximum_quantity":null,"tiered_pricing_quantity_step":"10","_links":{"self":[{"href":"https:\/\/agoravape.com\/pl\/wp-json\/wp\/v2\/product\/17927","targetHints":{"allow":["GET"]}}],"collection":[{"href":"https:\/\/agoravape.com\/pl\/wp-json\/wp\/v2\/product"}],"about":[{"href":"https:\/\/agoravape.com\/pl\/wp-json\/wp\/v2\/types\/product"}],"replies":[{"embeddable":true,"href":"https:\/\/agoravape.com\/pl\/wp-json\/wp\/v2\/comments?post=17927"}],"version-history":[{"count":0,"href":"https:\/\/agoravape.com\/pl\/wp-json\/wp\/v2\/product\/17927\/revisions"}],"wp:featuredmedia":[{"embeddable":true,"href":"https:\/\/agoravape.com\/pl\/wp-json\/wp\/v2\/media\/17976"}],"wp:attachment":[{"href":"https:\/\/agoravape.com\/pl\/wp-json\/wp\/v2\/media?parent=17927"}],"wp:term":[{"taxonomy":"product_brand","embeddable":true,"href":"https:\/\/agoravape.com\/pl\/wp-json\/wp\/v2\/product_brand?post=17927"},{"taxonomy":"product_cat","embeddable":true,"href":"https:\/\/agoravape.com\/pl\/wp-json\/wp\/v2\/product_cat?post=17927"},{"taxonomy":"product_tag","embeddable":true,"href":"https:\/\/agoravape.com\/pl\/wp-json\/wp\/v2\/product_tag?post=17927"}],"curies":[{"name":"wp","href":"https:\/\/api.w.org\/{rel}","templated":true}]}}