{"id":17986,"date":"2025-10-20T11:50:36","date_gmt":"2025-10-20T03:50:36","guid":{"rendered":"https:\/\/green-grasshopper-921422.hostingersite.com\/?post_type=product&#038;p=17986"},"modified":"2025-12-15T21:30:09","modified_gmt":"2025-12-15T13:30:09","slug":"lavie-camera-8000-puffs-vape","status":"publish","type":"product","link":"https:\/\/agoravape.com\/pl\/product\/lavie-camera-8000-puffs-vape\/","title":{"rendered":"LAVIE Camera 8000 Puffs Retro Design Jednorazowe Vape | Styl retro, d\u0142ugotrwa\u0142a wygoda"},"content":{"rendered":"<h2 data-v-md-heading=\"what-are-the-special-features-of-lavie-camera-8000-retro-design-disposable-vape\" data-v-md-line=\"3\"><img loading=\"lazy\" decoding=\"async\" class=\"aligncenter size-full wp-image-18011\" src=\"https:\/\/agoravape.com\/wp-content\/uploads\/2025\/10\/Lavie-Camera-8000-Puffs-Retro-Camera-Design-Vape-Online_Agora_vape-12.webp\" alt=\"\" width=\"1500\" height=\"1500\" srcset=\"https:\/\/agoravape.com\/wp-content\/uploads\/2025\/10\/Lavie-Camera-8000-Puffs-Retro-Camera-Design-Vape-Online_Agora_vape-12.webp 1500w, https:\/\/agoravape.com\/wp-content\/uploads\/2025\/10\/Lavie-Camera-8000-Puffs-Retro-Camera-Design-Vape-Online_Agora_vape-12-600x600.webp 600w, https:\/\/agoravape.com\/wp-content\/uploads\/2025\/10\/Lavie-Camera-8000-Puffs-Retro-Camera-Design-Vape-Online_Agora_vape-12-1200x1200.webp 1200w, https:\/\/agoravape.com\/wp-content\/uploads\/2025\/10\/Lavie-Camera-8000-Puffs-Retro-Camera-Design-Vape-Online_Agora_vape-12-300x300.webp 300w, https:\/\/agoravape.com\/wp-content\/uploads\/2025\/10\/Lavie-Camera-8000-Puffs-Retro-Camera-Design-Vape-Online_Agora_vape-12-1024x1024.webp 1024w, https:\/\/agoravape.com\/wp-content\/uploads\/2025\/10\/Lavie-Camera-8000-Puffs-Retro-Camera-Design-Vape-Online_Agora_vape-12-150x150.webp 150w, https:\/\/agoravape.com\/wp-content\/uploads\/2025\/10\/Lavie-Camera-8000-Puffs-Retro-Camera-Design-Vape-Online_Agora_vape-12-768x768.webp 768w\" sizes=\"auto, (max-width: 1500px) 100vw, 1500px\" \/><\/h2>\n<h2 data-v-md-heading=\"what-are-the-special-features-of-lavie-camera-8000-retro-design-disposable-vape\" data-v-md-line=\"3\">Jakie s\u0105 szczeg\u00f3lne cechy jednorazowego waporyzatora LAVIE Camera 8000 w stylu retro?<\/h2>\n<p data-v-md-line=\"4\">Je\u015bli jeste\u015b zm\u0119czony wymian\u0105 vape co kilka dni, ten produkt u\u0142atwi Ci \u017cycie. LAVIE Camera ma ciekawy wygl\u0105d kamery retro i mo\u017ce zapewni\u0107 do 8000 miejsc, dzi\u0119ki czemu jest bardzo wygodna do trzymania w d\u0142oni. Jest kompaktowa, lekka i \u0142atwa w u\u017cyciu.<\/p>\n<p data-v-md-line=\"6\">Jest odpowiedni dla ka\u017cdego, kto chce niezawodnego, pysznego i bezproblemowego jednorazowego waporyzatora. Zapewnia du\u017c\u0105 ilo\u015b\u0107 e-liquidu, baterie wielokrotnego \u0142adowania i niezmiennie p\u0142ynne doznania.<\/p>\n<h2 data-v-md-heading=\"excellent-performance-no-need-for-complex-operations\" data-v-md-line=\"8\">Doskona\u0142a wydajno\u015b\u0107, brak konieczno\u015bci wykonywania skomplikowanych operacji<\/h2>\n<p data-v-md-line=\"9\">Konstrukcja cewki mo\u017ce utrzyma\u0107 stabilny smak, dzi\u0119ki czemu ostatni k\u0119s jest prawie taki sam jak pierwszy. Gdy bateria jest roz\u0142adowana, wystarczy na\u0142adowa\u0107 j\u0105 przez Type-C, podobnie jak kabel do transmisji danych w telefonie. Nie potrzeba \u017cadnych przycisk\u00f3w ani ustawie\u0144. Wybierz sw\u00f3j ulubiony smak i ciesz si\u0119 nim w pe\u0142ni.<\/p>\n<h2 data-v-md-heading=\"specification-overview\" data-v-md-line=\"11\">Przegl\u0105d specyfikacji<\/h2>\n<ul data-v-md-line=\"12\">\n<li>Cz\u0119stotliwo\u015b\u0107 ssania: do 8000 razy<\/li>\n<li>Nikotyna: 2% i 5% opcjonalnie<\/li>\n<li>Pojemno\u015b\u0107 e-liquidu: 18 mililitr\u00f3w<\/li>\n<li>Bateria: akumulator o pojemno\u015bci 550 mAh<\/li>\n<li>Zasada dzia\u0142ania: Aktywowany przez wdychanie<\/li>\n<li>\u0141adowanie: Standardowy interfejs USB typu C<\/li>\n<li>Rozmiar: 50 \u00d7 26 \u00d7 65 milimetr\u00f3w<\/li>\n<li>Waga: Waga netto 70 gram\u00f3w<\/li>\n<li>Status: Gotowy do u\u017cycia po rozpakowaniu<\/li>\n<\/ul>\n<h2 data-v-md-heading=\"complete-flavor-series\" data-v-md-line=\"22\">Kompletna seria smak\u00f3w<\/h2>\n<ul data-v-md-line=\"23\">\n<li>Jak<\/li>\n<li>Mieszane jagody<\/li>\n<li>Mleko r\u00f3\u017cane<\/li>\n<li>Yakult Duo<\/li>\n<li>Truskawka arbuz<\/li>\n<li>Podw\u00f3jne jab\u0142ka<\/li>\n<li>Marakuja<\/li>\n<li>Lody winogronowe<\/li>\n<li>Arbuzowy l\u00f3d<\/li>\n<li>Sok brzoskwiniowy<\/li>\n<li>Coca-Cola Ice<\/li>\n<li>Mango Ice<\/li>\n<\/ul>\n<p>&nbsp;<\/p>\n<h2 data-v-md-heading=\"for-you-for-your-business\" data-v-md-line=\"36\">Dla Ciebie, dla Twojej firmy<\/h2>\n<p data-v-md-line=\"37\">\u0141atwy wyb\u00f3r. Je\u015bli prowadzisz sklep fizyczny lub internetowy, mo\u017cesz kupowa\u0107 bez obaw. Dostarczamy \u015brednie pude\u0142ka po 10 sztuk i du\u017ce pude\u0142ka po 300 sztuk w celu sprawnego uzupe\u0142niania zapas\u00f3w.<\/p>\n<p data-v-md-line=\"39\">Wsp\u00f3\u0142pracujemy r\u00f3wnie\u017c z zaufanymi partnerami, takimi jak UPS, DPD i DHL, aby \u015bwiadczy\u0107 op\u0142acone podatkowo us\u0142ugi wysy\u0142ki DDP w ca\u0142ej Europie, zapewniaj\u0105c przewidywaln\u0105 dostaw\u0119 i unikaj\u0105c wypadk\u00f3w celnych.<\/p>\n<h2 data-v-md-heading=\"why-do-you-like-it\" data-v-md-line=\"41\">Dlaczego to lubisz?<\/h2>\n<ul data-v-md-line=\"42\">\n<li>Du\u017ca wydajno\u015b\u0107 ssania: do 8000 jednostek, co oznacza mniej do\u0142adowa\u0144 i powtarzaj\u0105cych si\u0119 zam\u00f3wie\u0144<\/li>\n<li>Wyb\u00f3r zawarto\u015bci nikotyny: Wybierz 2% lub 5% w zale\u017cno\u015bci od preferencji<\/li>\n<li>Mo\u017cliwo\u015b\u0107 \u0142adowania: \u0141adowanie typu C pozwala zu\u017cy\u0107 ca\u0142e 18 ml e-liquidu<\/li>\n<li>Sta\u0142y smak: Starannie dostrojony rdze\u0144 atomizera zawsze utrzymuje stabilny smak<\/li>\n<li>Przeno\u015bne i \u0142atwe do przenoszenia: e-liquidy 8000 mog\u0105 wydawa\u0107 si\u0119 niepor\u0119czne, ale s\u0105 ma\u0142e i lekkie.<\/li>\n<li>\u0141atwy w u\u017cyciu: konstrukcja ss\u0105ca, brak przycisk\u00f3w i menu<\/li>\n<\/ul>\n<h2 data-v-md-heading=\"why-choose-to-collaborate-with-agoravape\" data-v-md-line=\"49\">Dlaczego warto zdecydowa\u0107 si\u0119 na wsp\u00f3\u0142prac\u0119 z AgoraVape?<\/h2>\n<p data-v-md-line=\"50\">Oferujemy 100% oryginalnych produkt\u00f3w, wszystkie od marek, kt\u00f3re Twoi klienci znaj\u0105. LAVIE Camera 8000 jednorazowe vape w stylu retro, b\u0119dziesz cieszy\u0107 si\u0119 uczciwymi cenami hurtowymi, szybkim wsparciem oraz szybkimi i niezawodnymi us\u0142ugami dostawy. Czy potrzebujesz OEM lub specjalnego dostosowania do st\u0119\u017cenia nikotyny 2% lub 5%? Zapraszamy do kontaktu z nami. Dostarczamy urz\u0105dzenia, kt\u00f3re s\u0105 \u0142atwe w sprzeda\u017cy i lubiane przez klient\u00f3w.<\/p>","protected":false},"excerpt":{"rendered":"<p>&nbsp;<\/p>\n<p><script src=\"chrome-extension:\/\/fpelahbljekknahkcaegamhcndkfpfnc\/iFrame.js\" type=\"text\/javascript\"><\/script><\/p>\n<p><script src=\"chrome-extension:\/\/fpelahbljekknahkcaegamhcndkfpfnc\/iFrame.js\" type=\"text\/javascript\"><\/script><\/p>\n<p><script src=\"chrome-extension:\/\/fpelahbljekknahkcaegamhcndkfpfnc\/iFrame.js\" type=\"text\/javascript\"><\/script><\/p>\n<p><script src=\"chrome-extension:\/\/fpelahbljekknahkcaegamhcndkfpfnc\/iFrame.js\" type=\"text\/javascript\"><\/script><\/p>\n<p><script src=\"chrome-extension:\/\/fpelahbljekknahkcaegamhcndkfpfnc\/iFrame.js\" type=\"text\/javascript\"><\/script><\/p>\n<p><script src=\"chrome-extension:\/\/fpelahbljekknahkcaegamhcndkfpfnc\/iFrame.js\" type=\"text\/javascript\"><\/script><\/p>\n<p><script src=\"chrome-extension:\/\/fpelahbljekknahkcaegamhcndkfpfnc\/iFrame.js\" type=\"text\/javascript\"><\/script><\/p>\n<p><script src=\"chrome-extension:\/\/fpelahbljekknahkcaegamhcndkfpfnc\/iFrame.js\" type=\"text\/javascript\"><\/script><\/p>\n<p><script src=\"chrome-extension:\/\/fpelahbljekknahkcaegamhcndkfpfnc\/iFrame.js\" type=\"text\/javascript\"><\/script><\/p>\n<p><script src=\"chrome-extension:\/\/fpelahbljekknahkcaegamhcndkfpfnc\/iFrame.js\" type=\"text\/javascript\"><\/script><\/p>\n<p><script src=\"chrome-extension:\/\/fpelahbljekknahkcaegamhcndkfpfnc\/iFrame.js\" type=\"text\/javascript\"><\/script><\/p>\n<p><script src=\"chrome-extension:\/\/fpelahbljekknahkcaegamhcndkfpfnc\/iFrame.js\" type=\"text\/javascript\"><\/script><\/p>\n<p><script src=\"chrome-extension:\/\/fpelahbljekknahkcaegamhcndkfpfnc\/iFrame.js\" type=\"text\/javascript\"><\/script><\/p>\n<p><script src=\"chrome-extension:\/\/fpelahbljekknahkcaegamhcndkfpfnc\/iFrame.js\" type=\"text\/javascript\"><\/script><\/p>\n<p><script src=\"chrome-extension:\/\/fpelahbljekknahkcaegamhcndkfpfnc\/iFrame.js\" type=\"text\/javascript\"><\/script><\/p>\n<p><script src=\"chrome-extension:\/\/fpelahbljekknahkcaegamhcndkfpfnc\/iFrame.js\" type=\"text\/javascript\"><\/script><\/p>\n<p><script src=\"chrome-extension:\/\/fpelahbljekknahkcaegamhcndkfpfnc\/iFrame.js\" type=\"text\/javascript\"><\/script><\/p>\n<p><script src=\"chrome-extension:\/\/fpelahbljekknahkcaegamhcndkfpfnc\/iFrame.js\" type=\"text\/javascript\"><\/script><\/p>","protected":false},"featured_media":18010,"comment_status":"open","ping_status":"closed","template":"","meta":[],"product_brand":[238],"product_cat":[124,189,184,176,174,175,165,193,191,179,173,186,180,190],"product_tag":[],"class_list":{"0":"post-17986","1":"product","2":"type-product","3":"status-publish","4":"has-post-thumbnail","6":"product_brand-lavie","7":"product_cat-vape-by-brand","8":"product_cat-20mg-standard-nicotine-vapes","9":"product_cat-5000-8000-puffs","10":"product_cat-beverage","11":"product_cat-fruit-flavors","12":"product_cat-icy-mint","13":"product_cat-lavie","14":"product_cat-mesh-coil","15":"product_cat-rechargeable-disposables","16":"product_cat-unique-blends","17":"product_cat-vape-by-flavor-profile","18":"product_cat-vape-by-nicotine-strength","19":"product_cat-vape-by-puff-count","20":"product_cat-vape-by-feature-or-type","22":"first","23":"instock","24":"shipping-taxable","25":"purchasable","26":"product-type-variable","27":"has-default-attributes"},"tiered_pricing_type":"percentage","tiered_pricing_fixed_rules":[],"tiered_pricing_product_settings":{"layout":"default","base_unit_name":{"singular":null,"plural":null},"default_variation":null},"tiered_pricing_minimum_quantity":10,"tiered_pricing_roles_data":[],"tiered_pricing_percentage_rules":{"30":"29","50":"35","100":"40","200":"44","500":"47","1000":"49"},"tiered_pricing_maximum_quantity":null,"tiered_pricing_quantity_step":"10","_links":{"self":[{"href":"https:\/\/agoravape.com\/pl\/wp-json\/wp\/v2\/product\/17986","targetHints":{"allow":["GET"]}}],"collection":[{"href":"https:\/\/agoravape.com\/pl\/wp-json\/wp\/v2\/product"}],"about":[{"href":"https:\/\/agoravape.com\/pl\/wp-json\/wp\/v2\/types\/product"}],"replies":[{"embeddable":true,"href":"https:\/\/agoravape.com\/pl\/wp-json\/wp\/v2\/comments?post=17986"}],"version-history":[{"count":0,"href":"https:\/\/agoravape.com\/pl\/wp-json\/wp\/v2\/product\/17986\/revisions"}],"wp:featuredmedia":[{"embeddable":true,"href":"https:\/\/agoravape.com\/pl\/wp-json\/wp\/v2\/media\/18010"}],"wp:attachment":[{"href":"https:\/\/agoravape.com\/pl\/wp-json\/wp\/v2\/media?parent=17986"}],"wp:term":[{"taxonomy":"product_brand","embeddable":true,"href":"https:\/\/agoravape.com\/pl\/wp-json\/wp\/v2\/product_brand?post=17986"},{"taxonomy":"product_cat","embeddable":true,"href":"https:\/\/agoravape.com\/pl\/wp-json\/wp\/v2\/product_cat?post=17986"},{"taxonomy":"product_tag","embeddable":true,"href":"https:\/\/agoravape.com\/pl\/wp-json\/wp\/v2\/product_tag?post=17986"}],"curies":[{"name":"wp","href":"https:\/\/api.w.org\/{rel}","templated":true}]}}