{"id":18013,"date":"2025-10-20T12:10:51","date_gmt":"2025-10-20T04:10:51","guid":{"rendered":"https:\/\/green-grasshopper-921422.hostingersite.com\/?post_type=product&#038;p=18013"},"modified":"2026-01-15T19:44:35","modified_gmt":"2026-01-15T11:44:35","slug":"lavie-astronaut-9000-puffs","status":"publish","type":"product","link":"https:\/\/agoravape.com\/pl\/product\/lavie-astronaut-9000-puffs\/","title":{"rendered":"Lavie Astronaut 9000 Puffs Unikalny kszta\u0142t Jednorazowe Vape | D\u0142ugotrwa\u0142y smak, Kszta\u0142t przyjazny dla kieszeni"},"content":{"rendered":"<h2 data-v-md-heading=\"what-is-special-about-lavie-astronaut-9000-disposable-vapes-with-unique-shapes\" data-v-md-line=\"3\">Co jest wyj\u0105tkowego w jednorazowych waporyzatorach Lavie Astronaut 9000 o unikalnych kszta\u0142tach?<\/h2>\n<p data-v-md-line=\"4\">Je\u015bli jeste\u015b zm\u0119czony jednorazowymi waporyzatorami, kt\u00f3re zu\u017cywaj\u0105 zbyt du\u017co paliwa, to ten produkt z pewno\u015bci\u0105 spe\u0142ni twoje potrzeby. Lavie Astronaut jest wyposa\u017cony w akumulator, kt\u00f3ry mo\u017ce pomie\u015bci\u0107 do 9000 pakiet\u00f3w, co pozwala naprawd\u0119 wykorzysta\u0107 zakupiony e-liquid.<\/p>\n<p data-v-md-line=\"6\">Jest odpowiedni dla ka\u017cdego, kto chce niezawodnego, pysznego i bezwysi\u0142kowego wapowania. Unikalny design przyci\u0105ga wzrok, gdy jest umieszczony na stole, ale z \u0142atwo\u015bci\u0105 zmie\u015bci si\u0119 w kieszeni. Mo\u017cesz pomy\u015ble\u0107, \u017ce ten vape z tak du\u017c\u0105 ilo\u015bci\u0105 zaci\u0105gni\u0119\u0107 b\u0119dzie niepor\u0119czny, ale wa\u017cy tylko 93 gramy i jest bardzo \u0142atwy do przenoszenia, co zaskakuje.<\/p>\n<h2 data-v-md-heading=\"excellent-performance-easy-and-convenient\" data-v-md-line=\"8\">Doskona\u0142a wydajno\u015b\u0107, \u0142atwo\u015b\u0107 i wygoda<\/h2>\n<p data-v-md-line=\"9\">Astronaut ma na celu zapewnienie sp\u00f3jnego smaku i p\u0142ynnego do\u015bwiadczenia od pocz\u0105tku do ko\u0144ca. Ma wystarczaj\u0105c\u0105 pojemno\u015b\u0107 e-liquidu wynosz\u0105c\u0105 18 mililitr\u00f3w i jest wyposa\u017cony w bateri\u0119 650 mAh, co pozwala na korzystanie z niego przez d\u0142ugi czas. Gdy poziom na\u0142adowania baterii jest niski, wystarczy u\u017cy\u0107 powszechnie u\u017cywanych kabli w telefonie i na\u0142adowa\u0107 go przez interfejs Type-C. To proste.<\/p>\n<h2 data-v-md-heading=\"specification-overview\" data-v-md-line=\"11\">Przegl\u0105d specyfikacji<\/h2>\n<ul data-v-md-line=\"12\">\n<li>Cz\u0119stotliwo\u015b\u0107 ssania: do 9000 razy<\/li>\n<li>Zawarto\u015b\u0107 nikotyny: 2% i 5% (dost\u0119pna us\u0142uga OEM)<\/li>\n<li>Zasada dzia\u0142ania: Aktywowany przez wdychanie<\/li>\n<li>\u0141adowanie: Standardowy interfejs USB typu C<\/li>\n<li>Status: Gotowy do u\u017cycia po rozpakowaniu<\/li>\n<\/ul>\n<h2 data-v-md-heading=\"multiple-flavor-options\" data-v-md-line=\"18\">Wiele opcji smakowych<\/h2>\n<ul data-v-md-line=\"19\">\n<li>Popcorn karmelowy<\/li>\n<li>Coca Cola<\/li>\n<li>Sok pomara\u0144czowy Soda<\/li>\n<li>Podw\u00f3jne jab\u0142ko<\/li>\n<li>Cappuccino<\/li>\n<li>Brzoskwinia i \u015bliwka<\/li>\n<li>Arbuzowy l\u00f3d<\/li>\n<li>Bor\u00f3wki i maliny<\/li>\n<li>Fioletowe winogrona<\/li>\n<li>Lody truskawkowe<\/li>\n<\/ul>\n<h2 data-v-md-heading=\"for-you-and-your-business\" data-v-md-line=\"30\">Dla Ciebie i Twojego biznesu<\/h2>\n<p data-v-md-line=\"31\">Kup urz\u0105dzenie do codziennego u\u017cytku lub zr\u00f3b zapas do swojego sklepu. Pude\u0142ka hurtowe zawieraj\u0105 10 sztuk w \u015brednim pude\u0142ku i 200 sztuk w du\u017cym pude\u0142ku, co zapewnia wygodne przechowywanie i uzupe\u0142nianie zapas\u00f3w. \u015awiadczymy us\u0142ugi dostawy DDP za po\u015brednictwem zaufanych partner\u00f3w, takich jak UPS, DPD i DHL, aby zapewni\u0107 szybk\u0105 dostaw\u0119 i unikn\u0105\u0107 wypadk\u00f3w celnych.<\/p>\n<h2 data-v-md-heading=\"why-do-you-like-it\" data-v-md-line=\"33\">Dlaczego to lubisz?<\/h2>\n<ul data-v-md-line=\"34\">\n<li>Wiele zaci\u0105gni\u0119\u0107: Trwa\u0142y i d\u0142ugotrwa\u0142y, nie ma potrzeby cz\u0119stego kupowania nowego e-liquidu.<\/li>\n<li>Wyb\u00f3r nikotyny: Wybierz st\u0119\u017cenie, kt\u00f3re odpowiada Twoim codziennym nawykom.<\/li>\n<li>Mo\u017cliwo\u015b\u0107 wielokrotnego \u0142adowania: Wykorzystaj ca\u0142e 18 mililitr\u00f3w e-cieczy bez marnowania ani kropli.<\/li>\n<li>Ci\u0105g\u0142e palenie: od pierwszego do ostatniego k\u0119sa smak jest \u0142agodny.<\/li>\n<\/ul>\n<h2 data-v-md-heading=\"why-choose-agoravape\" data-v-md-line=\"39\">Dlaczego warto wybra\u0107 AgoraVape?<\/h2>\n<p data-v-md-line=\"40\">Jako jeden z najbardziej zaufanych dystrybutor\u00f3w vape w Europie, sprzedajemy wy\u0142\u0105cznie oryginalne produkty 100%. Dla klient\u00f3w korporacyjnych oznacza to, \u017ce jednorazowe waporyzatory Lavie Astronaut 9000 o unikalnych kszta\u0142tach oferuj\u0105 rozs\u0105dne ceny hurtowe, szybkie wsparcie oraz szybkie i niezawodne us\u0142ugi dostawy. Skontaktuj si\u0119 z nami, aby zarezerwowa\u0107 sprz\u0119t, po kt\u00f3ry Twoi klienci naprawd\u0119 wr\u00f3c\u0105.<\/p>","protected":false},"excerpt":{"rendered":"<p>&nbsp;<\/p>\n<p><script src=\"chrome-extension:\/\/fpelahbljekknahkcaegamhcndkfpfnc\/iFrame.js\" type=\"text\/javascript\"><\/script><\/p>\n<p><script src=\"chrome-extension:\/\/fpelahbljekknahkcaegamhcndkfpfnc\/iFrame.js\" type=\"text\/javascript\"><\/script><\/p>\n<p><script src=\"chrome-extension:\/\/fpelahbljekknahkcaegamhcndkfpfnc\/iFrame.js\" type=\"text\/javascript\"><\/script><\/p>\n<p><script src=\"chrome-extension:\/\/fpelahbljekknahkcaegamhcndkfpfnc\/iFrame.js\" type=\"text\/javascript\"><\/script><\/p>\n<p><script src=\"chrome-extension:\/\/fpelahbljekknahkcaegamhcndkfpfnc\/iFrame.js\" type=\"text\/javascript\"><\/script><\/p>\n<p><script src=\"chrome-extension:\/\/fpelahbljekknahkcaegamhcndkfpfnc\/iFrame.js\" type=\"text\/javascript\"><\/script><\/p>\n<p><script src=\"chrome-extension:\/\/fpelahbljekknahkcaegamhcndkfpfnc\/iFrame.js\" type=\"text\/javascript\"><\/script><\/p>\n<p><script src=\"chrome-extension:\/\/fpelahbljekknahkcaegamhcndkfpfnc\/iFrame.js\" type=\"text\/javascript\"><\/script><\/p>\n<p><script src=\"chrome-extension:\/\/fpelahbljekknahkcaegamhcndkfpfnc\/iFrame.js\" type=\"text\/javascript\"><\/script><\/p>\n<p><script src=\"chrome-extension:\/\/fpelahbljekknahkcaegamhcndkfpfnc\/iFrame.js\" type=\"text\/javascript\"><\/script><\/p>\n<p><script src=\"chrome-extension:\/\/fpelahbljekknahkcaegamhcndkfpfnc\/iFrame.js\" type=\"text\/javascript\"><\/script><\/p>\n<p><script src=\"chrome-extension:\/\/fpelahbljekknahkcaegamhcndkfpfnc\/iFrame.js\" type=\"text\/javascript\"><\/script><\/p>\n<p><script src=\"chrome-extension:\/\/fpelahbljekknahkcaegamhcndkfpfnc\/iFrame.js\" type=\"text\/javascript\"><\/script><\/p>\n<p><script src=\"chrome-extension:\/\/fpelahbljekknahkcaegamhcndkfpfnc\/iFrame.js\" type=\"text\/javascript\"><\/script><\/p>\n<p><script src=\"chrome-extension:\/\/fpelahbljekknahkcaegamhcndkfpfnc\/iFrame.js\" type=\"text\/javascript\"><\/script><\/p>\n<p><script src=\"chrome-extension:\/\/fpelahbljekknahkcaegamhcndkfpfnc\/iFrame.js\" type=\"text\/javascript\"><\/script><\/p>\n<p><script src=\"chrome-extension:\/\/fpelahbljekknahkcaegamhcndkfpfnc\/iFrame.js\" type=\"text\/javascript\"><\/script><\/p>\n<p><script src=\"chrome-extension:\/\/fpelahbljekknahkcaegamhcndkfpfnc\/iFrame.js\" type=\"text\/javascript\"><\/script><\/p>","protected":false},"featured_media":18029,"comment_status":"open","ping_status":"closed","template":"","meta":[],"product_brand":[238],"product_cat":[124,189,184,174,175,165,193,191,173,186,180,190],"product_tag":[],"class_list":{"0":"post-18013","1":"product","2":"type-product","3":"status-publish","4":"has-post-thumbnail","6":"product_brand-lavie","7":"product_cat-vape-by-brand","8":"product_cat-20mg-standard-nicotine-vapes","9":"product_cat-5000-8000-puffs","10":"product_cat-fruit-flavors","11":"product_cat-icy-mint","12":"product_cat-lavie","13":"product_cat-mesh-coil","14":"product_cat-rechargeable-disposables","15":"product_cat-vape-by-flavor-profile","16":"product_cat-vape-by-nicotine-strength","17":"product_cat-vape-by-puff-count","18":"product_cat-vape-by-feature-or-type","20":"first","21":"instock","22":"shipping-taxable","23":"purchasable","24":"product-type-variable","25":"has-default-attributes"},"tiered_pricing_type":"percentage","tiered_pricing_fixed_rules":[],"tiered_pricing_product_settings":{"layout":"default","base_unit_name":{"singular":null,"plural":null},"default_variation":null},"tiered_pricing_minimum_quantity":10,"tiered_pricing_roles_data":[],"tiered_pricing_percentage_rules":{"30":"29","50":"35","100":"40","200":"44","500":"47","1000":"49"},"tiered_pricing_maximum_quantity":null,"tiered_pricing_quantity_step":"10","_links":{"self":[{"href":"https:\/\/agoravape.com\/pl\/wp-json\/wp\/v2\/product\/18013","targetHints":{"allow":["GET"]}}],"collection":[{"href":"https:\/\/agoravape.com\/pl\/wp-json\/wp\/v2\/product"}],"about":[{"href":"https:\/\/agoravape.com\/pl\/wp-json\/wp\/v2\/types\/product"}],"replies":[{"embeddable":true,"href":"https:\/\/agoravape.com\/pl\/wp-json\/wp\/v2\/comments?post=18013"}],"version-history":[{"count":0,"href":"https:\/\/agoravape.com\/pl\/wp-json\/wp\/v2\/product\/18013\/revisions"}],"wp:featuredmedia":[{"embeddable":true,"href":"https:\/\/agoravape.com\/pl\/wp-json\/wp\/v2\/media\/18029"}],"wp:attachment":[{"href":"https:\/\/agoravape.com\/pl\/wp-json\/wp\/v2\/media?parent=18013"}],"wp:term":[{"taxonomy":"product_brand","embeddable":true,"href":"https:\/\/agoravape.com\/pl\/wp-json\/wp\/v2\/product_brand?post=18013"},{"taxonomy":"product_cat","embeddable":true,"href":"https:\/\/agoravape.com\/pl\/wp-json\/wp\/v2\/product_cat?post=18013"},{"taxonomy":"product_tag","embeddable":true,"href":"https:\/\/agoravape.com\/pl\/wp-json\/wp\/v2\/product_tag?post=18013"}],"curies":[{"name":"wp","href":"https:\/\/api.w.org\/{rel}","templated":true}]}}