{"id":18033,"date":"2025-10-20T12:24:56","date_gmt":"2025-10-20T04:24:56","guid":{"rendered":"https:\/\/green-grasshopper-921422.hostingersite.com\/?post_type=product&#038;p=18033"},"modified":"2025-12-15T21:30:08","modified_gmt":"2025-12-15T13:30:08","slug":"lavie-cola-6000-puffow","status":"publish","type":"product","link":"https:\/\/agoravape.com\/pl\/product\/lavie-cola-6000-puffs\/","title":{"rendered":"Lavie Cola 6000 Puffs Bottle Design Jednorazowy Vape | Du\u017cy smak. Bezproblemowe wapowanie."},"content":{"rendered":"<h2 data-v-md-heading=\"what-is-special-about-lavie-cola-s-6000-bottle-disposable-vape\" data-v-md-line=\"3\">Co jest wyj\u0105tkowego w jednorazowych vape Lavie Cola o pojemno\u015bci 6000 butelek?<\/h2>\n<p data-v-md-line=\"4\">Je\u015bli jeste\u015b zm\u0119czony wymian\u0105 e-papierosa co kilka dni, to ten produkt jest idealnym wyborem. Butelka coli Lavie ma wyj\u0105tkowy wygl\u0105d i jest praktyczna, a jej kompaktowy korpus o wymiarach 110 \u00d7 30 mm z \u0142atwo\u015bci\u0105 zmie\u015bci si\u0119 w ka\u017cdej kieszeni. Je\u015bli chcesz cieszy\u0107 si\u0119 d\u0142ugotrwa\u0142ym smakiem bez wysi\u0142ku, jest to zdecydowanie idealny wyb\u00f3r.<\/p>\n<p data-v-md-line=\"6\">Mo\u017ce si\u0119 wydawa\u0107, \u017ce e-papieros o pojemno\u015bci 6000 opakowa\u0144 jest niepor\u0119czny, ale ten e-papieros jest zaskakuj\u0105co lekki, wa\u017cy zaledwie 75 gram\u00f3w. Bardzo dobrze le\u017cy w d\u0142oni i mo\u017cna go u\u017cywa\u0107 natychmiast po otwarciu pude\u0142ka.<\/p>\n<h2 data-v-md-heading=\"excellent-performance-without-any-complex-operations\" data-v-md-line=\"8\">Doskona\u0142a wydajno\u015b\u0107 bez skomplikowanych operacji<\/h2>\n<p data-v-md-line=\"9\">Wystarczy zaci\u0105gn\u0105\u0107 si\u0119, a urz\u0105dzenie zacznie dzia\u0142a\u0107. Bateria 600 mAh i skalibrowany rdze\u0144 atomizuj\u0105cy zapewniaj\u0105 stabilne zasysanie, zapewniaj\u0105c sp\u00f3jny smak o pojemno\u015bci 15 ml. Nie trzeba obs\u0142ugiwa\u0107 przycisk\u00f3w ani uczy\u0107 si\u0119 menu.<\/p>\n<h2 data-v-md-heading=\"specification-introduction\" data-v-md-line=\"11\">Wprowadzenie do specyfikacji<\/h2>\n<ul data-v-md-line=\"12\">\n<li>Cz\u0119stotliwo\u015b\u0107 ssania: do 6000 razy<\/li>\n<li>Nikotyna: s\u00f3l nikotynowa 2% w cenie detalicznej UE. Je\u015bli jest to dozwolone, producenci OEM mog\u0105 korzysta\u0107 z rabatu 5%<\/li>\n<li>Pojemno\u015b\u0107 e-liquidu: 15 mililitr\u00f3w<\/li>\n<li>Bateria: 600 mAh<\/li>\n<li>Zasada dzia\u0142ania: Aktywowany przez wdychanie<\/li>\n<li>\u0141adowanie: Wbudowany interfejs \u0142adowania, konstrukcja umo\u017cliwiaj\u0105ca wielokrotne \u0142adowanie<\/li>\n<li>Status: Gotowy do u\u017cycia po rozpakowaniu<\/li>\n<li>Rozmiar: 110 \u00d7 30 mm<\/li>\n<li>Waga netto: 75 gram\u00f3w<\/li>\n<\/ul>\n<h2 data-v-md-heading=\"full-range-of-flavors\" data-v-md-line=\"22\">Pe\u0142na gama smak\u00f3w<\/h2>\n<ul data-v-md-line=\"23\">\n<li>L\u00f3d arbuzowo-truskawkowy<\/li>\n<li>Napoje energetyczne<\/li>\n<li>Lody winogronowe<\/li>\n<li>Mango Ice<\/li>\n<li>Brzoskwiniowy l\u00f3d<\/li>\n<li>Mieszane lody jagodowe<\/li>\n<li>Mango Strawberry Ice<\/li>\n<li>Bananowy l\u00f3d mleczny<\/li>\n<li>L\u00f3d jab\u0142kowo-cytrynowy<\/li>\n<li>Coca-Cola Ice<\/li>\n<\/ul>\n<h2 data-v-md-heading=\"for-you-and-your-business\" data-v-md-line=\"34\">Dla Ciebie i Twojego biznesu<\/h2>\n<p data-v-md-line=\"35\">Mo\u017cesz kupi\u0107 urz\u0105dzenie do codziennego u\u017cytku lub zaopatrzy\u0107 w nie sw\u00f3j sklep. Ka\u017cde pude\u0142ko zawiera 10 sztuk dla wygodnego przechowywania i zarz\u0105dzania. Du\u017ce pude\u0142ko zawieraj\u0105ce 200 urz\u0105dze\u0144 jest bardzo op\u0142acalne w przypadku zam\u00f3wie\u0144 hurtowych.<\/p>\n<p data-v-md-line=\"37\">Wsp\u00f3\u0142pracujemy z zaufanymi partnerami, takimi jak UPS, DPD i DHL, korzystaj\u0105c z dostawy DDP i wst\u0119pnie przetworzonych taryf, dzi\u0119ki czemu nie napotkasz \u017cadnych wypadk\u00f3w przy odprawie celnej. Niezawodn\u0105 dostaw\u0119 mo\u017cna \u015bledzi\u0107 w ca\u0142ej Europie.<\/p>\n<h2 data-v-md-heading=\"why-do-you-like-it\" data-v-md-line=\"39\">Dlaczego to lubisz?<\/h2>\n<ul data-v-md-line=\"40\">\n<li>Du\u017ca pojemno\u015b\u0107 do palenia: trwa\u0142e i d\u0142ugotrwa\u0142e, nie ma potrzeby cz\u0119stego kupowania nowych papieros\u00f3w<\/li>\n<li>Wyb\u00f3r st\u0119\u017cenia nikotyny: Wybierz st\u0119\u017cenie, kt\u00f3re odpowiada Tobie i Twojemu rynkowi<\/li>\n<li>Mo\u017cliwo\u015b\u0107 wielokrotnego \u0142adowania: 15 mililitr\u00f3w e-liquidu mo\u017cna zu\u017cy\u0107 bez konieczno\u015bci jego wcze\u015bniejszej utylizacji<\/li>\n<li>Niezawodny rdze\u0144 atomizera: od pierwszego do ostatniego k\u0119sa smak pozostaje niezmienny.<\/li>\n<\/ul>\n<h2 data-v-md-heading=\"why-choose-agoravape\" data-v-md-line=\"45\">Dlaczego warto wybra\u0107 AgoraVape?<\/h2>\n<p data-v-md-line=\"46\">Sprzedajemy tylko oryginalne produkty 100%, wspierane przez niezawodne ceny hurtowe i responsywne wsparcie serwisowe. Klientom z UE pomo\u017cemy w zrozumieniu lokalnych przepis\u00f3w, aby zapewni\u0107, \u017ce odpowiednie st\u0119\u017cenie nikotyny i opakowanie mog\u0105 zosta\u0107 dostarczone do odpowiedniego kraju\/regionu. Wysy\u0142amy szybko i p\u0142acimy c\u0142a za po\u015brednictwem UPS, DPD i DHL. P\u0142atno\u015bci dokonuje si\u0119 za po\u015brednictwem bezpiecznej bramki, a my przeprowadzamy \u015bcis\u0142\u0105 weryfikacj\u0119 wieku. W przypadku uszkodzonych lub niedostarczonych towar\u00f3w zapewniamy jasn\u0105 polityk\u0119 zwrot\u00f3w.<\/p>\n<p data-v-md-line=\"48\">Chcesz pozna\u0107 cen\u0119 lub wycen\u0119 hurtow\u0105 jednorazowych e-papieros\u00f3w Lavie Cola w opakowaniu 6000 sztuk? Skontaktuj si\u0119 z nami, a przygotujemy zapasy, o kt\u00f3rych marz\u0105 stali klienci.<\/p>","protected":false},"excerpt":{"rendered":"<p>&nbsp;<\/p>\n<p><script src=\"chrome-extension:\/\/fpelahbljekknahkcaegamhcndkfpfnc\/iFrame.js\" type=\"text\/javascript\"><\/script><\/p>\n<p><script src=\"chrome-extension:\/\/fpelahbljekknahkcaegamhcndkfpfnc\/iFrame.js\" type=\"text\/javascript\"><\/script><\/p>\n<p><script src=\"chrome-extension:\/\/fpelahbljekknahkcaegamhcndkfpfnc\/iFrame.js\" type=\"text\/javascript\"><\/script><\/p>\n<p><script src=\"chrome-extension:\/\/fpelahbljekknahkcaegamhcndkfpfnc\/iFrame.js\" type=\"text\/javascript\"><\/script><\/p>\n<p><script src=\"chrome-extension:\/\/fpelahbljekknahkcaegamhcndkfpfnc\/iFrame.js\" type=\"text\/javascript\"><\/script><\/p>\n<p><script src=\"chrome-extension:\/\/fpelahbljekknahkcaegamhcndkfpfnc\/iFrame.js\" type=\"text\/javascript\"><\/script><\/p>\n<p><script src=\"chrome-extension:\/\/fpelahbljekknahkcaegamhcndkfpfnc\/iFrame.js\" type=\"text\/javascript\"><\/script><\/p>\n<p><script src=\"chrome-extension:\/\/fpelahbljekknahkcaegamhcndkfpfnc\/iFrame.js\" type=\"text\/javascript\"><\/script><\/p>\n<p><script src=\"chrome-extension:\/\/fpelahbljekknahkcaegamhcndkfpfnc\/iFrame.js\" type=\"text\/javascript\"><\/script><\/p>\n<p><script src=\"chrome-extension:\/\/fpelahbljekknahkcaegamhcndkfpfnc\/iFrame.js\" type=\"text\/javascript\"><\/script><\/p>\n<p><script src=\"chrome-extension:\/\/fpelahbljekknahkcaegamhcndkfpfnc\/iFrame.js\" type=\"text\/javascript\"><\/script><\/p>\n<p><script src=\"chrome-extension:\/\/fpelahbljekknahkcaegamhcndkfpfnc\/iFrame.js\" type=\"text\/javascript\"><\/script><\/p>\n<p><script src=\"chrome-extension:\/\/fpelahbljekknahkcaegamhcndkfpfnc\/iFrame.js\" type=\"text\/javascript\"><\/script><\/p>\n<p><script src=\"chrome-extension:\/\/fpelahbljekknahkcaegamhcndkfpfnc\/iFrame.js\" type=\"text\/javascript\"><\/script><\/p>\n<p><script src=\"chrome-extension:\/\/fpelahbljekknahkcaegamhcndkfpfnc\/iFrame.js\" type=\"text\/javascript\"><\/script><\/p>\n<p><script src=\"chrome-extension:\/\/fpelahbljekknahkcaegamhcndkfpfnc\/iFrame.js\" type=\"text\/javascript\"><\/script><\/p>\n<p><script src=\"chrome-extension:\/\/fpelahbljekknahkcaegamhcndkfpfnc\/iFrame.js\" type=\"text\/javascript\"><\/script><\/p>\n<p><script src=\"chrome-extension:\/\/fpelahbljekknahkcaegamhcndkfpfnc\/iFrame.js\" type=\"text\/javascript\"><\/script><\/p>","protected":false},"featured_media":18046,"comment_status":"open","ping_status":"closed","template":"","meta":[],"product_brand":[238],"product_cat":[124,189,184,174,175,165,193,191,173,186,180,190],"product_tag":[],"class_list":{"0":"post-18033","1":"product","2":"type-product","3":"status-publish","4":"has-post-thumbnail","6":"product_brand-lavie","7":"product_cat-vape-by-brand","8":"product_cat-20mg-standard-nicotine-vapes","9":"product_cat-5000-8000-puffs","10":"product_cat-fruit-flavors","11":"product_cat-icy-mint","12":"product_cat-lavie","13":"product_cat-mesh-coil","14":"product_cat-rechargeable-disposables","15":"product_cat-vape-by-flavor-profile","16":"product_cat-vape-by-nicotine-strength","17":"product_cat-vape-by-puff-count","18":"product_cat-vape-by-feature-or-type","20":"first","21":"instock","22":"shipping-taxable","23":"purchasable","24":"product-type-variable","25":"has-default-attributes"},"tiered_pricing_type":"percentage","tiered_pricing_fixed_rules":[],"tiered_pricing_product_settings":{"layout":"default","base_unit_name":{"singular":null,"plural":null},"default_variation":null},"tiered_pricing_minimum_quantity":10,"tiered_pricing_roles_data":[],"tiered_pricing_percentage_rules":{"30":"29","50":"35","100":"40","200":"44","500":"47","1000":"49"},"tiered_pricing_maximum_quantity":null,"tiered_pricing_quantity_step":"10","_links":{"self":[{"href":"https:\/\/agoravape.com\/pl\/wp-json\/wp\/v2\/product\/18033","targetHints":{"allow":["GET"]}}],"collection":[{"href":"https:\/\/agoravape.com\/pl\/wp-json\/wp\/v2\/product"}],"about":[{"href":"https:\/\/agoravape.com\/pl\/wp-json\/wp\/v2\/types\/product"}],"replies":[{"embeddable":true,"href":"https:\/\/agoravape.com\/pl\/wp-json\/wp\/v2\/comments?post=18033"}],"version-history":[{"count":0,"href":"https:\/\/agoravape.com\/pl\/wp-json\/wp\/v2\/product\/18033\/revisions"}],"wp:featuredmedia":[{"embeddable":true,"href":"https:\/\/agoravape.com\/pl\/wp-json\/wp\/v2\/media\/18046"}],"wp:attachment":[{"href":"https:\/\/agoravape.com\/pl\/wp-json\/wp\/v2\/media?parent=18033"}],"wp:term":[{"taxonomy":"product_brand","embeddable":true,"href":"https:\/\/agoravape.com\/pl\/wp-json\/wp\/v2\/product_brand?post=18033"},{"taxonomy":"product_cat","embeddable":true,"href":"https:\/\/agoravape.com\/pl\/wp-json\/wp\/v2\/product_cat?post=18033"},{"taxonomy":"product_tag","embeddable":true,"href":"https:\/\/agoravape.com\/pl\/wp-json\/wp\/v2\/product_tag?post=18033"}],"curies":[{"name":"wp","href":"https:\/\/api.w.org\/{rel}","templated":true}]}}