{"id":18050,"date":"2025-10-20T12:35:54","date_gmt":"2025-10-20T04:35:54","guid":{"rendered":"https:\/\/green-grasshopper-921422.hostingersite.com\/?post_type=product&#038;p=18050"},"modified":"2026-01-12T13:57:30","modified_gmt":"2026-01-12T05:57:30","slug":"urzadzenie-pluscig-x30-heat-not-burn","status":"publish","type":"product","link":"https:\/\/agoravape.com\/pl\/product\/pluscig-x30-heat-not-burn-device\/","title":{"rendered":"Pluscig X30 Heat Not Burn Device for TEREA Sticks - ca\u0142odzienna moc, czyste i sta\u0142e ciep\u0142o"},"content":{"rendered":"<h2 data-v-md-heading=\"pluscig-x30-heating-non-combustible-device-suitable-for-terea-cigars-what-are-the-advantages\" data-v-md-line=\"3\"><img loading=\"lazy\" decoding=\"async\" class=\"size-full wp-image-18067 alignright\" src=\"https:\/\/agoravape.com\/wp-content\/uploads\/2025\/10\/Pluscig-X30-Heat-Not-Burn-Device-for-Terea-Vape-Online_Agora_vape-3-scaled.webp\" alt=\"\" width=\"588\" height=\"2560\" srcset=\"https:\/\/agoravape.com\/wp-content\/uploads\/2025\/10\/Pluscig-X30-Heat-Not-Burn-Device-for-Terea-Vape-Online_Agora_vape-3-scaled.webp 588w, https:\/\/agoravape.com\/wp-content\/uploads\/2025\/10\/Pluscig-X30-Heat-Not-Burn-Device-for-Terea-Vape-Online_Agora_vape-3-69x300.webp 69w, https:\/\/agoravape.com\/wp-content\/uploads\/2025\/10\/Pluscig-X30-Heat-Not-Burn-Device-for-Terea-Vape-Online_Agora_vape-3-235x1024.webp 235w, https:\/\/agoravape.com\/wp-content\/uploads\/2025\/10\/Pluscig-X30-Heat-Not-Burn-Device-for-Terea-Vape-Online_Agora_vape-3-353x1536.webp 353w\" sizes=\"auto, (max-width: 588px) 100vw, 588px\" \/><\/h2>\n<h2 data-v-md-heading=\"pluscig-x30-heating-non-combustible-device-suitable-for-terea-cigars-what-are-the-advantages\" data-v-md-line=\"3\">Pluscig X30 urz\u0105dzenie grzewcze niepalne, odpowiednie do cygar TEREA, jakie s\u0105 zalety?<\/h2>\n<p data-v-md-line=\"4\">Je\u015bli chcesz z \u0142atwo\u015bci\u0105 cieszy\u0107 si\u0119 cygarami TEREA, Pluscig X30 u\u0142atwi Ci to zadanie. Zosta\u0142 zaprojektowany dla tych, kt\u00f3rzy szukaj\u0105 stabilnego ogrzewania, d\u0142ugotrwa\u0142ej wytrzyma\u0142o\u015bci i p\u0142ynnego palenia od jednego do pi\u0119\u0107dziesi\u0105tego cygara. Wystarczy w\u0142o\u017cy\u0107 cygaro TEREA i ustawi\u0107 odpowiedni\u0105 temperatur\u0119, aby rozpocz\u0105\u0107 korzystanie z urz\u0105dzenia.<\/p>\n<p data-v-md-line=\"6\">Jest odpowiedni dla ka\u017cdego, kto chce mie\u0107 znane do\u015bwiadczenie u\u017cytkownika i mo\u017ce dok\u0142adnie kontrolowa\u0107 temperatur\u0119 i czas. Ma niezawodn\u0105 wydajno\u015b\u0107 i nie ma potrzeby martwi\u0107 si\u0119 o \u0142adowanie w po\u0142owie.<\/p>\n<h2 data-v-md-heading=\"excellent-performance-easy-and-convenient\" data-v-md-line=\"8\">Doskona\u0142a wydajno\u015b\u0107, \u0142atwo\u015b\u0107 i wygoda<\/h2>\n<p data-v-md-line=\"9\">X30 mo\u017ce precyzyjnie podgrza\u0107 cygaro TEREA bez przypalania go. Oznacza to sp\u00f3jny smak i p\u0142ynniejsze ssanie. Mo\u017cesz dostosowa\u0107 temperatur\u0119 w zakresie 200-350 \u00b0 C do swoich upodoba\u0144, niezale\u017cnie od tego, czy wolisz ciep\u0142e, czy mi\u0119kkie, mo\u017cesz \u0142atwo zacz\u0105\u0107. Posiada r\u00f3wnie\u017c funkcj\u0119 automatycznego czyszczenia, kt\u00f3ra mo\u017ce utrzyma\u0107 wn\u0119k\u0119 w dobrym stanie mi\u0119dzy dwoma u\u017cyciami. Gdy bateria jest roz\u0142adowana, mo\u017cna j\u0105 na\u0142adowa\u0107 za pomoc\u0105 interfejsu typu C za pomoc\u0105 tego samego kabla do \u0142adowania, co telefon. To proste.<\/p>\n<p data-v-md-line=\"11\">Mo\u017cna pomy\u015ble\u0107, \u017ce tak du\u017ca bateria oznacza niepor\u0119czny rozmiar, ale X30 z \u0142atwo\u015bci\u0105 mie\u015bci si\u0119 w kieszeni i jest bardzo wygodny do trzymania w d\u0142oni.<\/p>\n<h2 data-v-md-heading=\"specification-introduction\" data-v-md-line=\"13\">Wprowadzenie do specyfikacji<\/h2>\n<ul data-v-md-line=\"14\">\n<li>Na jednym \u0142adowaniu mo\u017cna zu\u017cy\u0107 45-50 jednostek e-liquidu TEREA.<\/li>\n<li>Bateria: wbudowana bateria 3500 mAh<\/li>\n<li>Czas trwania ka\u017cdego u\u017cycia: domy\u015blnie 240 sekund<\/li>\n<li>Regulacja temperatury: regulowana w zakresie 200-350 \u00b0 C<\/li>\n<li>\u0141adowanie: USB typu C, oko\u0142o 120-180 minut do pe\u0142nego na\u0142adowania<\/li>\n<li>Spos\u00f3b u\u017cycia: W\u0142\u00f3\u017c TEREA e-liquid, naci\u015bnij, aby podgrza\u0107 i ciesz si\u0119<\/li>\n<li>Czyszczenie: Wbudowana funkcja automatycznego czyszczenia<\/li>\n<li>Materia\u0142: Materia\u0142 PEEK, sk\u00f3rzane zdobienia<\/li>\n<li>Wymiary i waga: 106,7 \u00d7 32 \u00d7 23 milimetry, 86,7 grama<\/li>\n<li>Kolory: Czarny, Pomara\u0144czowy, Niebieski, Br\u0105zowy<\/li>\n<li>Lista opakowa\u0144: Urz\u0105dzenie X30, kabel do transmisji danych Type-C, instrukcja obs\u0142ugi, karta gwarancyjna, pude\u0142ko upominkowe<\/li>\n<li>Status: Gotowy do u\u017cycia po rozpakowaniu<\/li>\n<\/ul>\n<h2 data-v-md-heading=\"full-range-of-products\" data-v-md-line=\"27\">Pe\u0142ny zakres produkt\u00f3w<\/h2>\n<ul data-v-md-line=\"28\">\n<li>To urz\u0105dzenie wykorzystuje e-liquid TEREA. Smak i st\u0119\u017cenie nikotyny zale\u017c\u0105 od wybranego tytoniu TEREA.<\/li>\n<\/ul>\n<h2 data-v-md-heading=\"for-you-and-for-your-business-as-well\" data-v-md-line=\"30\">Dla Ciebie i dla Twojej firmy<\/h2>\n<p data-v-md-line=\"31\">Chcesz kupi\u0107 dla siebie? Wystarczy wybra\u0107 kolor. X30 jest prosty w obs\u0142udze, \u0142atwy w utrzymaniu i mo\u017cna go \u0142atwo zintegrowa\u0107 z codziennym \u017cyciem.<\/p>\n<p data-v-md-line=\"33\">Chcesz uzupe\u0142ni\u0107 zapasy w sklepie? Oferujemy autentyczne produkty. <a class=\"wpil_keyword_link\" title=\"Pluscig\" href=\"https:\/\/agoravape.com\/pl\/vape-wedlug-marki\/pluscig\/\" data-wpil-keyword-link=\"linked\" data-wpil-monitor-id=\"43\">Pluscig X30<\/a> papierosy w bardzo konkurencyjnych cenach hurtowych. Zam\u00f3wienia hurtowe s\u0105 wysy\u0142ane za po\u015brednictwem partner\u00f3w takich jak UPS, DPD i DHL w systemie DDP na terenie ca\u0142ej Europy, co gwarantuje brak nieoczekiwanych komplikacji w urz\u0119dzie celnym i niezawodne \u015bledzenie przesy\u0142ki od pocz\u0105tku do ko\u0144ca. Czy chcesz okre\u015bli\u0107 konkretn\u0105 liczb\u0119 pude\u0142ek lub zam\u00f3wi\u0107 mieszane kolory? Skontaktuj si\u0119 z nami, a my wszystko zorganizujemy.<\/p>\n<h2 data-v-md-heading=\"why-do-you-like-it\" data-v-md-line=\"35\">Dlaczego to lubisz?<\/h2>\n<ul data-v-md-line=\"36\">\n<li>Bateria o du\u017cej pojemno\u015bci, bez zmartwie\u0144 i bez wysi\u0142ku: na jednym \u0142adowaniu mo\u017cna zu\u017cy\u0107 do 45-50 papieros\u00f3w, co oznacza, \u017ce nie ma potrzeby cz\u0119stego \u0142adowania w ci\u0105gu dnia.<\/li>\n<li>Ci\u0105g\u0142e podgrzewanie dla lepszej kontroli: regulowana temperatura dla idealnego do\u015bwiadczenia u\u017cytkownika za ka\u017cdym razem.<\/li>\n<li>Interfejs typu C, wygodne \u0142adowanie: Mo\u017cesz \u0142adowa\u0107 za pomoc\u0105 kabla, kt\u00f3ry nosisz przy sobie.<\/li>\n<li>Czystsza komora na e-ciecz dla lepszego smaku: Funkcja automatycznego czyszczenia pomaga zredukowa\u0107 pozosta\u0142o\u015bci e-cieczy po ka\u017cdym u\u017cyciu.<\/li>\n<li>Trwa\u0142e i wytrzyma\u0142e, wygodne w dotyku: Materia\u0142 PEEK w po\u0142\u0105czeniu ze sk\u00f3rzan\u0105 dekoracj\u0105, solidny i trwa\u0142y, stylowy wygl\u0105d.<\/li>\n<li>Zaprojektowany specjalnie dla TEREA: Zaprojektowany, aby uzupe\u0142nia\u0107 u\u017cycie pa\u0142eczek tytoniowych TEREA, zapewniaj\u0105c znajome wra\u017cenia u\u017cytkownika.<\/li>\n<\/ul>\n<h2 data-v-md-heading=\"why-collaborate-with-agoravape\" data-v-md-line=\"43\">Dlaczego warto wsp\u00f3\u0142pracowa\u0107 z AgoraVape?<\/h2>\n<p data-v-md-line=\"44\">Sprzedajemy wy\u0142\u0105cznie oryginalne produkty 100% i nie mamy co do tego \u017cadnych w\u0105tpliwo\u015bci. Oznacza to oryginalny asortyment Pluscig, przejrzyst\u0105 gwarancj\u0119 i responsywn\u0105 obs\u0142ug\u0119 posprzeda\u017cow\u0105. Nasi klienci B2B mog\u0105 korzysta\u0107 z obni\u017conych cen, szybkich us\u0142ug dostawy DDP na terenie Europy oraz elastycznych us\u0142ug dostawy \u015bwiadczonych przez zaufanych przewo\u017anik\u00f3w, takich jak UPS, DPD i DHL. Je\u015bli szukasz niepalnego urz\u0105dzenia grzewczego, z kt\u00f3rego klienci b\u0119d\u0105 korzysta\u0107 dzie\u0144 po dniu, <a class=\"wpil_keyword_link\" title=\"Pluscig\" href=\"https:\/\/agoravape.com\/pl\/marka\/pluscig\/\" data-wpil-keyword-link=\"linked\" data-wpil-monitor-id=\"64\">Pluscig X30<\/a> jest idealnym wyborem.<\/p>\n<p data-v-md-line=\"46\">\u015arodki ostro\u017cno\u015bci i techniki konserwacji:<\/p>\n<ul data-v-md-line=\"47\">\n<li>Aby uzyska\u0107 optymaln\u0105 wydajno\u015b\u0107, nale\u017cy odczeka\u0107, a\u017c urz\u0105dzenie zako\u0144czy automatyczny cykl czyszczenia. W razie potrzeby u\u017cyj suchego wacika, aby delikatnie r\u0119cznie wyczy\u015bci\u0107 komor\u0119 na e-liquid w celu utrzymania czysto\u015bci.<\/li>\n<li>Pr\u0119ty tytoniowe TEREA umo\u017cliwiaj\u0105 dostosowanie smaku i st\u0119\u017cenia nikotyny. Wybierz tyto\u0144, kt\u00f3ry odpowiada Twoim preferencjom w zakresie smaku i st\u0119\u017cenia nikotyny.<\/li>\n<li>Cena r\u00f3\u017cni si\u0119 w zale\u017cno\u015bci od pojemno\u015bci. Skontaktuj si\u0119 z nami, aby dowiedzie\u0107 si\u0119 o aktualnych rabatach detalicznych i hurtowych.<\/li>\n<\/ul>","protected":false},"excerpt":{"rendered":"<p>Niepalne urz\u0105dzenie grzewcze Pluscig X30, odpowiednie do cygar TEREA, jakie s\u0105 jego zalety? Je\u015bli chcesz \u0142atwo cieszy\u0107 si\u0119<\/p>","protected":false},"featured_media":18069,"comment_status":"open","ping_status":"closed","template":"","meta":[],"product_brand":[239],"product_cat":[124,165,166,191,178,173,190],"product_tag":[],"class_list":{"0":"post-18050","1":"product","2":"type-product","3":"status-publish","4":"has-post-thumbnail","6":"product_brand-pluscig","7":"product_cat-vape-by-brand","8":"product_cat-lavie","9":"product_cat-pluscig","10":"product_cat-rechargeable-disposables","11":"product_cat-tobacco","12":"product_cat-vape-by-flavor-profile","13":"product_cat-vape-by-feature-or-type","15":"first","16":"instock","17":"shipping-taxable","18":"purchasable","19":"product-type-variable","20":"has-default-attributes"},"tiered_pricing_type":"percentage","tiered_pricing_fixed_rules":[],"tiered_pricing_product_settings":{"layout":"default","base_unit_name":{"singular":null,"plural":null},"default_variation":null},"tiered_pricing_minimum_quantity":20,"tiered_pricing_roles_data":[],"tiered_pricing_percentage_rules":{"50":"35","100":"40","200":"44","500":"47","1000":"49"},"tiered_pricing_maximum_quantity":null,"tiered_pricing_quantity_step":"10","_links":{"self":[{"href":"https:\/\/agoravape.com\/pl\/wp-json\/wp\/v2\/product\/18050","targetHints":{"allow":["GET"]}}],"collection":[{"href":"https:\/\/agoravape.com\/pl\/wp-json\/wp\/v2\/product"}],"about":[{"href":"https:\/\/agoravape.com\/pl\/wp-json\/wp\/v2\/types\/product"}],"replies":[{"embeddable":true,"href":"https:\/\/agoravape.com\/pl\/wp-json\/wp\/v2\/comments?post=18050"}],"version-history":[{"count":0,"href":"https:\/\/agoravape.com\/pl\/wp-json\/wp\/v2\/product\/18050\/revisions"}],"wp:featuredmedia":[{"embeddable":true,"href":"https:\/\/agoravape.com\/pl\/wp-json\/wp\/v2\/media\/18069"}],"wp:attachment":[{"href":"https:\/\/agoravape.com\/pl\/wp-json\/wp\/v2\/media?parent=18050"}],"wp:term":[{"taxonomy":"product_brand","embeddable":true,"href":"https:\/\/agoravape.com\/pl\/wp-json\/wp\/v2\/product_brand?post=18050"},{"taxonomy":"product_cat","embeddable":true,"href":"https:\/\/agoravape.com\/pl\/wp-json\/wp\/v2\/product_cat?post=18050"},{"taxonomy":"product_tag","embeddable":true,"href":"https:\/\/agoravape.com\/pl\/wp-json\/wp\/v2\/product_tag?post=18050"}],"curies":[{"name":"wp","href":"https:\/\/api.w.org\/{rel}","templated":true}]}}