{"id":18077,"date":"2025-10-20T13:01:26","date_gmt":"2025-10-20T05:01:26","guid":{"rendered":"https:\/\/green-grasshopper-921422.hostingersite.com\/?post_type=product&#038;p=18077"},"modified":"2026-01-12T13:57:48","modified_gmt":"2026-01-12T05:57:48","slug":"pluscig-c20-terea-kompatybilny","status":"publish","type":"product","link":"https:\/\/agoravape.com\/pl\/product\/pluscig-c20-terea-compatible\/","title":{"rendered":"Pluscig C20 TEREA Urz\u0105dzenie kompatybilne z Heat Not Burn | Regulowane ciep\u0142o, proste \u0142adowanie przez Type-C"},"content":{"rendered":"<h2 data-v-md-heading=\"what-are-the-advantages-of-pluscig-c20-terea-compatibility-with-non-combustible-heating-equipment\" data-v-md-line=\"3\">Jakie s\u0105 zalety kompatybilno\u015bci Pluscig C20 TEREA z niepalnymi urz\u0105dzeniami grzewczymi?<\/h2>\n<p data-v-md-line=\"4\">Je\u015bli chcesz do\u015bwiadczy\u0107 smaku prawdziwych papieros\u00f3w bez \u017cadnych k\u0142opot\u00f3w, Pluscig C20 mo\u017ce ci to u\u0142atwi\u0107. Jest w pe\u0142ni kompatybilny z patyczkami tytoniowymi TEREA i mo\u017ce kontrolowa\u0107 temperatur\u0119, umo\u017cliwiaj\u0105c \u0142atwe kontrolowanie ulubionych smak\u00f3w.<\/p>\n<p data-v-md-line=\"6\">Mo\u017cna pomy\u015ble\u0107, \u017ce urz\u0105dzenia wyposa\u017cone w baterie 3500 mAh s\u0105 niepor\u0119czne, ale C20 ma tylko 106 milimetr\u00f3w wysoko\u015bci i wa\u017cy 87,5 grama, a mimo to jest \u0142atwy do przenoszenia. Wykonany jest ze stopu aluminium, z g\u0142adk\u0105 powierzchni\u0105 i solidnym wyczuciem d\u0142oni. \u0141atwy w u\u017cyciu, wytrzyma\u0142y i trwa\u0142y, nie musisz martwi\u0107 si\u0119 o problemy z \u0142adowaniem.<\/p>\n<h2 data-v-md-heading=\"excellent-performance-easy-and-convenient\" data-v-md-line=\"8\">Doskona\u0142a wydajno\u015b\u0107, \u0142atwo\u015b\u0107 i wygoda<\/h2>\n<p data-v-md-line=\"9\">C20 mo\u017ce dok\u0142adnie kontrolowa\u0107 temperatur\u0119 w zakresie 200-350 \u00b0 C i r\u00f3wnomiernie podgrzewa\u0107 pr\u0119t tytoniowy TEREA. Oznacza to, \u017ce stabilny smak mo\u017ce by\u0107 utrzymany od pocz\u0105tku do ko\u0144ca, zamiast by\u0107 gor\u0105cym i zimnym. Korzystanie z domy\u015blnych 240 sekund za ka\u017cdym razem pozwala osi\u0105gn\u0105\u0107 znajomy rytm bez martwienia si\u0119 o dbanie o urz\u0105dzenie. Gdy poziom na\u0142adowania baterii jest niski, mo\u017cna j\u0105 na\u0142adowa\u0107 za po\u015brednictwem interfejsu Type-C. Korzystanie z tego samego kabla do transmisji danych co telefon kom\u00f3rkowy jest \u0142atwe i wygodne.<\/p>\n<h2 data-v-md-heading=\"specification-introduction\" data-v-md-line=\"11\">Wprowadzenie do specyfikacji<\/h2>\n<ul data-v-md-line=\"12\">\n<li>Liczba zaci\u0105gni\u0119\u0107: Na jednym pe\u0142nym na\u0142adowaniu mo\u017cna u\u017cy\u0107 do 45-50 wk\u0142ad\u00f3w TEREA<\/li>\n<li>Zawarto\u015b\u0107 nikotyny: zale\u017cy od wk\u0142adu TEREA; to urz\u0105dzenie nie zawiera nikotyny.<\/li>\n<li>Zasada dzia\u0142ania: W\u0142\u00f3\u017c wk\u0142ad TEREA, ustaw temperatur\u0119, naci\u015bnij, aby podgrza\u0107; Domy\u015blne u\u017cycie 240 sekund; Funkcja automatycznego czyszczenia<\/li>\n<li>\u0141adowanie: Interfejs USB typu C; Pe\u0142ne na\u0142adowanie zajmuje oko\u0142o 120-180 minut.<\/li>\n<li>Bateria: 3500 mAh<\/li>\n<li>Rozmiar i waga: 106 \u00d7 30 \u00d7 21 mm; 87,5 grama<\/li>\n<li>Materia\u0142: PEEK + stop aluminium<\/li>\n<li>Zakres temperatur: regulowany w zakresie 200-350\u00b0C<\/li>\n<li>Kolor: czarny, bia\u0142y, fioletowy, z\u0142oty gradientowy<\/li>\n<li>Stan: Gotowy do u\u017cycia po rozpakowaniu; Zawiera sprz\u0119t, kabel do transmisji danych typu C, instrukcj\u0119 obs\u0142ugi i kart\u0119 gwarancyjn\u0105<\/li>\n<li>Kompatybilno\u015b\u0107: Mo\u017ce by\u0107 u\u017cywany w po\u0142\u0105czeniu z patyczkami TEREA<\/li>\n<\/ul>\n<h2 data-v-md-heading=\"for-you-and-for-your-business-as-well\" data-v-md-line=\"24\">Dla Ciebie i dla Twojej firmy<\/h2>\n<p data-v-md-line=\"25\">Chcesz kupi\u0107 dla siebie? Dodaj C20 do koszyka i wybierz lokalnie po\u017c\u0105dany pr\u0119t tytoniowy TEREA. Chcesz dokona\u0107 zakupu dla swojego sklepu? Oferujemy konkurencyjne ceny hurtowe i stabilne dostawy w Pluscig. Mo\u017cemy dostarczy\u0107 wymagan\u0105 liczb\u0119 karton\u00f3w i stawki za sortowanie.<\/p>\n<p data-v-md-line=\"27\">\u015awiadczymy us\u0142ugi dostawy DDP w Europie za po\u015brednictwem UPS, DPD i DHL. Taryfy s\u0105 przetwarzane przed wysy\u0142k\u0105, wi\u0119c nie b\u0119dzie \u017cadnych wypadk\u00f3w przy odprawie celnej. Mo\u017cesz uzyska\u0107 niezawodne \u015bledzenie i szybki obr\u00f3t, aby upewni\u0107 si\u0119, \u017ce Twoje zapasy na p\u00f3\u0142kach s\u0105 wystarczaj\u0105ce.<\/p>\n<h2 data-v-md-heading=\"why-do-you-like-it\" data-v-md-line=\"29\">Dlaczego to lubisz?<\/h2>\n<ul data-v-md-line=\"30\">\n<li>Bardzo d\u0142uga \u017cywotno\u015b\u0107 baterii: na jednym \u0142adowaniu mo\u017cna u\u017cywa\u0107 do 45-50 urz\u0105dze\u0144, co pozwala \u0142adowa\u0107 mniej i cieszy\u0107 si\u0119 wi\u0119cej<\/li>\n<li>Regulowana temperatura: Dostosuj temperatur\u0119 do swojego tytoniu i smaku<\/li>\n<li>\u0141adowanie typu C: Wszystkie operacje mo\u017cna wykona\u0107 za pomoc\u0105 tylko jednego kabla do transmisji danych, dzi\u0119ki czemu wszystko jest proste<\/li>\n<li>Kompaktowa konstrukcja: lekka i przeno\u015bna, \u0142atwa do przenoszenia<\/li>\n<li>Automatyczne czyszczenie: szybka konserwacja mi\u0119dzy u\u017cyciami w celu utrzymania stabilnej wydajno\u015bci<\/li>\n<li>Kompatybilny z TEREA: u\u017cyj znanego pr\u0119ta tytoniowego<\/li>\n<\/ul>\n<h2 data-v-md-heading=\"why-choose-to-collaborate-with-agoravape\" data-v-md-line=\"37\">Dlaczego warto zdecydowa\u0107 si\u0119 na wsp\u00f3\u0142prac\u0119 z AgoraVape?<\/h2>\n<p data-v-md-line=\"38\">Posiadamy w magazynie oryginalny sprz\u0119t Pluscig 100% w przyst\u0119pnych cenach i z niezawodnym wsparciem posprzeda\u017cowym. Zam\u00f3wienia handlowe s\u0105 wysy\u0142ane szybko za pomoc\u0105 DDP, aby unikn\u0105\u0107 op\u00f3\u017anie\u0144 i ukrytych koszt\u00f3w importu. P\u0142atno\u015bci dokonywane s\u0105 za po\u015brednictwem bezpiecznej bramki, a my przestrzegamy unijnych standard\u00f3w weryfikacji wieku i bezpiecze\u0144stwa produkt\u00f3w. Potrzebujesz pomocy gwarancyjnej lub \u0142atwego zwrotu? Nasz zesp\u00f3\u0142 szybko si\u0119 tym zajmie, pozwalaj\u0105c Ci skupi\u0107 si\u0119 na sprzeda\u017cy.<\/p>\n<p data-v-md-line=\"40\">Je\u015bli chodzi o sprzeda\u017c hurtow\u0105, czas dostawy lub ilo\u015b\u0107 karton\u00f3w? Skontaktuj si\u0119 z nami, a my rozwi\u0105\u017cemy je za Ciebie.<\/p>","protected":false},"excerpt":{"rendered":"<p>&nbsp;<\/p>\n<p><script src=\"chrome-extension:\/\/fpelahbljekknahkcaegamhcndkfpfnc\/iFrame.js\" type=\"text\/javascript\"><\/script><\/p>\n<p><script src=\"chrome-extension:\/\/fpelahbljekknahkcaegamhcndkfpfnc\/iFrame.js\" type=\"text\/javascript\"><\/script><\/p>\n<p><script src=\"chrome-extension:\/\/fpelahbljekknahkcaegamhcndkfpfnc\/iFrame.js\" type=\"text\/javascript\"><\/script><\/p>\n<p><script src=\"chrome-extension:\/\/fpelahbljekknahkcaegamhcndkfpfnc\/iFrame.js\" type=\"text\/javascript\"><\/script><\/p>\n<p><script src=\"chrome-extension:\/\/fpelahbljekknahkcaegamhcndkfpfnc\/iFrame.js\" type=\"text\/javascript\"><\/script><\/p>\n<p><script src=\"chrome-extension:\/\/fpelahbljekknahkcaegamhcndkfpfnc\/iFrame.js\" type=\"text\/javascript\"><\/script><\/p>\n<p><script src=\"chrome-extension:\/\/fpelahbljekknahkcaegamhcndkfpfnc\/iFrame.js\" type=\"text\/javascript\"><\/script><\/p>\n<p><script src=\"chrome-extension:\/\/fpelahbljekknahkcaegamhcndkfpfnc\/iFrame.js\" type=\"text\/javascript\"><\/script><\/p>\n<p><script src=\"chrome-extension:\/\/fpelahbljekknahkcaegamhcndkfpfnc\/iFrame.js\" type=\"text\/javascript\"><\/script><\/p>\n<p><script src=\"chrome-extension:\/\/fpelahbljekknahkcaegamhcndkfpfnc\/iFrame.js\" type=\"text\/javascript\"><\/script><\/p>\n<p><script src=\"chrome-extension:\/\/fpelahbljekknahkcaegamhcndkfpfnc\/iFrame.js\" type=\"text\/javascript\"><\/script><\/p>\n<p><script src=\"chrome-extension:\/\/fpelahbljekknahkcaegamhcndkfpfnc\/iFrame.js\" type=\"text\/javascript\"><\/script><\/p>\n<p><script src=\"chrome-extension:\/\/fpelahbljekknahkcaegamhcndkfpfnc\/iFrame.js\" type=\"text\/javascript\"><\/script><\/p>\n<p><script src=\"chrome-extension:\/\/fpelahbljekknahkcaegamhcndkfpfnc\/iFrame.js\" type=\"text\/javascript\"><\/script><\/p>\n<p><script src=\"chrome-extension:\/\/fpelahbljekknahkcaegamhcndkfpfnc\/iFrame.js\" type=\"text\/javascript\"><\/script><\/p>\n<p><script src=\"chrome-extension:\/\/fpelahbljekknahkcaegamhcndkfpfnc\/iFrame.js\" type=\"text\/javascript\"><\/script><\/p>\n<p><script src=\"chrome-extension:\/\/fpelahbljekknahkcaegamhcndkfpfnc\/iFrame.js\" type=\"text\/javascript\"><\/script><\/p>\n<p><script src=\"chrome-extension:\/\/fpelahbljekknahkcaegamhcndkfpfnc\/iFrame.js\" type=\"text\/javascript\"><\/script><\/p>","protected":false},"featured_media":18086,"comment_status":"open","ping_status":"closed","template":"","meta":[],"product_brand":[239],"product_cat":[124,165,166,191,178,173,190],"product_tag":[],"class_list":{"0":"post-18077","1":"product","2":"type-product","3":"status-publish","4":"has-post-thumbnail","6":"product_brand-pluscig","7":"product_cat-vape-by-brand","8":"product_cat-lavie","9":"product_cat-pluscig","10":"product_cat-rechargeable-disposables","11":"product_cat-tobacco","12":"product_cat-vape-by-flavor-profile","13":"product_cat-vape-by-feature-or-type","15":"first","16":"instock","17":"shipping-taxable","18":"purchasable","19":"product-type-variable","20":"has-default-attributes"},"tiered_pricing_type":"percentage","tiered_pricing_fixed_rules":[],"tiered_pricing_product_settings":{"layout":"default","base_unit_name":{"singular":null,"plural":null},"default_variation":null},"tiered_pricing_minimum_quantity":20,"tiered_pricing_roles_data":[],"tiered_pricing_percentage_rules":{"50":"35","100":"40","200":"44","500":"47","1000":"49"},"tiered_pricing_maximum_quantity":null,"tiered_pricing_quantity_step":"10","_links":{"self":[{"href":"https:\/\/agoravape.com\/pl\/wp-json\/wp\/v2\/product\/18077","targetHints":{"allow":["GET"]}}],"collection":[{"href":"https:\/\/agoravape.com\/pl\/wp-json\/wp\/v2\/product"}],"about":[{"href":"https:\/\/agoravape.com\/pl\/wp-json\/wp\/v2\/types\/product"}],"replies":[{"embeddable":true,"href":"https:\/\/agoravape.com\/pl\/wp-json\/wp\/v2\/comments?post=18077"}],"version-history":[{"count":0,"href":"https:\/\/agoravape.com\/pl\/wp-json\/wp\/v2\/product\/18077\/revisions"}],"wp:featuredmedia":[{"embeddable":true,"href":"https:\/\/agoravape.com\/pl\/wp-json\/wp\/v2\/media\/18086"}],"wp:attachment":[{"href":"https:\/\/agoravape.com\/pl\/wp-json\/wp\/v2\/media?parent=18077"}],"wp:term":[{"taxonomy":"product_brand","embeddable":true,"href":"https:\/\/agoravape.com\/pl\/wp-json\/wp\/v2\/product_brand?post=18077"},{"taxonomy":"product_cat","embeddable":true,"href":"https:\/\/agoravape.com\/pl\/wp-json\/wp\/v2\/product_cat?post=18077"},{"taxonomy":"product_tag","embeddable":true,"href":"https:\/\/agoravape.com\/pl\/wp-json\/wp\/v2\/product_tag?post=18077"}],"curies":[{"name":"wp","href":"https:\/\/api.w.org\/{rel}","templated":true}]}}