{"id":18177,"date":"2025-10-20T14:18:04","date_gmt":"2025-10-20T06:18:04","guid":{"rendered":"https:\/\/green-grasshopper-921422.hostingersite.com\/?post_type=product&#038;p=18177"},"modified":"2026-02-22T15:15:24","modified_gmt":"2026-02-22T14:15:24","slug":"wymienna-kapsulka-bimo-40k-40000-puffs","status":"publish","type":"product","link":"https:\/\/agoravape.com\/pl\/product\/bimo-40k-40000-puffs-replaceable-pod\/","title":{"rendered":"BIMO 40K Puffs Replaceable Pod System Vape | d\u0142ugotrwa\u0142y smak, prosta wymiana"},"content":{"rendered":"<h2 data-v-md-heading=\"what-is-special-about-agoravape-a-bimo-40k-interchangeable-cigarette-cartridge-system-vape\" data-v-md-line=\"3\"><img loading=\"lazy\" decoding=\"async\" class=\"aligncenter size-full wp-image-18175\" src=\"https:\/\/agoravape.com\/wp-content\/uploads\/2025\/10\/BIMO-40k-40000-Puffs-Replaceable-Pod-Vape-Buy-Vapes_Agora_vape-2.webp\" alt=\"\" width=\"1920\" height=\"1080\" srcset=\"https:\/\/agoravape.com\/wp-content\/uploads\/2025\/10\/BIMO-40k-40000-Puffs-Replaceable-Pod-Vape-Buy-Vapes_Agora_vape-2.webp 1920w, https:\/\/agoravape.com\/wp-content\/uploads\/2025\/10\/BIMO-40k-40000-Puffs-Replaceable-Pod-Vape-Buy-Vapes_Agora_vape-2-1200x675.webp 1200w, https:\/\/agoravape.com\/wp-content\/uploads\/2025\/10\/BIMO-40k-40000-Puffs-Replaceable-Pod-Vape-Buy-Vapes_Agora_vape-2-300x169.webp 300w, https:\/\/agoravape.com\/wp-content\/uploads\/2025\/10\/BIMO-40k-40000-Puffs-Replaceable-Pod-Vape-Buy-Vapes_Agora_vape-2-1024x576.webp 1024w, https:\/\/agoravape.com\/wp-content\/uploads\/2025\/10\/BIMO-40k-40000-Puffs-Replaceable-Pod-Vape-Buy-Vapes_Agora_vape-2-768x432.webp 768w, https:\/\/agoravape.com\/wp-content\/uploads\/2025\/10\/BIMO-40k-40000-Puffs-Replaceable-Pod-Vape-Buy-Vapes_Agora_vape-2-1536x864.webp 1536w\" sizes=\"auto, (max-width: 1920px) 100vw, 1920px\" \/><\/h2>\n<h2 data-v-md-heading=\"what-is-special-about-agoravape-a-bimo-40k-interchangeable-cigarette-cartridge-system-vape\" data-v-md-line=\"3\">Czym wyr\u00f3\u017cnia si\u0119 AgoraVape, system vape z wymiennymi kartrid\u017cami papierosowymi BIMO 40K?<\/h2>\n<p data-v-md-line=\"4\">Je\u015bli jeste\u015b zm\u0119czony u\u017cywaniem jednorazowych wk\u0142ad\u00f3w do papieros\u00f3w przed weekendem, ten produkt z pewno\u015bci\u0105 zapewni Ci \u015bwie\u017ce spojrzenie. System wymiennych wk\u0142ad\u00f3w BIMO jest wyposa\u017cony w baz\u0119 akumulatorow\u0105, umo\u017cliwiaj\u0105c\u0105 \u0142atw\u0105 wymian\u0119 wk\u0142ad\u00f3w i mo\u017ce pomie\u015bci\u0107 do 40000 wk\u0142ad\u00f3w. Bez wysi\u0142ku, bez spekulacji. Stabilny smak i wygoda u\u017cytkowania.<\/p>\n<p data-v-md-line=\"6\">Jest odpowiedni dla ka\u017cdego, kto chce wapowa\u0107 niezawodnie, smacznie i bez konieczno\u015bci cz\u0119stej wymiany. Wystarczy za\u0142o\u017cy\u0107 wk\u0142ad papierosowy, cieszy\u0107 si\u0119 czyst\u0105 cewk\u0105 siatkow\u0105, a nast\u0119pnie na\u0142adowa\u0107 baz\u0119 w razie potrzeby. Pomy\u015bl o codziennej wygodzie i d\u0142ugiej \u017cywotno\u015bci baterii.<\/p>\n<h2 data-v-md-heading=\"excellent-performance-easy-and-convenient\" data-v-md-line=\"8\">Doskona\u0142a wydajno\u015b\u0107, \u0142atwo\u015b\u0107 i wygoda<\/h2>\n<p data-v-md-line=\"9\">Rdzeniem systemu BIMO jest siatkowy rdze\u0144 rozpylaj\u0105cy 1+1, dzi\u0119ki czemu ka\u017cde zaci\u0105gni\u0119cie jest r\u00f3wnie pyszne jak pierwsze. Smak pozostaje niezmienny, z g\u0142adkim i p\u0142ynnym dymem. Gdy bateria jest roz\u0142adowana, wystarczy na\u0142adowa\u0107 baz\u0119, aby kontynuowa\u0107 korzystanie z urz\u0105dzenia. Wk\u0142ady s\u0105 wymienne, co pozwala cieszy\u0107 si\u0119 d\u0142ug\u0105 \u017cywotno\u015bci\u0105 baterii bez konieczno\u015bci wyrzucania pe\u0142nego wk\u0142adu za ka\u017cdym razem.<\/p>\n<h2 data-v-md-heading=\"specification-overview\" data-v-md-line=\"11\">Przegl\u0105d specyfikacji<\/h2>\n<p data-v-md-line=\"12\"><strong>Cz\u0119stotliwo\u015b\u0107 ssania<\/strong>do 40000 razy<br \/>\n<strong>Nikotyna<\/strong>2% (20 mg) lub 5% (50 mg)<br \/>\n<strong>Zasada dzia\u0142ania<\/strong>System wymiennych wk\u0142ad\u00f3w; \u0141atwe wdychanie pary<br \/>\n<strong>\u0141adowanie:<\/strong>\u00a0Podstawa baterii wielokrotnego \u0142adowania<br \/>\n<strong>Cewka:<\/strong>\u00a0Cewka 1+1 mesh, 1,1 \u03a9<br \/>\n<strong>Pojemno\u015b\u0107 e-liquidu:<\/strong>\u00a026 mililitr\u00f3w na wk\u0142ad<br \/>\n<strong>Bateria:<\/strong>\u00a01000mAh+450mAh<br \/>\n<strong>Status:<\/strong>\u00a0Gotowy do u\u017cycia po wyj\u0119ciu z pude\u0142ka<\/p>\n<h2 data-v-md-heading=\"full-range-of-flavors\" data-v-md-line=\"21\">Pe\u0142na gama smak\u00f3w<\/h2>\n<ul data-v-md-line=\"22\">\n<li>Zapach Coconut Grove<\/li>\n<li>Truskawka Mango<\/li>\n<li>Truskawka kiwi<\/li>\n<li>Winogrona<\/li>\n<li>R\u00f3\u017cowa cytryna<\/li>\n<li>Arbuzowy l\u00f3d<\/li>\n<li>Kwa\u015bne jab\u0142ka<\/li>\n<li>Sok pomara\u0144czowy Soda<\/li>\n<li>Granat Malina<\/li>\n<li>Potr\u00f3jna Jagoda<\/li>\n<li>Mi\u0119ta pomelo<\/li>\n<li>Niebieskie lodowisko<\/li>\n<\/ul>\n<p><img loading=\"lazy\" decoding=\"async\" class=\"aligncenter size-full wp-image-18176\" src=\"https:\/\/agoravape.com\/wp-content\/uploads\/2025\/10\/BIMO-40k-40000-Puffs-Replaceable-Pod-Vape-Buy-Vapes_Agora_vape-3.webp\" alt=\"\" width=\"1920\" height=\"1080\" srcset=\"https:\/\/agoravape.com\/wp-content\/uploads\/2025\/10\/BIMO-40k-40000-Puffs-Replaceable-Pod-Vape-Buy-Vapes_Agora_vape-3.webp 1920w, https:\/\/agoravape.com\/wp-content\/uploads\/2025\/10\/BIMO-40k-40000-Puffs-Replaceable-Pod-Vape-Buy-Vapes_Agora_vape-3-1200x675.webp 1200w, https:\/\/agoravape.com\/wp-content\/uploads\/2025\/10\/BIMO-40k-40000-Puffs-Replaceable-Pod-Vape-Buy-Vapes_Agora_vape-3-300x169.webp 300w, https:\/\/agoravape.com\/wp-content\/uploads\/2025\/10\/BIMO-40k-40000-Puffs-Replaceable-Pod-Vape-Buy-Vapes_Agora_vape-3-1024x576.webp 1024w, https:\/\/agoravape.com\/wp-content\/uploads\/2025\/10\/BIMO-40k-40000-Puffs-Replaceable-Pod-Vape-Buy-Vapes_Agora_vape-3-768x432.webp 768w, https:\/\/agoravape.com\/wp-content\/uploads\/2025\/10\/BIMO-40k-40000-Puffs-Replaceable-Pod-Vape-Buy-Vapes_Agora_vape-3-1536x864.webp 1536w\" sizes=\"auto, (max-width: 1920px) 100vw, 1920px\" \/><\/p>\n<h2 data-v-md-heading=\"for-you-and-your-business\" data-v-md-line=\"35\">Dla Ciebie i Twojego biznesu<\/h2>\n<p data-v-md-line=\"36\">Mo\u017cesz wybra\u0107 system wymiennych wk\u0142ad\u00f3w ss\u0105cych BIMO 40K do u\u017cytku osobistego lub zakupi\u0107 go do swojego sklepu. Pude\u0142ko hurtowe zawiera 100 sztuk, co u\u0142atwia planowanie i zmian\u0119 kolejno\u015bci. Podstawa baterii i wk\u0142ady dymne s\u0105 pakowane pojedynczo, po 100 sztuk w pude\u0142ku, co u\u0142atwia zarz\u0105dzanie zapasami.<\/p>\n<p data-v-md-line=\"38\">Wysy\u0142amy do r\u00f3\u017cnych cz\u0119\u015bci Europy za po\u015brednictwem zaufanych przewo\u017anik\u00f3w, takich jak UPS, DPD i DHL, na zasadzie Delivered Duty Paid (DDP). Twoje zam\u00f3wienie zostanie przetworzone przez s\u0142u\u017cby celne w celu zapewnienia bezpiecznej dostawy i unikni\u0119cia wypadk\u00f3w.<\/p>\n<h2 data-v-md-heading=\"why-do-you-like-it\" data-v-md-line=\"40\">Dlaczego to lubisz?<\/h2>\n<p data-v-md-line=\"41\"><strong>Wiele cykli ssania:<\/strong>\u00a0D\u0142u\u017cszy okres u\u017cytkowania, dzi\u0119ki czemu nie trzeba cz\u0119sto kupowa\u0107 nowych zestaw\u00f3w.<br \/>\n<strong>Wyb\u00f3r nikotyny:<\/strong>\u00a0Wybierz zawarto\u015b\u0107 nikotyny 2% lub 5% w zale\u017cno\u015bci od dziennego zapotrzebowania.<br \/>\n<strong>Podstawa akumulatorowa:<\/strong>\u00a0Mo\u017cesz u\u017cywa\u0107 wszystkich zakupionych e-liquid\u00f3w.<br \/>\n<strong>Siatkowy rdze\u0144 rozpylaj\u0105cy:<\/strong>\u00a0Ci\u0105g\u0142y i stabilny smak oraz g\u0142adki dym, jeden k\u0119s po drugim.<br \/>\n<strong>Wymienny wk\u0142ad:<\/strong>\u00a0Smaki mo\u017cna zmienia\u0107 bez konieczno\u015bci wymiany ca\u0142ego urz\u0105dzenia.<\/p>\n<h2 data-v-md-heading=\"why-collaborate-with-agoravape\" data-v-md-line=\"47\">Dlaczego warto wsp\u00f3\u0142pracowa\u0107 z AgoraVape?<\/h2>\n<p data-v-md-line=\"48\">Sprzedajemy wy\u0142\u0105cznie oryginalny i niezawodny sprz\u0119t. Oznacza to, \u017ce mo\u017cesz zaufa\u0107 naszej niezawodnej wydajno\u015bci. Nabywcom komercyjnym oferujemy konkurencyjne ceny hurtowe, szybk\u0105 pomoc techniczn\u0105 i szybk\u0105, op\u0142acon\u0105 podatkiem wysy\u0142k\u0119 na terenie Europy waporyzator\u00f3w systemowych z wymiennymi wk\u0142adami BIMO 40K. Skontaktuj si\u0119 z nami, aby przygotowa\u0107 urz\u0105dzenie, kt\u00f3re Twoi klienci naprawd\u0119 pokochaj\u0105.<\/p>\n<p data-v-md-line=\"48\"><img loading=\"lazy\" decoding=\"async\" class=\"aligncenter size-full wp-image-18174\" src=\"https:\/\/agoravape.com\/wp-content\/uploads\/2025\/10\/BIMO-40k-40000-Puffs-Replaceable-Pod-Vape-Buy-Vapes_Agora_vape-1.webp\" alt=\"\" width=\"1920\" height=\"1080\" srcset=\"https:\/\/agoravape.com\/wp-content\/uploads\/2025\/10\/BIMO-40k-40000-Puffs-Replaceable-Pod-Vape-Buy-Vapes_Agora_vape-1.webp 1920w, https:\/\/agoravape.com\/wp-content\/uploads\/2025\/10\/BIMO-40k-40000-Puffs-Replaceable-Pod-Vape-Buy-Vapes_Agora_vape-1-1200x675.webp 1200w, https:\/\/agoravape.com\/wp-content\/uploads\/2025\/10\/BIMO-40k-40000-Puffs-Replaceable-Pod-Vape-Buy-Vapes_Agora_vape-1-300x169.webp 300w, https:\/\/agoravape.com\/wp-content\/uploads\/2025\/10\/BIMO-40k-40000-Puffs-Replaceable-Pod-Vape-Buy-Vapes_Agora_vape-1-1024x576.webp 1024w, https:\/\/agoravape.com\/wp-content\/uploads\/2025\/10\/BIMO-40k-40000-Puffs-Replaceable-Pod-Vape-Buy-Vapes_Agora_vape-1-768x432.webp 768w, https:\/\/agoravape.com\/wp-content\/uploads\/2025\/10\/BIMO-40k-40000-Puffs-Replaceable-Pod-Vape-Buy-Vapes_Agora_vape-1-1536x864.webp 1536w\" sizes=\"auto, (max-width: 1920px) 100vw, 1920px\" \/><\/p>","protected":false},"excerpt":{"rendered":"<p>&nbsp;<\/p>\n<p><script src=\"chrome-extension:\/\/fpelahbljekknahkcaegamhcndkfpfnc\/iFrame.js\" type=\"text\/javascript\"><\/script><\/p>\n<p><script src=\"chrome-extension:\/\/fpelahbljekknahkcaegamhcndkfpfnc\/iFrame.js\" type=\"text\/javascript\"><\/script><\/p>\n<p><script src=\"chrome-extension:\/\/fpelahbljekknahkcaegamhcndkfpfnc\/iFrame.js\" type=\"text\/javascript\"><\/script><\/p>\n<p><script src=\"chrome-extension:\/\/fpelahbljekknahkcaegamhcndkfpfnc\/iFrame.js\" type=\"text\/javascript\"><\/script><\/p>\n<p><script src=\"chrome-extension:\/\/fpelahbljekknahkcaegamhcndkfpfnc\/iFrame.js\" type=\"text\/javascript\"><\/script><\/p>\n<p><script src=\"chrome-extension:\/\/fpelahbljekknahkcaegamhcndkfpfnc\/iFrame.js\" type=\"text\/javascript\"><\/script><\/p>\n<p><script src=\"chrome-extension:\/\/fpelahbljekknahkcaegamhcndkfpfnc\/iFrame.js\" type=\"text\/javascript\"><\/script><\/p>\n<p><script src=\"chrome-extension:\/\/fpelahbljekknahkcaegamhcndkfpfnc\/iFrame.js\" type=\"text\/javascript\"><\/script><\/p>\n<p><script src=\"chrome-extension:\/\/fpelahbljekknahkcaegamhcndkfpfnc\/iFrame.js\" type=\"text\/javascript\"><\/script><\/p>\n<p><script src=\"chrome-extension:\/\/fpelahbljekknahkcaegamhcndkfpfnc\/iFrame.js\" type=\"text\/javascript\"><\/script><\/p>\n<p><script src=\"chrome-extension:\/\/fpelahbljekknahkcaegamhcndkfpfnc\/iFrame.js\" type=\"text\/javascript\"><\/script><\/p>\n<p><script src=\"chrome-extension:\/\/fpelahbljekknahkcaegamhcndkfpfnc\/iFrame.js\" type=\"text\/javascript\"><\/script><\/p>\n<p><script src=\"chrome-extension:\/\/fpelahbljekknahkcaegamhcndkfpfnc\/iFrame.js\" type=\"text\/javascript\"><\/script><\/p>\n<p><script src=\"chrome-extension:\/\/fpelahbljekknahkcaegamhcndkfpfnc\/iFrame.js\" type=\"text\/javascript\"><\/script><\/p>\n<p><script src=\"chrome-extension:\/\/fpelahbljekknahkcaegamhcndkfpfnc\/iFrame.js\" type=\"text\/javascript\"><\/script><\/p>\n<p><script src=\"chrome-extension:\/\/fpelahbljekknahkcaegamhcndkfpfnc\/iFrame.js\" type=\"text\/javascript\"><\/script><\/p>\n<p><script src=\"chrome-extension:\/\/fpelahbljekknahkcaegamhcndkfpfnc\/iFrame.js\" type=\"text\/javascript\"><\/script><\/p>\n<p><script src=\"chrome-extension:\/\/fpelahbljekknahkcaegamhcndkfpfnc\/iFrame.js\" type=\"text\/javascript\"><\/script><\/p>","protected":false},"featured_media":18200,"comment_status":"open","ping_status":"closed","template":"","meta":[],"product_brand":[241],"product_cat":[124,185,189,176,168,174,175,193,191,173,186,180,190],"product_tag":[],"class_list":{"0":"post-18177","1":"product","2":"type-product","3":"status-publish","4":"has-post-thumbnail","6":"product_brand-bimo","7":"product_cat-vape-by-brand","8":"product_cat-10000-puffs-high-capacity","9":"product_cat-20mg-standard-nicotine-vapes","10":"product_cat-beverage","11":"product_cat-bimo","12":"product_cat-fruit-flavors","13":"product_cat-icy-mint","14":"product_cat-mesh-coil","15":"product_cat-rechargeable-disposables","16":"product_cat-vape-by-flavor-profile","17":"product_cat-vape-by-nicotine-strength","18":"product_cat-vape-by-puff-count","19":"product_cat-vape-by-feature-or-type","21":"first","22":"instock","23":"shipping-taxable","24":"purchasable","25":"product-type-variable","26":"has-default-attributes"},"tiered_pricing_type":"percentage","tiered_pricing_fixed_rules":[],"tiered_pricing_product_settings":{"layout":"default","base_unit_name":{"singular":null,"plural":null},"default_variation":null},"tiered_pricing_minimum_quantity":10,"tiered_pricing_roles_data":[],"tiered_pricing_percentage_rules":{"30":"29","50":"35","100":"40","200":"44","500":"47","1000":"49"},"tiered_pricing_maximum_quantity":null,"tiered_pricing_quantity_step":"10","_links":{"self":[{"href":"https:\/\/agoravape.com\/pl\/wp-json\/wp\/v2\/product\/18177","targetHints":{"allow":["GET"]}}],"collection":[{"href":"https:\/\/agoravape.com\/pl\/wp-json\/wp\/v2\/product"}],"about":[{"href":"https:\/\/agoravape.com\/pl\/wp-json\/wp\/v2\/types\/product"}],"replies":[{"embeddable":true,"href":"https:\/\/agoravape.com\/pl\/wp-json\/wp\/v2\/comments?post=18177"}],"version-history":[{"count":0,"href":"https:\/\/agoravape.com\/pl\/wp-json\/wp\/v2\/product\/18177\/revisions"}],"wp:featuredmedia":[{"embeddable":true,"href":"https:\/\/agoravape.com\/pl\/wp-json\/wp\/v2\/media\/18200"}],"wp:attachment":[{"href":"https:\/\/agoravape.com\/pl\/wp-json\/wp\/v2\/media?parent=18177"}],"wp:term":[{"taxonomy":"product_brand","embeddable":true,"href":"https:\/\/agoravape.com\/pl\/wp-json\/wp\/v2\/product_brand?post=18177"},{"taxonomy":"product_cat","embeddable":true,"href":"https:\/\/agoravape.com\/pl\/wp-json\/wp\/v2\/product_cat?post=18177"},{"taxonomy":"product_tag","embeddable":true,"href":"https:\/\/agoravape.com\/pl\/wp-json\/wp\/v2\/product_tag?post=18177"}],"curies":[{"name":"wp","href":"https:\/\/api.w.org\/{rel}","templated":true}]}}