{"id":18205,"date":"2025-10-20T16:36:52","date_gmt":"2025-10-20T08:36:52","guid":{"rendered":"https:\/\/green-grasshopper-921422.hostingersite.com\/?post_type=product&#038;p=18205"},"modified":"2026-01-13T00:54:52","modified_gmt":"2026-01-12T16:54:52","slug":"bimo-turbo-20000-puffow-vape","status":"publish","type":"product","link":"https:\/\/agoravape.com\/pl\/product\/bimo-turbo-20000-puffs-vape\/","title":{"rendered":"BIMO TURBO 20K Puffs Dual Mesh Coil Jednorazowy Vape | Du\u017ce zaci\u0105gni\u0119cia, sta\u0142y smak"},"content":{"rendered":"<h2 data-v-md-heading=\"what-are-the-special-features-of-bimo-turbo-20k-disposable-vape-with-dual-mesh-coil-suction\" data-v-md-line=\"3\"><img loading=\"lazy\" decoding=\"async\" class=\"size-full wp-image-18219 alignright\" src=\"https:\/\/agoravape.com\/wp-content\/uploads\/2025\/10\/BIMO-TURBO-20k-Puffs-Dual-Mesh-Coil-Disposable-Vape_Agora_vape-1.webp\" alt=\"\" width=\"1000\" height=\"1000\" srcset=\"https:\/\/agoravape.com\/wp-content\/uploads\/2025\/10\/BIMO-TURBO-20k-Puffs-Dual-Mesh-Coil-Disposable-Vape_Agora_vape-1.webp 1000w, https:\/\/agoravape.com\/wp-content\/uploads\/2025\/10\/BIMO-TURBO-20k-Puffs-Dual-Mesh-Coil-Disposable-Vape_Agora_vape-1-600x600.webp 600w, https:\/\/agoravape.com\/wp-content\/uploads\/2025\/10\/BIMO-TURBO-20k-Puffs-Dual-Mesh-Coil-Disposable-Vape_Agora_vape-1-300x300.webp 300w, https:\/\/agoravape.com\/wp-content\/uploads\/2025\/10\/BIMO-TURBO-20k-Puffs-Dual-Mesh-Coil-Disposable-Vape_Agora_vape-1-150x150.webp 150w, https:\/\/agoravape.com\/wp-content\/uploads\/2025\/10\/BIMO-TURBO-20k-Puffs-Dual-Mesh-Coil-Disposable-Vape_Agora_vape-1-768x768.webp 768w\" sizes=\"auto, (max-width: 1000px) 100vw, 1000px\" \/><\/h2>\n<h2 data-v-md-heading=\"what-are-the-special-features-of-bimo-turbo-20k-disposable-vape-with-dual-mesh-coil-suction\" data-v-md-line=\"3\">Jakie s\u0105 cechy szczeg\u00f3lne jednorazowego waporyzatora BIMO TURBO 20K z podw\u00f3jn\u0105 cewk\u0105 siatkow\u0105?<\/h2>\n<p data-v-md-line=\"4\">Je\u015bli jeste\u015b zm\u0119czony wymian\u0105 jednorazowych e-papieros\u00f3w co kilka dni, ten produkt zaoszcz\u0119dzi Ci wielu k\u0142opot\u00f3w. BIMO TURBO wykorzystuje podw\u00f3jn\u0105 cewk\u0119 siatkow\u0105, kt\u00f3ra mo\u017ce zapewni\u0107 zdolno\u015b\u0107 zasysania do 20000 k\u0119s\u00f3w, utrzymuj\u0105c stabilny smak od pierwszego do ostatniego k\u0119sa.<\/p>\n<p data-v-md-line=\"6\">Je\u015bli zale\u017cy Ci tylko na niezawodnym i pysznym wapowaniu bez k\u0142opotliwego dostosowywania wk\u0142adu lub ustawie\u0144, ten produkt jest idealnym wyborem. Podnie\u015b go, wdychaj do woli i ciesz si\u0119 g\u0142adk\u0105 konsystencj\u0105 za ka\u017cdym razem.<\/p>\n<h2 data-v-md-heading=\"excellent-performance-without-any-complexity\" data-v-md-line=\"8\">Doskona\u0142a wydajno\u015b\u0107 bez z\u0142o\u017cono\u015bci<\/h2>\n<p data-v-md-line=\"9\">Jego tajn\u0105 broni\u0105 jest podw\u00f3jna cewka siatkowa. Mo\u017ce ona r\u00f3wnomiernie si\u0119 nagrzewa\u0107, pozwalaj\u0105c cieszy\u0107 si\u0119 czystym i pe\u0142nym smakiem przy ka\u017cdym \u0142yku. Nie ma zapachu spalenizny i nie wyst\u0105pi sytuacja przerwania oleju w po\u0142owie drogi. Gdy bateria jest roz\u0142adowana, wystarczy j\u0105 na\u0142adowa\u0107, aby kontynuowa\u0107 u\u017cytkowanie. Kabel do transmisji danych mo\u017ce by\u0107 r\u00f3wnie wygodny jak telefon kom\u00f3rkowy.<\/p>\n<h2 data-v-md-heading=\"specification-overview\" data-v-md-line=\"11\">Przegl\u0105d specyfikacji<\/h2>\n<ul data-v-md-line=\"12\">\n<li>Cz\u0119stotliwo\u015b\u0107 zasysania: do 20000 razy<\/li>\n<li>Nikotyna: R\u00f3\u017cne rynki oferuj\u0105 r\u00f3\u017cne st\u0119\u017cenia. Produkty UE zazwyczaj oferuj\u0105 st\u0119\u017cenie nikotyny do 20 miligram\u00f3w na mililitr (2%). Prosimy o kontakt w celu potwierdzenia st\u0119\u017cenia nikotyny w danym kraju\/regionie.<\/li>\n<li>Zasada dzia\u0142ania: Aktywowany przez wdychanie<\/li>\n<li>\u0141adowanie: Wi\u0119kszo\u015b\u0107 partii u\u017cywa interfejsu USB typu C. Potwierdzimy typ \u0142adowarki przed z\u0142o\u017ceniem zam\u00f3wienia.<\/li>\n<li>Status: Gotowy do u\u017cycia od razu po wyj\u0119ciu z pude\u0142ka<\/li>\n<\/ul>\n<h2 data-v-md-heading=\"to-serve-you-and-your-business\" data-v-md-line=\"18\">Aby s\u0142u\u017cy\u0107 Tobie i Twojemu biznesowi<\/h2>\n<p data-v-md-line=\"19\">Mo\u017cesz zakupi\u0107 pojedyncze urz\u0105dzenie do u\u017cytku osobistego lub zaopatrzy\u0107 w nie sw\u00f3j sklep. Oferujemy elastyczne rozwi\u0105zania w zakresie hurtowego pakowania pojemnik\u00f3w, umo\u017cliwiaj\u0105c zamawianie odpowiednich produkt\u00f3w w oparciu o p\u00f3\u0142k\u0119 i bud\u017cet. Skontaktuj si\u0119 z naszym zespo\u0142em, aby dowiedzie\u0107 si\u0119 o aktualnej liczbie opakowa\u0144 i kombinacjach smakowych.<\/p>\n<p data-v-md-line=\"21\">\u015awiadczymy us\u0142ugi wysy\u0142kowe DDP w Europie za po\u015brednictwem zaufanych przewo\u017anik\u00f3w, takich jak UPS, DPD i DHL, dzi\u0119ki czemu taryfy mog\u0105 by\u0107 przetwarzane z wyprzedzeniem. Twoje zam\u00f3wienie zostanie dostarczone dzi\u0119ki procedurom \u015bledzenia i odprawy celnej i nie b\u0119dzie \u017cadnych nieoczekiwanych incydent\u00f3w w urz\u0119dzie celnym.<\/p>\n<h2 data-v-md-heading=\"why-do-you-like-it\" data-v-md-line=\"23\">Dlaczego to lubisz?<\/h2>\n<ul data-v-md-line=\"24\">\n<li>Masowe palenie: d\u0142u\u017cszy czas palenia, brak konieczno\u015bci cz\u0119stego kupowania nowych papieros\u00f3w<\/li>\n<li>Wyb\u00f3r st\u0119\u017cenia nikotyny: Wybierz st\u0119\u017cenie, kt\u00f3re odpowiada Twojemu gustowi i lokalnym przepisom<\/li>\n<li>Mo\u017cliwo\u015b\u0107 \u0142adowania: Mo\u017cna u\u017cywa\u0107 wszystkich zakupionych e-liquid\u00f3w<\/li>\n<li>Siatkowa cewka: zapewnia jednolity smak i p\u0142ynne ssanie za ka\u017cdym razem<\/li>\n<\/ul>\n<h2 data-v-md-heading=\"why-collaborate-with-agoravape\" data-v-md-line=\"29\">Dlaczego warto wsp\u00f3\u0142pracowa\u0107 z AgoraVape?<\/h2>\n<p data-v-md-line=\"30\">Sprzedajemy wy\u0142\u0105cznie oryginalne produkty 100%. Oznacza to, \u017ce posiadamy oryginalne zapasy i przeszli\u015bmy odpowiednie \u015bledzenie partii oraz certyfikacj\u0119 zgodno\u015bci z rynkiem europejskim. Je\u015bli hurtowo kupisz jednorazowe waporyzatory BIMO TURBO 20K z podw\u00f3jnymi cewkami siatkowymi, otrzymasz obni\u017cone ceny, niezawodne wsparcie i szybk\u0105 wysy\u0142k\u0119 op\u0142acon\u0105 podatkiem. Skontaktuj si\u0119 z nami, a pomo\u017cemy Ci zarezerwowa\u0107 urz\u0105dzenie, po kt\u00f3re Twoi klienci b\u0119d\u0105 ch\u0119tnie wraca\u0107.<\/p>","protected":false},"excerpt":{"rendered":"<p>&nbsp;<\/p>\n<p><script src=\"chrome-extension:\/\/fpelahbljekknahkcaegamhcndkfpfnc\/iFrame.js\" type=\"text\/javascript\"><\/script><\/p>\n<p><script src=\"chrome-extension:\/\/fpelahbljekknahkcaegamhcndkfpfnc\/iFrame.js\" type=\"text\/javascript\"><\/script><\/p>\n<p><script src=\"chrome-extension:\/\/fpelahbljekknahkcaegamhcndkfpfnc\/iFrame.js\" type=\"text\/javascript\"><\/script><\/p>\n<p><script src=\"chrome-extension:\/\/fpelahbljekknahkcaegamhcndkfpfnc\/iFrame.js\" type=\"text\/javascript\"><\/script><\/p>\n<p><script src=\"chrome-extension:\/\/fpelahbljekknahkcaegamhcndkfpfnc\/iFrame.js\" type=\"text\/javascript\"><\/script><\/p>\n<p><script src=\"chrome-extension:\/\/fpelahbljekknahkcaegamhcndkfpfnc\/iFrame.js\" type=\"text\/javascript\"><\/script><\/p>\n<p><script src=\"chrome-extension:\/\/fpelahbljekknahkcaegamhcndkfpfnc\/iFrame.js\" type=\"text\/javascript\"><\/script><\/p>\n<p><script src=\"chrome-extension:\/\/fpelahbljekknahkcaegamhcndkfpfnc\/iFrame.js\" type=\"text\/javascript\"><\/script><\/p>\n<p><script src=\"chrome-extension:\/\/fpelahbljekknahkcaegamhcndkfpfnc\/iFrame.js\" type=\"text\/javascript\"><\/script><\/p>\n<p><script src=\"chrome-extension:\/\/fpelahbljekknahkcaegamhcndkfpfnc\/iFrame.js\" type=\"text\/javascript\"><\/script><\/p>\n<p><script src=\"chrome-extension:\/\/fpelahbljekknahkcaegamhcndkfpfnc\/iFrame.js\" type=\"text\/javascript\"><\/script><\/p>\n<p><script src=\"chrome-extension:\/\/fpelahbljekknahkcaegamhcndkfpfnc\/iFrame.js\" type=\"text\/javascript\"><\/script><\/p>\n<p><script src=\"chrome-extension:\/\/fpelahbljekknahkcaegamhcndkfpfnc\/iFrame.js\" type=\"text\/javascript\"><\/script><\/p>\n<p><script src=\"chrome-extension:\/\/fpelahbljekknahkcaegamhcndkfpfnc\/iFrame.js\" type=\"text\/javascript\"><\/script><\/p>\n<p><script src=\"chrome-extension:\/\/fpelahbljekknahkcaegamhcndkfpfnc\/iFrame.js\" type=\"text\/javascript\"><\/script><\/p>\n<p><script src=\"chrome-extension:\/\/fpelahbljekknahkcaegamhcndkfpfnc\/iFrame.js\" type=\"text\/javascript\"><\/script><\/p>\n<p><script src=\"chrome-extension:\/\/fpelahbljekknahkcaegamhcndkfpfnc\/iFrame.js\" type=\"text\/javascript\"><\/script><\/p>\n<p><script src=\"chrome-extension:\/\/fpelahbljekknahkcaegamhcndkfpfnc\/iFrame.js\" type=\"text\/javascript\"><\/script><\/p>\n<p><script src=\"chrome-extension:\/\/fpelahbljekknahkcaegamhcndkfpfnc\/iFrame.js\" type=\"text\/javascript\"><\/script><\/p>","protected":false},"featured_media":18231,"comment_status":"open","ping_status":"closed","template":"","meta":[],"product_brand":[241],"product_cat":[124,187,185,1636,189,176,168,177,174,175,193,191,173,186,180,190],"product_tag":[],"class_list":{"0":"post-18205","1":"product","2":"type-product","3":"status-publish","4":"has-post-thumbnail","6":"product_brand-bimo","7":"product_cat-vape-by-brand","8":"product_cat-0mg-nicotine-free-vapes","9":"product_cat-10000-puffs-high-capacity","10":"product_cat-20000-puffs","11":"product_cat-20mg-standard-nicotine-vapes","12":"product_cat-beverage","13":"product_cat-bimo","14":"product_cat-dessert-sweets","15":"product_cat-fruit-flavors","16":"product_cat-icy-mint","17":"product_cat-mesh-coil","18":"product_cat-rechargeable-disposables","19":"product_cat-vape-by-flavor-profile","20":"product_cat-vape-by-nicotine-strength","21":"product_cat-vape-by-puff-count","22":"product_cat-vape-by-feature-or-type","24":"first","25":"instock","26":"shipping-taxable","27":"purchasable","28":"product-type-variable","29":"has-default-attributes"},"tiered_pricing_type":"percentage","tiered_pricing_fixed_rules":[],"tiered_pricing_product_settings":{"layout":"default","base_unit_name":{"singular":null,"plural":null},"default_variation":null},"tiered_pricing_minimum_quantity":10,"tiered_pricing_roles_data":[],"tiered_pricing_percentage_rules":{"30":"29","50":"35","100":"40","200":"44","500":"47","1000":"49"},"tiered_pricing_maximum_quantity":null,"tiered_pricing_quantity_step":"10","_links":{"self":[{"href":"https:\/\/agoravape.com\/pl\/wp-json\/wp\/v2\/product\/18205","targetHints":{"allow":["GET"]}}],"collection":[{"href":"https:\/\/agoravape.com\/pl\/wp-json\/wp\/v2\/product"}],"about":[{"href":"https:\/\/agoravape.com\/pl\/wp-json\/wp\/v2\/types\/product"}],"replies":[{"embeddable":true,"href":"https:\/\/agoravape.com\/pl\/wp-json\/wp\/v2\/comments?post=18205"}],"version-history":[{"count":0,"href":"https:\/\/agoravape.com\/pl\/wp-json\/wp\/v2\/product\/18205\/revisions"}],"wp:featuredmedia":[{"embeddable":true,"href":"https:\/\/agoravape.com\/pl\/wp-json\/wp\/v2\/media\/18231"}],"wp:attachment":[{"href":"https:\/\/agoravape.com\/pl\/wp-json\/wp\/v2\/media?parent=18205"}],"wp:term":[{"taxonomy":"product_brand","embeddable":true,"href":"https:\/\/agoravape.com\/pl\/wp-json\/wp\/v2\/product_brand?post=18205"},{"taxonomy":"product_cat","embeddable":true,"href":"https:\/\/agoravape.com\/pl\/wp-json\/wp\/v2\/product_cat?post=18205"},{"taxonomy":"product_tag","embeddable":true,"href":"https:\/\/agoravape.com\/pl\/wp-json\/wp\/v2\/product_tag?post=18205"}],"curies":[{"name":"wp","href":"https:\/\/api.w.org\/{rel}","templated":true}]}}