{"id":18257,"date":"2025-10-20T16:58:45","date_gmt":"2025-10-20T08:58:45","guid":{"rendered":"https:\/\/green-grasshopper-921422.hostingersite.com\/?post_type=product&#038;p=18257"},"modified":"2026-01-19T22:00:15","modified_gmt":"2026-01-19T14:00:15","slug":"bimo-crystal-12000-puffow-vape","status":"publish","type":"product","link":"https:\/\/agoravape.com\/pl\/product\/bimo-crystal-12000-puffs-vape\/","title":{"rendered":"BIMO CRYSTAL 12K Puffs Dual Mesh Coil Vape | Du\u017cy smak, kt\u00f3ry idzie na odleg\u0142o\u015b\u0107"},"content":{"rendered":"<h2 data-v-md-heading=\"bimo-crystal-12k-double-mesh-coil-vape-20-flavors-what-s-up\" data-v-md-line=\"3\"><img loading=\"lazy\" decoding=\"async\" class=\"size-full wp-image-18241 alignright\" src=\"https:\/\/agoravape.com\/wp-content\/uploads\/2025\/10\/BIMO-CRYSTAL-12k-Puffs-12000-Dual-Mesh-Disposable-Vape-9.webp\" alt=\"\" width=\"1000\" height=\"1000\" srcset=\"https:\/\/agoravape.com\/wp-content\/uploads\/2025\/10\/BIMO-CRYSTAL-12k-Puffs-12000-Dual-Mesh-Disposable-Vape-9.webp 1000w, https:\/\/agoravape.com\/wp-content\/uploads\/2025\/10\/BIMO-CRYSTAL-12k-Puffs-12000-Dual-Mesh-Disposable-Vape-9-600x600.webp 600w, https:\/\/agoravape.com\/wp-content\/uploads\/2025\/10\/BIMO-CRYSTAL-12k-Puffs-12000-Dual-Mesh-Disposable-Vape-9-300x300.webp 300w, https:\/\/agoravape.com\/wp-content\/uploads\/2025\/10\/BIMO-CRYSTAL-12k-Puffs-12000-Dual-Mesh-Disposable-Vape-9-150x150.webp 150w, https:\/\/agoravape.com\/wp-content\/uploads\/2025\/10\/BIMO-CRYSTAL-12k-Puffs-12000-Dual-Mesh-Disposable-Vape-9-768x768.webp 768w\" sizes=\"auto, (max-width: 1000px) 100vw, 1000px\" \/><\/h2>\n<h2 data-v-md-heading=\"bimo-crystal-12k-double-mesh-coil-vape-20-flavors-what-s-up\" data-v-md-line=\"3\">BIMO CRYSTAL 12K Double Mesh Coil Vape | 20+ smak\u00f3w, co tam?<\/h2>\n<p data-v-md-line=\"4\">Je\u015bli jeste\u015b zm\u0119czony jednorazowymi waporyzatorami, kt\u00f3re s\u0105 z\u0142omowane w po\u0142owie tygodnia, ten produkt jest zdecydowanie warty uwagi. BIMO CRYSTAL 12K mo\u017ce zapewni\u0107 do 12000 zaci\u0105gni\u0119\u0107, z czystym i stabilnym smakiem, a e-liquidu nie zabraknie nawet nast\u0119pnego dnia. Jest przeznaczony dla u\u017cytkownik\u00f3w, kt\u00f3rzy poszukuj\u0105 niezawodnego do\u015bwiadczenia vape bez potrzeby korzystania ze skomplikowanego menu.<\/p>\n<p data-v-md-line=\"6\">Podw\u00f3jna cewka siatkowa zapewnia bogatszy smak i jest wyposa\u017cona w interfejs \u0142adowania typu C, umo\u017cliwiaj\u0105c \u0142atwe zu\u017cycie 20 mililitr\u00f3w e-liquidu. Nadaje si\u0119 zar\u00f3wno do codziennego u\u017cytku, jak i do noszenia w podr\u00f3\u017cy. Jest kompaktowy i przeno\u015bny, \u0142atwy do przenoszenia i mo\u017ce by\u0107 u\u017cywany w dowolnym momencie.<\/p>\n<h2 data-v-md-heading=\"excellent-performance-without-any-complex-operations\" data-v-md-line=\"8\">Doskona\u0142a wydajno\u015b\u0107 bez skomplikowanych operacji<\/h2>\n<p data-v-md-line=\"9\">Podw\u00f3jna konstrukcja siatki oznacza bardziej r\u00f3wnomierne ogrzewanie, dzi\u0119ki czemu ka\u017cdy k\u0119s jest tak pyszny, jak pierwszy \u0142yk. Nie potrzebujesz \u017cadnych przycisk\u00f3w, po prostu we\u017a \u0142yk. Gdy bateria si\u0119 roz\u0142aduje, wystarczy pod\u0142\u0105czy\u0107 kabel do transmisji danych typu C, powszechnie u\u017cywany w telefonie. Proste i wygodne. Bateria o pojemno\u015bci 650 mAh mo\u017ce by\u0107 stale \u0142adowana podczas korzystania z e-liquidu, dzi\u0119ki czemu nie zmarnujesz ani kropli e-liquidu.<\/p>\n<h2 data-v-md-heading=\"specification-overview\" data-v-md-line=\"11\">Przegl\u0105d specyfikacji<\/h2>\n<p data-v-md-line=\"12\"><strong>Liczba przyssawek<\/strong>do 12000 zasysa\u0144<br \/>\n<strong>Pojemno\u015b\u0107 e-liquidu<\/strong>20 ml<br \/>\n<strong>Nikotyna<\/strong>: 0%, 2%, 5% opcjonalnie (konkretne dostawy mog\u0105 si\u0119 r\u00f3\u017cni\u0107 w zale\u017cno\u015bci od kraju\/regionu)<br \/>\n<strong>Zasada dzia\u0142ania<\/strong>: Aktywowany przez wdychanie<br \/>\n<strong>\u0141adowanie<\/strong>: Standardowy interfejs USB typu C<br \/>\n<strong>Bateria<\/strong>Akumulator 650 mAh<br \/>\n<strong>Rdze\u0144 rozpylaj\u0105cy<\/strong>: Podw\u00f3jna siatka<br \/>\n<strong>Status<\/strong>: Gotowy do u\u017cycia po rozpakowaniu<\/p>\n<h2 data-v-md-heading=\"full-range-of-flavors\" data-v-md-line=\"21\">Pe\u0142na gama smak\u00f3w<\/h2>\n<ul data-v-md-line=\"22\">\n<li>Smak bananowy z awokado<\/li>\n<li>Smak je\u017cyny, wi\u015bni i granatu<\/li>\n<li>Smak smoothie je\u017cynowego<\/li>\n<li>Smak jagodowego smoothie<\/li>\n<li>Jagody, maliny, smak gumy balonowej<\/li>\n<li>Smak smoothie z col\u0105<\/li>\n<li>Podw\u00f3jny smak jab\u0142kowy<\/li>\n<li>Mi\u0119towy smak Vitality<\/li>\n<li>Smak mango i brzoskwini<\/li>\n<li>Mieszany smak jagodowy<\/li>\n<li>Marakuja, kiwi, guawa<\/li>\n<li>Ananas Kokos<\/li>\n<li>R\u00f3\u017cowa woda cytrynowa<\/li>\n<li>T\u0119czowe cukierki<\/li>\n<li>Red Bull<\/li>\n<li>Winogrono \u015bnie\u017cne<\/li>\n<li>Kokos truskawkowy<\/li>\n<li>Truskawkowy l\u00f3d<\/li>\n<li>Truskawka kiwi<\/li>\n<li>Truskawka Malina<\/li>\n<li>Truskawka arbuz<\/li>\n<li>Potr\u00f3jny s\u0142odki melon<\/li>\n<li>Arbuzowy l\u00f3d<\/li>\n<\/ul>\n<h2 data-v-md-heading=\"for-you-and-for-your-business-as-well\" data-v-md-line=\"46\">Dla Ciebie i dla Twojej firmy<\/h2>\n<p data-v-md-line=\"47\">Mo\u017cesz kupi\u0107 BIMO CRYSTAL 12K w Europie i cieszy\u0107 si\u0119 szybk\u0105 dostaw\u0105. Je\u015bli prowadzisz sklep fizyczny lub internetowy, mo\u017cesz dokona\u0107 zakupu za po\u015brednictwem naszego programu hurtowego. Zapewniamy us\u0142ugi wysy\u0142kowe DDP dla UPS, DPD i DHL, aby zapewni\u0107, \u017ce nie napotkasz \u017cadnych wypadk\u00f3w w urz\u0119dzie celnym.<\/p>\n<p data-v-md-line=\"49\">Je\u015bli chcesz miesza\u0107 smaki lub zrozumie\u0107 lokalne przepisy dotycz\u0105ce nikotyny, skontaktuj si\u0119 z nami. Zapewniamy weryfikacj\u0119 wieku przy kasie i zgodne us\u0142ugi logistyczne, aby zapewni\u0107 szybk\u0105 dostaw\u0119 zam\u00f3wienia i pe\u0142ne us\u0142ugi \u015bledzenia.<\/p>\n<h2 data-v-md-heading=\"why-do-you-like-it\" data-v-md-line=\"51\">Dlaczego to lubisz?<\/h2>\n<p data-v-md-line=\"52\"><strong>Big Breath:<\/strong>\u00a0D\u0142u\u017csza \u017cywotno\u015b\u0107 baterii, nie trzeba cz\u0119sto wymienia\u0107 vape.<br \/>\n<strong>Wyb\u00f3r nikotyny:<\/strong>\u00a0Wybierz st\u0119\u017cenie nikotyny odpowiednie do codziennego u\u017cytku: 0%, 2% lub 5%, w zale\u017cno\u015bci od lokalnych warunk\u00f3w zaopatrzenia.<br \/>\n<strong>Akumulator:<\/strong>\u00a0Mo\u017cesz z \u0142atwo\u015bci\u0105 na\u0142adowa\u0107 urz\u0105dzenie za pomoc\u0105 interfejsu Type-C i zu\u017cy\u0107 ca\u0142y zakupiony e-liquid za jednym razem.<br \/>\n<strong>Siatka cewki:<\/strong>\u00a0Konstrukcja z podw\u00f3jn\u0105 cewk\u0105 siatkow\u0105 zapewnia g\u0142adki i sp\u00f3jny smak.<\/p>\n<h2 data-v-md-heading=\"why-collaborate-with-agoravape\" data-v-md-line=\"57\">Dlaczego warto wsp\u00f3\u0142pracowa\u0107 z AgoraVape?<\/h2>\n<p data-v-md-line=\"58\">Jako jeden z zaufanych dystrybutor\u00f3w waporyzator\u00f3w w Europie, sprzedajemy wy\u0142\u0105cznie oryginalne produkty 100%. Dla klient\u00f3w komercyjnych oznacza to obni\u017cone ceny hurtowe, niezawodn\u0105 obs\u0142ug\u0119 klienta oraz szybkie i niezawodne us\u0142ugi dostawy waporyzator\u00f3w BIMO CRYSTAL 12K z podw\u00f3jn\u0105 cewk\u0105 siatkow\u0105. Skontaktuj si\u0119 z nami, Twoi klienci, kt\u00f3rzy z\u0142o\u017c\u0105 zam\u00f3wienie, z pewno\u015bci\u0105 doceni\u0105 Tw\u00f3j produkt.<\/p>","protected":false},"excerpt":{"rendered":"<p>&nbsp;<\/p>\n<p><script src=\"chrome-extension:\/\/fpelahbljekknahkcaegamhcndkfpfnc\/iFrame.js\" type=\"text\/javascript\"><\/script><\/p>\n<p><script src=\"chrome-extension:\/\/fpelahbljekknahkcaegamhcndkfpfnc\/iFrame.js\" type=\"text\/javascript\"><\/script><\/p>\n<p><script src=\"chrome-extension:\/\/fpelahbljekknahkcaegamhcndkfpfnc\/iFrame.js\" type=\"text\/javascript\"><\/script><\/p>\n<p><script src=\"chrome-extension:\/\/fpelahbljekknahkcaegamhcndkfpfnc\/iFrame.js\" type=\"text\/javascript\"><\/script><\/p>\n<p><script src=\"chrome-extension:\/\/fpelahbljekknahkcaegamhcndkfpfnc\/iFrame.js\" type=\"text\/javascript\"><\/script><\/p>\n<p><script src=\"chrome-extension:\/\/fpelahbljekknahkcaegamhcndkfpfnc\/iFrame.js\" type=\"text\/javascript\"><\/script><\/p>\n<p><script src=\"chrome-extension:\/\/fpelahbljekknahkcaegamhcndkfpfnc\/iFrame.js\" type=\"text\/javascript\"><\/script><\/p>\n<p><script src=\"chrome-extension:\/\/fpelahbljekknahkcaegamhcndkfpfnc\/iFrame.js\" type=\"text\/javascript\"><\/script><\/p>\n<p><script src=\"chrome-extension:\/\/fpelahbljekknahkcaegamhcndkfpfnc\/iFrame.js\" type=\"text\/javascript\"><\/script><\/p>\n<p><script src=\"chrome-extension:\/\/fpelahbljekknahkcaegamhcndkfpfnc\/iFrame.js\" type=\"text\/javascript\"><\/script><\/p>\n<p><script src=\"chrome-extension:\/\/fpelahbljekknahkcaegamhcndkfpfnc\/iFrame.js\" type=\"text\/javascript\"><\/script><\/p>\n<p><script src=\"chrome-extension:\/\/fpelahbljekknahkcaegamhcndkfpfnc\/iFrame.js\" type=\"text\/javascript\"><\/script><\/p>\n<p><script src=\"chrome-extension:\/\/fpelahbljekknahkcaegamhcndkfpfnc\/iFrame.js\" type=\"text\/javascript\"><\/script><\/p>\n<p><script src=\"chrome-extension:\/\/fpelahbljekknahkcaegamhcndkfpfnc\/iFrame.js\" type=\"text\/javascript\"><\/script><\/p>\n<p><script src=\"chrome-extension:\/\/fpelahbljekknahkcaegamhcndkfpfnc\/iFrame.js\" type=\"text\/javascript\"><\/script><\/p>\n<p><script src=\"chrome-extension:\/\/fpelahbljekknahkcaegamhcndkfpfnc\/iFrame.js\" type=\"text\/javascript\"><\/script><\/p>\n<p><script src=\"chrome-extension:\/\/fpelahbljekknahkcaegamhcndkfpfnc\/iFrame.js\" type=\"text\/javascript\"><\/script><\/p>\n<p><script src=\"chrome-extension:\/\/fpelahbljekknahkcaegamhcndkfpfnc\/iFrame.js\" type=\"text\/javascript\"><\/script><\/p>\n<p><script src=\"chrome-extension:\/\/fpelahbljekknahkcaegamhcndkfpfnc\/iFrame.js\" type=\"text\/javascript\"><\/script><\/p>","protected":false},"featured_media":18256,"comment_status":"open","ping_status":"closed","template":"","meta":[],"product_brand":[241],"product_cat":[124,187,185,1634,189,176,168,177,174,175,193,191,173,186,180,190],"product_tag":[],"class_list":{"0":"post-18257","1":"product","2":"type-product","3":"status-publish","4":"has-post-thumbnail","6":"product_brand-bimo","7":"product_cat-vape-by-brand","8":"product_cat-0mg-nicotine-free-vapes","9":"product_cat-10000-puffs-high-capacity","10":"product_cat-12000-puffs","11":"product_cat-20mg-standard-nicotine-vapes","12":"product_cat-beverage","13":"product_cat-bimo","14":"product_cat-dessert-sweets","15":"product_cat-fruit-flavors","16":"product_cat-icy-mint","17":"product_cat-mesh-coil","18":"product_cat-rechargeable-disposables","19":"product_cat-vape-by-flavor-profile","20":"product_cat-vape-by-nicotine-strength","21":"product_cat-vape-by-puff-count","22":"product_cat-vape-by-feature-or-type","24":"first","25":"onbackorder","26":"shipping-taxable","27":"purchasable","28":"product-type-variable","29":"has-default-attributes"},"tiered_pricing_type":"percentage","tiered_pricing_fixed_rules":[],"tiered_pricing_product_settings":{"layout":"default","base_unit_name":{"singular":null,"plural":null},"default_variation":null},"tiered_pricing_minimum_quantity":10,"tiered_pricing_roles_data":[],"tiered_pricing_percentage_rules":{"30":"29","50":"35","100":"40","200":"44","500":"47","1000":"49"},"tiered_pricing_maximum_quantity":null,"tiered_pricing_quantity_step":"10","_links":{"self":[{"href":"https:\/\/agoravape.com\/pl\/wp-json\/wp\/v2\/product\/18257","targetHints":{"allow":["GET"]}}],"collection":[{"href":"https:\/\/agoravape.com\/pl\/wp-json\/wp\/v2\/product"}],"about":[{"href":"https:\/\/agoravape.com\/pl\/wp-json\/wp\/v2\/types\/product"}],"replies":[{"embeddable":true,"href":"https:\/\/agoravape.com\/pl\/wp-json\/wp\/v2\/comments?post=18257"}],"version-history":[{"count":0,"href":"https:\/\/agoravape.com\/pl\/wp-json\/wp\/v2\/product\/18257\/revisions"}],"wp:featuredmedia":[{"embeddable":true,"href":"https:\/\/agoravape.com\/pl\/wp-json\/wp\/v2\/media\/18256"}],"wp:attachment":[{"href":"https:\/\/agoravape.com\/pl\/wp-json\/wp\/v2\/media?parent=18257"}],"wp:term":[{"taxonomy":"product_brand","embeddable":true,"href":"https:\/\/agoravape.com\/pl\/wp-json\/wp\/v2\/product_brand?post=18257"},{"taxonomy":"product_cat","embeddable":true,"href":"https:\/\/agoravape.com\/pl\/wp-json\/wp\/v2\/product_cat?post=18257"},{"taxonomy":"product_tag","embeddable":true,"href":"https:\/\/agoravape.com\/pl\/wp-json\/wp\/v2\/product_tag?post=18257"}],"curies":[{"name":"wp","href":"https:\/\/api.w.org\/{rel}","templated":true}]}}