{"id":18300,"date":"2025-10-20T18:03:19","date_gmt":"2025-10-20T10:03:19","guid":{"rendered":"https:\/\/green-grasshopper-921422.hostingersite.com\/?post_type=product&#038;p=18300"},"modified":"2025-12-31T22:59:16","modified_gmt":"2025-12-31T14:59:16","slug":"bimo-30k-puffs-jednorazowe","status":"publish","type":"product","link":"https:\/\/agoravape.com\/pl\/product\/bimo-30k-puffs-disposable\/","title":{"rendered":"BIMO 30K Puffs Jednorazowe Vape o du\u017cej pojemno\u015bci | 30ml | D\u0142ugotrwa\u0142y smak, zero zamieszania"},"content":{"rendered":"<h2 data-v-md-heading=\"bimo-30k-large-capacity-disposable-vape-what-s-special-about-30ml\" data-v-md-line=\"3\"><img loading=\"lazy\" decoding=\"async\" class=\"aligncenter size-full wp-image-18283\" src=\"https:\/\/agoravape.com\/wp-content\/uploads\/2025\/10\/BIMO-30K-Puffs-High-Capacity-Disposable-Vape-30ml_Agora_vape-1.webp\" alt=\"\" width=\"1920\" height=\"900\" srcset=\"https:\/\/agoravape.com\/wp-content\/uploads\/2025\/10\/BIMO-30K-Puffs-High-Capacity-Disposable-Vape-30ml_Agora_vape-1.webp 1920w, https:\/\/agoravape.com\/wp-content\/uploads\/2025\/10\/BIMO-30K-Puffs-High-Capacity-Disposable-Vape-30ml_Agora_vape-1-1200x563.webp 1200w, https:\/\/agoravape.com\/wp-content\/uploads\/2025\/10\/BIMO-30K-Puffs-High-Capacity-Disposable-Vape-30ml_Agora_vape-1-300x141.webp 300w, https:\/\/agoravape.com\/wp-content\/uploads\/2025\/10\/BIMO-30K-Puffs-High-Capacity-Disposable-Vape-30ml_Agora_vape-1-1024x480.webp 1024w, https:\/\/agoravape.com\/wp-content\/uploads\/2025\/10\/BIMO-30K-Puffs-High-Capacity-Disposable-Vape-30ml_Agora_vape-1-768x360.webp 768w, https:\/\/agoravape.com\/wp-content\/uploads\/2025\/10\/BIMO-30K-Puffs-High-Capacity-Disposable-Vape-30ml_Agora_vape-1-1536x720.webp 1536w\" sizes=\"auto, (max-width: 1920px) 100vw, 1920px\" \/> <img loading=\"lazy\" decoding=\"async\" class=\"aligncenter size-full wp-image-18289\" src=\"https:\/\/agoravape.com\/wp-content\/uploads\/2025\/10\/BIMO-30K-Puffs-High-Capacity-Disposable-Vape-30ml_Agora_vape-7.webp\" alt=\"\" width=\"1920\" height=\"900\" srcset=\"https:\/\/agoravape.com\/wp-content\/uploads\/2025\/10\/BIMO-30K-Puffs-High-Capacity-Disposable-Vape-30ml_Agora_vape-7.webp 1920w, https:\/\/agoravape.com\/wp-content\/uploads\/2025\/10\/BIMO-30K-Puffs-High-Capacity-Disposable-Vape-30ml_Agora_vape-7-1200x563.webp 1200w, https:\/\/agoravape.com\/wp-content\/uploads\/2025\/10\/BIMO-30K-Puffs-High-Capacity-Disposable-Vape-30ml_Agora_vape-7-300x141.webp 300w, https:\/\/agoravape.com\/wp-content\/uploads\/2025\/10\/BIMO-30K-Puffs-High-Capacity-Disposable-Vape-30ml_Agora_vape-7-1024x480.webp 1024w, https:\/\/agoravape.com\/wp-content\/uploads\/2025\/10\/BIMO-30K-Puffs-High-Capacity-Disposable-Vape-30ml_Agora_vape-7-768x360.webp 768w, https:\/\/agoravape.com\/wp-content\/uploads\/2025\/10\/BIMO-30K-Puffs-High-Capacity-Disposable-Vape-30ml_Agora_vape-7-1536x720.webp 1536w\" sizes=\"auto, (max-width: 1920px) 100vw, 1920px\" \/> <img loading=\"lazy\" decoding=\"async\" class=\"aligncenter size-full wp-image-18288\" src=\"https:\/\/agoravape.com\/wp-content\/uploads\/2025\/10\/BIMO-30K-Puffs-High-Capacity-Disposable-Vape-30ml_Agora_vape-6.webp\" alt=\"\" width=\"1920\" height=\"900\" srcset=\"https:\/\/agoravape.com\/wp-content\/uploads\/2025\/10\/BIMO-30K-Puffs-High-Capacity-Disposable-Vape-30ml_Agora_vape-6.webp 1920w, https:\/\/agoravape.com\/wp-content\/uploads\/2025\/10\/BIMO-30K-Puffs-High-Capacity-Disposable-Vape-30ml_Agora_vape-6-1200x563.webp 1200w, https:\/\/agoravape.com\/wp-content\/uploads\/2025\/10\/BIMO-30K-Puffs-High-Capacity-Disposable-Vape-30ml_Agora_vape-6-300x141.webp 300w, https:\/\/agoravape.com\/wp-content\/uploads\/2025\/10\/BIMO-30K-Puffs-High-Capacity-Disposable-Vape-30ml_Agora_vape-6-1024x480.webp 1024w, https:\/\/agoravape.com\/wp-content\/uploads\/2025\/10\/BIMO-30K-Puffs-High-Capacity-Disposable-Vape-30ml_Agora_vape-6-768x360.webp 768w, https:\/\/agoravape.com\/wp-content\/uploads\/2025\/10\/BIMO-30K-Puffs-High-Capacity-Disposable-Vape-30ml_Agora_vape-6-1536x720.webp 1536w\" sizes=\"auto, (max-width: 1920px) 100vw, 1920px\" \/> <img loading=\"lazy\" decoding=\"async\" class=\"aligncenter size-full wp-image-18287\" src=\"https:\/\/agoravape.com\/wp-content\/uploads\/2025\/10\/BIMO-30K-Puffs-High-Capacity-Disposable-Vape-30ml_Agora_vape-5.webp\" alt=\"\" width=\"1920\" height=\"900\" srcset=\"https:\/\/agoravape.com\/wp-content\/uploads\/2025\/10\/BIMO-30K-Puffs-High-Capacity-Disposable-Vape-30ml_Agora_vape-5.webp 1920w, https:\/\/agoravape.com\/wp-content\/uploads\/2025\/10\/BIMO-30K-Puffs-High-Capacity-Disposable-Vape-30ml_Agora_vape-5-1200x563.webp 1200w, https:\/\/agoravape.com\/wp-content\/uploads\/2025\/10\/BIMO-30K-Puffs-High-Capacity-Disposable-Vape-30ml_Agora_vape-5-300x141.webp 300w, https:\/\/agoravape.com\/wp-content\/uploads\/2025\/10\/BIMO-30K-Puffs-High-Capacity-Disposable-Vape-30ml_Agora_vape-5-1024x480.webp 1024w, https:\/\/agoravape.com\/wp-content\/uploads\/2025\/10\/BIMO-30K-Puffs-High-Capacity-Disposable-Vape-30ml_Agora_vape-5-768x360.webp 768w, https:\/\/agoravape.com\/wp-content\/uploads\/2025\/10\/BIMO-30K-Puffs-High-Capacity-Disposable-Vape-30ml_Agora_vape-5-1536x720.webp 1536w\" sizes=\"auto, (max-width: 1920px) 100vw, 1920px\" \/> <img loading=\"lazy\" decoding=\"async\" class=\"aligncenter size-full wp-image-18286\" src=\"https:\/\/agoravape.com\/wp-content\/uploads\/2025\/10\/BIMO-30K-Puffs-High-Capacity-Disposable-Vape-30ml_Agora_vape-4.webp\" alt=\"\" width=\"1920\" height=\"900\" srcset=\"https:\/\/agoravape.com\/wp-content\/uploads\/2025\/10\/BIMO-30K-Puffs-High-Capacity-Disposable-Vape-30ml_Agora_vape-4.webp 1920w, https:\/\/agoravape.com\/wp-content\/uploads\/2025\/10\/BIMO-30K-Puffs-High-Capacity-Disposable-Vape-30ml_Agora_vape-4-1200x563.webp 1200w, https:\/\/agoravape.com\/wp-content\/uploads\/2025\/10\/BIMO-30K-Puffs-High-Capacity-Disposable-Vape-30ml_Agora_vape-4-300x141.webp 300w, https:\/\/agoravape.com\/wp-content\/uploads\/2025\/10\/BIMO-30K-Puffs-High-Capacity-Disposable-Vape-30ml_Agora_vape-4-1024x480.webp 1024w, https:\/\/agoravape.com\/wp-content\/uploads\/2025\/10\/BIMO-30K-Puffs-High-Capacity-Disposable-Vape-30ml_Agora_vape-4-768x360.webp 768w, https:\/\/agoravape.com\/wp-content\/uploads\/2025\/10\/BIMO-30K-Puffs-High-Capacity-Disposable-Vape-30ml_Agora_vape-4-1536x720.webp 1536w\" sizes=\"auto, (max-width: 1920px) 100vw, 1920px\" \/> <img loading=\"lazy\" decoding=\"async\" class=\"aligncenter size-full wp-image-18285\" src=\"https:\/\/agoravape.com\/wp-content\/uploads\/2025\/10\/BIMO-30K-Puffs-High-Capacity-Disposable-Vape-30ml_Agora_vape-3.webp\" alt=\"\" width=\"1920\" height=\"900\" srcset=\"https:\/\/agoravape.com\/wp-content\/uploads\/2025\/10\/BIMO-30K-Puffs-High-Capacity-Disposable-Vape-30ml_Agora_vape-3.webp 1920w, https:\/\/agoravape.com\/wp-content\/uploads\/2025\/10\/BIMO-30K-Puffs-High-Capacity-Disposable-Vape-30ml_Agora_vape-3-1200x563.webp 1200w, https:\/\/agoravape.com\/wp-content\/uploads\/2025\/10\/BIMO-30K-Puffs-High-Capacity-Disposable-Vape-30ml_Agora_vape-3-300x141.webp 300w, https:\/\/agoravape.com\/wp-content\/uploads\/2025\/10\/BIMO-30K-Puffs-High-Capacity-Disposable-Vape-30ml_Agora_vape-3-1024x480.webp 1024w, https:\/\/agoravape.com\/wp-content\/uploads\/2025\/10\/BIMO-30K-Puffs-High-Capacity-Disposable-Vape-30ml_Agora_vape-3-768x360.webp 768w, https:\/\/agoravape.com\/wp-content\/uploads\/2025\/10\/BIMO-30K-Puffs-High-Capacity-Disposable-Vape-30ml_Agora_vape-3-1536x720.webp 1536w\" sizes=\"auto, (max-width: 1920px) 100vw, 1920px\" \/> <img loading=\"lazy\" decoding=\"async\" class=\"aligncenter size-full wp-image-18284\" src=\"https:\/\/agoravape.com\/wp-content\/uploads\/2025\/10\/BIMO-30K-Puffs-High-Capacity-Disposable-Vape-30ml_Agora_vape-2.webp\" alt=\"\" width=\"1920\" height=\"900\" srcset=\"https:\/\/agoravape.com\/wp-content\/uploads\/2025\/10\/BIMO-30K-Puffs-High-Capacity-Disposable-Vape-30ml_Agora_vape-2.webp 1920w, https:\/\/agoravape.com\/wp-content\/uploads\/2025\/10\/BIMO-30K-Puffs-High-Capacity-Disposable-Vape-30ml_Agora_vape-2-1200x563.webp 1200w, https:\/\/agoravape.com\/wp-content\/uploads\/2025\/10\/BIMO-30K-Puffs-High-Capacity-Disposable-Vape-30ml_Agora_vape-2-300x141.webp 300w, https:\/\/agoravape.com\/wp-content\/uploads\/2025\/10\/BIMO-30K-Puffs-High-Capacity-Disposable-Vape-30ml_Agora_vape-2-1024x480.webp 1024w, https:\/\/agoravape.com\/wp-content\/uploads\/2025\/10\/BIMO-30K-Puffs-High-Capacity-Disposable-Vape-30ml_Agora_vape-2-768x360.webp 768w, https:\/\/agoravape.com\/wp-content\/uploads\/2025\/10\/BIMO-30K-Puffs-High-Capacity-Disposable-Vape-30ml_Agora_vape-2-1536x720.webp 1536w\" sizes=\"auto, (max-width: 1920px) 100vw, 1920px\" \/><\/h2>\n<h2 data-v-md-heading=\"bimo-30k-large-capacity-disposable-vape-what-s-special-about-30ml\" data-v-md-line=\"3\">BIMO 30K jednorazowe vape o du\u017cej pojemno\u015bci | Co jest wyj\u0105tkowego w 30 ml?<\/h2>\n<p data-v-md-line=\"4\">Je\u015bli jeste\u015b zm\u0119czony wymian\u0105 jednorazowych waporyzator\u00f3w co kilka dni, warto przyjrze\u0107 si\u0119 temu produktowi. BIMO 30K ma pojemno\u015b\u0107 do 30000 port\u00f3w i du\u017cy zbiornik o pojemno\u015bci 30 mililitr\u00f3w, dzi\u0119ki czemu mo\u017cesz cieszy\u0107 si\u0119 pysznym jedzeniem bez konieczno\u015bci wymiany sprz\u0119tu.<\/p>\n<p data-v-md-line=\"6\">Jest odpowiedni dla ka\u017cdego u\u017cytkownika vape, kt\u00f3ry chce prostoty, niezawodno\u015bci i wystarczaj\u0105cej \u017cywotno\u015bci baterii. Nie musisz si\u0119 martwi\u0107. Wystarczy wybra\u0107 preferowany smak i st\u0119\u017cenie nikotyny i mo\u017cna rozpocz\u0105\u0107 korzystanie z urz\u0105dzenia. Mo\u017cesz pomy\u015ble\u0107, \u017ce to urz\u0105dzenie o du\u017cej pojemno\u015bci jest niepor\u0119czne, ale b\u0119dziesz zaskoczony jego przyst\u0119pn\u0105 cen\u0105.<\/p>\n<h2 data-v-md-heading=\"excellent-performance-easy-and-convenient\" data-v-md-line=\"8\">Doskona\u0142a wydajno\u015b\u0107, \u0142atwo\u015b\u0107 i wygoda<\/h2>\n<p data-v-md-line=\"9\">BIMO wykorzystuje cewki siatkowe, aby utrzyma\u0107 g\u0142adki i stabilny smak przez ca\u0142y czas. Szybkie wch\u0142anianie potu, r\u00f3wnomierne ogrzewanie, orze\u017awiaj\u0105cy smak, nie\u0142atwa lotno\u015b\u0107. Wbudowany akumulator o pojemno\u015bci 700 mAh, kt\u00f3ry mo\u017cna \u0142adowa\u0107 przez port USB, pozwala w pe\u0142ni wykorzysta\u0107 ka\u017cd\u0105 kropl\u0119 30 ml wody. Gdy potrzebne jest \u0142adowanie, wystarczy pod\u0142\u0105czy\u0107 \u017ar\u00f3d\u0142o zasilania i mo\u017cna u\u017cywa\u0107. Prosty i wygodny.<\/p>\n<h2 data-v-md-heading=\"specification-introduction\" data-v-md-line=\"11\">Wprowadzenie do specyfikacji<\/h2>\n<ul data-v-md-line=\"12\">\n<li>Pojemno\u015b\u0107 e-liquidu: 30 mililitr\u00f3w<\/li>\n<li>Cz\u0119stotliwo\u015b\u0107 zasysania: do 30000 razy<\/li>\n<li>Zawarto\u015b\u0107 nikotyny: W zale\u017cno\u015bci od rynku i lokalnych przepis\u00f3w, mo\u017ce by\u0107 wybrana jako 2% lub 5%<\/li>\n<li>Zasada dzia\u0142ania: Aktywowany przez wdychanie<\/li>\n<li>Atomizuj\u0105cy rdze\u0144: siatka jak<\/li>\n<li>Bateria: akumulator o pojemno\u015bci 700 mAh<\/li>\n<li>Metoda \u0142adowania: Interfejs \u0142adowania USB<\/li>\n<li>Status: Gotowy do u\u017cycia po rozpakowaniu<\/li>\n<\/ul>\n<h2 data-v-md-heading=\"multiple-flavor-options\" data-v-md-line=\"21\">Wiele opcji smakowych<\/h2>\n<ul data-v-md-line=\"22\">\n<li>Marakuja, kiwi, guawa<\/li>\n<li>Ch\u0142odna mi\u0119ta<\/li>\n<li>Koktajl mleczny z mango<\/li>\n<li>Cherry Cola<\/li>\n<li>Winogrona truskawkowe<\/li>\n<li>Koktajl jagodowy<\/li>\n<li>Blackberry Wave<\/li>\n<li>Koktajl truskawkowy<\/li>\n<li>Koktajl arbuzowy<\/li>\n<li>Smoczy owoc, banan, wi\u015bnia<\/li>\n<\/ul>\n<h2 data-v-md-heading=\"for-you-and-your-business\" data-v-md-line=\"33\">Dla Ciebie i Twojego biznesu<\/h2>\n<p data-v-md-line=\"34\">Je\u015bli potrzebujesz produktu o du\u017cej wydajno\u015bci i niskich kosztach utrzymania, wybierz BIMO 30K. Je\u015bli dokonujesz zakupu dla sklepu lub sieci sklep\u00f3w, mo\u017cemy r\u00f3wnie\u017c spe\u0142ni\u0107 Twoje potrzeby. Pude\u0142ka hurtowe maj\u0105 10 sztuk w pude\u0142ku, a standardowe pude\u0142ka maj\u0105 120 sztuk w pude\u0142ku, dzi\u0119ki czemu uk\u0142adanie na p\u00f3\u0142kach i przewidywanie jest proste i \u0142atwe.<\/p>\n<p data-v-md-line=\"36\">\u015awiadczymy us\u0142ugi dostawy DDP w Europie za po\u015brednictwem zaufanych partner\u00f3w, takich jak UPS, DPD i DHL, co oznacza kr\u00f3tkie terminy dostaw i brak nieoczekiwanych problem\u00f3w celnych. Wszystkie zapasy s\u0105 oryginalne i odpowiednio przechowywane, aby zapewni\u0107, \u017ce otrzymasz \u015bwie\u017cy i trwa\u0142y e-liquid.<\/p>\n<h2 data-v-md-heading=\"why-do-you-like-it\" data-v-md-line=\"38\">Dlaczego to lubisz?<\/h2>\n<ul data-v-md-line=\"39\">\n<li>Bardzo du\u017ca pojemno\u015b\u0107: do 30000 port\u00f3w, bez konieczno\u015bci cz\u0119stego kupowania nowych produkt\u00f3w.<\/li>\n<li>Wyb\u00f3r zawarto\u015bci nikotyny: Wybierz zawarto\u015b\u0107 nikotyny 2% lub 5% w zale\u017cno\u015bci od potrzeb i lokalnych przepis\u00f3w.<\/li>\n<li>Mo\u017cliwo\u015b\u0107 \u0142adowania: Mo\u017cesz w pe\u0142ni wykorzysta\u0107 pojemno\u015b\u0107 30 ml.<\/li>\n<li>Siatkowy rdze\u0144 atomizera: ci\u0105g\u0142y i bogaty smak, zawsze satysfakcjonuj\u0105cy.<\/li>\n<li>Zero przycisk\u00f3w: \u0141atwa inhalacja bez naciskania jakichkolwiek przycisk\u00f3w, ciesz\u0105c si\u0119 czystym i wolnym od zmartwie\u0144 do\u015bwiadczeniem.<\/li>\n<\/ul>\n<h2 data-v-md-heading=\"why-choose-to-collaborate-with-agoravape\" data-v-md-line=\"45\">Dlaczego warto zdecydowa\u0107 si\u0119 na wsp\u00f3\u0142prac\u0119 z AgoraVape?<\/h2>\n<p data-v-md-line=\"46\">Sprzedajemy wy\u0142\u0105cznie oryginalne produkty 100% i odpowiadamy za ich jako\u015b\u0107. Jako jeden z zaufanych dystrybutor\u00f3w vape w Europie, mo\u017cesz cieszy\u0107 si\u0119 obni\u017conymi cenami hurtowymi, kompleksow\u0105 obs\u0142ug\u0105 klienta i szybkimi us\u0142ugami dostawy DDP dla jednorazowych vape BIMO 30K Puffs o du\u017cej pojemno\u015bci (30 ml). Zapraszamy do om\u00f3wienia z nami kombinacji smakowych i plan\u00f3w uzupe\u0142niania zapas\u00f3w, aby mie\u0107 pewno\u015b\u0107, \u017ce na p\u00f3\u0142kach zawsze znajduj\u0105 si\u0119 produkty, kt\u00f3rych klienci naprawd\u0119 potrzebuj\u0105.<\/p>","protected":false},"excerpt":{"rendered":"<p>&nbsp;<\/p>","protected":false},"featured_media":18299,"comment_status":"open","ping_status":"closed","template":"","meta":[],"product_brand":[241],"product_cat":[124,185,189,176,168,174,175,193,191,173,186,180,190],"product_tag":[],"class_list":{"0":"post-18300","1":"product","2":"type-product","3":"status-publish","4":"has-post-thumbnail","6":"product_brand-bimo","7":"product_cat-vape-by-brand","8":"product_cat-10000-puffs-high-capacity","9":"product_cat-20mg-standard-nicotine-vapes","10":"product_cat-beverage","11":"product_cat-bimo","12":"product_cat-fruit-flavors","13":"product_cat-icy-mint","14":"product_cat-mesh-coil","15":"product_cat-rechargeable-disposables","16":"product_cat-vape-by-flavor-profile","17":"product_cat-vape-by-nicotine-strength","18":"product_cat-vape-by-puff-count","19":"product_cat-vape-by-feature-or-type","21":"first","22":"instock","23":"shipping-taxable","24":"purchasable","25":"product-type-variable","26":"has-default-attributes"},"tiered_pricing_type":"percentage","tiered_pricing_fixed_rules":[],"tiered_pricing_product_settings":{"layout":"default","base_unit_name":{"singular":null,"plural":null},"default_variation":null},"tiered_pricing_minimum_quantity":10,"tiered_pricing_roles_data":[],"tiered_pricing_percentage_rules":{"30":"29","50":"35","100":"40","200":"44","500":"47","1000":"49"},"tiered_pricing_maximum_quantity":null,"tiered_pricing_quantity_step":"10","_links":{"self":[{"href":"https:\/\/agoravape.com\/pl\/wp-json\/wp\/v2\/product\/18300","targetHints":{"allow":["GET"]}}],"collection":[{"href":"https:\/\/agoravape.com\/pl\/wp-json\/wp\/v2\/product"}],"about":[{"href":"https:\/\/agoravape.com\/pl\/wp-json\/wp\/v2\/types\/product"}],"replies":[{"embeddable":true,"href":"https:\/\/agoravape.com\/pl\/wp-json\/wp\/v2\/comments?post=18300"}],"version-history":[{"count":0,"href":"https:\/\/agoravape.com\/pl\/wp-json\/wp\/v2\/product\/18300\/revisions"}],"wp:featuredmedia":[{"embeddable":true,"href":"https:\/\/agoravape.com\/pl\/wp-json\/wp\/v2\/media\/18299"}],"wp:attachment":[{"href":"https:\/\/agoravape.com\/pl\/wp-json\/wp\/v2\/media?parent=18300"}],"wp:term":[{"taxonomy":"product_brand","embeddable":true,"href":"https:\/\/agoravape.com\/pl\/wp-json\/wp\/v2\/product_brand?post=18300"},{"taxonomy":"product_cat","embeddable":true,"href":"https:\/\/agoravape.com\/pl\/wp-json\/wp\/v2\/product_cat?post=18300"},{"taxonomy":"product_tag","embeddable":true,"href":"https:\/\/agoravape.com\/pl\/wp-json\/wp\/v2\/product_tag?post=18300"}],"curies":[{"name":"wp","href":"https:\/\/api.w.org\/{rel}","templated":true}]}}