{"id":18392,"date":"2025-10-20T18:47:21","date_gmt":"2025-10-20T10:47:21","guid":{"rendered":"https:\/\/green-grasshopper-921422.hostingersite.com\/?post_type=product&#038;p=18392"},"modified":"2025-12-15T21:29:59","modified_gmt":"2025-12-15T13:29:59","slug":"uwin-crystal-10k-puffs-rgb","status":"publish","type":"product","link":"https:\/\/agoravape.com\/pl\/product\/uwin-crystal-10k-puffs-rgb\/","title":{"rendered":"Uwin Crystal 10K Puffs RGB Light Jednorazowe Vape | D\u0142ugotrwa\u0142e zaci\u0105gni\u0119cia, bez zamieszania"},"content":{"rendered":"<h2 data-v-md-heading=\"what-are-the-highlights-of-uwin-crystal-10k-rgb-disposable-vape-30-e-liquids\" data-v-md-line=\"3\"><img loading=\"lazy\" decoding=\"async\" class=\"aligncenter size-full wp-image-18413\" src=\"https:\/\/agoravape.com\/wp-content\/uploads\/2025\/10\/Uwin-Crystal-10K-Puffs-RGB-Light-Disposable-Vape-30-Flaros_Agora_vape-8-scaled.webp\" alt=\"\" width=\"2560\" height=\"1922\" srcset=\"https:\/\/agoravape.com\/wp-content\/uploads\/2025\/10\/Uwin-Crystal-10K-Puffs-RGB-Light-Disposable-Vape-30-Flaros_Agora_vape-8-scaled.webp 2560w, https:\/\/agoravape.com\/wp-content\/uploads\/2025\/10\/Uwin-Crystal-10K-Puffs-RGB-Light-Disposable-Vape-30-Flaros_Agora_vape-8-scaled-1200x901.webp 1200w, https:\/\/agoravape.com\/wp-content\/uploads\/2025\/10\/Uwin-Crystal-10K-Puffs-RGB-Light-Disposable-Vape-30-Flaros_Agora_vape-8-300x225.webp 300w, https:\/\/agoravape.com\/wp-content\/uploads\/2025\/10\/Uwin-Crystal-10K-Puffs-RGB-Light-Disposable-Vape-30-Flaros_Agora_vape-8-1024x769.webp 1024w, https:\/\/agoravape.com\/wp-content\/uploads\/2025\/10\/Uwin-Crystal-10K-Puffs-RGB-Light-Disposable-Vape-30-Flaros_Agora_vape-8-768x577.webp 768w, https:\/\/agoravape.com\/wp-content\/uploads\/2025\/10\/Uwin-Crystal-10K-Puffs-RGB-Light-Disposable-Vape-30-Flaros_Agora_vape-8-1536x1153.webp 1536w, https:\/\/agoravape.com\/wp-content\/uploads\/2025\/10\/Uwin-Crystal-10K-Puffs-RGB-Light-Disposable-Vape-30-Flaros_Agora_vape-8-2048x1537.webp 2048w\" sizes=\"auto, (max-width: 2560px) 100vw, 2560px\" \/><\/h2>\n<h2 data-v-md-heading=\"what-are-the-highlights-of-uwin-crystal-10k-rgb-disposable-vape-30-e-liquids\" data-v-md-line=\"3\">Jakie s\u0105 zalety jednorazowych vape Uwin Crystal 10K RGB | 30 e-liquid\u00f3w?<\/h2>\n<p data-v-md-line=\"4\">Je\u015bli jeste\u015b zm\u0119czony zmienianiem urz\u0105dze\u0144 co kilka dni, warto przyjrze\u0107 si\u0119 temu produktowi. Uwin Crystal 10K zapewnia proste i niezawodne do\u015bwiadczenie waporyzacji, z d\u0142ug\u0105 \u017cywotno\u015bci\u0105 baterii oraz czystym i wyra\u017anym do\u015bwiadczeniem palenia. Nie potrzebujesz menu, nie musisz si\u0119 martwi\u0107. Wystarczy wybra\u0107 smak i mo\u017cna go z \u0142atwo\u015bci\u0105 wdycha\u0107.<\/p>\n<p data-v-md-line=\"6\">Je\u015bli potrzebujesz trwa\u0142ego i bezproblemowego waporyzatora jednorazowego u\u017cytku, ten produkt jest idealnym wyborem. Jasne \u015bwiat\u0142a RGB b\u0119d\u0105 migota\u0107 podczas wdechu, dodaj\u0105c odrobin\u0119 mody bez przeszkadzania. Mo\u017ce si\u0119 wydawa\u0107, \u017ce waporyzator 10K jest jak ceg\u0142a, ale ten produkt jest bardzo wygodny do trzymania w d\u0142oni i z \u0142atwo\u015bci\u0105 zmie\u015bci si\u0119 w kieszeni.<\/p>\n<h2 data-v-md-heading=\"excellent-performance-easy-and-convenient\" data-v-md-line=\"8\">Doskona\u0142a wydajno\u015b\u0107, \u0142atwo\u015b\u0107 i wygoda<\/h2>\n<p data-v-md-line=\"9\">Urz\u0105dzenie wykorzystuje wydajny rdze\u0144 atomizuj\u0105cy i szczelny wlot powietrza, zapewniaj\u0105c stabilny smak od pierwszego do ostatniego k\u0119sa. P\u0142ynne zasysanie, d\u0142ugotrwa\u0142a stabilno\u015b\u0107. Gdy bateria jest roz\u0142adowana, mo\u017cna j\u0105 na\u0142adowa\u0107 za pomoc\u0105 wbudowanego interfejsu USB, aby w pe\u0142ni wykorzysta\u0107 ca\u0142y zakupiony e-liquid. Prosty i wygodny.<\/p>\n<h2 data-v-md-heading=\"specification-overview\" data-v-md-line=\"11\">Przegl\u0105d specyfikacji<\/h2>\n<ul data-v-md-line=\"12\">\n<li>Cz\u0119stotliwo\u015b\u0107 zasysania: do 10000 razy<\/li>\n<li>Zawarto\u015b\u0107 nikotyny: R\u00f3\u017cne opcje rynkowe mog\u0105 si\u0119 r\u00f3\u017cni\u0107. Regiony TPD zazwyczaj dopuszczaj\u0105 maksymaln\u0105 zawarto\u015b\u0107 nikotyny na poziomie 20 miligram\u00f3w, a tak\u017ce mog\u0105 oferowa\u0107 opcj\u0119 zerowej zawarto\u015bci nikotyny. Zobacz aktualny wyb\u00f3r<\/li>\n<li>Zasada dzia\u0142ania: Aktywowany przez wdychanie<\/li>\n<li>Metoda \u0142adowania: \u0141adowanie USB (wiele urz\u0105dze\u0144 korzysta z interfejsu Type-C)<\/li>\n<li>Status: Gotowy do u\u017cycia od razu po wyj\u0119ciu z pude\u0142ka<\/li>\n<\/ul>\n<h2 data-v-md-heading=\"for-you-and-your-business\" data-v-md-line=\"18\">Dla Ciebie i Twojego biznesu<\/h2>\n<p data-v-md-line=\"19\">Kupujesz dla siebie? Wybierz sw\u00f3j ulubiony smak spo\u015br\u00f3d 30 opcji. Kupujesz dla sklepu? Oferujemy elastyczne opcje hurtowe, kt\u00f3re umo\u017cliwiaj\u0105 zakup zgodnie z rzeczywistymi potrzebami klient\u00f3w. Zapraszamy do kontaktu z nami w celu uzyskania informacji na temat rozmiar\u00f3w pude\u0142ek papieros\u00f3w, kombinacji smak\u00f3w i optymalnych cen hurtowych.<\/p>\n<p data-v-md-line=\"21\">Wysy\u0142amy e-liquidy do wi\u0119kszo\u015bci europejskich miejsc docelowych za po\u015brednictwem UPS, DPD i DHL za po\u015brednictwem DDP. Oznacza to, \u017ce taryfy zostan\u0105 wst\u0119pnie przetworzone, aby unikn\u0105\u0107 nieoczekiwanych incydent\u00f3w celnych. Zam\u00f3wienie zostanie bezpiecznie zapakowane, a us\u0142ugi \u015bledzenia zostan\u0105 zapewnione.<\/p>\n<h2 data-v-md-heading=\"why-do-you-like-it\" data-v-md-line=\"23\">Dlaczego to lubisz?<\/h2>\n<ul data-v-md-line=\"24\">\n<li>Du\u017cy kaliber: Trwa\u0142e i d\u0142ugowieczne, nie ma potrzeby cz\u0119stego kupowania nowych papieros\u00f3w<\/li>\n<li>Wyb\u00f3r nikotyny: Wybierz nikotyn\u0119, kt\u00f3ra odpowiada Twoim codziennym nawykom i lokalnym przepisom<\/li>\n<li>Mo\u017cliwo\u015b\u0107 \u0142adowania: Mo\u017cna na\u0142adowa\u0107 bateri\u0119 i wyczerpa\u0107 e-liquid<\/li>\n<li>Sta\u0142y smak: cewka i system zasysania zapewniaj\u0105 stabilne i satysfakcjonuj\u0105ce doznania podczas ssania.<\/li>\n<\/ul>\n<h2 data-v-md-heading=\"brief-explanation-on-compliance-and-authenticity\" data-v-md-line=\"29\">Kr\u00f3tkie wyja\u015bnienie dotycz\u0105ce zgodno\u015bci i autentyczno\u015bci<\/h2>\n<ul data-v-md-line=\"30\">\n<li>EU\/UK TPD: Na wielu rynkach UE produkty nikotynowe musz\u0105 by\u0107 zgodne z ograniczeniami wynosz\u0105cymi 2 mililitry i maksymalnie 20 miligram\u00f3w. Urz\u0105dzenia du\u017cego kalibru s\u0105 zazwyczaj dostarczane z zerow\u0105 zawarto\u015bci\u0105 nikotyny lub przeznaczone dla okre\u015blonych region\u00f3w. Przed z\u0142o\u017ceniem zam\u00f3wienia nale\u017cy sprawdzi\u0107 opcje produktu i lokalne przepisy.<\/li>\n<li>Autentyczne zapasy: Kupujemy autentyczne produkty od zaufanych dostawc\u00f3w i prowadzimy \u015bledzenie partii. Je\u015bli potrzebujesz szczeg\u00f3\u0142\u00f3w weryfikacji przesy\u0142ki, skontaktuj si\u0119 z naszym zespo\u0142em.<\/li>\n<\/ul>\n<h2 data-v-md-heading=\"why-choose-to-collaborate-with-agoravape\" data-v-md-line=\"33\">Dlaczego warto zdecydowa\u0107 si\u0119 na wsp\u00f3\u0142prac\u0119 z AgoraVape?<\/h2>\n<p data-v-md-line=\"34\">Jeste\u015bmy jednym z najbardziej zaufanych dystrybutor\u00f3w vape w Europie, wi\u0119c sprzedajemy tylko oryginalne produkty 100%. Dla klient\u00f3w komercyjnych oznacza to obni\u017cone ceny hurtowe, prawdziwe wsparcie ekspert\u00f3w bran\u017cowych oraz szybkie, niezawodne i op\u0142acone podatkiem us\u0142ugi dostawy jednorazowych vape Uwin Crystal 10K Puffs RGB Light | 30 Flaros. Skontaktuj si\u0119 z nami, aby zaopatrzy\u0107 si\u0119 w trwa\u0142y produkt jednorazowego u\u017cytku, kt\u00f3ry warto zwr\u00f3ci\u0107 swoim klientom.<\/p>\n<p><script src=\"chrome-extension:\/\/fpelahbljekknahkcaegamhcndkfpfnc\/iFrame.js\" type=\"text\/javascript\"><\/script><\/p>","protected":false},"excerpt":{"rendered":"<p>&nbsp;<\/p>\n<p><script src=\"chrome-extension:\/\/fpelahbljekknahkcaegamhcndkfpfnc\/iFrame.js\" type=\"text\/javascript\"><\/script><\/p>\n<p><script src=\"chrome-extension:\/\/fpelahbljekknahkcaegamhcndkfpfnc\/iFrame.js\" type=\"text\/javascript\"><\/script><\/p>\n<p><script src=\"chrome-extension:\/\/fpelahbljekknahkcaegamhcndkfpfnc\/iFrame.js\" type=\"text\/javascript\"><\/script><\/p>\n<p><script src=\"chrome-extension:\/\/fpelahbljekknahkcaegamhcndkfpfnc\/iFrame.js\" type=\"text\/javascript\"><\/script><\/p>\n<p><script src=\"chrome-extension:\/\/fpelahbljekknahkcaegamhcndkfpfnc\/iFrame.js\" type=\"text\/javascript\"><\/script><\/p>\n<p><script src=\"chrome-extension:\/\/fpelahbljekknahkcaegamhcndkfpfnc\/iFrame.js\" type=\"text\/javascript\"><\/script><\/p>\n<p><script src=\"chrome-extension:\/\/fpelahbljekknahkcaegamhcndkfpfnc\/iFrame.js\" type=\"text\/javascript\"><\/script><\/p>\n<p><script src=\"chrome-extension:\/\/fpelahbljekknahkcaegamhcndkfpfnc\/iFrame.js\" type=\"text\/javascript\"><\/script><\/p>\n<p><script src=\"chrome-extension:\/\/fpelahbljekknahkcaegamhcndkfpfnc\/iFrame.js\" type=\"text\/javascript\"><\/script><\/p>\n<p><script src=\"chrome-extension:\/\/fpelahbljekknahkcaegamhcndkfpfnc\/iFrame.js\" type=\"text\/javascript\"><\/script><\/p>\n<p><script src=\"chrome-extension:\/\/fpelahbljekknahkcaegamhcndkfpfnc\/iFrame.js\" type=\"text\/javascript\"><\/script><\/p>\n<p><script src=\"chrome-extension:\/\/fpelahbljekknahkcaegamhcndkfpfnc\/iFrame.js\" type=\"text\/javascript\"><\/script><\/p>\n<p><script src=\"chrome-extension:\/\/fpelahbljekknahkcaegamhcndkfpfnc\/iFrame.js\" type=\"text\/javascript\"><\/script><\/p>\n<p><script src=\"chrome-extension:\/\/fpelahbljekknahkcaegamhcndkfpfnc\/iFrame.js\" type=\"text\/javascript\"><\/script><\/p>\n<p><script src=\"chrome-extension:\/\/fpelahbljekknahkcaegamhcndkfpfnc\/iFrame.js\" type=\"text\/javascript\"><\/script><\/p>\n<p><script src=\"chrome-extension:\/\/fpelahbljekknahkcaegamhcndkfpfnc\/iFrame.js\" type=\"text\/javascript\"><\/script><\/p>\n<p><script src=\"chrome-extension:\/\/fpelahbljekknahkcaegamhcndkfpfnc\/iFrame.js\" type=\"text\/javascript\"><\/script><\/p>\n<p><script src=\"chrome-extension:\/\/fpelahbljekknahkcaegamhcndkfpfnc\/iFrame.js\" type=\"text\/javascript\"><\/script><\/p>\n<p><script src=\"chrome-extension:\/\/fpelahbljekknahkcaegamhcndkfpfnc\/iFrame.js\" type=\"text\/javascript\"><\/script><\/p>","protected":false},"featured_media":18420,"comment_status":"open","ping_status":"closed","template":"","meta":[],"product_brand":[244],"product_cat":[124,187,185,189,174,175,193,191,179,171,173,186,180,190],"product_tag":[],"class_list":{"0":"post-18392","1":"product","2":"type-product","3":"status-publish","4":"has-post-thumbnail","6":"product_brand-uwin","7":"product_cat-vape-by-brand","8":"product_cat-0mg-nicotine-free-vapes","9":"product_cat-10000-puffs-high-capacity","10":"product_cat-20mg-standard-nicotine-vapes","11":"product_cat-fruit-flavors","12":"product_cat-icy-mint","13":"product_cat-mesh-coil","14":"product_cat-rechargeable-disposables","15":"product_cat-unique-blends","16":"product_cat-uwin","17":"product_cat-vape-by-flavor-profile","18":"product_cat-vape-by-nicotine-strength","19":"product_cat-vape-by-puff-count","20":"product_cat-vape-by-feature-or-type","22":"first","23":"instock","24":"shipping-taxable","25":"purchasable","26":"product-type-variable","27":"has-default-attributes"},"tiered_pricing_type":"percentage","tiered_pricing_fixed_rules":[],"tiered_pricing_product_settings":{"layout":"default","base_unit_name":{"singular":null,"plural":null},"default_variation":null},"tiered_pricing_minimum_quantity":10,"tiered_pricing_roles_data":[],"tiered_pricing_percentage_rules":{"30":"29","50":"35","100":"40","200":"44","500":"47","1000":"49"},"tiered_pricing_maximum_quantity":null,"tiered_pricing_quantity_step":"10","_links":{"self":[{"href":"https:\/\/agoravape.com\/pl\/wp-json\/wp\/v2\/product\/18392","targetHints":{"allow":["GET"]}}],"collection":[{"href":"https:\/\/agoravape.com\/pl\/wp-json\/wp\/v2\/product"}],"about":[{"href":"https:\/\/agoravape.com\/pl\/wp-json\/wp\/v2\/types\/product"}],"replies":[{"embeddable":true,"href":"https:\/\/agoravape.com\/pl\/wp-json\/wp\/v2\/comments?post=18392"}],"version-history":[{"count":0,"href":"https:\/\/agoravape.com\/pl\/wp-json\/wp\/v2\/product\/18392\/revisions"}],"wp:featuredmedia":[{"embeddable":true,"href":"https:\/\/agoravape.com\/pl\/wp-json\/wp\/v2\/media\/18420"}],"wp:attachment":[{"href":"https:\/\/agoravape.com\/pl\/wp-json\/wp\/v2\/media?parent=18392"}],"wp:term":[{"taxonomy":"product_brand","embeddable":true,"href":"https:\/\/agoravape.com\/pl\/wp-json\/wp\/v2\/product_brand?post=18392"},{"taxonomy":"product_cat","embeddable":true,"href":"https:\/\/agoravape.com\/pl\/wp-json\/wp\/v2\/product_cat?post=18392"},{"taxonomy":"product_tag","embeddable":true,"href":"https:\/\/agoravape.com\/pl\/wp-json\/wp\/v2\/product_tag?post=18392"}],"curies":[{"name":"wp","href":"https:\/\/api.w.org\/{rel}","templated":true}]}}