{"id":18456,"date":"2025-10-20T19:07:47","date_gmt":"2025-10-20T11:07:47","guid":{"rendered":"https:\/\/green-grasshopper-921422.hostingersite.com\/?post_type=product&#038;p=18456"},"modified":"2026-02-14T17:33:10","modified_gmt":"2026-02-14T16:33:10","slug":"uwin-twins-crystal-40k-dual-flavor","status":"publish","type":"product","link":"https:\/\/agoravape.com\/pl\/product\/uwin-twins-crystal-40k-dual-flavor\/","title":{"rendered":"Uwin Twins Crystal 40K Puffs Dual Flavor Disposable Vape | Dwa smaki, du\u017ca trwa\u0142o\u015b\u0107"},"content":{"rendered":"<h2 data-v-md-heading=\"what-is-special-about-the-uwin-twins-crystal-40k-suction-dual-flavored-disposable-vape\" data-v-md-line=\"3\"><img loading=\"lazy\" decoding=\"async\" class=\"aligncenter size-full wp-image-18455\" src=\"https:\/\/agoravape.com\/wp-content\/uploads\/2025\/10\/Uwin-Twins-Crystal-40K-Puffs-Dual-Flavor-Disposable-Vape_Agora_vape-2.webp\" alt=\"\" width=\"1474\" height=\"1020\" srcset=\"https:\/\/agoravape.com\/wp-content\/uploads\/2025\/10\/Uwin-Twins-Crystal-40K-Puffs-Dual-Flavor-Disposable-Vape_Agora_vape-2.webp 1474w, https:\/\/agoravape.com\/wp-content\/uploads\/2025\/10\/Uwin-Twins-Crystal-40K-Puffs-Dual-Flavor-Disposable-Vape_Agora_vape-2-1200x830.webp 1200w, https:\/\/agoravape.com\/wp-content\/uploads\/2025\/10\/Uwin-Twins-Crystal-40K-Puffs-Dual-Flavor-Disposable-Vape_Agora_vape-2-300x208.webp 300w, https:\/\/agoravape.com\/wp-content\/uploads\/2025\/10\/Uwin-Twins-Crystal-40K-Puffs-Dual-Flavor-Disposable-Vape_Agora_vape-2-1024x709.webp 1024w, https:\/\/agoravape.com\/wp-content\/uploads\/2025\/10\/Uwin-Twins-Crystal-40K-Puffs-Dual-Flavor-Disposable-Vape_Agora_vape-2-768x531.webp 768w\" sizes=\"auto, (max-width: 1474px) 100vw, 1474px\" \/><\/h2>\n<h2 data-v-md-heading=\"what-is-special-about-the-uwin-twins-crystal-40k-suction-dual-flavored-disposable-vape\" data-v-md-line=\"3\">Co jest wyj\u0105tkowego w jednorazowym vape Uwin Twins Crystal 40K o podw\u00f3jnym smaku?<\/h2>\n<p data-v-md-line=\"4\">Je\u015bli jeste\u015b zm\u0119czony cz\u0119st\u0105 zmian\u0105 urz\u0105dze\u0144 w celu zmiany smaku, ten produkt mo\u017ce pom\u00f3c Ci zaoszcz\u0119dzi\u0107 wiele k\u0142opot\u00f3w. Uwin Twins Crystal \u0142\u0105czy dwa smaki w jednym urz\u0105dzeniu, pozwalaj\u0105c cieszy\u0107 si\u0119 mieszank\u0105 smak\u00f3w, kt\u00f3re pasuj\u0105 do Twojego nastroju i trwaj\u0105 przez d\u0142ugi czas.<\/p>\n<p data-v-md-line=\"6\">Je\u015bli potrzebujesz jednorazowego waporyzatora wielokrotnego \u0142adowania, kt\u00f3ry jest trwa\u0142y i zapewnia stabilne smaki bez skomplikowanych ustawie\u0144, to ten produkt jest idealnym wyborem. Wystarczy wzi\u0105\u0107 \u0142yk, aby go u\u017cy\u0107. Nie trzeba naciska\u0107 przycisk\u00f3w ani uczy\u0107 si\u0119 menu.<\/p>\n<h2 data-v-md-heading=\"excellent-performance-without-any-complex-operations\" data-v-md-line=\"8\">Doskona\u0142a wydajno\u015b\u0107 bez skomplikowanych operacji<\/h2>\n<p data-v-md-line=\"9\">Siatkowa cewka 0,6 \u03a9 znajduje si\u0119 w rdzeniu Twins Crystal, zapewniaj\u0105c g\u0142adk\u0105 par\u0119 i bogaty smak od pierwszego do ostatniego k\u0119sa. Gdy bateria jest roz\u0142adowana, mo\u017cna j\u0105 na\u0142adowa\u0107 za pomoc\u0105 interfejsu Type-C, aby korzysta\u0107 ze wszystkich zakupionych e-liquid\u00f3w. Kabel po\u0142\u0105czeniowy jest prosty, a \u0142adowanie wygodne.<\/p>\n<h2 data-v-md-heading=\"specification-introduction\" data-v-md-line=\"11\">Wprowadzenie do specyfikacji<\/h2>\n<ul data-v-md-line=\"12\">\n<li>Cz\u0119stotliwo\u015b\u0107 ssania: do 40000 razy<\/li>\n<li>Nikotyna: Dost\u0119pna w czterech st\u0119\u017ceniach: 0%, 2%, 3% i 5% (konkretna poda\u017c r\u00f3\u017cni si\u0119 w zale\u017cno\u015bci od rynku)<\/li>\n<li>Pojemno\u015b\u0107 e-liquidu: 30 mililitr\u00f3w<\/li>\n<li>Bateria: akumulator o pojemno\u015bci 850 mAh<\/li>\n<li>Rdze\u0144 rozpylaj\u0105cy: oczko 0,6 \u03a9<\/li>\n<li>Zasada dzia\u0142ania: Aktywacja jednym zaci\u0105gni\u0119ciem<\/li>\n<li>\u0141adowanie: Interfejs USB typu C<\/li>\n<li>Status: Gotowy do u\u017cycia od razu po wyj\u0119ciu z pude\u0142ka<\/li>\n<li>Format: Ka\u017cde urz\u0105dzenie zawiera dwie kombinacje smakowe<\/li>\n<\/ul>\n<h2 data-v-md-heading=\"complete-flavor-lineup\" data-v-md-line=\"22\">Pe\u0142na gama smak\u00f3w<\/h2>\n<ul data-v-md-line=\"23\">\n<li>Mro\u017cony l\u00f3d jagodowy\/letni l\u00f3d brzoskwiniowy<\/li>\n<li>Kiwi marakuja guawa\/jagoda malina<\/li>\n<li>L\u00f3d truskawkowy kiwi\/winogronowy<\/li>\n<li>Kiwi, marakuja, guawa\/podw\u00f3jne jab\u0142ko<\/li>\n<li>Truskawka arbuz\/cytryna limonka<\/li>\n<li>L\u00f3d jagodowo-malinowo-wi\u015bniowy<\/li>\n<li>Strawberry Raspberry Cherry\/Mr. Blue<\/li>\n<li>Brzoskwinia, mango, ananas\/czerwony byk<\/li>\n<li>Watermelon Ice\/Mixed Berry<\/li>\n<li>Strawberry Banana\/Love 66 (Passion Fruit Melon Ice)<\/li>\n<\/ul>\n<p><img loading=\"lazy\" decoding=\"async\" class=\"aligncenter size-full wp-image-18454\" src=\"https:\/\/agoravape.com\/wp-content\/uploads\/2025\/10\/Uwin-Twins-Crystal-40K-Puffs-Dual-Flavor-Disposable-Vape_Agora_vape-1.webp\" alt=\"\" width=\"1200\" height=\"1200\" srcset=\"https:\/\/agoravape.com\/wp-content\/uploads\/2025\/10\/Uwin-Twins-Crystal-40K-Puffs-Dual-Flavor-Disposable-Vape_Agora_vape-1.webp 1200w, https:\/\/agoravape.com\/wp-content\/uploads\/2025\/10\/Uwin-Twins-Crystal-40K-Puffs-Dual-Flavor-Disposable-Vape_Agora_vape-1-600x600.webp 600w, https:\/\/agoravape.com\/wp-content\/uploads\/2025\/10\/Uwin-Twins-Crystal-40K-Puffs-Dual-Flavor-Disposable-Vape_Agora_vape-1-300x300.webp 300w, https:\/\/agoravape.com\/wp-content\/uploads\/2025\/10\/Uwin-Twins-Crystal-40K-Puffs-Dual-Flavor-Disposable-Vape_Agora_vape-1-1024x1024.webp 1024w, https:\/\/agoravape.com\/wp-content\/uploads\/2025\/10\/Uwin-Twins-Crystal-40K-Puffs-Dual-Flavor-Disposable-Vape_Agora_vape-1-150x150.webp 150w, https:\/\/agoravape.com\/wp-content\/uploads\/2025\/10\/Uwin-Twins-Crystal-40K-Puffs-Dual-Flavor-Disposable-Vape_Agora_vape-1-768x768.webp 768w\" sizes=\"auto, (max-width: 1200px) 100vw, 1200px\" \/><\/p>\n<h2 data-v-md-heading=\"for-you-and-for-your-business-as-well\" data-v-md-line=\"34\">Dla Ciebie i dla Twojej firmy<\/h2>\n<p data-v-md-line=\"35\">Mo\u017cna je zakupi\u0107 osobno na w\u0142asny u\u017cytek lub zaopatrzy\u0107 w nie sw\u00f3j sklep. Opakowanie hurtowe zawiera 10 sztuk w pude\u0142ku, po 160 sztuk w pude\u0142ku, dzi\u0119ki czemu jest wygodne do uzupe\u0142niania zapas\u00f3w. Waga ka\u017cdego pude\u0142ka wynosi 18,5 kilograma. Zam\u00f3wienia na mieszane smaki s\u0105 wysy\u0142ane losowo co 10 sztuk, wi\u0119c nie mo\u017cemy zagwarantowa\u0107, \u017ce ka\u017cde pude\u0142ko b\u0119dzie mia\u0142o okre\u015blony smak.<\/p>\n<p data-v-md-line=\"37\">Wsp\u00f3\u0142pracujemy z niezawodnymi partnerami, takimi jak UPS, DPD i DHL, aby \u015bwiadczy\u0107 us\u0142ugi wysy\u0142kowe DDP, kt\u00f3re p\u0142ac\u0105 podatki w ca\u0142ej Europie, zapewniaj\u0105c, \u017ce nie napotkasz \u017cadnych wypadk\u00f3w podczas odprawy celnej. Uwaga dotycz\u0105ca zgodno\u015bci: Twins Crystal ma pojemno\u015b\u0107 do 30 mililitr\u00f3w i oferuje opcj\u0119 wy\u017cszej zawarto\u015bci nikotyny. Je\u015bli dzia\u0142asz na rynku regulowanym przez TPD, sprawd\u017a lokalne przepisy. W wielu krajach UE st\u0119\u017cenie nikotyny na poziomie 0% jest zazwyczaj zgodn\u0105 z przepisami \u015bcie\u017ck\u0105 sprzeda\u017cy, podczas gdy st\u0119\u017cenie nikotyny powy\u017cej 0% i du\u017ce ilo\u015bci nikotyny mog\u0105 by\u0107 niedozwolone.<\/p>\n<h2 data-v-md-heading=\"why-do-you-like-it\" data-v-md-line=\"39\">Dlaczego to lubisz?<\/h2>\n<ul data-v-md-line=\"40\">\n<li>Ogromne ssanie: Kr\u00f3tszy czas wymiany i mniej k\u0142opot\u00f3w.<\/li>\n<li>Wyb\u00f3r st\u0119\u017cenia nikotyny: Wybierz st\u0119\u017cenie, kt\u00f3re odpowiada Twoim codziennym nawykom.<\/li>\n<li>Mo\u017cliwo\u015b\u0107 wielokrotnego \u0142adowania: Gdy bateria si\u0119 wyczerpie, nie b\u0119dzie marnowa\u0107 e-liquidu.<\/li>\n<li>Siatkowa cewka: utrzymuje sta\u0142y smak, satysfakcjonuj\u0105c ka\u017cde ssanie.<\/li>\n<li>Podw\u00f3jne ustawienie smaku: Jedno urz\u0105dzenie zapewnia dwie konfiguracje, kt\u00f3re mo\u017cna prze\u0142\u0105cza\u0107 bez zmiany vape.<\/li>\n<\/ul>\n<h2 data-v-md-heading=\"why-collaborate-with-agoravape\" data-v-md-line=\"46\">Dlaczego warto wsp\u00f3\u0142pracowa\u0107 z AgoraVape?<\/h2>\n<p data-v-md-line=\"47\">Kupujemy i sprzedajemy tylko oryginalne produkty 100%, aby zapewni\u0107 satysfakcj\u0119 klienta i wzmocni\u0107 swoj\u0105 reputacj\u0119. Uwin Twins Crystal 40K dual flavored disposable vape, otrzymasz obni\u017cone ceny hurtowe, silne wsparcie i szybk\u0105 dostaw\u0119 DDP. Je\u015bli potrzebujesz zapas\u00f3w o dobrej sprzeda\u017cy i smaku, skontaktuj si\u0119 z nami.<\/p>","protected":false},"excerpt":{"rendered":"<p>&nbsp;<\/p>","protected":false},"featured_media":18498,"comment_status":"open","ping_status":"closed","template":"","meta":[],"product_brand":[244],"product_cat":[124,187,185,189,176,1674,174,175,193,191,171,173,186,180,190],"product_tag":[],"class_list":{"0":"post-18456","1":"product","2":"type-product","3":"status-publish","4":"has-post-thumbnail","6":"product_brand-uwin","7":"product_cat-vape-by-brand","8":"product_cat-0mg-nicotine-free-vapes","9":"product_cat-10000-puffs-high-capacity","10":"product_cat-20mg-standard-nicotine-vapes","11":"product_cat-beverage","12":"product_cat-eu-warehouse","13":"product_cat-fruit-flavors","14":"product_cat-icy-mint","15":"product_cat-mesh-coil","16":"product_cat-rechargeable-disposables","17":"product_cat-uwin","18":"product_cat-vape-by-flavor-profile","19":"product_cat-vape-by-nicotine-strength","20":"product_cat-vape-by-puff-count","21":"product_cat-vape-by-feature-or-type","23":"first","24":"instock","25":"shipping-taxable","26":"purchasable","27":"product-type-variable","28":"has-default-attributes"},"tiered_pricing_type":"percentage","tiered_pricing_fixed_rules":[],"tiered_pricing_product_settings":{"layout":"default","base_unit_name":{"singular":null,"plural":null},"default_variation":null},"tiered_pricing_minimum_quantity":10,"tiered_pricing_roles_data":[],"tiered_pricing_percentage_rules":{"30":"29","50":"35","100":"40","200":"44","500":"47","1000":"49"},"tiered_pricing_maximum_quantity":null,"tiered_pricing_quantity_step":"10","_links":{"self":[{"href":"https:\/\/agoravape.com\/pl\/wp-json\/wp\/v2\/product\/18456","targetHints":{"allow":["GET"]}}],"collection":[{"href":"https:\/\/agoravape.com\/pl\/wp-json\/wp\/v2\/product"}],"about":[{"href":"https:\/\/agoravape.com\/pl\/wp-json\/wp\/v2\/types\/product"}],"replies":[{"embeddable":true,"href":"https:\/\/agoravape.com\/pl\/wp-json\/wp\/v2\/comments?post=18456"}],"version-history":[{"count":0,"href":"https:\/\/agoravape.com\/pl\/wp-json\/wp\/v2\/product\/18456\/revisions"}],"wp:featuredmedia":[{"embeddable":true,"href":"https:\/\/agoravape.com\/pl\/wp-json\/wp\/v2\/media\/18498"}],"wp:attachment":[{"href":"https:\/\/agoravape.com\/pl\/wp-json\/wp\/v2\/media?parent=18456"}],"wp:term":[{"taxonomy":"product_brand","embeddable":true,"href":"https:\/\/agoravape.com\/pl\/wp-json\/wp\/v2\/product_brand?post=18456"},{"taxonomy":"product_cat","embeddable":true,"href":"https:\/\/agoravape.com\/pl\/wp-json\/wp\/v2\/product_cat?post=18456"},{"taxonomy":"product_tag","embeddable":true,"href":"https:\/\/agoravape.com\/pl\/wp-json\/wp\/v2\/product_tag?post=18456"}],"curies":[{"name":"wp","href":"https:\/\/api.w.org\/{rel}","templated":true}]}}