{"id":18992,"date":"2025-10-29T12:21:25","date_gmt":"2025-10-29T04:21:25","guid":{"rendered":"https:\/\/agoravape.com\/?post_type=product&#038;p=18992"},"modified":"2026-01-19T22:00:08","modified_gmt":"2026-01-19T14:00:08","slug":"bang-b50k-50000-puff-jednorazowy-vape","status":"publish","type":"product","link":"https:\/\/agoravape.com\/pl\/product\/bang-b50k-50000-puffs-disposable-vape\/","title":{"rendered":"Bang B50K 50000 zaci\u0105gni\u0119\u0107, jednorazowy waporyzator o du\u017cej pojemno\u015bci | Du\u017ca pojemno\u015b\u0107, \u0142atwe \u0142adowanie"},"content":{"rendered":"<h2 data-v-md-heading=\"what-is-special-about-bang-b50k-50000-capacity-disposable-vape\" data-v-md-line=\"3\">Co wyr\u00f3\u017cnia jednorazowe vape Bang B50K o pojemno\u015bci 50000?<\/h2>\n<p data-v-md-line=\"5\">Je\u015bli jeste\u015b zm\u0119czony jednorazowymi waporyzatorami, kt\u00f3re trac\u0105 energi\u0119 w ci\u0105gu zaledwie kilku dni, ten produkt u\u0142atwi Ci \u017cycie. Bang B50K ma \u017cywotno\u015b\u0107 baterii do 50000 jednostek, wyposa\u017cony w 36 ml e-liquidu o du\u017cej pojemno\u015bci i akumulator. Trwa\u0142y i d\u0142ugowieczny, nie wymaga \u017cmudnej obs\u0142ugi.<\/p>\n<p data-v-md-line=\"7\">Je\u015bli chcesz niezawodnego, smacznego i \u0142atwego w u\u017cyciu waporyzatora, to jest to idealny wyb\u00f3r. Bez obs\u0142ugi menu, bez wtrysku oleju i bez konieczno\u015bci wymiany rdzenia rozpylaj\u0105cego. Mo\u017ce si\u0119 wydawa\u0107, \u017ce urz\u0105dzenie o tak du\u017cej pojemno\u015bci b\u0119dzie niepor\u0119czne, ale nadal z \u0142atwo\u015bci\u0105 zmie\u015bci si\u0119 w kieszeni i b\u0119dzie wygl\u0105da\u0107 schludnie i pi\u0119knie po umieszczeniu na biurku.<\/p>\n<h2 data-v-md-heading=\"excellent-performance-and-easy-operation\" data-v-md-line=\"9\">Doskona\u0142a wydajno\u015b\u0107 i \u0142atwa obs\u0142uga<\/h2>\n<p data-v-md-line=\"11\">Podstawowym elementem B50K jest siatkowy rdze\u0144 rozpylaj\u0105cy, dzi\u0119ki czemu smak pozostaje niezmienny od pierwszego do ostatniego k\u0119sa. Napoje mieszane o smaku owocowym rozp\u0142ywaj\u0105 si\u0119 w ustach, a mentol ma orze\u017awiaj\u0105cy smak. Gdy poziom na\u0142adowania baterii jest niski, do \u0142adowania mo\u017cna u\u017cy\u0107 kabla do transmisji danych typu C, kt\u00f3ry m\u00f3g\u0142 by\u0107 u\u017cywany w telefonie. Pod\u0142\u0105cz zasilanie i kontynuuj zabaw\u0119.<\/p>\n<h2 data-v-md-heading=\"quick-specifications\" data-v-md-line=\"13\">Szybkie specyfikacje<\/h2>\n<ul data-v-md-line=\"15\">\n<li>\n<p data-v-md-line=\"15\">Cz\u0119stotliwo\u015b\u0107 palenia: do 50000 zaci\u0105gni\u0119\u0107<\/p>\n<\/li>\n<li>\n<p data-v-md-line=\"17\">St\u0119\u017cenie nikotyny: 0%, 2%, 3%, 5% opcjonalnie<\/p>\n<\/li>\n<li>\n<p data-v-md-line=\"19\">Pojemno\u015b\u0107 e-liquidu: 36 ml<\/p>\n<\/li>\n<li>\n<p data-v-md-line=\"21\">Akumulator: akumulator 650mAh<\/p>\n<\/li>\n<li>\n<p data-v-md-line=\"23\">Cewka: cewka siatkowa 1,09 \u03a9<\/p>\n<\/li>\n<li>\n<p data-v-md-line=\"25\">Stosowanie: Wdychaj, aby aktywowa\u0107<\/p>\n<\/li>\n<li>\n<p data-v-md-line=\"27\">Spos\u00f3b \u0142adowania: Standardowy interfejs USB typu C<\/p>\n<\/li>\n<li>\n<p data-v-md-line=\"29\">Status: Gotowy do u\u017cycia od razu po wyj\u0119ciu z pude\u0142ka<\/p>\n<\/li>\n<\/ul>\n<h2 data-v-md-heading=\"complete-flavor-lineup\" data-v-md-line=\"31\">Pe\u0142na gama smak\u00f3w<\/h2>\n<ul data-v-md-line=\"33\">\n<li>\n<p data-v-md-line=\"33\">Jak<\/p>\n<\/li>\n<li>\n<p data-v-md-line=\"35\">Mi\u0119ta jagodowa<\/p>\n<\/li>\n<li>\n<p data-v-md-line=\"37\">Podw\u00f3jne jab\u0142ka<\/p>\n<\/li>\n<li>\n<p data-v-md-line=\"39\">Brzoskwiniowy l\u00f3d<\/p>\n<\/li>\n<li>\n<p data-v-md-line=\"41\">Bor\u00f3wki i maliny<\/p>\n<\/li>\n<li>\n<p data-v-md-line=\"43\">Niebieskie lodowisko<\/p>\n<\/li>\n<li>\n<p data-v-md-line=\"45\">Jagody i brzoskwinie<\/p>\n<\/li>\n<li>\n<p data-v-md-line=\"47\">Arbuz<\/p>\n<\/li>\n<li>\n<p data-v-md-line=\"49\">Truskawka arbuz<\/p>\n<\/li>\n<li>\n<p data-v-md-line=\"51\">Liczi truskawkowe<\/p>\n<\/li>\n<li>\n<p data-v-md-line=\"53\">Mi\u0119ta winogronowa<\/p>\n<\/li>\n<li>\n<p data-v-md-line=\"55\">Owoce mieszane<\/p>\n<\/li>\n<\/ul>\n<h2 data-v-md-heading=\"suitable-for-individuals-and-businesses\" data-v-md-line=\"57\">Odpowiednie dla os\u00f3b prywatnych i firm<\/h2>\n<p data-v-md-line=\"59\">Kupujesz dla siebie? Wybierz preferowany smak i st\u0119\u017cenie nikotyny, aby zaspokoi\u0107 swoje d\u0142ugoterminowe potrzeby. Akumulator pozwala zu\u017cy\u0107 36 mililitr\u00f3w e-liquidu bez marnowania go.<\/p>\n<p data-v-md-line=\"61\">Prowadzisz sklep stacjonarny lub internetowy? Bang B50K mo\u017ce by\u0107 sprzedawany hurtowo, po 10 sztuk w pude\u0142ku. Oferujemy r\u00f3wnie\u017c pe\u0142ne opakowania po 20 sztuk w pude\u0142ku dla wygodnego i wydajnego przechowywania i transportu. Wsp\u00f3\u0142pracujemy z partnerami takimi jak UPS, DPD i DHL, aby \u015bwiadczy\u0107 us\u0142ugi wysy\u0142kowe DDP w Europie, obs\u0142ugiwa\u0107 sprawy odprawy celnej z wyprzedzeniem i unika\u0107 wypadk\u00f3w podczas odbioru.<\/p>\n<h2 data-v-md-heading=\"reasons-why-you-will-like-it\" data-v-md-line=\"63\">Powody, dla kt\u00f3rych Ci si\u0119 spodoba<\/h2>\n<ul data-v-md-line=\"65\">\n<li>\n<p data-v-md-line=\"65\">Bardzo d\u0142uga \u017cywotno\u015b\u0107 baterii: do 50000 sztuk, co zmniejsza liczb\u0119 wymian i wycieczek do sklepu.<\/p>\n<\/li>\n<li>\n<p data-v-md-line=\"67\">Dost\u0119pne s\u0105 r\u00f3\u017cne st\u0119\u017cenia nikotyny: 0%, 2%, 3% lub 5%, aby spe\u0142ni\u0107 Twoje spersonalizowane potrzeby.<\/p>\n<\/li>\n<li>\n<p data-v-md-line=\"69\">Mo\u017cliwo\u015b\u0107 \u0142adowania: Interfejs \u0142adowania typu C, pozwalaj\u0105cy wykorzysta\u0107 ka\u017cd\u0105 kropl\u0119 e-liquidu.<\/p>\n<\/li>\n<li>\n<p data-v-md-line=\"71\">Siatkowy rdze\u0144 atomizera: Ka\u017cda inhalacja przynosi g\u0142adki smak i stabilny aromat.<\/p>\n<\/li>\n<li>\n<p data-v-md-line=\"73\">Wygodny w u\u017cyciu: Konstrukcja aktywacji inhalacyjnej, \u0142atwa w obs\u0142udze.<\/p>\n<\/li>\n<\/ul>\n<h2 data-v-md-heading=\"why-choose-to-collaborate-with-agoravape\" data-v-md-line=\"75\">Dlaczego warto zdecydowa\u0107 si\u0119 na wsp\u00f3\u0142prac\u0119 z AgoraVape?<\/h2>\n<p data-v-md-line=\"77\">Sprzedajemy tylko oryginalne produkty 100% i jeste\u015bmy odpowiedzialni za sprzedawane przez nas produkty. Klienci korporacyjni mog\u0105 korzysta\u0107 z obni\u017conych cen hurtowych, szybkiego wsparcia technicznego i us\u0142ug dostawy DDP dla jednorazowych waporyzator\u00f3w Bang B50K 50000 o du\u017cej pojemno\u015bci. Skontaktuj si\u0119 z nami natychmiast, aby uzyska\u0107 ten niezawodny jednorazowy vape o du\u017cej pojemno\u015bci, kt\u00f3ry pokochaj\u0105 Twoi klienci.<\/p>\n<p><script src=\"chrome-extension:\/\/fpelahbljekknahkcaegamhcndkfpfnc\/iFrame.js\" type=\"text\/javascript\"><\/script><\/p>","protected":false},"excerpt":{"rendered":"<p>Bang B50K z ogromn\u0105 liczb\u0105 50 000 zaci\u0105gni\u0119\u0107 i pojemno\u015bci\u0105 36 ml e-liquidu. Posiada akumulator i cewk\u0119 siatkow\u0105 zapewniaj\u0105c\u0105 niezmiennie g\u0142adki smak. \u0141atwa i d\u0142ugotrwa\u0142a waporyzacja.<\/p>","protected":false},"featured_media":19004,"comment_status":"open","ping_status":"closed","template":"","meta":[],"product_brand":[197],"product_cat":[124,187,185,189,1641,123,174,175,193,191,173,186,180,190],"product_tag":[],"class_list":{"0":"post-18992","1":"product","2":"type-product","3":"status-publish","4":"has-post-thumbnail","6":"product_brand-bang","7":"product_cat-vape-by-brand","8":"product_cat-0mg-nicotine-free-vapes","9":"product_cat-10000-puffs-high-capacity","10":"product_cat-20mg-standard-nicotine-vapes","11":"product_cat-50000-puffs","12":"product_cat-bang","13":"product_cat-fruit-flavors","14":"product_cat-icy-mint","15":"product_cat-mesh-coil","16":"product_cat-rechargeable-disposables","17":"product_cat-vape-by-flavor-profile","18":"product_cat-vape-by-nicotine-strength","19":"product_cat-vape-by-puff-count","20":"product_cat-vape-by-feature-or-type","22":"first","23":"onbackorder","24":"shipping-taxable","25":"purchasable","26":"product-type-variable","27":"has-default-attributes"},"tiered_pricing_type":"percentage","tiered_pricing_fixed_rules":[],"tiered_pricing_product_settings":{"layout":"default","base_unit_name":{"singular":null,"plural":null},"default_variation":null},"tiered_pricing_minimum_quantity":10,"tiered_pricing_roles_data":[],"tiered_pricing_percentage_rules":{"30":"29","50":"35","100":"40","200":"44","500":"47","1000":"49"},"tiered_pricing_maximum_quantity":null,"tiered_pricing_quantity_step":"10","_links":{"self":[{"href":"https:\/\/agoravape.com\/pl\/wp-json\/wp\/v2\/product\/18992","targetHints":{"allow":["GET"]}}],"collection":[{"href":"https:\/\/agoravape.com\/pl\/wp-json\/wp\/v2\/product"}],"about":[{"href":"https:\/\/agoravape.com\/pl\/wp-json\/wp\/v2\/types\/product"}],"replies":[{"embeddable":true,"href":"https:\/\/agoravape.com\/pl\/wp-json\/wp\/v2\/comments?post=18992"}],"version-history":[{"count":0,"href":"https:\/\/agoravape.com\/pl\/wp-json\/wp\/v2\/product\/18992\/revisions"}],"wp:featuredmedia":[{"embeddable":true,"href":"https:\/\/agoravape.com\/pl\/wp-json\/wp\/v2\/media\/19004"}],"wp:attachment":[{"href":"https:\/\/agoravape.com\/pl\/wp-json\/wp\/v2\/media?parent=18992"}],"wp:term":[{"taxonomy":"product_brand","embeddable":true,"href":"https:\/\/agoravape.com\/pl\/wp-json\/wp\/v2\/product_brand?post=18992"},{"taxonomy":"product_cat","embeddable":true,"href":"https:\/\/agoravape.com\/pl\/wp-json\/wp\/v2\/product_cat?post=18992"},{"taxonomy":"product_tag","embeddable":true,"href":"https:\/\/agoravape.com\/pl\/wp-json\/wp\/v2\/product_tag?post=18992"}],"curies":[{"name":"wp","href":"https:\/\/api.w.org\/{rel}","templated":true}]}}