{"id":19113,"date":"2025-10-29T13:42:12","date_gmt":"2025-10-29T05:42:12","guid":{"rendered":"https:\/\/agoravape.com\/?post_type=product&#038;p=19113"},"modified":"2026-03-21T12:44:22","modified_gmt":"2026-03-21T11:44:22","slug":"bang-20000-puffs-cyfrowy-ekran-vape","status":"publish","type":"product","link":"https:\/\/agoravape.com\/pl\/product\/bang-20000-puffs-digital-screen-vape\/","title":{"rendered":"Jednorazowy waporyzator Bang 20000 Puffs z cyfrowym ekranem | Moc i smak, kt\u00f3re trwaj\u0105 d\u0142ugo"},"content":{"rendered":"<h2 data-v-md-heading=\"what-is-the-special-feature-of-bang-20000-digital-disposable-vapes\" data-v-md-line=\"3\">Czym wyr\u00f3\u017cniaj\u0105 si\u0119 cyfrowe waporyzatory jednorazowe Bang 20000?<\/h2>\n<p data-v-md-line=\"5\">Je\u015bli jeste\u015b zm\u0119czony jednorazowymi waporyzatorami, kt\u00f3rych bateria wyczerpuje si\u0119 w ci\u0105gu tygodnia, to ten produkt jest zdecydowanie wart uwagi. Bang 20000 zosta\u0142 zaprojektowany z my\u015bl\u0105 o d\u0142ugotrwa\u0142ym u\u017cytkowaniu, jest solidny i wytrzyma\u0142y, posiada wygodny uchwyt i pozwala cieszy\u0107 si\u0119 nawet 20000 zaci\u0105gni\u0119ciami za jednym razem. Szczerze m\u00f3wi\u0105c, nag\u0142e wyczerpanie baterii lub e-liquidu jest naprawd\u0119 frustruj\u0105ce. Ten vape jest wyposa\u017cony w czytelny cyfrowy wy\u015bwietlacz, kt\u00f3ry mo\u017ce jednocze\u015bnie pokazywa\u0107 pozosta\u0142y poziom e-cieczy i poziom na\u0142adowania baterii, dzi\u0119ki czemu nie b\u0119dziesz ju\u017c zaskoczony.<\/p>\n<p data-v-md-line=\"7\">Dla ka\u017cdego u\u017cytkownika, kt\u00f3ry chce niezawodnego, pysznego i \u0142atwego w u\u017cyciu waporyzatora, jest to idealny wyb\u00f3r. Nie wymaga \u017cadnych przycisk\u00f3w ani ustawie\u0144, wystarczy wzi\u0105\u0107 \u0142yk i cieszy\u0107 si\u0119 smakiem. \u0141\u0105czy w sobie wydajno\u015b\u0107 profesjonalnego zestawu z wygod\u0105 jednorazowego waporyzatora.<\/p>\n<h2 data-v-md-heading=\"excellent-performance-easy-and-convenient\" data-v-md-line=\"9\">Doskona\u0142a wydajno\u015b\u0107, \u0142atwo\u015b\u0107 i wygoda<\/h2>\n<p data-v-md-line=\"11\">Sekret doskona\u0142ego smaku tego waporyzatora tkwi we wbudowanym atomizerze siatkowym. Mo\u017ce on r\u00f3wnomiernie podgrzewa\u0107 e-ciecz, zapewniaj\u0105c, \u017ce ka\u017cdy k\u0119s jest r\u00f3wnie pyszny jak pierwszy, bez \u017cadnego przypalonego smaku. Smak pozostaje niezmienny od pocz\u0105tku do ko\u0144ca. Mo\u017cesz pomy\u015ble\u0107, \u017ce ten waporyzator mo\u017ce pali\u0107 tak wiele zaci\u0105gni\u0119\u0107, a jego rozmiar nie powinien by\u0107 du\u017cy, ale jego lekko\u015b\u0107 i przeno\u015bno\u015b\u0107 zaskocz\u0105 Ci\u0119.<\/p>\n<p data-v-md-line=\"13\">Nawet je\u015bli poziom na\u0142adowania baterii jest niski, do \u0142adowania mo\u017cna u\u017cy\u0107 standardowego kabla do transmisji danych typu C - takiego samego jak ten u\u017cywany do \u0142adowania telefonu. Tak wygodna konstrukcja zapewnia mo\u017cliwo\u015b\u0107 wykorzystania ka\u017cdej kropli e-liquidu o pojemno\u015bci 28 ml.<\/p>\n<h2 data-v-md-heading=\"quick-specifications\" data-v-md-line=\"15\">Szybkie specyfikacje<\/h2>\n<p data-v-md-line=\"17\"><strong>Cz\u0119stotliwo\u015b\u0107 palenia:<\/strong>\u00a0do 20000 zaci\u0105gni\u0119\u0107<\/p>\n<p data-v-md-line=\"19\"><strong>St\u0119\u017cenie nikotyny:<\/strong>\u00a0Dost\u0119pne w czterech opcjach st\u0119\u017cenia: 0%, 2%, 3% i 5%<\/p>\n<p data-v-md-line=\"21\"><strong>Zastosowanie:<\/strong>\u00a0Wdech, aby aktywowa\u0107<\/p>\n<p data-v-md-line=\"23\"><strong>Pojemno\u015b\u0107 e-liquidu:<\/strong>\u00a0Wst\u0119pnie nape\u0142niony e-liquid 28 ml<\/p>\n<p data-v-md-line=\"25\"><strong>Rdze\u0144 nebulizatora:<\/strong>\u00a0Siatkowy rdze\u0144 nebulizatora, zapewniaj\u0105cy sp\u00f3jne i pyszne doznania<\/p>\n<p data-v-md-line=\"27\"><strong>Ekran wy\u015bwietlacza:<\/strong>\u00a0Cyfrowy ekran wy\u015bwietlaj\u0105cy poziom na\u0142adowania baterii i poziom e-cieczy<\/p>\n<p data-v-md-line=\"29\"><strong>Metoda \u0142adowania:<\/strong>\u00a0Standardowy interfejs USB typu C<\/p>\n<p data-v-md-line=\"31\"><strong>Status:<\/strong>\u00a0Gotowy do u\u017cycia po wyj\u0119ciu z pude\u0142ka<\/p>\n<h2 data-v-md-heading=\"complete-flavor-lineup\" data-v-md-line=\"33\">Pe\u0142na gama smak\u00f3w<\/h2>\n<ul data-v-md-line=\"35\">\n<li>L\u00f3d mentolowy<\/li>\n<li>Liczi truskawkowe<\/li>\n<li>Truskawka kiwi<\/li>\n<li>Truskawka arbuz<\/li>\n<li>Red Bull<\/li>\n<li>Owoce mieszane<\/li>\n<li>Niebieskie lodowisko<\/li>\n<li>Bor\u00f3wki i maliny<\/li>\n<li>Jagody i arbuzy<\/li>\n<li>Lody winogronowe<\/li>\n<li>Brzoskwiniowy l\u00f3d<\/li>\n<li>Arbuzowy l\u00f3d<\/li>\n<li>Arbuz malinowy<\/li>\n<li>Smak truskawkowy i mango<\/li>\n<li>Podw\u00f3jny smak jab\u0142ka<\/li>\n<li>Smak brzoskwini i arbuza<\/li>\n<\/ul>\n<p><img loading=\"lazy\" decoding=\"async\" class=\"wp-image-19137 size-full aligncenter\" src=\"https:\/\/agoravape.com\/wp-content\/uploads\/2025\/10\/Bang-20000-Puffs-Digital-Screen-Disposable-Vape-Power-and-Flavour-That-Lasts_Agora_vape-1.webp\" alt=\"\" width=\"1080\" height=\"2158\" srcset=\"https:\/\/agoravape.com\/wp-content\/uploads\/2025\/10\/Bang-20000-Puffs-Digital-Screen-Disposable-Vape-Power-and-Flavour-That-Lasts_Agora_vape-1.webp 1080w, https:\/\/agoravape.com\/wp-content\/uploads\/2025\/10\/Bang-20000-Puffs-Digital-Screen-Disposable-Vape-Power-and-Flavour-That-Lasts_Agora_vape-1-150x300.webp 150w, https:\/\/agoravape.com\/wp-content\/uploads\/2025\/10\/Bang-20000-Puffs-Digital-Screen-Disposable-Vape-Power-and-Flavour-That-Lasts_Agora_vape-1-512x1024.webp 512w, https:\/\/agoravape.com\/wp-content\/uploads\/2025\/10\/Bang-20000-Puffs-Digital-Screen-Disposable-Vape-Power-and-Flavour-That-Lasts_Agora_vape-1-768x1535.webp 768w, https:\/\/agoravape.com\/wp-content\/uploads\/2025\/10\/Bang-20000-Puffs-Digital-Screen-Disposable-Vape-Power-and-Flavour-That-Lasts_Agora_vape-1-769x1536.webp 769w, https:\/\/agoravape.com\/wp-content\/uploads\/2025\/10\/Bang-20000-Puffs-Digital-Screen-Disposable-Vape-Power-and-Flavour-That-Lasts_Agora_vape-1-1025x2048.webp 1025w\" sizes=\"auto, (max-width: 1080px) 100vw, 1080px\" \/><\/p>\n<h2 data-v-md-heading=\"tailored-for-you-and-your-business\" data-v-md-line=\"52\">Dostosowane do Ciebie i Twojej firmy<\/h2>\n<p data-v-md-line=\"54\">Wprowadzili\u015bmy na rynek cyfrowe jednorazowe waporyzatory Bang 20000, kt\u00f3re mo\u017cna kupowa\u0107 osobno lub hurtowo. Oferujemy hurtowe opakowania po 200 sztuk, dzi\u0119ki czemu wygodnie jest dostarcza\u0107 klientom trwa\u0142e i wydajne produkty vape.<\/p>\n<p data-v-md-line=\"56\">Wsp\u00f3\u0142pracujemy z zaufanymi partnerami DDP (Delivered Duty Paid), takimi jak UPS, DPD i DHL, aby transportowa\u0107 produkty do r\u00f3\u017cnych lokalizacji w Europie. Oznacza to, \u017ce cena, kt\u00f3r\u0105 widzisz, jest ostateczn\u0105 cen\u0105, kt\u00f3r\u0105 p\u0142acisz, bez martwienia si\u0119 o op\u0142aty celne. Gwarancja autentyczno\u015bci produktu, dostawa od drzwi do drzwi.<\/p>\n<h2 data-v-md-heading=\"reasons-why-you-will-like-it\" data-v-md-line=\"58\">Powody, dla kt\u00f3rych Ci si\u0119 spodoba<\/h2>\n<p data-v-md-line=\"60\"><strong>Bardzo d\u0142uga \u017cywotno\u015b\u0107 baterii:<\/strong>\u00a0Trwa\u0142a i d\u0142ugowieczna, nie wymaga cz\u0119stych zakup\u00f3w.<br \/>\n<strong>Wy\u015bwietlacz cyfrowy:<\/strong>\u00a0Poziom na\u0142adowania baterii i ilo\u015b\u0107 pozosta\u0142ego e-cieczy s\u0105 widoczne na pierwszy rzut oka.<br \/>\n<strong>Wyb\u00f3r nikotyny:<\/strong>\u00a0Mo\u017cesz wybra\u0107 st\u0119\u017cenie nikotyny, kt\u00f3re Ci odpowiada, od braku nikotyny do 5%.<br \/>\n<strong>Akumulator:<\/strong>\u00a0Oznacza to, \u017ce mo\u017cesz w pe\u0142ni wykorzysta\u0107 wszystkie zakupione e-liquidy.<br \/>\n<strong>Siatkowy rdze\u0144 rozpylaj\u0105cy:<\/strong>\u00a0Za ka\u017cdym razem zapewnia stabilny i bogaty smak.<\/p>\n<h2 data-v-md-heading=\"why-choose-agoravape\" data-v-md-line=\"66\">Dlaczego warto wybra\u0107 AgoraVape?<\/h2>\n<p data-v-md-line=\"68\">Jako jeden z najbardziej zaufanych dystrybutor\u00f3w waporyzator\u00f3w w Europie, sprzedajemy wy\u0142\u0105cznie oryginalne produkty 100%. Dla naszych klient\u00f3w korporacyjnych oznacza to, \u017ce 20000 cyfrowych waporyzator\u00f3w jednorazowych Bang oferuje obni\u017cone ceny hurtowe, kompleksowe wsparcie techniczne oraz szybk\u0105 i niezawodn\u0105 dostaw\u0119. Skontaktuj si\u0119 z nami, aby Twoi klienci naprawd\u0119 docenili oferowane przez Ciebie produkty.<\/p>\n<p><script src=\"chrome-extension:\/\/fpelahbljekknahkcaegamhcndkfpfnc\/iFrame.js\" type=\"text\/javascript\"><\/script><\/p>","protected":false},"excerpt":{"rendered":"<p>What is the special feature of Bang 20000 digital disposable vapes? If you\u2019re tired of disposable vapes that run out<\/p>","protected":false},"featured_media":19153,"comment_status":"open","ping_status":"closed","template":"","meta":[],"product_brand":[197],"product_cat":[124,187,185,1636,189,123,176,174,175,193,191,173,186,180,190,192],"product_tag":[],"class_list":{"0":"post-19113","1":"product","2":"type-product","3":"status-publish","4":"has-post-thumbnail","6":"product_brand-bang","7":"product_cat-vape-by-brand","8":"product_cat-0mg-nicotine-free-vapes","9":"product_cat-10000-puffs-high-capacity","10":"product_cat-20000-puffs","11":"product_cat-20mg-standard-nicotine-vapes","12":"product_cat-bang","13":"product_cat-beverage","14":"product_cat-fruit-flavors","15":"product_cat-icy-mint","16":"product_cat-mesh-coil","17":"product_cat-rechargeable-disposables","18":"product_cat-vape-by-flavor-profile","19":"product_cat-vape-by-nicotine-strength","20":"product_cat-vape-by-puff-count","21":"product_cat-vape-by-feature-or-type","22":"product_cat-vapes-with-screens","24":"first","25":"instock","26":"shipping-taxable","27":"purchasable","28":"product-type-variable","29":"has-default-attributes"},"tiered_pricing_type":"percentage","tiered_pricing_fixed_rules":[],"tiered_pricing_product_settings":{"layout":"default","base_unit_name":{"singular":null,"plural":null},"default_variation":null},"tiered_pricing_minimum_quantity":10,"tiered_pricing_roles_data":[],"tiered_pricing_percentage_rules":{"30":"29","50":"35","100":"40","200":"44","500":"47","1000":"49"},"tiered_pricing_maximum_quantity":null,"tiered_pricing_quantity_step":"10","_links":{"self":[{"href":"https:\/\/agoravape.com\/pl\/wp-json\/wp\/v2\/product\/19113","targetHints":{"allow":["GET"]}}],"collection":[{"href":"https:\/\/agoravape.com\/pl\/wp-json\/wp\/v2\/product"}],"about":[{"href":"https:\/\/agoravape.com\/pl\/wp-json\/wp\/v2\/types\/product"}],"replies":[{"embeddable":true,"href":"https:\/\/agoravape.com\/pl\/wp-json\/wp\/v2\/comments?post=19113"}],"version-history":[{"count":0,"href":"https:\/\/agoravape.com\/pl\/wp-json\/wp\/v2\/product\/19113\/revisions"}],"wp:featuredmedia":[{"embeddable":true,"href":"https:\/\/agoravape.com\/pl\/wp-json\/wp\/v2\/media\/19153"}],"wp:attachment":[{"href":"https:\/\/agoravape.com\/pl\/wp-json\/wp\/v2\/media?parent=19113"}],"wp:term":[{"taxonomy":"product_brand","embeddable":true,"href":"https:\/\/agoravape.com\/pl\/wp-json\/wp\/v2\/product_brand?post=19113"},{"taxonomy":"product_cat","embeddable":true,"href":"https:\/\/agoravape.com\/pl\/wp-json\/wp\/v2\/product_cat?post=19113"},{"taxonomy":"product_tag","embeddable":true,"href":"https:\/\/agoravape.com\/pl\/wp-json\/wp\/v2\/product_tag?post=19113"}],"curies":[{"name":"wp","href":"https:\/\/api.w.org\/{rel}","templated":true}]}}