{"id":19202,"date":"2025-10-29T14:20:51","date_gmt":"2025-10-29T06:20:51","guid":{"rendered":"https:\/\/agoravape.com\/?post_type=product&#038;p=19202"},"modified":"2026-01-19T21:59:49","modified_gmt":"2026-01-19T13:59:49","slug":"bang-gear-20000-puffs-vape","status":"publish","type":"product","link":"https:\/\/agoravape.com\/pl\/product\/bang-gear-20000-puffs-vape\/","title":{"rendered":"Bang Gear 20000 zaci\u0105gni\u0119\u0107 | Ogromna liczba zaci\u0105gni\u0119\u0107, proste wapowanie"},"content":{"rendered":"<h2 data-v-md-heading=\"what-s-so-special-about-bang-gear-20000\" data-v-md-line=\"3\"><img loading=\"lazy\" decoding=\"async\" class=\"size-full wp-image-19214 alignright\" src=\"https:\/\/agoravape.com\/wp-content\/uploads\/2025\/10\/Bang-Gear-20000-Puffs-Massive-Puff-Count-Simple-Vaping_Agora_vape-1.webp\" alt=\"\" width=\"1180\" height=\"1920\" srcset=\"https:\/\/agoravape.com\/wp-content\/uploads\/2025\/10\/Bang-Gear-20000-Puffs-Massive-Puff-Count-Simple-Vaping_Agora_vape-1.webp 1180w, https:\/\/agoravape.com\/wp-content\/uploads\/2025\/10\/Bang-Gear-20000-Puffs-Massive-Puff-Count-Simple-Vaping_Agora_vape-1-184x300.webp 184w, https:\/\/agoravape.com\/wp-content\/uploads\/2025\/10\/Bang-Gear-20000-Puffs-Massive-Puff-Count-Simple-Vaping_Agora_vape-1-629x1024.webp 629w, https:\/\/agoravape.com\/wp-content\/uploads\/2025\/10\/Bang-Gear-20000-Puffs-Massive-Puff-Count-Simple-Vaping_Agora_vape-1-768x1250.webp 768w, https:\/\/agoravape.com\/wp-content\/uploads\/2025\/10\/Bang-Gear-20000-Puffs-Massive-Puff-Count-Simple-Vaping_Agora_vape-1-944x1536.webp 944w\" sizes=\"auto, (max-width: 1180px) 100vw, 1180px\" \/><\/h2>\n<h2 data-v-md-heading=\"what-s-so-special-about-bang-gear-20000\" data-v-md-line=\"3\">Co jest takiego specjalnego w Bang Gear 20000?<\/h2>\n<p data-v-md-line=\"5\">Je\u015bli jeste\u015b zm\u0119czony jednorazowymi waporyzatorami, w kt\u00f3rych bateria wyczerpuje si\u0119 w ci\u0105gu tygodnia, to musisz przyjrze\u0107 si\u0119 temu produktowi. Koncepcja konstrukcyjna Bang Gear 20000 jest tylko jedna: trwa\u0142o\u015b\u0107. Bateria ma niesamowit\u0105 \u017cywotno\u015b\u0107 20000 port\u00f3w, co oznacza, \u017ce mo\u017cesz cieszy\u0107 si\u0119 ni\u0105 w pe\u0142ni, nie martwi\u0105c si\u0119 o wymian\u0119. Mo\u017cna by pomy\u015ble\u0107, \u017ce elektroniczne papierosy o tak d\u0142ugiej \u017cywotno\u015bci baterii b\u0119d\u0105 niepor\u0119czne, ale ten produkt jest zaskakuj\u0105co lekki i przeno\u015bny.<\/p>\n<p data-v-md-line=\"7\">Dla u\u017cytkownik\u00f3w elektronicznych papieros\u00f3w, kt\u00f3rzy oczekuj\u0105 niezawodno\u015bci, smaku i \u0142atwo\u015bci obs\u0142ugi, jest to idealny wyb\u00f3r. Nie musisz martwi\u0107 si\u0119 o skomplikowane ustawienia lub przyciski; po prostu otw\u00f3rz opakowanie, aby u\u017cy\u0107. Jest to proste i \u0142atwe w u\u017cyciu urz\u0105dzenie, kt\u00f3re zapewnia czyst\u0105 przyjemno\u015b\u0107 i wygod\u0119.<\/p>\n<h2 data-v-md-heading=\"excellent-performance-easy-to-operate\" data-v-md-line=\"9\">Doskona\u0142a wydajno\u015b\u0107, \u0142atwa obs\u0142uga<\/h2>\n<p data-v-md-line=\"11\">Sekretem d\u0142ugotrwa\u0142ego i stabilnego smaku jest wbudowany siatkowy rdze\u0144 rozpylaj\u0105cy 1,0 ohm. Technologia ta zapewnia, \u017ce ka\u017cdy k\u0119s jest r\u00f3wnie pyszny jak pierwszy, bez przypalonego smaku. Od pocz\u0105tku do ko\u0144ca smak jest zawsze \u0142agodny i zr\u00f3wnowa\u017cony.<\/p>\n<p data-v-md-line=\"13\">Ze wzgl\u0119du na mo\u017cliwo\u015b\u0107 przechowywania du\u017cej ilo\u015bci e-liquidu, urz\u0105dzenie jest wyposa\u017cone we wbudowany akumulator. Gdy bateria jest roz\u0142adowana, wystarczy u\u017cy\u0107 standardowego kabla do transmisji danych typu C, aby j\u0105 na\u0142adowa\u0107 - podobnie jak w przypadku \u0142adowania telefonu. Oznacza to, \u017ce mo\u017cesz w pe\u0142ni wykorzysta\u0107 ka\u017cd\u0105 kropl\u0119 z 25 mililitr\u00f3w zakupionego e-liquidu.<\/p>\n<h2 data-v-md-heading=\"brief-specifications\" data-v-md-line=\"15\">Kr\u00f3tka specyfikacja<\/h2>\n<p data-v-md-line=\"17\"><strong>Liczba port\u00f3w:<\/strong>\u00a0do 20000 port\u00f3w.<\/p>\n<p data-v-md-line=\"19\"><strong>St\u0119\u017cenie nikotyny:<\/strong>\u00a0Dost\u0119pny w czterech opcjach st\u0119\u017cenia: 0%, 2%, 3% i 5%.<\/p>\n<p data-v-md-line=\"21\"><strong>Zastosowanie:<\/strong>\u00a0Wykonaj wdech, aby aktywowa\u0107.<\/p>\n<p data-v-md-line=\"23\"><em>Metoda \u0142adowania:<\/em>* Standardowy interfejs USB typu C.<\/p>\n<p data-v-md-line=\"25\"><strong>Status:<\/strong>\u00a0Gotowy do u\u017cycia po rozpakowaniu.<\/p>\n<h2 data-v-md-heading=\"complete-flavor-series\" data-v-md-line=\"27\">Kompletna seria smak\u00f3w<\/h2>\n<ul data-v-md-line=\"29\">\n<li>Truskawka kiwi<\/li>\n<li>Arbuzowy l\u00f3d<\/li>\n<li>Bor\u00f3wki i maliny<\/li>\n<li>Truskawka arbuz<\/li>\n<li>Truskawka Mango<\/li>\n<li>Napoje energetyczne<\/li>\n<li>Jagody, wi\u015bnie, cytryny<\/li>\n<li>Black Dragon Ice<\/li>\n<li>Owoce mieszane<\/li>\n<li>Truskawka i banan<\/li>\n<li>Brzoskwiniowy l\u00f3d<\/li>\n<li>Niebieskie lodowisko<\/li>\n<\/ul>\n<h2 data-v-md-heading=\"tailored-for-you-and-your-business\" data-v-md-line=\"42\">Dostosowane do Ciebie i Twojej firmy<\/h2>\n<p data-v-md-line=\"44\">Bang Gear 20000 mo\u017cna kupi\u0107 osobno lub hurtowo, je\u015bli jeste\u015b w\u0142a\u015bcicielem firmy. Produkt jest sprzedawany w opakowaniach hurtowych po 200 sztuk w pude\u0142ku, po 10 sztuk w pude\u0142ku, co u\u0142atwia ekspozycj\u0119.<\/p>\n<p data-v-md-line=\"46\">Jako zaufany europejski dystrybutor zapewniamy dogodne us\u0142ugi. Wsp\u00f3\u0142pracujemy z niezawodnymi partnerami DDP (Delivered Duty Paid), takimi jak UPS, DPD i DHL, wi\u0119c wycena, kt\u00f3r\u0105 widzisz, jest ostateczn\u0105 cen\u0105, kt\u00f3r\u0105 p\u0142acisz. Nie b\u0119dzie \u017cadnych wypadk\u00f3w podczas odprawy celnej, tylko wysokiej jako\u015bci produkty o doskona\u0142ej jako\u015bci, kt\u00f3re mo\u017cna umie\u015bci\u0107 na p\u00f3\u0142kach w dowolnym momencie.<\/p>\n<h2 data-v-md-heading=\"reasons-why-you-will-like-it\" data-v-md-line=\"48\">Powody, dla kt\u00f3rych Ci si\u0119 spodoba<\/h2>\n<p data-v-md-line=\"50\"><strong>Bardzo d\u0142uga \u017cywotno\u015b\u0107 baterii:<\/strong>\u00a0Trwa\u0142a i d\u0142ugowieczna, nie wymaga cz\u0119stych zakup\u00f3w.<\/p>\n<p data-v-md-line=\"52\"><strong>Wyb\u00f3r st\u0119\u017cenia nikotyny:<\/strong>\u00a0Mo\u017cesz wybra\u0107 najbardziej odpowiednie dla siebie st\u0119\u017cenie nikotyny.<\/p>\n<p data-v-md-line=\"54\"><strong>Akumulator:<\/strong>\u00a0Interfejs Type-C pozwala w pe\u0142ni wykorzysta\u0107 wszystkie e-liquidy wewn\u0105trz urz\u0105dzenia.<\/p>\n<p data-v-md-line=\"56\"><strong>Siatkowy rdze\u0144 rozpylaj\u0105cy:<\/strong>\u00a0Za ka\u017cdym razem zapewnia stabilny i bogaty smak.<\/p>\n<h2 data-v-md-heading=\"why-choose-agoravape\" data-v-md-line=\"58\">Dlaczego warto wybra\u0107 AgoraVape?<\/h2>\n<p data-v-md-line=\"60\">Jako jeden z najbardziej zaufanych dystrybutor\u00f3w papieros\u00f3w elektronicznych w Europie, sprzedajemy wy\u0142\u0105cznie oryginalne produkty 100%. Dla naszych klient\u00f3w korporacyjnych oznacza to, \u017ce Bang Gear 20000 Puffs oferuje obni\u017cone ceny hurtowe, kompleksowe wsparcie techniczne oraz szybk\u0105 i niezawodn\u0105 dostaw\u0119. Skontaktuj si\u0119 z nami, aby naprawd\u0119 podzi\u0119kowa\u0107 swoim klientom za dostarczenie tego produktu.<\/p>","protected":false},"excerpt":{"rendered":"<p>What\u2019s so special about Bang Gear 20000? If you\u2019re tired of disposable vapes that run out of battery before a<\/p>","protected":false},"featured_media":19225,"comment_status":"open","ping_status":"closed","template":"","meta":[],"product_brand":[197],"product_cat":[124,187,185,1636,189,123,176,174,175,193,191,173,186,180,190,192],"product_tag":[],"class_list":{"0":"post-19202","1":"product","2":"type-product","3":"status-publish","4":"has-post-thumbnail","6":"product_brand-bang","7":"product_cat-vape-by-brand","8":"product_cat-0mg-nicotine-free-vapes","9":"product_cat-10000-puffs-high-capacity","10":"product_cat-20000-puffs","11":"product_cat-20mg-standard-nicotine-vapes","12":"product_cat-bang","13":"product_cat-beverage","14":"product_cat-fruit-flavors","15":"product_cat-icy-mint","16":"product_cat-mesh-coil","17":"product_cat-rechargeable-disposables","18":"product_cat-vape-by-flavor-profile","19":"product_cat-vape-by-nicotine-strength","20":"product_cat-vape-by-puff-count","21":"product_cat-vape-by-feature-or-type","22":"product_cat-vapes-with-screens","24":"first","25":"onbackorder","26":"shipping-taxable","27":"purchasable","28":"product-type-variable","29":"has-default-attributes"},"tiered_pricing_type":"percentage","tiered_pricing_fixed_rules":[],"tiered_pricing_product_settings":{"layout":"default","base_unit_name":{"singular":null,"plural":null},"default_variation":null},"tiered_pricing_minimum_quantity":10,"tiered_pricing_roles_data":[],"tiered_pricing_percentage_rules":{"30":"29","50":"35","100":"40","200":"44","500":"47","1000":"49"},"tiered_pricing_maximum_quantity":null,"tiered_pricing_quantity_step":"10","_links":{"self":[{"href":"https:\/\/agoravape.com\/pl\/wp-json\/wp\/v2\/product\/19202","targetHints":{"allow":["GET"]}}],"collection":[{"href":"https:\/\/agoravape.com\/pl\/wp-json\/wp\/v2\/product"}],"about":[{"href":"https:\/\/agoravape.com\/pl\/wp-json\/wp\/v2\/types\/product"}],"replies":[{"embeddable":true,"href":"https:\/\/agoravape.com\/pl\/wp-json\/wp\/v2\/comments?post=19202"}],"version-history":[{"count":0,"href":"https:\/\/agoravape.com\/pl\/wp-json\/wp\/v2\/product\/19202\/revisions"}],"wp:featuredmedia":[{"embeddable":true,"href":"https:\/\/agoravape.com\/pl\/wp-json\/wp\/v2\/media\/19225"}],"wp:attachment":[{"href":"https:\/\/agoravape.com\/pl\/wp-json\/wp\/v2\/media?parent=19202"}],"wp:term":[{"taxonomy":"product_brand","embeddable":true,"href":"https:\/\/agoravape.com\/pl\/wp-json\/wp\/v2\/product_brand?post=19202"},{"taxonomy":"product_cat","embeddable":true,"href":"https:\/\/agoravape.com\/pl\/wp-json\/wp\/v2\/product_cat?post=19202"},{"taxonomy":"product_tag","embeddable":true,"href":"https:\/\/agoravape.com\/pl\/wp-json\/wp\/v2\/product_tag?post=19202"}],"curies":[{"name":"wp","href":"https:\/\/api.w.org\/{rel}","templated":true}]}}