{"id":19230,"date":"2025-10-29T14:58:50","date_gmt":"2025-10-29T06:58:50","guid":{"rendered":"https:\/\/agoravape.com\/?post_type=product&#038;p=19230"},"modified":"2026-03-26T13:22:49","modified_gmt":"2026-03-26T12:22:49","slug":"bang-25000-puffow-vape-na-pelnym-ekranie","status":"publish","type":"product","link":"https:\/\/agoravape.com\/pl\/product\/bang-25000-puffs-full-screen-vape\/","title":{"rendered":"Bang 25000 zaci\u0105gni\u0119\u0107 | Ogromna liczba zaci\u0105gni\u0119\u0107 na wy\u015bwietlaczu pe\u0142noekranowym"},"content":{"rendered":"<h2 data-v-md-heading=\"what-s-so-special-about-bang-25000\" data-v-md-line=\"3\"><img loading=\"lazy\" decoding=\"async\" class=\"aligncenter size-full wp-image-19244\" src=\"https:\/\/agoravape.com\/wp-content\/uploads\/2025\/10\/Bang-25000-Puffs-Massive-Puff-Count-with-a-Full-Screen-Display_Agora_vape-1.webp\" alt=\"\" width=\"1180\" height=\"1950\" srcset=\"https:\/\/agoravape.com\/wp-content\/uploads\/2025\/10\/Bang-25000-Puffs-Massive-Puff-Count-with-a-Full-Screen-Display_Agora_vape-1.webp 1180w, https:\/\/agoravape.com\/wp-content\/uploads\/2025\/10\/Bang-25000-Puffs-Massive-Puff-Count-with-a-Full-Screen-Display_Agora_vape-1-182x300.webp 182w, https:\/\/agoravape.com\/wp-content\/uploads\/2025\/10\/Bang-25000-Puffs-Massive-Puff-Count-with-a-Full-Screen-Display_Agora_vape-1-620x1024.webp 620w, https:\/\/agoravape.com\/wp-content\/uploads\/2025\/10\/Bang-25000-Puffs-Massive-Puff-Count-with-a-Full-Screen-Display_Agora_vape-1-768x1269.webp 768w, https:\/\/agoravape.com\/wp-content\/uploads\/2025\/10\/Bang-25000-Puffs-Massive-Puff-Count-with-a-Full-Screen-Display_Agora_vape-1-929x1536.webp 929w\" sizes=\"auto, (max-width: 1180px) 100vw, 1180px\" \/><\/h2>\n<h2 data-v-md-heading=\"what-s-so-special-about-bang-25000\" data-v-md-line=\"3\">Co jest takiego specjalnego w Bang 25000?<\/h2>\n<p data-v-md-line=\"5\">Je\u015bli masz ju\u017c do\u015b\u0107 jednorazowych e-papieros\u00f3w, kt\u00f3rych bateria wyczerpuje si\u0119 w ci\u0105gu tygodnia, to koniecznie zapoznaj si\u0119 z tym produktem. Bang 25000 zosta\u0142 zaprojektowany z my\u015bl\u0105 o d\u0142ugotrwa\u0142ym u\u017cytkowaniu i ma \u017cywotno\u015b\u0107 baterii do 25000 port\u00f3w, co oznacza, \u017ce mo\u017ce dzia\u0142a\u0107 przez d\u0142ugi czas. Dla u\u017cytkownik\u00f3w elektronicznych papieros\u00f3w, kt\u00f3rzy oczekuj\u0105 niezawodno\u015bci, doskona\u0142ego smaku i \u0142atwej obs\u0142ugi, jest to idealny wyb\u00f3r. Co jest najlepsze? Jest wyposa\u017cony w wyra\u017any, du\u017cy ekran, kt\u00f3ry mo\u017ce dok\u0142adnie wy\u015bwietla\u0107 pozosta\u0142y poziom e-liquidu i moc baterii, umo\u017cliwiaj\u0105c \u015bledzenie pozosta\u0142ej mocy w dowolnym momencie i unikni\u0119cie zaskoczenia.<\/p>\n<h2 data-v-md-heading=\"excellent-performance-and-easy-operation\" data-v-md-line=\"7\">Doskona\u0142a wydajno\u015b\u0107 i \u0142atwa obs\u0142uga<\/h2>\n<p data-v-md-line=\"9\">To urz\u0105dzenie zosta\u0142o zaprojektowane z my\u015bl\u0105 o prostocie i wydajno\u015bci. Jego prawdziw\u0105 zalet\u0105 jest du\u017ca pojemno\u015b\u0107 25 ml e-liquidu, dzi\u0119ki czemu jest tak wytrzyma\u0142y i trwa\u0142y. Wewn\u0105trz zastosowano wysokiej jako\u015bci cewki siatkowe, aby zapewni\u0107, \u017ce ka\u017cdy k\u0119s jest tak pyszny, jak pierwszy \u0142yk, zapewniaj\u0105c sp\u00f3jny, g\u0142adki smak. Po wyczerpaniu baterii 650 mAh mo\u017cna j\u0105 na\u0142adowa\u0107 za pomoc\u0105 standardowego kabla do transmisji danych typu C, kt\u00f3ry mo\u017ce by\u0107 tym samym kablem, kt\u00f3ry jest u\u017cywany w telefonie. Wszystko po to, aby u\u0142atwi\u0107 Ci \u017cycie.<\/p>\n<h2 data-v-md-heading=\"product-specifications\" data-v-md-line=\"11\">Specyfikacja produktu<\/h2>\n<p data-v-md-line=\"13\">Cz\u0119stotliwo\u015b\u0107 palenia: do 25000 zaci\u0105gni\u0119\u0107<\/p>\n<p data-v-md-line=\"15\">St\u0119\u017cenie nikotyny: Dost\u0119pne w czterech opcjach st\u0119\u017cenia: 0%, 2%, 3% i 5%<\/p>\n<p data-v-md-line=\"17\"><strong>Zastosowanie:<\/strong>\u00a0Wdech, aby aktywowa\u0107<\/p>\n<p data-v-md-line=\"19\"><strong>Metoda \u0142adowania:<\/strong>\u00a0Standardowy interfejs USB typu C<\/p>\n<p data-v-md-line=\"21\"><strong>Status:<\/strong>\u00a0Gotowy do u\u017cycia po wyj\u0119ciu z pude\u0142ka<\/p>\n<h2 data-v-md-heading=\"complete-flavor-lineup\" data-v-md-line=\"23\">Pe\u0142na gama smak\u00f3w<\/h2>\n<ul data-v-md-line=\"25\">\n<li>Arbuzowy l\u00f3d<\/li>\n<li>Truskawka kiwi<\/li>\n<li>Truskawkowy l\u00f3d<\/li>\n<li>Mango Brzoskwinia<\/li>\n<li>Bor\u00f3wki i maliny<\/li>\n<li>Mi\u0119ta jagodowa<\/li>\n<li>Owoce mieszane<\/li>\n<li>Truskawka arbuz<\/li>\n<li>Lody winogronowe<\/li>\n<li>Guma balonowa o smaku arbuza<\/li>\n<li>Niebieskie lodowisko<\/li>\n<li>Tygrysia Krew<\/li>\n<\/ul>\n<h2 data-v-md-heading=\"tailored-for-you-and-your-business\" data-v-md-line=\"38\">Dostosowane do Ciebie i Twojej firmy<\/h2>\n<p data-v-md-line=\"40\">Bang 25000 mo\u017cna kupi\u0107 osobno lub hurtowo, je\u015bli jeste\u015b w\u0142a\u015bcicielem firmy. S\u0105 one sprzedawane w opakowaniach hurtowych po 200 sztuk w pude\u0142ku, dzi\u0119ki czemu mo\u017cesz zapewni\u0107 swoim klientom trwa\u0142e i wytrzyma\u0142e elektroniczne papierosy, kt\u00f3re pokochaj\u0105. Wsp\u00f3\u0142pracujemy z zaufanymi partnerami DDP, takimi jak UPS, DPD i DHL dla wszystkich przesy\u0142ek, co oznacza, \u017ce wszystkie towary zosta\u0142y opodatkowane. Nie musisz martwi\u0107 si\u0119 o dodatkowe op\u0142aty celne, mo\u017cesz cieszy\u0107 si\u0119 sprawn\u0105 i niezawodn\u0105 dostaw\u0105.<\/p>\n<h2 data-v-md-heading=\"the-reason-why-you-will-like-it\" data-v-md-line=\"42\">Pow\u00f3d, dla kt\u00f3rego Ci si\u0119 spodoba<\/h2>\n<p data-v-md-line=\"44\"><strong>Bardzo d\u0142uga \u017cywotno\u015b\u0107 baterii:<\/strong>\u00a0D\u0142u\u017csza \u017cywotno\u015b\u0107 baterii, brak konieczno\u015bci cz\u0119stego zakupu nowych produkt\u00f3w.<\/p>\n<p data-v-md-line=\"46\"><strong>Wyb\u00f3r st\u0119\u017cenia nikotyny:<\/strong>\u00a0Mo\u017cesz wybra\u0107 st\u0119\u017cenie nikotyny, kt\u00f3re Ci odpowiada.<\/p>\n<p data-v-md-line=\"48\"><strong>Wy\u015bwietlanie pe\u0142noekranowe:<\/strong>\u00a0Przejrzysty ekran wy\u015bwietla poziom na\u0142adowania baterii i ilo\u015b\u0107 pozosta\u0142ego e-cieczy, umo\u017cliwiaj\u0105c kontrol\u0119 w dowolnym momencie.<\/p>\n<p data-v-md-line=\"50\"><strong>Akumulator:<\/strong>\u00a0pozwala wykorzysta\u0107 ka\u017cd\u0105 kropl\u0119 zakupionego e-liquidu.<\/p>\n<p data-v-md-line=\"52\"><strong>Siatkowy rdze\u0144 rozpylaj\u0105cy:<\/strong>\u00a0Za ka\u017cdym razem zapewnia stabilny i bogaty smak.<\/p>\n<h2 data-v-md-heading=\"why-choose-to-collaborate-with-agoravape\" data-v-md-line=\"54\">Dlaczego warto zdecydowa\u0107 si\u0119 na wsp\u00f3\u0142prac\u0119 z AgoraVape?<\/h2>\n<p data-v-md-line=\"56\">Jako jeden z najbardziej zaufanych dystrybutor\u00f3w e-papieros\u00f3w w Europie, sprzedajemy wy\u0142\u0105cznie oryginalne produkty 100%. Dla naszych klient\u00f3w biznesowych oznacza to, \u017ce Bang 25000 oferuje obni\u017cone ceny hurtowe, niezawodne wsparcie oraz szybkie i niezawodne us\u0142ugi dostawy. Zapraszamy do kontaktu z nami i wyboru produktu, kt\u00f3ry naprawd\u0119 doceniaj\u0105 nasi klienci.<\/p>","protected":false},"excerpt":{"rendered":"<p>What\u2019s so special about Bang 25000? If you\u2019re tired of disposable e-cigarettes that run out of battery before a week,<\/p>","protected":false},"featured_media":19256,"comment_status":"open","ping_status":"closed","template":"","meta":[],"product_brand":[197],"product_cat":[124,187,185,189,123,174,175,193,191,173,186,180,190,192],"product_tag":[],"class_list":{"0":"post-19230","1":"product","2":"type-product","3":"status-publish","4":"has-post-thumbnail","6":"product_brand-bang","7":"product_cat-vape-by-brand","8":"product_cat-0mg-nicotine-free-vapes","9":"product_cat-10000-puffs-high-capacity","10":"product_cat-20mg-standard-nicotine-vapes","11":"product_cat-bang","12":"product_cat-fruit-flavors","13":"product_cat-icy-mint","14":"product_cat-mesh-coil","15":"product_cat-rechargeable-disposables","16":"product_cat-vape-by-flavor-profile","17":"product_cat-vape-by-nicotine-strength","18":"product_cat-vape-by-puff-count","19":"product_cat-vape-by-feature-or-type","20":"product_cat-vapes-with-screens","22":"first","23":"instock","24":"shipping-taxable","25":"purchasable","26":"product-type-variable","27":"has-default-attributes"},"tiered_pricing_type":"percentage","tiered_pricing_fixed_rules":[],"tiered_pricing_product_settings":{"layout":"default","base_unit_name":{"singular":null,"plural":null},"default_variation":null},"tiered_pricing_minimum_quantity":10,"tiered_pricing_roles_data":[],"tiered_pricing_percentage_rules":{"30":"29","50":"35","100":"40","200":"44","500":"47","1000":"49"},"tiered_pricing_maximum_quantity":null,"tiered_pricing_quantity_step":"10","_links":{"self":[{"href":"https:\/\/agoravape.com\/pl\/wp-json\/wp\/v2\/product\/19230","targetHints":{"allow":["GET"]}}],"collection":[{"href":"https:\/\/agoravape.com\/pl\/wp-json\/wp\/v2\/product"}],"about":[{"href":"https:\/\/agoravape.com\/pl\/wp-json\/wp\/v2\/types\/product"}],"replies":[{"embeddable":true,"href":"https:\/\/agoravape.com\/pl\/wp-json\/wp\/v2\/comments?post=19230"}],"version-history":[{"count":0,"href":"https:\/\/agoravape.com\/pl\/wp-json\/wp\/v2\/product\/19230\/revisions"}],"wp:featuredmedia":[{"embeddable":true,"href":"https:\/\/agoravape.com\/pl\/wp-json\/wp\/v2\/media\/19256"}],"wp:attachment":[{"href":"https:\/\/agoravape.com\/pl\/wp-json\/wp\/v2\/media?parent=19230"}],"wp:term":[{"taxonomy":"product_brand","embeddable":true,"href":"https:\/\/agoravape.com\/pl\/wp-json\/wp\/v2\/product_brand?post=19230"},{"taxonomy":"product_cat","embeddable":true,"href":"https:\/\/agoravape.com\/pl\/wp-json\/wp\/v2\/product_cat?post=19230"},{"taxonomy":"product_tag","embeddable":true,"href":"https:\/\/agoravape.com\/pl\/wp-json\/wp\/v2\/product_tag?post=19230"}],"curies":[{"name":"wp","href":"https:\/\/api.w.org\/{rel}","templated":true}]}}