{"id":19258,"date":"2025-10-29T15:14:53","date_gmt":"2025-10-29T07:14:53","guid":{"rendered":"https:\/\/agoravape.com\/?post_type=product&#038;p=19258"},"modified":"2026-03-26T13:22:49","modified_gmt":"2026-03-26T12:22:49","slug":"bang-28000-puffs-mesh-vape","status":"publish","type":"product","link":"https:\/\/agoravape.com\/pl\/product\/bang-28000-puffs-mesh-vape\/","title":{"rendered":"Jednorazowy waporyzator Bang 28000 Puffs | Naprawd\u0119 d\u0142ugotrwa\u0142y smak"},"content":{"rendered":"<h2 data-v-md-heading=\"what-s-special-about-bang-28000\" data-v-md-line=\"3\">Co jest wyj\u0105tkowego w Bang 28000?<\/h2>\n<p data-v-md-line=\"5\">Je\u015bli jeste\u015b zm\u0119czony jednorazowymi waporyzatorami, w kt\u00f3rych bateria wyczerpuje si\u0119 w ci\u0105gu tygodnia, to musisz przyjrze\u0107 si\u0119 temu produktowi. Filozofia projektowania Bang 28000 jest tylko jedna: trwa\u0142o\u015b\u0107. \u017bywotno\u015b\u0107 baterii wynosi do 28000 zaci\u0105gni\u0119\u0107, co pozwala cieszy\u0107 si\u0119 nieko\u0144cz\u0105cymi si\u0119 doznaniami z palenia. Mo\u017cesz pomy\u015ble\u0107, \u017ce tak wytrzyma\u0142y vape b\u0119dzie niepor\u0119czny, ale b\u0119dziesz mile zaskoczony, \u017ce oka\u017ce si\u0119 bardzo wygodny. Jest to idealny wyb\u00f3r dla u\u017cytkownik\u00f3w, kt\u00f3rzy oczekuj\u0105 niezawodno\u015bci, doskona\u0142ego smaku i \u0142atwej obs\u0142ugi.<\/p>\n<h2 data-v-md-heading=\"excellent-performance-simple-and-easy-to-use\" data-v-md-line=\"7\">Doskona\u0142a wydajno\u015b\u0107, prostota i \u0142atwo\u015b\u0107 obs\u0142ugi<\/h2>\n<p data-v-md-line=\"9\">Sekret doskona\u0142ego smaku Bang 28000 tkwi we wbudowanym siatkowym rdzeniu atomizuj\u0105cym. Technologia ta zapewnia bogaty i sp\u00f3jny smak, pozwalaj\u0105c cieszy\u0107 si\u0119 tym samym wspania\u0142ym smakiem, co pierwszy k\u0119s przy ka\u017cdym k\u0119sie. Nie s\u0105 wymagane \u017cadne przyciski ani ustawienia; po prostu wdychaj, aby rozpocz\u0105\u0107. Gdy poziom na\u0142adowania baterii jest niski, wystarczy u\u017cy\u0107 standardowego kabla do transmisji danych typu C, aby na\u0142adowa\u0107 urz\u0105dzenie, podobnie jak telefon. Prosty i wygodny.<\/p>\n<h2 data-v-md-heading=\"quick-specifications\" data-v-md-line=\"11\">Szybkie specyfikacje<\/h2>\n<p data-v-md-line=\"13\"><strong>Liczba port\u00f3w ss\u0105cych:<\/strong>\u00a0do 28000.<br \/>\n<strong>St\u0119\u017cenie nikotyny:<\/strong>\u00a0Dost\u0119pny w czterech opcjach st\u0119\u017cenia: 0%, 2%, 3% i 5%.<br \/>\n<strong>Zasada dzia\u0142ania:<\/strong>\u00a0Wystarczy wdycha\u0107, aby aktywowa\u0107.<br \/>\n<em>Metoda \u0142adowania:<\/em>* Standardowy interfejs USB typu C.<br \/>\n<strong>Status:<\/strong>\u00a0Gotowy do u\u017cycia po rozpakowaniu.<\/p>\n<h2 data-v-md-heading=\"full-range-of-flavors\" data-v-md-line=\"19\">Pe\u0142na gama smak\u00f3w<\/h2>\n<ul data-v-md-line=\"20\">\n<li>Lody truskawkowo-arbuzowe<\/li>\n<li>Niebieskie lodowisko<\/li>\n<li>Krew tygrysa (Krew i piasek)<\/li>\n<li>Ananas Kokos<\/li>\n<li>Truskawka i banan<\/li>\n<li>Owoce mieszane<\/li>\n<li>Bor\u00f3wki i maliny<\/li>\n<li>Brzoskwiniowy l\u00f3d<\/li>\n<li>Mango i brzoskwinia<\/li>\n<li>Arbuz<\/li>\n<li>Lody winogronowe<\/li>\n<li>Truskawka kiwi<\/li>\n<\/ul>\n<h2 data-v-md-heading=\"for-you-for-your-business\" data-v-md-line=\"33\">Dla Ciebie, dla Twojej firmy<\/h2>\n<p data-v-md-line=\"34\">Oferujemy oddzielny zakup Bang 28000, ale je\u015bli jeste\u015b w\u0142a\u015bcicielem firmy, mo\u017cesz r\u00f3wnie\u017c zaopatrzy\u0107 si\u0119 w zapas. S\u0105 one sprzedawane w cenie hurtowej 200 sztuk w pude\u0142ku, co u\u0142atwia umieszczenie ich na p\u00f3\u0142kach. Wysy\u0142amy za po\u015brednictwem zaufanych partner\u00f3w DDP, takich jak UPS, DPD i DHL w ca\u0142ej Europie, dzi\u0119ki czemu mo\u017cesz otrzymywa\u0107 zam\u00f3wienia szybko i niezawodnie, unikaj\u0105c nieoczekiwanych sytuacji celnych.<\/p>\n<h2 data-v-md-heading=\"why-do-you-like-it\" data-v-md-line=\"36\">Dlaczego to lubisz?<\/h2>\n<p data-v-md-line=\"37\"><strong>Dodatkowe ssanie:<\/strong>\u00a0Czuje si\u0119, jakby by\u0142 zasysany na zawsze, wi\u0119c nie trzeba cz\u0119sto kupowa\u0107 nowych.<br \/>\n<strong>Wyb\u00f3r nikotyny:<\/strong>\u00a0Mo\u017cesz wybra\u0107 st\u0119\u017cenie nikotyny, kt\u00f3re Ci odpowiada, od beznikotynowego do mocniejszego.<br \/>\n<strong>Akumulator:<\/strong>\u00a0Oznacza to, \u017ce mo\u017cesz wykorzysta\u0107 ka\u017cd\u0105 kropl\u0119 zakupionego e-liquidu.<br \/>\n<strong>Siatka cewki:<\/strong>\u00a0Zapewnia sp\u00f3jny i bogaty smak za ka\u017cdym razem.<\/p>\n<h2 data-v-md-heading=\"why-collaborate-with-agoravape\" data-v-md-line=\"42\">Dlaczego warto wsp\u00f3\u0142pracowa\u0107 z AgoraVape?<\/h2>\n<p data-v-md-line=\"43\">Jako jeden z najbardziej zaufanych dystrybutor\u00f3w vape w Europie, sprzedajemy tylko oryginalne produkty 100%. Dla naszych klient\u00f3w komercyjnych oznacza to, \u017ce Bang 28000 vapes ma obni\u017cone ceny hurtowe, niezawodne wsparcie oraz szybki i niezawodny transport. Skontaktuj si\u0119 z nami, a my dostarczymy Ci produkt, kt\u00f3ry nasi klienci naprawd\u0119 doceniaj\u0105.<\/p>","protected":false},"excerpt":{"rendered":"<p>What\u2019s special about Bang 28000? If you\u2019re tired of disposable vapes that run out of battery before a week, then<\/p>","protected":false},"featured_media":19280,"comment_status":"open","ping_status":"closed","template":"","meta":[],"product_brand":[197],"product_cat":[124,187,185,189,123,174,175,193,191,179,173,186,180,190],"product_tag":[],"class_list":{"0":"post-19258","1":"product","2":"type-product","3":"status-publish","4":"has-post-thumbnail","6":"product_brand-bang","7":"product_cat-vape-by-brand","8":"product_cat-0mg-nicotine-free-vapes","9":"product_cat-10000-puffs-high-capacity","10":"product_cat-20mg-standard-nicotine-vapes","11":"product_cat-bang","12":"product_cat-fruit-flavors","13":"product_cat-icy-mint","14":"product_cat-mesh-coil","15":"product_cat-rechargeable-disposables","16":"product_cat-unique-blends","17":"product_cat-vape-by-flavor-profile","18":"product_cat-vape-by-nicotine-strength","19":"product_cat-vape-by-puff-count","20":"product_cat-vape-by-feature-or-type","22":"first","23":"instock","24":"shipping-taxable","25":"purchasable","26":"product-type-variable","27":"has-default-attributes"},"tiered_pricing_type":"percentage","tiered_pricing_fixed_rules":[],"tiered_pricing_product_settings":{"layout":"default","base_unit_name":{"singular":null,"plural":null},"default_variation":null},"tiered_pricing_minimum_quantity":10,"tiered_pricing_roles_data":[],"tiered_pricing_percentage_rules":{"30":"29","50":"35","100":"40","200":"44","500":"47","1000":"49"},"tiered_pricing_maximum_quantity":null,"tiered_pricing_quantity_step":"10","_links":{"self":[{"href":"https:\/\/agoravape.com\/pl\/wp-json\/wp\/v2\/product\/19258","targetHints":{"allow":["GET"]}}],"collection":[{"href":"https:\/\/agoravape.com\/pl\/wp-json\/wp\/v2\/product"}],"about":[{"href":"https:\/\/agoravape.com\/pl\/wp-json\/wp\/v2\/types\/product"}],"replies":[{"embeddable":true,"href":"https:\/\/agoravape.com\/pl\/wp-json\/wp\/v2\/comments?post=19258"}],"version-history":[{"count":0,"href":"https:\/\/agoravape.com\/pl\/wp-json\/wp\/v2\/product\/19258\/revisions"}],"wp:featuredmedia":[{"embeddable":true,"href":"https:\/\/agoravape.com\/pl\/wp-json\/wp\/v2\/media\/19280"}],"wp:attachment":[{"href":"https:\/\/agoravape.com\/pl\/wp-json\/wp\/v2\/media?parent=19258"}],"wp:term":[{"taxonomy":"product_brand","embeddable":true,"href":"https:\/\/agoravape.com\/pl\/wp-json\/wp\/v2\/product_brand?post=19258"},{"taxonomy":"product_cat","embeddable":true,"href":"https:\/\/agoravape.com\/pl\/wp-json\/wp\/v2\/product_cat?post=19258"},{"taxonomy":"product_tag","embeddable":true,"href":"https:\/\/agoravape.com\/pl\/wp-json\/wp\/v2\/product_tag?post=19258"}],"curies":[{"name":"wp","href":"https:\/\/api.w.org\/{rel}","templated":true}]}}