{"id":19282,"date":"2025-10-29T17:00:15","date_gmt":"2025-10-29T09:00:15","guid":{"rendered":"https:\/\/agoravape.com\/?post_type=product&#038;p=19282"},"modified":"2026-03-26T13:22:49","modified_gmt":"2026-03-26T12:22:49","slug":"bang-30000-zaciagniec-vape-o-dwoch-smakach","status":"publish","type":"product","link":"https:\/\/agoravape.com\/pl\/product\/bang-30000-puffs-dual-flavor-vape\/","title":{"rendered":"Bang 30000 Puffs Dual Flavor | Dwa smaki, jedno proste urz\u0105dzenie"},"content":{"rendered":"<h2 data-v-md-heading=\"what-s-special-about-bang-s-30000-dual-flavored-vapes\" data-v-md-line=\"3\"><img loading=\"lazy\" decoding=\"async\" class=\"size-full wp-image-19311 alignright\" src=\"https:\/\/agoravape.com\/wp-content\/uploads\/2025\/10\/Bang-30000-Puffs-Dual-Flavor-Two-Flavours-One-Simple-Device_Agora_vape-16.webp\" alt=\"\" width=\"800\" height=\"800\" srcset=\"https:\/\/agoravape.com\/wp-content\/uploads\/2025\/10\/Bang-30000-Puffs-Dual-Flavor-Two-Flavours-One-Simple-Device_Agora_vape-16.webp 800w, https:\/\/agoravape.com\/wp-content\/uploads\/2025\/10\/Bang-30000-Puffs-Dual-Flavor-Two-Flavours-One-Simple-Device_Agora_vape-16-600x600.webp 600w, https:\/\/agoravape.com\/wp-content\/uploads\/2025\/10\/Bang-30000-Puffs-Dual-Flavor-Two-Flavours-One-Simple-Device_Agora_vape-16-300x300.webp 300w, https:\/\/agoravape.com\/wp-content\/uploads\/2025\/10\/Bang-30000-Puffs-Dual-Flavor-Two-Flavours-One-Simple-Device_Agora_vape-16-150x150.webp 150w, https:\/\/agoravape.com\/wp-content\/uploads\/2025\/10\/Bang-30000-Puffs-Dual-Flavor-Two-Flavours-One-Simple-Device_Agora_vape-16-768x768.webp 768w\" sizes=\"auto, (max-width: 800px) 100vw, 800px\" \/><\/h2>\n<h2 data-v-md-heading=\"what-s-special-about-bang-s-30000-dual-flavored-vapes\" data-v-md-line=\"3\">Co jest wyj\u0105tkowego w podw\u00f3jnych waporyzatorach smakowych Bang 30000?<\/h2>\n<p data-v-md-line=\"5\">Czy kiedykolwiek kupi\u0142e\u015b jednorazowego vape'a o du\u017cej pojemno\u015bci, ale znudzi\u0142 Ci si\u0119 smak, zanim sko\u0144czy\u0142e\u015b pali\u0107? Bang 30000 zapewnia sprytne i proste rozwi\u0105zanie. To nie tylko jeden smak, ale dwa. Wystarczy jedno delikatne naci\u015bni\u0119cie, aby zmieni\u0107 smak w dowolnym momencie, co jest naprawd\u0119 wspania\u0142\u0105 funkcj\u0105. Dzi\u0119ki temu Twoje doznania b\u0119d\u0105 \u015bwie\u017ce i interesuj\u0105ce a\u017c do ostatniego k\u0119sa.<\/p>\n<p data-v-md-line=\"7\">Dla os\u00f3b, kt\u00f3re lubi\u0105 pr\u00f3bowa\u0107 r\u00f3\u017cnych smak\u00f3w, ale nie chc\u0105 nosi\u0107 ze sob\u0105 dw\u00f3ch r\u00f3\u017cnych urz\u0105dze\u0144, jest to idealny wyb\u00f3r. Ten vape zosta\u0142 zaprojektowany tak, aby oferowa\u0107 \u015bwietny stosunek jako\u015bci do ceny i doskona\u0142y smak, a tak\u017ce jest niezwykle \u0142atwy w obs\u0142udze. B\u0119dziesz mie\u0107 niezawodny, trwa\u0142y waporyzator, kt\u00f3ry nigdy Ci\u0119 nie zawiedzie.<\/p>\n<h2 data-v-md-heading=\"excellent-performance-and-simple-operation\" data-v-md-line=\"9\">Doskona\u0142a wydajno\u015b\u0107 i prosta obs\u0142uga<\/h2>\n<p data-v-md-line=\"11\">Sekret doskona\u0142ego smaku tkwi w wewn\u0119trznych cewkach siatkowych. Zastosowano w nim jednolit\u0105 konstrukcj\u0119 grzewcz\u0105, aby zapewni\u0107 r\u00f3wnomierne podgrzewanie e-liquidu, niezale\u017cnie od tego, czy we\u017amiesz pierwsze zaci\u0105gni\u0119cie si\u0119, czy tysi\u0105ce zaci\u0105gni\u0119\u0107, mo\u017cesz uzyska\u0107 pe\u0142ny i stabilny smak. Mo\u017ce si\u0119 wydawa\u0107, \u017ce waporyzator ten pozwala na tak wiele zaci\u0105gni\u0119\u0107, a jego obs\u0142uga powinna by\u0107 bardzo skomplikowana, ale w rzeczywisto\u015bci jest ona zaskakuj\u0105co prosta.<\/p>\n<p data-v-md-line=\"13\">Gdy poziom na\u0142adowania baterii jest niski, urz\u0105dzenie jest wyposa\u017cone w standardowy interfejs \u0142adowania typu C. Wystarczy u\u017cy\u0107 tego samego kabla do transmisji danych, kt\u00f3rego zwykle u\u017cywasz do \u0142adowania telefonu lub innych urz\u0105dze\u0144 elektronicznych. Jest to ma\u0142y szczeg\u00f3\u0142, kt\u00f3ry sprawia, \u017ce korzystanie z urz\u0105dzenia jest wygodniejsze.<\/p>\n<h2 data-v-md-heading=\"quick-specifications\" data-v-md-line=\"15\">Szybkie specyfikacje<\/h2>\n<p data-v-md-line=\"17\"><strong>Liczba port\u00f3w ss\u0105cych:<\/strong>\u00a0do 30000 port\u00f3w<\/p>\n<p data-v-md-line=\"19\"><strong>Pojemno\u015b\u0107 e-liquidu:<\/strong>\u00a0Wst\u0119pnie zainstalowany e-liquid 36 ml<\/p>\n<p data-v-md-line=\"21\"><strong>St\u0119\u017cenie nikotyny:<\/strong>\u00a0Dost\u0119pny w czterech opcjach st\u0119\u017cenia: 0%, 2%, 3% i 5%.<\/p>\n<p data-v-md-line=\"23\"><strong>Zastosowanie:<\/strong>\u00a0Wdech, aby aktywowa\u0107<\/p>\n<p data-v-md-line=\"25\"><strong>Metoda \u0142adowania:<\/strong>\u00a0Standardowy interfejs USB typu C<\/p>\n<p data-v-md-line=\"27\"><strong>Status:<\/strong>\u00a0Gotowy do u\u017cycia po wyj\u0119ciu z pude\u0142ka<\/p>\n<h2 data-v-md-heading=\"complete-flavor-lineup\" data-v-md-line=\"29\">Pe\u0142na gama smak\u00f3w<\/h2>\n<ul data-v-md-line=\"31\">\n<li>Arbuz\/Bor\u00f3wka Mi\u0119ta pieprzowa<\/li>\n<li>Kwa\u015bne jab\u0142ko\/jagoda\/malina<\/li>\n<li>Red Bull\/Strawberry Mango<\/li>\n<li>Grape Ice\/Cherry Cola<\/li>\n<li>L\u00f3d brzoskwiniowy\/ arbuz truskawkowy<\/li>\n<li>Love66\/Truskawka Kiwi<\/li>\n<li>Kwiat wi\u015bni winogrono\/truskawka liczi<\/li>\n<li>R\u00f3\u017cne owoce\/l\u00f3d jagodowy<\/li>\n<li>Black Dragon Ice\/Strawberry Banana<\/li>\n<li>Mango Peach\/Banana Ice<\/li>\n<li>Podw\u00f3jne jab\u0142ko\/kiwi marakuja guawa<\/li>\n<li>Mint Ice\/Triple Berry<\/li>\n<li>Jagody, wi\u015bnie, \u017curawina\/jagody arbuza<\/li>\n<li>Pineapple Ice\/Blueberry Raspberry Blackberry<\/li>\n<li>Purple Rain\/Strawberry Raspberry Cherry Ice<\/li>\n<li>L\u00f3d je\u017cynowo-jagodowy\/mango ananas brzoskwinia<\/li>\n<\/ul>\n<h2 data-v-md-heading=\"suitable-for-you-and-your-business\" data-v-md-line=\"48\">Odpowiednie dla Ciebie i Twojej firmy<\/h2>\n<p data-v-md-line=\"50\">Wprowadzili\u015bmy na rynek vape o podw\u00f3jnym smaku Bang 30000, kt\u00f3re mo\u017cna kupi\u0107 osobno. Je\u015bli jeste\u015b sprzedawc\u0105, mo\u017cesz r\u00f3wnie\u017c dokona\u0107 zakup\u00f3w hurtowych. Oferujemy hurtowe opakowania po 200 sztuk, kt\u00f3re s\u0105 idealnym wyborem dla ka\u017cdego sklepu z waporyzatorami.<\/p>\n<p data-v-md-line=\"52\">Wsp\u00f3\u0142pracujemy z zaufanymi partnerami logistycznymi, takimi jak UPS, DPD i DHL, aby zajmowa\u0107 si\u0119 wszystkimi kwestiami logistycznymi. Wszystkie produkty s\u0105 dostarczane po opodatkowaniu (DDP), co oznacza, \u017ce cena, kt\u00f3r\u0105 widzisz, jest ostateczn\u0105 cen\u0105, kt\u00f3r\u0105 p\u0142acisz. Nie ma potrzeby martwi\u0107 si\u0119, \u017ce organy celne nalicz\u0105 dodatkowe op\u0142aty lub podatki.<\/p>\n<h2 data-v-md-heading=\"the-reason-why-you-will-like-it\" data-v-md-line=\"54\">Pow\u00f3d, dla kt\u00f3rego Ci si\u0119 spodoba<\/h2>\n<p data-v-md-line=\"56\"><strong>Bardzo d\u0142uga \u017cywotno\u015b\u0107 baterii:<\/strong>\u00a0Trwa\u0142e i d\u0142ugowieczne, co pozwala zaoszcz\u0119dzi\u0107 wydatki i zmniejszy\u0107 liczb\u0119 wizyt w sklepie.<\/p>\n<p data-v-md-line=\"58\"><strong>Podw\u00f3jne smaki:<\/strong>\u00a0Masz do\u015b\u0107 jednego smaku? Wystarczy prze\u0142\u0105czy\u0107 si\u0119 na inn\u0105 opcj\u0119. To jak posiadanie dw\u00f3ch waporyzator\u00f3w.<\/p>\n<p data-v-md-line=\"60\"><strong>Wyb\u00f3r nikotyny:<\/strong>\u00a0Mo\u017cesz wybra\u0107 odpowiednie st\u0119\u017cenie nikotyny zgodnie z w\u0142asnymi potrzebami, od beznikotynowego do mocniejszego smaku, wszystko jest dost\u0119pne.<\/p>\n<p data-v-md-line=\"62\"><strong>Akumulator:<\/strong>\u00a0Oznacza to, \u017ce mo\u017cesz w pe\u0142ni wykorzysta\u0107 36 mililitr\u00f3w zakupionego e-liquidu.<\/p>\n<p data-v-md-line=\"64\"><strong>Siatkowy rdze\u0144 rozpylaj\u0105cy:<\/strong>\u00a0Za ka\u017cdym razem zapewnia stabilny i bogaty smak.<\/p>\n<h2 data-v-md-heading=\"why-choose-to-collaborate-with-agoravape\" data-v-md-line=\"66\">Dlaczego warto zdecydowa\u0107 si\u0119 na wsp\u00f3\u0142prac\u0119 z AgoraVape?<\/h2>\n<p data-v-md-line=\"68\">Jako jeden z najbardziej zaufanych dystrybutor\u00f3w vape w Europie, sprzedajemy wy\u0142\u0105cznie oryginalne produkty 100%. Dla naszych klient\u00f3w korporacyjnych oznacza to, \u017ce Bang 30000 dual flavored vapes zapewnia wysoce konkurencyjne ceny hurtowe, niezawodne wsparcie techniczne oraz szybkie i stabilne us\u0142ugi dostawy. Skontaktuj si\u0119 z nami natychmiast, aby naprawd\u0119 podzi\u0119kowa\u0107 swoim klientom za dostarczenie tego produktu.<\/p>\n<p><script src=\"chrome-extension:\/\/fpelahbljekknahkcaegamhcndkfpfnc\/iFrame.js\" type=\"text\/javascript\"><\/script><\/p>","protected":false},"excerpt":{"rendered":"<p>&nbsp;<\/p>\n<p><script src=\"chrome-extension:\/\/fpelahbljekknahkcaegamhcndkfpfnc\/iFrame.js\" type=\"text\/javascript\"><\/script><\/p>","protected":false},"featured_media":19296,"comment_status":"open","ping_status":"closed","template":"","meta":[],"product_brand":[197],"product_cat":[124,187,185,189,123,176,195,174,175,193,191,173,186,180,190],"product_tag":[],"class_list":{"0":"post-19282","1":"product","2":"type-product","3":"status-publish","4":"has-post-thumbnail","6":"product_brand-bang","7":"product_cat-vape-by-brand","8":"product_cat-0mg-nicotine-free-vapes","9":"product_cat-10000-puffs-high-capacity","10":"product_cat-20mg-standard-nicotine-vapes","11":"product_cat-bang","12":"product_cat-beverage","13":"product_cat-dual-flavor-switch","14":"product_cat-fruit-flavors","15":"product_cat-icy-mint","16":"product_cat-mesh-coil","17":"product_cat-rechargeable-disposables","18":"product_cat-vape-by-flavor-profile","19":"product_cat-vape-by-nicotine-strength","20":"product_cat-vape-by-puff-count","21":"product_cat-vape-by-feature-or-type","23":"first","24":"instock","25":"shipping-taxable","26":"purchasable","27":"product-type-variable","28":"has-default-attributes"},"tiered_pricing_type":"percentage","tiered_pricing_fixed_rules":[],"tiered_pricing_product_settings":{"layout":"default","base_unit_name":{"singular":null,"plural":null},"default_variation":null},"tiered_pricing_minimum_quantity":10,"tiered_pricing_roles_data":[],"tiered_pricing_percentage_rules":{"30":"29","50":"35","100":"40","200":"44","500":"47","1000":"49"},"tiered_pricing_maximum_quantity":null,"tiered_pricing_quantity_step":"10","_links":{"self":[{"href":"https:\/\/agoravape.com\/pl\/wp-json\/wp\/v2\/product\/19282","targetHints":{"allow":["GET"]}}],"collection":[{"href":"https:\/\/agoravape.com\/pl\/wp-json\/wp\/v2\/product"}],"about":[{"href":"https:\/\/agoravape.com\/pl\/wp-json\/wp\/v2\/types\/product"}],"replies":[{"embeddable":true,"href":"https:\/\/agoravape.com\/pl\/wp-json\/wp\/v2\/comments?post=19282"}],"version-history":[{"count":0,"href":"https:\/\/agoravape.com\/pl\/wp-json\/wp\/v2\/product\/19282\/revisions"}],"wp:featuredmedia":[{"embeddable":true,"href":"https:\/\/agoravape.com\/pl\/wp-json\/wp\/v2\/media\/19296"}],"wp:attachment":[{"href":"https:\/\/agoravape.com\/pl\/wp-json\/wp\/v2\/media?parent=19282"}],"wp:term":[{"taxonomy":"product_brand","embeddable":true,"href":"https:\/\/agoravape.com\/pl\/wp-json\/wp\/v2\/product_brand?post=19282"},{"taxonomy":"product_cat","embeddable":true,"href":"https:\/\/agoravape.com\/pl\/wp-json\/wp\/v2\/product_cat?post=19282"},{"taxonomy":"product_tag","embeddable":true,"href":"https:\/\/agoravape.com\/pl\/wp-json\/wp\/v2\/product_tag?post=19282"}],"curies":[{"name":"wp","href":"https:\/\/api.w.org\/{rel}","templated":true}]}}