{"id":19349,"date":"2025-10-29T18:26:18","date_gmt":"2025-10-29T10:26:18","guid":{"rendered":"https:\/\/agoravape.com\/?post_type=product&#038;p=19349"},"modified":"2026-03-14T16:22:20","modified_gmt":"2026-03-14T15:22:20","slug":"bang-36000-dtl-shisha-hookah-vape","status":"publish","type":"product","link":"https:\/\/agoravape.com\/pl\/product\/bang-36000-dtl-shisha-hookah-vape\/","title":{"rendered":"Szisza wodna Bang 36000 DTL | Du\u017ce chmury i d\u0142ugotrwa\u0142y smak"},"content":{"rendered":"<h2 data-v-md-heading=\"what-is-the-special-feature-of-bang-36000-dtl-disposable-vape\" data-v-md-line=\"3\"><img loading=\"lazy\" decoding=\"async\" class=\"aligncenter size-full wp-image-19374\" src=\"https:\/\/agoravape.com\/wp-content\/uploads\/2025\/10\/Bang-36000-DTL-Shisha-Hookah-Big-Clouds-and-Flavour-That-Lasts_Agora_vape-12-scaled.webp\" alt=\"\" width=\"1126\" height=\"2560\" srcset=\"https:\/\/agoravape.com\/wp-content\/uploads\/2025\/10\/Bang-36000-DTL-Shisha-Hookah-Big-Clouds-and-Flavour-That-Lasts_Agora_vape-12-scaled.webp 1126w, https:\/\/agoravape.com\/wp-content\/uploads\/2025\/10\/Bang-36000-DTL-Shisha-Hookah-Big-Clouds-and-Flavour-That-Lasts_Agora_vape-12-132x300.webp 132w, https:\/\/agoravape.com\/wp-content\/uploads\/2025\/10\/Bang-36000-DTL-Shisha-Hookah-Big-Clouds-and-Flavour-That-Lasts_Agora_vape-12-450x1024.webp 450w, https:\/\/agoravape.com\/wp-content\/uploads\/2025\/10\/Bang-36000-DTL-Shisha-Hookah-Big-Clouds-and-Flavour-That-Lasts_Agora_vape-12-768x1746.webp 768w, https:\/\/agoravape.com\/wp-content\/uploads\/2025\/10\/Bang-36000-DTL-Shisha-Hookah-Big-Clouds-and-Flavour-That-Lasts_Agora_vape-12-676x1536.webp 676w, https:\/\/agoravape.com\/wp-content\/uploads\/2025\/10\/Bang-36000-DTL-Shisha-Hookah-Big-Clouds-and-Flavour-That-Lasts_Agora_vape-12-901x2048.webp 901w, https:\/\/agoravape.com\/wp-content\/uploads\/2025\/10\/Bang-36000-DTL-Shisha-Hookah-Big-Clouds-and-Flavour-That-Lasts_Agora_vape-12-1200x2728.webp 1200w\" sizes=\"auto, (max-width: 1126px) 100vw, 1126px\" \/><\/h2>\n<h2 data-v-md-heading=\"what-is-the-special-feature-of-bang-36000-dtl-disposable-vape\" data-v-md-line=\"3\">Czym wyr\u00f3\u017cnia si\u0119 jednorazowy vape Bang 36000 DTL?<\/h2>\n<p data-v-md-line=\"5\">Je\u015bli jeste\u015b zm\u0119czony jednorazowymi waporyzatorami, kt\u00f3re trac\u0105 sw\u00f3j urok w ci\u0105gu zaledwie kilku dni, to ten produkt jest zdecydowanie warty uwagi. Bang 36000 zosta\u0142 zaprojektowany specjalnie z my\u015bl\u0105 o u\u017cytkownikach, kt\u00f3rym zale\u017cy na trwa\u0142o\u015bci i autentycznych doznaniach z palenia fajki wodnej. Jak sama nazwa wskazuje, jest to vape, kt\u00f3ry jest bezpo\u015brednio wdychany do p\u0142uc (DTL), co oznacza, \u017ce wykorzystuje bardziej otwart\u0105 i przejrzyst\u0105 metod\u0119 inhalacji, aby wytworzy\u0107 imponuj\u0105cy i bogaty dym.<\/p>\n<p data-v-md-line=\"7\">To urz\u0105dzenie jest idealne dla u\u017cytkownik\u00f3w, kt\u00f3rzy chc\u0105 poczu\u0107 atmosfer\u0119 sziszy, a jednocze\u015bnie mie\u0107 wygodne i przeno\u015bne do\u015bwiadczenie. Jest wyposa\u017cony w 40 ml e-liquidu o du\u017cej pojemno\u015bci i mo\u017ce pali\u0107 do 36000 zaci\u0105gni\u0119\u0107, co z pewno\u015bci\u0105 nie zawiedzie. Ten vape jest bardzo odpowiedni dla tych u\u017cytkownik\u00f3w vape, kt\u00f3rzy chc\u0105 tylko niezawodno\u015bci, doskona\u0142ego smaku i \u0142atwej obs\u0142ugi.<\/p>\n<h2 data-v-md-heading=\"excellent-performance-and-simple-operation\" data-v-md-line=\"9\">Doskona\u0142a wydajno\u015b\u0107 i prosta obs\u0142uga<\/h2>\n<p data-v-md-line=\"11\">Mo\u017cesz pomy\u015ble\u0107, \u017ce obs\u0142uga vape z tak wieloma zaci\u0105gni\u0119ciami b\u0119dzie skomplikowana, ale b\u0119dziesz zaskoczony jego prostot\u0105 i \u0142atwo\u015bci\u0105 u\u017cytkowania. Sekret jego bogatego i sp\u00f3jnego smaku tkwi w siatkowym rdzeniu atomizuj\u0105cym 0,6 \u03a9. Zapewnia on, \u017ce ka\u017cdy k\u0119s jest tak samo pyszny jak pierwszy, bez smaku spalenizny. Od pocz\u0105tku do ko\u0144ca smak jest g\u0142adki i pe\u0142ny.<\/p>\n<p data-v-md-line=\"13\">Urz\u0105dzenie jest zasilane niezawodnym akumulatorem, dzi\u0119ki czemu mo\u017cna w pe\u0142ni wykorzysta\u0107 ka\u017cd\u0105 kropl\u0119 zakupionego e-liquidu. Gdy bateria jest roz\u0142adowana, wystarczy u\u017cy\u0107 standardowego kabla do transmisji danych typu C, aby j\u0105 na\u0142adowa\u0107, podobnie jak w przypadku \u0142adowania telefonu. Bardzo wygodny.<\/p>\n<h2 data-v-md-heading=\"quick-specifications\" data-v-md-line=\"15\">Szybkie specyfikacje<\/h2>\n<p data-v-md-line=\"17\"><strong>Liczba port\u00f3w:<\/strong>\u00a0do 36000 port\u00f3w.<\/p>\n<p data-v-md-line=\"19\"><strong>St\u0119\u017cenie nikotyny:<\/strong>\u00a0Dost\u0119pny w czterech opcjach st\u0119\u017cenia: 0%, 2%, 3% i 5%.<\/p>\n<p data-v-md-line=\"21\"><strong>Zastosowanie:<\/strong>\u00a0Wystarczy wdycha\u0107, aby aktywowa\u0107.<\/p>\n<p data-v-md-line=\"23\"><strong>Metoda \u0142adowania:<\/strong>\u00a0Standardowy interfejs USB typu C.<\/p>\n<p data-v-md-line=\"25\"><strong>Status:<\/strong>\u00a0Gotowy do u\u017cycia po rozpakowaniu.<\/p>\n<h2 data-v-md-heading=\"complete-flavor-series\" data-v-md-line=\"27\">Kompletna seria smak\u00f3w<\/h2>\n<ul data-v-md-line=\"29\">\n<li>Truskawka kiwi<\/li>\n<li>Mango, brzoskwinia, arbuz<\/li>\n<li>Owoce mieszane<\/li>\n<li>L\u00f3d mentolowy<\/li>\n<li>Mango i brzoskwinia<\/li>\n<li>Lody winogronowe<\/li>\n<li>Podw\u00f3jne jab\u0142ka<\/li>\n<li>Bor\u00f3wki i maliny<\/li>\n<li>Truskawka arbuz<\/li>\n<li>Arbuzowy l\u00f3d<\/li>\n<li>Truskawka Mango<\/li>\n<li>Niebieskie lodowisko<\/li>\n<\/ul>\n<h2 data-v-md-heading=\"tailored-for-you-and-your-business\" data-v-md-line=\"42\">Dostosowane do Ciebie i Twojej firmy<\/h2>\n<p data-v-md-line=\"44\">Fajk\u0119 wodn\u0105 Bang 36000 DTL mo\u017cna kupi\u0107 osobno lub hurtowo, je\u015bli jeste\u015b w\u0142a\u015bcicielem firmy. Oferujemy opakowania hurtowe na 80 sztuk. Zapewniamy sprawn\u0105 dostaw\u0119 zam\u00f3wienia przy u\u017cyciu zaufanych partner\u00f3w logistycznych Delivered Duty Paid (DDP), takich jak UPS, DPD i DHL. Oznacza to, \u017ce nie musisz martwi\u0107 si\u0119 o dodatkowe op\u0142aty celne, tylko cieszy\u0107 si\u0119 wygodnymi i niezawodnymi us\u0142ugami dostawy.<\/p>\n<h2 data-v-md-heading=\"reasons-why-you-will-like-it\" data-v-md-line=\"46\">Powody, dla kt\u00f3rych Ci si\u0119 spodoba<\/h2>\n<p data-v-md-line=\"48\"><strong>Bardzo d\u0142uga \u017cywotno\u015b\u0107 baterii:<\/strong>\u00a0Trwa\u0142a i d\u0142ugowieczna, nie wymaga cz\u0119stych zakup\u00f3w.<\/p>\n<p data-v-md-line=\"50\"><strong>Wyb\u00f3r st\u0119\u017cenia nikotyny:<\/strong>\u00a0Mo\u017cesz wybra\u0107 st\u0119\u017cenie nikotyny, kt\u00f3re Ci odpowiada, od braku nikotyny do 5%.<\/p>\n<p data-v-md-line=\"52\"><strong>Akumulator:<\/strong>\u00a040 ml e-liquidu, mo\u017ce by\u0107 u\u017cywany po pe\u0142nym na\u0142adowaniu.<\/p>\n<p data-v-md-line=\"54\"><strong>Siatkowy rdze\u0144 rozpylaj\u0105cy:<\/strong>\u00a0Za ka\u017cdym razem zapewnia stabilny i bogaty smak.<\/p>\n<p data-v-md-line=\"56\"><strong>Odpowiedni przep\u0142yw powietrza DTL:<\/strong>\u00a0Mo\u017ce przynie\u015b\u0107 bogaty dym jak tradycyjna fajka wodna.<\/p>\n<h2 data-v-md-heading=\"why-choose-agoravape\" data-v-md-line=\"58\">Dlaczego warto wybra\u0107 AgoraVape?<\/h2>\n<p data-v-md-line=\"60\">Jako jeden z najbardziej zaufanych dystrybutor\u00f3w vape w Europie, sprzedajemy wy\u0142\u0105cznie oryginalne produkty 100%. Dla naszych klient\u00f3w korporacyjnych oznacza to, \u017ce jednorazowe waporyzatory Bang 36000 DTL zapewniaj\u0105 bardzo konkurencyjne ceny hurtowe, niezawodne wsparcie posprzeda\u017cowe oraz szybkie i stabilne us\u0142ugi dostawy. Skontaktuj si\u0119 z nami natychmiast i kup ten produkt. Twoi klienci naprawd\u0119 to doceni\u0105.<\/p>","protected":false},"excerpt":{"rendered":"<p>&nbsp;<\/p>\n<p><script src=\"chrome-extension:\/\/fpelahbljekknahkcaegamhcndkfpfnc\/iFrame.js\" type=\"text\/javascript\"><\/script><\/p>","protected":false},"featured_media":19375,"comment_status":"open","ping_status":"closed","template":"","meta":[],"product_brand":[197],"product_cat":[124,187,185,189,123,174,175,193,191,173,186,180,190],"product_tag":[],"class_list":{"0":"post-19349","1":"product","2":"type-product","3":"status-publish","4":"has-post-thumbnail","6":"product_brand-bang","7":"product_cat-vape-by-brand","8":"product_cat-0mg-nicotine-free-vapes","9":"product_cat-10000-puffs-high-capacity","10":"product_cat-20mg-standard-nicotine-vapes","11":"product_cat-bang","12":"product_cat-fruit-flavors","13":"product_cat-icy-mint","14":"product_cat-mesh-coil","15":"product_cat-rechargeable-disposables","16":"product_cat-vape-by-flavor-profile","17":"product_cat-vape-by-nicotine-strength","18":"product_cat-vape-by-puff-count","19":"product_cat-vape-by-feature-or-type","21":"first","22":"instock","23":"shipping-taxable","24":"purchasable","25":"product-type-variable","26":"has-default-attributes"},"tiered_pricing_type":"percentage","tiered_pricing_fixed_rules":[],"tiered_pricing_product_settings":{"layout":"default","base_unit_name":{"singular":null,"plural":null},"default_variation":null},"tiered_pricing_minimum_quantity":10,"tiered_pricing_roles_data":[],"tiered_pricing_percentage_rules":{"30":"29","50":"35","100":"40","200":"44","500":"47","1000":"49"},"tiered_pricing_maximum_quantity":null,"tiered_pricing_quantity_step":"10","_links":{"self":[{"href":"https:\/\/agoravape.com\/pl\/wp-json\/wp\/v2\/product\/19349","targetHints":{"allow":["GET"]}}],"collection":[{"href":"https:\/\/agoravape.com\/pl\/wp-json\/wp\/v2\/product"}],"about":[{"href":"https:\/\/agoravape.com\/pl\/wp-json\/wp\/v2\/types\/product"}],"replies":[{"embeddable":true,"href":"https:\/\/agoravape.com\/pl\/wp-json\/wp\/v2\/comments?post=19349"}],"version-history":[{"count":0,"href":"https:\/\/agoravape.com\/pl\/wp-json\/wp\/v2\/product\/19349\/revisions"}],"wp:featuredmedia":[{"embeddable":true,"href":"https:\/\/agoravape.com\/pl\/wp-json\/wp\/v2\/media\/19375"}],"wp:attachment":[{"href":"https:\/\/agoravape.com\/pl\/wp-json\/wp\/v2\/media?parent=19349"}],"wp:term":[{"taxonomy":"product_brand","embeddable":true,"href":"https:\/\/agoravape.com\/pl\/wp-json\/wp\/v2\/product_brand?post=19349"},{"taxonomy":"product_cat","embeddable":true,"href":"https:\/\/agoravape.com\/pl\/wp-json\/wp\/v2\/product_cat?post=19349"},{"taxonomy":"product_tag","embeddable":true,"href":"https:\/\/agoravape.com\/pl\/wp-json\/wp\/v2\/product_tag?post=19349"}],"curies":[{"name":"wp","href":"https:\/\/api.w.org\/{rel}","templated":true}]}}