{"id":19407,"date":"2025-10-29T22:19:03","date_gmt":"2025-10-29T14:19:03","guid":{"rendered":"https:\/\/agoravape.com\/?post_type=product&#038;p=19407"},"modified":"2026-03-26T13:22:39","modified_gmt":"2026-03-26T12:22:39","slug":"akumulator-vape-bang-40000-puffow","status":"publish","type":"product","link":"https:\/\/agoravape.com\/pl\/product\/bang-40000-puffs-rechargeable-vape\/","title":{"rendered":"Bang 40000 Puffs | Naprawd\u0119 d\u0142ugotrwa\u0142y smak"},"content":{"rendered":"<h2 data-v-md-heading=\"what-s-so-special-about-bang-40000\" data-v-md-line=\"3\">Co jest takiego specjalnego w Bang 40000?<\/h2>\n<p data-v-md-line=\"5\">Je\u015bli jeste\u015b zm\u0119czony jednorazowymi waporyzatorami, kt\u00f3re zu\u017cywaj\u0105 si\u0119 wkr\u00f3tce po zakupie, to musisz przyjrze\u0107 si\u0119 temu produktowi. Filozofia projektowania Bang 40000 jest tylko jedna: trwa\u0142o\u015b\u0107. Posiada on ogromn\u0105 pojemno\u015b\u0107 wynosz\u0105c\u0105 a\u017c 40000 zaci\u0105gni\u0119\u0107, dzi\u0119ki czemu mo\u017ce by\u0107 u\u017cywany nieprzerwanie przez d\u0142ugi czas, co pozwala unikn\u0105\u0107 cz\u0119stych wizyt w sklepach vape.<\/p>\n<p data-v-md-line=\"7\">Mo\u017cna by pomy\u015ble\u0107, \u017ce posiadanie waporyzatora o tak du\u017cej pojemno\u015bci by\u0142oby niepor\u0119czne i niepraktyczne, ale jego konstrukcja jest zaskakuj\u0105co wyrafinowana. Dla u\u017cytkownik\u00f3w, kt\u00f3rzy chc\u0105 mie\u0107 tylko niezawodny i pyszny waporyzator i chc\u0105 cieszy\u0107 si\u0119 przyjemno\u015bci\u0105, jak\u0105 przynosi on ka\u017cdego dnia, nie martwi\u0105c si\u0119 o uzupe\u0142nianie e-liquidu lub dokonywanie skomplikowanych ustawie\u0144, Bang 40000 jest bez w\u0105tpienia idealnym wyborem.<\/p>\n<h2 data-v-md-heading=\"excellent-performance-and-easy-operation\" data-v-md-line=\"9\">Doskona\u0142a wydajno\u015b\u0107 i \u0142atwa obs\u0142uga<\/h2>\n<p data-v-md-line=\"11\">Sekretem niezmiennego smaku jest wbudowany siatkowy rdze\u0144 atomizera 1,2 \u03a9. M\u00f3wi\u0105c najpro\u015bciej, oznacza to, \u017ce mo\u017ce on r\u00f3wnomiernie podgrzewa\u0107 e-ciecz, dzi\u0119ki czemu ka\u017cdy k\u0119s jest r\u00f3wnie pyszny jak pierwszy. Nawet pod koniec jego \u017cywotno\u015bci nie b\u0119dzie szorstkiego smaku ani obni\u017conego smaku.<\/p>\n<p data-v-md-line=\"13\">Co wi\u0119cej, gdy bateria o pojemno\u015bci 850 mAh wyczerpie si\u0119, nie trzeba wyrzuca\u0107 urz\u0105dzenia wraz z pozosta\u0142ym e-liquidem. Do \u0142adowania wystarczy u\u017cy\u0107 standardowego kabla do transmisji danych typu C - tak jak w przypadku \u0142adowania telefonu. To takie proste, aby\u015b m\u00f3g\u0142 w pe\u0142ni cieszy\u0107 si\u0119 ka\u017cdym zaci\u0105gni\u0119ciem si\u0119 e-liquidem, na kt\u00f3ry wydajesz pieni\u0105dze.<\/p>\n<h2 data-v-md-heading=\"product-specifications\" data-v-md-line=\"15\">Specyfikacja produktu<\/h2>\n<p data-v-md-line=\"17\"><strong>Liczba port\u00f3w:<\/strong>\u00a0do 40000 port\u00f3w<\/p>\n<p data-v-md-line=\"19\"><strong>Zawarto\u015b\u0107 nikotyny:<\/strong>\u00a0Dost\u0119pne s\u0105 r\u00f3\u017cne opcje st\u0119\u017cenia (sprawd\u017a opakowanie)<\/p>\n<p data-v-md-line=\"21\"><strong>Zastosowanie:<\/strong>\u00a0Wdech, aby aktywowa\u0107<\/p>\n<p data-v-md-line=\"23\"><strong>Metoda \u0142adowania:<\/strong>\u00a0Standardowy interfejs USB typu C<\/p>\n<p data-v-md-line=\"25\"><strong>Status:<\/strong>\u00a0Gotowy do u\u017cycia po wyj\u0119ciu z pude\u0142ka<\/p>\n<h2 data-v-md-heading=\"complete-flavor-lineup\" data-v-md-line=\"27\">Pe\u0142na gama smak\u00f3w<\/h2>\n<ul data-v-md-line=\"29\">\n<li>Arbuz<\/li>\n<li>Truskawka arbuz<\/li>\n<li>Truskawka kiwi<\/li>\n<li>Bor\u00f3wki i maliny<\/li>\n<li>Jagody i winogrona<\/li>\n<li>Napoje energetyczne<\/li>\n<li>Podw\u00f3jne jab\u0142ko<\/li>\n<li>Mango i brzoskwinia<\/li>\n<li>Jagody i cytryny<\/li>\n<li>Brzoskwiniowy l\u00f3d<\/li>\n<li>Love66 (grejpfrut marakuja)<\/li>\n<li>Potr\u00f3jna Jagoda<\/li>\n<\/ul>\n<h2 data-v-md-heading=\"tailored-for-you-and-your-business\" data-v-md-line=\"42\">Dostosowane do Ciebie i Twojej firmy<\/h2>\n<p data-v-md-line=\"44\">Wprowadzili\u015bmy na rynek pakiet vap\u00f3w Bang 40000, kt\u00f3ry mo\u017cna kupi\u0107 osobno. Je\u015bli jeste\u015b w\u0142a\u015bcicielem firmy, mo\u017cesz r\u00f3wnie\u017c dokona\u0107 zakupu hurtowego. S\u0105 one dostarczane w opakowaniach hurtowych po 128 sztuk \/ pude\u0142ko, co u\u0142atwia utrzymanie wystarczaj\u0105cej ilo\u015bci p\u00f3\u0142ek. Produkt ten jest trwa\u0142y i lubiany przez klient\u00f3w.<\/p>\n<p data-v-md-line=\"46\">Korzystamy z zaufanej us\u0142ugi Delivered Duty Paid (DDP) i wsp\u00f3\u0142pracujemy z partnerami takimi jak UPS, DPD i DHL, aby wysy\u0142a\u0107 produkty do r\u00f3\u017cnych lokalizacji w Europie. Oznacza to, \u017ce Twoje zam\u00f3wienie mo\u017ce zosta\u0107 szybko dostarczone bez obawy o nieoczekiwane lub ukryte op\u0142aty celne, co pozwala Ci skupi\u0107 si\u0119 na dzia\u0142alno\u015bci biznesowej.<\/p>\n<h2 data-v-md-heading=\"the-reason-why-you-will-like-it\" data-v-md-line=\"48\">Pow\u00f3d, dla kt\u00f3rego Ci si\u0119 spodoba<\/h2>\n<p data-v-md-line=\"50\"><strong>Trwa\u0142o\u015b\u0107 i d\u0142uga \u017cywotno\u015b\u0107:<\/strong>\u00a0Dzi\u0119ki d\u0142u\u017cszej \u017cywotno\u015bci nie ma potrzeby cz\u0119stego kupowania nowych produkt\u00f3w.<br \/>\n<strong>Wyb\u00f3r st\u0119\u017cenia nikotyny:<\/strong>\u00a0Mo\u017cesz wybra\u0107 st\u0119\u017cenie nikotyny, kt\u00f3re Ci odpowiada.<br \/>\n<strong>Akumulator:<\/strong>\u00a0pozwala zu\u017cy\u0107 ca\u0142y zakupiony e-liquid.<br \/>\n<strong>Siatkowy rdze\u0144 rozpylaj\u0105cy:<\/strong>\u00a0Za ka\u017cdym razem zapewnia stabilny i bogaty smak.<\/p>\n<h2 data-v-md-heading=\"why-choose-agoravape\" data-v-md-line=\"55\">Dlaczego warto wybra\u0107 AgoraVape?<\/h2>\n<p data-v-md-line=\"57\">Jako jeden z najbardziej zaufanych dystrybutor\u00f3w vape w Europie, sprzedajemy wy\u0142\u0105cznie oryginalne produkty 100%. Dla naszych klient\u00f3w korporacyjnych oznacza to, \u017ce vape Bang 40000 Puffs mog\u0105 cieszy\u0107 si\u0119 obni\u017conymi cenami hurtowymi, niezawodnym wsparciem posprzeda\u017cowym i szybkimi us\u0142ugami dostawy. Skontaktuj si\u0119 z nami natychmiast i kup ten produkt. Twoi klienci naprawd\u0119 to doceni\u0105.<\/p>\n<p><script src=\"chrome-extension:\/\/fpelahbljekknahkcaegamhcndkfpfnc\/iFrame.js\" type=\"text\/javascript\"><\/script><\/p>","protected":false},"excerpt":{"rendered":"<p>&nbsp;<\/p>\n<p><script src=\"chrome-extension:\/\/fpelahbljekknahkcaegamhcndkfpfnc\/iFrame.js\" type=\"text\/javascript\"><\/script><\/p>\n<p><script src=\"chrome-extension:\/\/fpelahbljekknahkcaegamhcndkfpfnc\/iFrame.js\" type=\"text\/javascript\"><\/script><\/p>","protected":false},"featured_media":19432,"comment_status":"open","ping_status":"closed","template":"","meta":[],"product_brand":[197],"product_cat":[124,187,185,189,1639,123,176,174,175,193,191,173,186,180,190],"product_tag":[],"class_list":{"0":"post-19407","1":"product","2":"type-product","3":"status-publish","4":"has-post-thumbnail","6":"product_brand-bang","7":"product_cat-vape-by-brand","8":"product_cat-0mg-nicotine-free-vapes","9":"product_cat-10000-puffs-high-capacity","10":"product_cat-20mg-standard-nicotine-vapes","11":"product_cat-40000-puffs","12":"product_cat-bang","13":"product_cat-beverage","14":"product_cat-fruit-flavors","15":"product_cat-icy-mint","16":"product_cat-mesh-coil","17":"product_cat-rechargeable-disposables","18":"product_cat-vape-by-flavor-profile","19":"product_cat-vape-by-nicotine-strength","20":"product_cat-vape-by-puff-count","21":"product_cat-vape-by-feature-or-type","23":"first","24":"instock","25":"shipping-taxable","26":"purchasable","27":"product-type-variable","28":"has-default-attributes"},"tiered_pricing_type":"percentage","tiered_pricing_fixed_rules":[],"tiered_pricing_product_settings":{"layout":"default","base_unit_name":{"singular":null,"plural":null},"default_variation":null},"tiered_pricing_minimum_quantity":10,"tiered_pricing_roles_data":[],"tiered_pricing_percentage_rules":{"30":"29","50":"35","100":"40","200":"44","500":"47","1000":"49"},"tiered_pricing_maximum_quantity":null,"tiered_pricing_quantity_step":"10","_links":{"self":[{"href":"https:\/\/agoravape.com\/pl\/wp-json\/wp\/v2\/product\/19407","targetHints":{"allow":["GET"]}}],"collection":[{"href":"https:\/\/agoravape.com\/pl\/wp-json\/wp\/v2\/product"}],"about":[{"href":"https:\/\/agoravape.com\/pl\/wp-json\/wp\/v2\/types\/product"}],"replies":[{"embeddable":true,"href":"https:\/\/agoravape.com\/pl\/wp-json\/wp\/v2\/comments?post=19407"}],"version-history":[{"count":0,"href":"https:\/\/agoravape.com\/pl\/wp-json\/wp\/v2\/product\/19407\/revisions"}],"wp:featuredmedia":[{"embeddable":true,"href":"https:\/\/agoravape.com\/pl\/wp-json\/wp\/v2\/media\/19432"}],"wp:attachment":[{"href":"https:\/\/agoravape.com\/pl\/wp-json\/wp\/v2\/media?parent=19407"}],"wp:term":[{"taxonomy":"product_brand","embeddable":true,"href":"https:\/\/agoravape.com\/pl\/wp-json\/wp\/v2\/product_brand?post=19407"},{"taxonomy":"product_cat","embeddable":true,"href":"https:\/\/agoravape.com\/pl\/wp-json\/wp\/v2\/product_cat?post=19407"},{"taxonomy":"product_tag","embeddable":true,"href":"https:\/\/agoravape.com\/pl\/wp-json\/wp\/v2\/product_tag?post=19407"}],"curies":[{"name":"wp","href":"https:\/\/api.w.org\/{rel}","templated":true}]}}