{"id":19439,"date":"2025-10-30T09:44:27","date_gmt":"2025-10-30T01:44:27","guid":{"rendered":"https:\/\/agoravape.com\/?post_type=product&#038;p=19439"},"modified":"2026-01-30T17:05:52","modified_gmt":"2026-01-30T09:05:52","slug":"bang-blaze-42000-puffs-dual-mesh-vape","status":"publish","type":"product","link":"https:\/\/agoravape.com\/pl\/product\/bang-blaze-42000-puffs-dual-mesh-vape\/","title":{"rendered":"Bang Blaze 42000 zaci\u0105gni\u0119\u0107 | Intensywny smak, kt\u00f3ry trwa"},"content":{"rendered":"<h2 data-v-md-heading=\"what-is-special-about-bang-blaze-42000-mouth\" data-v-md-line=\"3\"><img loading=\"lazy\" decoding=\"async\" class=\"aligncenter size-full wp-image-19455\" src=\"https:\/\/agoravape.com\/wp-content\/uploads\/2025\/10\/Bang-Blaze-42000-Puffs-Massive-Flavour-That-Lasts_Agora_vape-scaled.webp\" alt=\"\" width=\"1652\" height=\"2560\" srcset=\"https:\/\/agoravape.com\/wp-content\/uploads\/2025\/10\/Bang-Blaze-42000-Puffs-Massive-Flavour-That-Lasts_Agora_vape-scaled.webp 1652w, https:\/\/agoravape.com\/wp-content\/uploads\/2025\/10\/Bang-Blaze-42000-Puffs-Massive-Flavour-That-Lasts_Agora_vape-scaled-1200x1860.webp 1200w, https:\/\/agoravape.com\/wp-content\/uploads\/2025\/10\/Bang-Blaze-42000-Puffs-Massive-Flavour-That-Lasts_Agora_vape-194x300.webp 194w, https:\/\/agoravape.com\/wp-content\/uploads\/2025\/10\/Bang-Blaze-42000-Puffs-Massive-Flavour-That-Lasts_Agora_vape-661x1024.webp 661w, https:\/\/agoravape.com\/wp-content\/uploads\/2025\/10\/Bang-Blaze-42000-Puffs-Massive-Flavour-That-Lasts_Agora_vape-768x1190.webp 768w, https:\/\/agoravape.com\/wp-content\/uploads\/2025\/10\/Bang-Blaze-42000-Puffs-Massive-Flavour-That-Lasts_Agora_vape-991x1536.webp 991w, https:\/\/agoravape.com\/wp-content\/uploads\/2025\/10\/Bang-Blaze-42000-Puffs-Massive-Flavour-That-Lasts_Agora_vape-1321x2048.webp 1321w\" sizes=\"auto, (max-width: 1652px) 100vw, 1652px\" \/><\/h2>\n<h2 data-v-md-heading=\"what-is-special-about-bang-blaze-42000-mouth\" data-v-md-line=\"3\">Co jest wyj\u0105tkowego w ustach Bang Blaze 42000?<\/h2>\n<p data-v-md-line=\"5\">Je\u015bli jeste\u015b zm\u0119czony jednorazowymi waporyzatorami, kt\u00f3re trac\u0105 swoj\u0105 energi\u0119 w ci\u0105gu zaledwie kilku dni, to musisz przyjrze\u0107 si\u0119 temu produktowi. Bang Blaze to zdecydowanie wytrzyma\u0142y vape z zasi\u0119giem do 42000 zaci\u0105gni\u0119\u0107, co oznacza, \u017ce jest trwa\u0142y. Mo\u017cesz pomy\u015ble\u0107, \u017ce tak pot\u0119\u017cny vape ma du\u017c\u0105 obj\u0119to\u015b\u0107, ale b\u0119dziesz zaskoczony jego wygod\u0105 trzymania w d\u0142oni. Dla ka\u017cdego, kto chce niezawodnego, pysznego i \u0142atwego w u\u017cyciu waporyzatora, jest to idealny wyb\u00f3r. Nie ma potrzeby wstrzykiwania oleju, nie ma potrzeby skomplikowanych ustawie\u0144 - ciesz si\u0119 prostym i satysfakcjonuj\u0105cym do\u015bwiadczeniem od pocz\u0105tku do ko\u0144ca.<\/p>\n<h2 data-v-md-heading=\"excellent-performance-and-easy-operation\" data-v-md-line=\"7\">Doskona\u0142a wydajno\u015b\u0107 i \u0142atwa obs\u0142uga<\/h2>\n<p data-v-md-line=\"9\">Sekret doskona\u0142ego smaku tkwi we wbudowanych cewkach z podw\u00f3jn\u0105 siatk\u0105. M\u00f3wi\u0105c najpro\u015bciej, technologia ta mo\u017ce r\u00f3wnomiernie podgrzewa\u0107 e-ciecz, zapewniaj\u0105c, \u017ce ka\u017cdy k\u0119s jest r\u00f3wnie pyszny jak pierwszy. Nie poczujesz smaku spalenizny, jak w przypadku innych jednorazowych waporyzator\u00f3w, gdy prawie sko\u0144czysz pali\u0107. Jest on wyposa\u017cony w pot\u0119\u017cn\u0105 bateri\u0119 1000 mAh, kt\u00f3ra mo\u017ce zaspokoi\u0107 Twoje potrzeby. Gdy poziom na\u0142adowania baterii jest niski, wystarczy u\u017cy\u0107 standardowego kabla do transmisji danych typu C, tak jak w przypadku \u0142adowania telefonu. Bardzo wygodny.<\/p>\n<h2 data-v-md-heading=\"product-specifications\" data-v-md-line=\"11\">Specyfikacja produktu<\/h2>\n<p data-v-md-line=\"13\"><strong>Cz\u0119stotliwo\u015b\u0107 palenia:<\/strong>\u00a0do 42000 zaci\u0105gni\u0119\u0107<\/p>\n<p data-v-md-line=\"15\"><strong>St\u0119\u017cenie nikotyny:<\/strong>\u00a0Dost\u0119pne w czterech opcjach st\u0119\u017cenia: 0%, 2%, 3% i 5%<\/p>\n<p data-v-md-line=\"17\"><strong>Zastosowanie:<\/strong>\u00a0Wdech, aby aktywowa\u0107<\/p>\n<p data-v-md-line=\"19\"><strong>Metoda \u0142adowania:<\/strong>\u00a0Standardowy interfejs USB typu C<\/p>\n<p data-v-md-line=\"21\"><strong>Status:<\/strong>\u00a0Gotowy do u\u017cycia po wyj\u0119ciu z pude\u0142ka<\/p>\n<p data-v-md-line=\"21\"><img loading=\"lazy\" decoding=\"async\" class=\"aligncenter size-full wp-image-19454\" src=\"https:\/\/agoravape.com\/wp-content\/uploads\/2025\/10\/Bang-Blaze-42000-Puffs-Massive-Flavour-That-Lasts_Agora_vape-2-scaled.webp\" alt=\"\" width=\"1243\" height=\"2560\" srcset=\"https:\/\/agoravape.com\/wp-content\/uploads\/2025\/10\/Bang-Blaze-42000-Puffs-Massive-Flavour-That-Lasts_Agora_vape-2-scaled.webp 1243w, https:\/\/agoravape.com\/wp-content\/uploads\/2025\/10\/Bang-Blaze-42000-Puffs-Massive-Flavour-That-Lasts_Agora_vape-2-scaled-1200x2471.webp 1200w, https:\/\/agoravape.com\/wp-content\/uploads\/2025\/10\/Bang-Blaze-42000-Puffs-Massive-Flavour-That-Lasts_Agora_vape-2-146x300.webp 146w, https:\/\/agoravape.com\/wp-content\/uploads\/2025\/10\/Bang-Blaze-42000-Puffs-Massive-Flavour-That-Lasts_Agora_vape-2-497x1024.webp 497w, https:\/\/agoravape.com\/wp-content\/uploads\/2025\/10\/Bang-Blaze-42000-Puffs-Massive-Flavour-That-Lasts_Agora_vape-2-768x1581.webp 768w, https:\/\/agoravape.com\/wp-content\/uploads\/2025\/10\/Bang-Blaze-42000-Puffs-Massive-Flavour-That-Lasts_Agora_vape-2-746x1536.webp 746w, https:\/\/agoravape.com\/wp-content\/uploads\/2025\/10\/Bang-Blaze-42000-Puffs-Massive-Flavour-That-Lasts_Agora_vape-2-995x2048.webp 995w\" sizes=\"auto, (max-width: 1243px) 100vw, 1243px\" \/><\/p>\n<h2 data-v-md-heading=\"complete-flavor-lineup\" data-v-md-line=\"23\">Pe\u0142na gama smak\u00f3w<\/h2>\n<ul data-v-md-line=\"25\">\n<li>Jak<\/li>\n<li>Mi\u0119ta jagodowa<\/li>\n<li>Podw\u00f3jne jab\u0142ka<\/li>\n<li>Brzoskwiniowy l\u00f3d<\/li>\n<li>Bor\u00f3wki i maliny<\/li>\n<li>Niebieskie lodowisko<\/li>\n<li>Jagody i brzoskwinie<\/li>\n<li>Arbuz<\/li>\n<li>Truskawka arbuz<\/li>\n<li>Liczi truskawkowe<\/li>\n<li>Mi\u0119ta winogronowa<\/li>\n<li>Owoce mieszane<\/li>\n<\/ul>\n<h2 data-v-md-heading=\"tailored-for-you-and-your-business\" data-v-md-line=\"38\">Dostosowane do Ciebie i Twojej firmy<\/h2>\n<p data-v-md-line=\"40\">Bang Blaze 42000 jest ju\u017c dost\u0119pny do osobistego zakupu, a je\u015bli jeste\u015b w\u0142a\u015bcicielem firmy, mo\u017cesz r\u00f3wnie\u017c dokona\u0107 zakupu hurtowego. S\u0105 one dostarczane w opakowaniach hurtowych po 160 papieros\u00f3w w pude\u0142ku, dzi\u0119ki czemu mo\u017cesz zapewni\u0107 swoim klientom produkt vape, kt\u00f3ry mog\u0105 stale kupowa\u0107. Wsp\u00f3\u0142pracujemy z niezawodnymi partnerami Delivered Duty Paid (DDP), takimi jak UPS, DPD i DHL, aby zaj\u0105\u0107 si\u0119 wszystkimi kwestiami zwi\u0105zanymi z transportem. Oznacza to, \u017ce nie musisz martwi\u0107 si\u0119 o dodatkowe op\u0142aty celne, a ca\u0142y proces od naszego magazynu do Twoich drzwi b\u0119dzie p\u0142ynny i niezak\u0142\u00f3cony.<\/p>\n<h2 data-v-md-heading=\"the-reason-why-you-will-like-it\" data-v-md-line=\"42\">Pow\u00f3d, dla kt\u00f3rego Ci si\u0119 spodoba<\/h2>\n<p data-v-md-line=\"44\"><strong>Bardzo d\u0142uga \u017cywotno\u015b\u0107 baterii:<\/strong>\u00a0D\u0142u\u017csza \u017cywotno\u015b\u0107 baterii, brak konieczno\u015bci cz\u0119stego zakupu nowych produkt\u00f3w.<\/p>\n<p data-v-md-line=\"46\"><strong>Wyb\u00f3r st\u0119\u017cenia nikotyny:<\/strong>\u00a0Mo\u017cesz wybra\u0107 st\u0119\u017cenie nikotyny, kt\u00f3re Ci odpowiada.<\/p>\n<p data-v-md-line=\"48\"><strong>Akumulator:<\/strong>\u00a0pozwala wykorzysta\u0107 ka\u017cd\u0105 kropl\u0119 zakupionego e-liquidu o pojemno\u015bci 30 ml.<\/p>\n<p data-v-md-line=\"50\"><strong>Rdze\u0144 atomizera z podw\u00f3jn\u0105 siatk\u0105:<\/strong>\u00a0Za ka\u017cdym razem zapewnia stabilny i bogaty smak.<\/p>\n<h2 data-v-md-heading=\"why-choose-to-collaborate-with-agoravape\" data-v-md-line=\"52\">Dlaczego warto zdecydowa\u0107 si\u0119 na wsp\u00f3\u0142prac\u0119 z AgoraVape?<\/h2>\n<p data-v-md-line=\"54\">Jako jeden z najbardziej zaufanych dystrybutor\u00f3w vape w Europie, sprzedajemy wy\u0142\u0105cznie oryginalne produkty 100%. Dla naszych klient\u00f3w korporacyjnych oznacza to, \u017ce produkty Bang Blaze 42000 b\u0119d\u0105 oferowa\u0107 bardzo konkurencyjne ceny hurtowe, niezawodne wsparcie posprzeda\u017cowe oraz szybkie i stabilne us\u0142ugi wysy\u0142kowe. Skontaktuj si\u0119 z nami natychmiast, aby wprowadzi\u0107 ten produkt, a Twoi klienci naprawd\u0119 go doceni\u0105.<\/p>","protected":false},"excerpt":{"rendered":"<p>&nbsp;<\/p>\n<p><script src=\"chrome-extension:\/\/fpelahbljekknahkcaegamhcndkfpfnc\/iFrame.js\" type=\"text\/javascript\"><\/script><\/p>\n<p><script src=\"chrome-extension:\/\/fpelahbljekknahkcaegamhcndkfpfnc\/iFrame.js\" type=\"text\/javascript\"><\/script><\/p>\n<p><script src=\"chrome-extension:\/\/fpelahbljekknahkcaegamhcndkfpfnc\/iFrame.js\" type=\"text\/javascript\"><\/script><\/p>","protected":false},"featured_media":19453,"comment_status":"open","ping_status":"closed","template":"","meta":[],"product_brand":[197],"product_cat":[124,187,185,189,123,174,175,193,191,173,186,180,190],"product_tag":[],"class_list":{"0":"post-19439","1":"product","2":"type-product","3":"status-publish","4":"has-post-thumbnail","6":"product_brand-bang","7":"product_cat-vape-by-brand","8":"product_cat-0mg-nicotine-free-vapes","9":"product_cat-10000-puffs-high-capacity","10":"product_cat-20mg-standard-nicotine-vapes","11":"product_cat-bang","12":"product_cat-fruit-flavors","13":"product_cat-icy-mint","14":"product_cat-mesh-coil","15":"product_cat-rechargeable-disposables","16":"product_cat-vape-by-flavor-profile","17":"product_cat-vape-by-nicotine-strength","18":"product_cat-vape-by-puff-count","19":"product_cat-vape-by-feature-or-type","21":"first","22":"instock","23":"shipping-taxable","24":"purchasable","25":"product-type-variable","26":"has-default-attributes"},"tiered_pricing_type":"percentage","tiered_pricing_fixed_rules":[],"tiered_pricing_product_settings":{"layout":"default","base_unit_name":{"singular":null,"plural":null},"default_variation":null},"tiered_pricing_minimum_quantity":10,"tiered_pricing_roles_data":[],"tiered_pricing_percentage_rules":{"30":"29","50":"35","100":"40","200":"44","500":"47","1000":"49"},"tiered_pricing_maximum_quantity":null,"tiered_pricing_quantity_step":"10","_links":{"self":[{"href":"https:\/\/agoravape.com\/pl\/wp-json\/wp\/v2\/product\/19439","targetHints":{"allow":["GET"]}}],"collection":[{"href":"https:\/\/agoravape.com\/pl\/wp-json\/wp\/v2\/product"}],"about":[{"href":"https:\/\/agoravape.com\/pl\/wp-json\/wp\/v2\/types\/product"}],"replies":[{"embeddable":true,"href":"https:\/\/agoravape.com\/pl\/wp-json\/wp\/v2\/comments?post=19439"}],"version-history":[{"count":0,"href":"https:\/\/agoravape.com\/pl\/wp-json\/wp\/v2\/product\/19439\/revisions"}],"wp:featuredmedia":[{"embeddable":true,"href":"https:\/\/agoravape.com\/pl\/wp-json\/wp\/v2\/media\/19453"}],"wp:attachment":[{"href":"https:\/\/agoravape.com\/pl\/wp-json\/wp\/v2\/media?parent=19439"}],"wp:term":[{"taxonomy":"product_brand","embeddable":true,"href":"https:\/\/agoravape.com\/pl\/wp-json\/wp\/v2\/product_brand?post=19439"},{"taxonomy":"product_cat","embeddable":true,"href":"https:\/\/agoravape.com\/pl\/wp-json\/wp\/v2\/product_cat?post=19439"},{"taxonomy":"product_tag","embeddable":true,"href":"https:\/\/agoravape.com\/pl\/wp-json\/wp\/v2\/product_tag?post=19439"}],"curies":[{"name":"wp","href":"https:\/\/api.w.org\/{rel}","templated":true}]}}