{"id":19485,"date":"2025-10-30T10:34:52","date_gmt":"2025-10-30T02:34:52","guid":{"rendered":"https:\/\/agoravape.com\/?post_type=product&#038;p=19485"},"modified":"2026-01-13T01:03:16","modified_gmt":"2026-01-12T17:03:16","slug":"bang-blaze-bk40s-40000-puffow-podwojny-smak","status":"publish","type":"product","link":"https:\/\/agoravape.com\/pl\/product\/bang-blaze-bk40s-40000-puffs-dual-flavor\/","title":{"rendered":"Bang Blaze BK40S 40000 zaci\u0105gni\u0119\u0107 | Dwa smaki w jednym, zero k\u0142opot\u00f3w"},"content":{"rendered":"<h2 data-v-md-heading=\"what-is-the-special-feature-of-bang-blaze-bk40s-40000-dual-flavored-vape\" data-v-md-line=\"3\"><img loading=\"lazy\" decoding=\"async\" class=\"size-full wp-image-19499 alignright\" src=\"https:\/\/agoravape.com\/wp-content\/uploads\/2025\/10\/Bang-Blaze-BK40S-40000-Puffs-Two-Flavours-in-One-Zero-Hassle_Agora_vape-1-scaled.webp\" alt=\"\" width=\"828\" height=\"2560\" srcset=\"https:\/\/agoravape.com\/wp-content\/uploads\/2025\/10\/Bang-Blaze-BK40S-40000-Puffs-Two-Flavours-in-One-Zero-Hassle_Agora_vape-1-scaled.webp 828w, https:\/\/agoravape.com\/wp-content\/uploads\/2025\/10\/Bang-Blaze-BK40S-40000-Puffs-Two-Flavours-in-One-Zero-Hassle_Agora_vape-1-97x300.webp 97w, https:\/\/agoravape.com\/wp-content\/uploads\/2025\/10\/Bang-Blaze-BK40S-40000-Puffs-Two-Flavours-in-One-Zero-Hassle_Agora_vape-1-331x1024.webp 331w, https:\/\/agoravape.com\/wp-content\/uploads\/2025\/10\/Bang-Blaze-BK40S-40000-Puffs-Two-Flavours-in-One-Zero-Hassle_Agora_vape-1-497x1536.webp 497w, https:\/\/agoravape.com\/wp-content\/uploads\/2025\/10\/Bang-Blaze-BK40S-40000-Puffs-Two-Flavours-in-One-Zero-Hassle_Agora_vape-1-662x2048.webp 662w, https:\/\/agoravape.com\/wp-content\/uploads\/2025\/10\/Bang-Blaze-BK40S-40000-Puffs-Two-Flavours-in-One-Zero-Hassle_Agora_vape-1-1200x3712.webp 1200w\" sizes=\"auto, (max-width: 828px) 100vw, 828px\" \/><\/h2>\n<h2 data-v-md-heading=\"what-is-the-special-feature-of-bang-blaze-bk40s-40000-dual-flavored-vape\" data-v-md-line=\"3\">Czym wyr\u00f3\u017cnia si\u0119 vape o podw\u00f3jnym smaku Bang Blaze BK40S 40000?<\/h2>\n<p data-v-md-line=\"5\">Dobra, porozmawiajmy o nudzie. Kupi\u0142e\u015b jednorazowego vape'a o du\u017cej pojemno\u015bci, maj\u0105c nadziej\u0119, \u017ce pos\u0142u\u017cy ci przez d\u0142ugi czas, ale po kilku dniach znudzi ci si\u0119 ten sam smak. W tym momencie z pomoc\u0105 przychodzi Bang Blaze BK40S. To urz\u0105dzenie podwa\u017ca tradycyjne do\u015bwiadczenie vape, \u0142\u0105cz\u0105c dwa zupe\u0142nie r\u00f3\u017cne i wykwintne smaki w jednym vape. Chcesz zmieni\u0107 smak? Wystarczy lekko nacisn\u0105\u0107 prze\u0142\u0105cznik.<\/p>\n<p data-v-md-line=\"7\">Dla tych, kt\u00f3rzy lubi\u0105 r\u00f3\u017cnorodne smaki, ale nie chc\u0105 nosi\u0107 ze sob\u0105 dw\u00f3ch urz\u0105dze\u0144, jest to idealny wyb\u00f3r. Je\u015bli po prostu chcesz niezawodnego, pysznego i \u015bwie\u017cego vape, to ten produkt jest zdecydowanie wart uwagi. Waporyzator zosta\u0142 zaprojektowany z my\u015bl\u0105 o trwa\u0142o\u015bci i mo\u017ce zapewni\u0107 do 40000 zaci\u0105gni\u0119\u0107.<\/p>\n<h2 data-v-md-heading=\"excellent-performance-and-easy-operation\" data-v-md-line=\"9\">Doskona\u0142a wydajno\u015b\u0107 i \u0142atwa obs\u0142uga<\/h2>\n<p data-v-md-line=\"11\">Mo\u017cna by pomy\u015ble\u0107, \u017ce waporyzator z tak wieloma portami do palenia i dwoma smakami b\u0119dzie skomplikowany, ale w rzeczywisto\u015bci jest bardzo prosty. Tajemnica tkwi w konstrukcji cewki z podw\u00f3jn\u0105 siatk\u0105. Oznacza to, \u017ce niezale\u017cnie od wybranego smaku, ka\u017cdy k\u0119s jest r\u00f3wnie pyszny jak pierwszy - smak jest sp\u00f3jny, \u0142agodny i g\u0142adki, a\u017c do ostatniego k\u0119sa.<\/p>\n<p data-v-md-line=\"13\">Nawet je\u015bli bateria jest roz\u0142adowana, nie ma powodu do obaw. Do \u0142adowania wystarczy u\u017cy\u0107 standardowego kabla do transmisji danych typu C, podobnie jak do \u0142adowania telefonu. Oznacza to, \u017ce mo\u017cesz w pe\u0142ni wykorzysta\u0107 40 ml zakupionego e-liquidu bez pozostawiania ani jednej kropli. Wszystko po to, aby u\u0142atwi\u0107 Ci \u017cycie.<\/p>\n<h2 data-v-md-heading=\"quick-specifications\" data-v-md-line=\"15\">Szybkie specyfikacje<\/h2>\n<p data-v-md-line=\"17\"><strong>Cz\u0119stotliwo\u015b\u0107 palenia:<\/strong>\u00a0do 40000 zaci\u0105gni\u0119\u0107<\/p>\n<p data-v-md-line=\"19\"><strong>St\u0119\u017cenie nikotyny:<\/strong>\u00a0Dost\u0119pny w trzech st\u0119\u017ceniach: 2%, 3% i 5%<\/p>\n<p data-v-md-line=\"21\"><strong>Zastosowanie:<\/strong>\u00a0Aktywacja inhalacyjna i mo\u017ce by\u0107 prze\u0142\u0105czana za pomoc\u0105 prostego prze\u0142\u0105cznika smaku<\/p>\n<p data-v-md-line=\"23\"><strong>Metoda \u0142adowania:<\/strong>\u00a0Standardowy interfejs USB typu C<\/p>\n<p data-v-md-line=\"25\"><strong>Status:<\/strong>\u00a0Gotowy do u\u017cycia po wyj\u0119ciu z pude\u0142ka<\/p>\n<h2 data-v-md-heading=\"complete-flavor-lineup\" data-v-md-line=\"27\">Pe\u0142na gama smak\u00f3w<\/h2>\n<p data-v-md-line=\"29\">Ekscytacja le\u017cy tutaj. Ka\u017cde urz\u0105dzenie jest fabrycznie wyposa\u017cone w dwa idealnie dopasowane smaki.<\/p>\n<ul data-v-md-line=\"31\">\n<li>Smak arbuzowy\/Truskawkowy smak arbuzowy<\/li>\n<li>Smak jagodowy z lodem\/smak jagodowo-malinowy<\/li>\n<li>Smak lodowy mango\/smak truskawkowy mango<\/li>\n<li>Smak arbuzowy\/smak gumy balonowej z arbuzem<\/li>\n<li>Smak ananasowy z lodem\/smak ananasowo-kokosowy<\/li>\n<li>Smak mieszanych owoc\u00f3w \/ smak trzech jag\u00f3d<\/li>\n<li>Brzoskwiniowy smak lodu\/ Brzoskwiniowy smak mango<\/li>\n<li>Smak wi\u015bniowy\/smak wi\u015bniowej coli<\/li>\n<li>Smak winogronowy \/ jagodowy smak winogronowy<\/li>\n<li>Smak mi\u0119towy \/ smak jagodowo-mi\u0119towy<\/li>\n<li>Smak Black Dragon Ice\/Smak Red Bull<\/li>\n<li>Truskawkowy smak lodu\/truskawkowy smak dziwnych owoc\u00f3w<\/li>\n<\/ul>\n<h2 data-v-md-heading=\"tailored-for-you-and-your-business\" data-v-md-line=\"44\">Dostosowane do Ciebie i Twojej firmy<\/h2>\n<p data-v-md-line=\"46\">Bang Blaze BK40S jest teraz dost\u0119pny do zakupu pojedynczych butelek, a je\u015bli jeste\u015b w\u0142a\u015bcicielem firmy, mo\u017cesz r\u00f3wnie\u017c dokona\u0107 zakupu hurtowego. Oferujemy hurtowe opakowania po 200 butelek na karton, dzi\u0119ki czemu mo\u017cesz wygodnie dostarcza\u0107 klientom naprawd\u0119 wyj\u0105tkowe produkty.<\/p>\n<p data-v-md-line=\"48\">Wsp\u00f3\u0142pracujemy z zaufanymi partnerami Delivered Duty Paid (DDP), takimi jak UPS, DPD i DHL, aby transportowa\u0107 produkty do r\u00f3\u017cnych lokalizacji w Europie. Oznacza to, \u017ce mo\u017cesz szybko otrzymywa\u0107 zam\u00f3wienia, \u015bledzi\u0107 informacje logistyczne w trakcie ca\u0142ego procesu i nie martwi\u0107 si\u0119 o dodatkowe op\u0142aty celne. Wszystko jest proste i przejrzyste, podobnie jak sprzedawane przez nas produkty.<\/p>\n<h2 data-v-md-heading=\"reasons-why-you-will-like-it\" data-v-md-line=\"50\">Powody, dla kt\u00f3rych Ci si\u0119 spodoba<\/h2>\n<p data-v-md-line=\"52\"><strong>Bardzo d\u0142uga \u017cywotno\u015b\u0107 baterii:<\/strong>\u00a0Trwa\u0142a i d\u0142ugowieczna, nie wymaga cz\u0119stych zakup\u00f3w.<\/p>\n<p data-v-md-line=\"54\"><strong>Podw\u00f3jne smaki:<\/strong>\u00a0pozwala zmienia\u0107 smaki w dowolnym momencie, \u017cegnaj\u0105c si\u0119 z monotoni\u0105.<\/p>\n<p data-v-md-line=\"56\"><strong>Akumulator:<\/strong>\u00a0Akumulator o pojemno\u015bci 650 mAh pozwala w pe\u0142ni cieszy\u0107 si\u0119 e-liquidem.<\/p>\n<p data-v-md-line=\"58\"><strong>Rdze\u0144 atomizera z podw\u00f3jn\u0105 siatk\u0105:<\/strong>\u00a0Za ka\u017cdym razem zapewnia stabilny i bogaty smak.<\/p>\n<h2 data-v-md-heading=\"why-choose-agoravape\" data-v-md-line=\"60\">Dlaczego warto wybra\u0107 AgoraVape?<\/h2>\n<p data-v-md-line=\"62\">Jako jeden z najbardziej zaufanych dystrybutor\u00f3w vape w Europie, sprzedajemy tylko oryginalne produkty 100%. Dla naszych klient\u00f3w korporacyjnych oznacza to, \u017ce Bang Blaze BK40S oferuje obni\u017cone ceny hurtowe, kompleksowe wsparcie techniczne oraz szybk\u0105 i niezawodn\u0105 dostaw\u0119. Skontaktuj si\u0119 z nami, aby Twoi klienci naprawd\u0119 docenili oferowane przez Ciebie produkty.<\/p>","protected":false},"excerpt":{"rendered":"<p>&nbsp;<\/p>\n<p><script src=\"chrome-extension:\/\/fpelahbljekknahkcaegamhcndkfpfnc\/iFrame.js\" type=\"text\/javascript\"><\/script><\/p>\n<p><script src=\"chrome-extension:\/\/fpelahbljekknahkcaegamhcndkfpfnc\/iFrame.js\" type=\"text\/javascript\"><\/script><\/p>\n<p><script src=\"chrome-extension:\/\/fpelahbljekknahkcaegamhcndkfpfnc\/iFrame.js\" type=\"text\/javascript\"><\/script><\/p>","protected":false},"featured_media":19509,"comment_status":"open","ping_status":"closed","template":"","meta":[],"product_brand":[197],"product_cat":[124,187,185,189,1639,123,176,195,174,175,193,191,173,186,180,190],"product_tag":[],"class_list":{"0":"post-19485","1":"product","2":"type-product","3":"status-publish","4":"has-post-thumbnail","6":"product_brand-bang","7":"product_cat-vape-by-brand","8":"product_cat-0mg-nicotine-free-vapes","9":"product_cat-10000-puffs-high-capacity","10":"product_cat-20mg-standard-nicotine-vapes","11":"product_cat-40000-puffs","12":"product_cat-bang","13":"product_cat-beverage","14":"product_cat-dual-flavor-switch","15":"product_cat-fruit-flavors","16":"product_cat-icy-mint","17":"product_cat-mesh-coil","18":"product_cat-rechargeable-disposables","19":"product_cat-vape-by-flavor-profile","20":"product_cat-vape-by-nicotine-strength","21":"product_cat-vape-by-puff-count","22":"product_cat-vape-by-feature-or-type","24":"first","25":"instock","26":"shipping-taxable","27":"purchasable","28":"product-type-variable","29":"has-default-attributes"},"tiered_pricing_type":"percentage","tiered_pricing_fixed_rules":[],"tiered_pricing_product_settings":{"layout":"default","base_unit_name":{"singular":null,"plural":null},"default_variation":null},"tiered_pricing_minimum_quantity":10,"tiered_pricing_roles_data":[],"tiered_pricing_percentage_rules":{"30":"29","50":"35","100":"40","200":"44","500":"47","1000":"49"},"tiered_pricing_maximum_quantity":null,"tiered_pricing_quantity_step":"10","_links":{"self":[{"href":"https:\/\/agoravape.com\/pl\/wp-json\/wp\/v2\/product\/19485","targetHints":{"allow":["GET"]}}],"collection":[{"href":"https:\/\/agoravape.com\/pl\/wp-json\/wp\/v2\/product"}],"about":[{"href":"https:\/\/agoravape.com\/pl\/wp-json\/wp\/v2\/types\/product"}],"replies":[{"embeddable":true,"href":"https:\/\/agoravape.com\/pl\/wp-json\/wp\/v2\/comments?post=19485"}],"version-history":[{"count":0,"href":"https:\/\/agoravape.com\/pl\/wp-json\/wp\/v2\/product\/19485\/revisions"}],"wp:featuredmedia":[{"embeddable":true,"href":"https:\/\/agoravape.com\/pl\/wp-json\/wp\/v2\/media\/19509"}],"wp:attachment":[{"href":"https:\/\/agoravape.com\/pl\/wp-json\/wp\/v2\/media?parent=19485"}],"wp:term":[{"taxonomy":"product_brand","embeddable":true,"href":"https:\/\/agoravape.com\/pl\/wp-json\/wp\/v2\/product_brand?post=19485"},{"taxonomy":"product_cat","embeddable":true,"href":"https:\/\/agoravape.com\/pl\/wp-json\/wp\/v2\/product_cat?post=19485"},{"taxonomy":"product_tag","embeddable":true,"href":"https:\/\/agoravape.com\/pl\/wp-json\/wp\/v2\/product_tag?post=19485"}],"curies":[{"name":"wp","href":"https:\/\/api.w.org\/{rel}","templated":true}]}}