{"id":19539,"date":"2025-10-30T11:23:46","date_gmt":"2025-10-30T03:23:46","guid":{"rendered":"https:\/\/agoravape.com\/?post_type=product&#038;p=19539"},"modified":"2026-01-30T17:04:35","modified_gmt":"2026-01-30T09:04:35","slug":"bang-blaze-60000-puffow-smak-vape","status":"publish","type":"product","link":"https:\/\/agoravape.com\/pl\/product\/bang-blaze-60000-puffs-flavor-vape\/","title":{"rendered":"Bang Blaze 60000 zaci\u0105gni\u0119\u0107 | Cztery smaki w jednym prostym urz\u0105dzeniu"},"content":{"rendered":"<h2 data-v-md-heading=\"what-s-special-about-bang-blaze-60000\" data-v-md-line=\"3\"><img loading=\"lazy\" decoding=\"async\" class=\"aligncenter size-full wp-image-19556\" src=\"https:\/\/agoravape.com\/wp-content\/uploads\/2025\/10\/Bang-Blaze-60000-Puffs-Four-Flavours-in-One-Simple-Device_Agora_vape-4-scaled.webp\" alt=\"\" width=\"2560\" height=\"1280\" srcset=\"https:\/\/agoravape.com\/wp-content\/uploads\/2025\/10\/Bang-Blaze-60000-Puffs-Four-Flavours-in-One-Simple-Device_Agora_vape-4-scaled.webp 2560w, https:\/\/agoravape.com\/wp-content\/uploads\/2025\/10\/Bang-Blaze-60000-Puffs-Four-Flavours-in-One-Simple-Device_Agora_vape-4-scaled-1200x600.webp 1200w, https:\/\/agoravape.com\/wp-content\/uploads\/2025\/10\/Bang-Blaze-60000-Puffs-Four-Flavours-in-One-Simple-Device_Agora_vape-4-300x150.webp 300w, https:\/\/agoravape.com\/wp-content\/uploads\/2025\/10\/Bang-Blaze-60000-Puffs-Four-Flavours-in-One-Simple-Device_Agora_vape-4-1024x512.webp 1024w, https:\/\/agoravape.com\/wp-content\/uploads\/2025\/10\/Bang-Blaze-60000-Puffs-Four-Flavours-in-One-Simple-Device_Agora_vape-4-768x384.webp 768w, https:\/\/agoravape.com\/wp-content\/uploads\/2025\/10\/Bang-Blaze-60000-Puffs-Four-Flavours-in-One-Simple-Device_Agora_vape-4-1536x768.webp 1536w, https:\/\/agoravape.com\/wp-content\/uploads\/2025\/10\/Bang-Blaze-60000-Puffs-Four-Flavours-in-One-Simple-Device_Agora_vape-4-2048x1024.webp 2048w\" sizes=\"auto, (max-width: 2560px) 100vw, 2560px\" \/><\/h2>\n<h2 data-v-md-heading=\"what-s-special-about-bang-blaze-60000\" data-v-md-line=\"3\">Co jest wyj\u0105tkowego w Bang Blaze 60000?<\/h2>\n<p data-v-md-line=\"5\">Szczerze m\u00f3wi\u0105c, to naturalne, \u017ce ludzie znudz\u0105 si\u0119 waporyzatorami o jednym smaku. W tym tygodniu nadal mo\u017ce ci si\u0119 podoba\u0107, ale w przysz\u0142ym tygodniu chcesz zmieni\u0107 sw\u00f3j gust. Bang Blaze 60000 dobrze o tym wie. To sprytne urz\u0105dzenie integruje cztery r\u00f3\u017cne smaki wk\u0142ad\u00f3w papierosowych w jednym, kt\u00f3re mo\u017cna prze\u0142\u0105cza\u0107 za pomoc\u0105 delikatnego przekr\u0119cenia, pozwalaj\u0105c cieszy\u0107 si\u0119 \u015bwie\u017co\u015bci\u0105 w dowolnym miejscu i czasie.<\/p>\n<p data-v-md-line=\"7\">Zwykle trzeba mie\u0107 przy sobie cztery r\u00f3\u017cne waporyzatory, aby do\u015bwiadczy\u0107 tak bogatej r\u00f3\u017cnorodno\u015bci smak\u00f3w, ale Bang Blaze \u0142\u0105czy wszystkie funkcje w jednym. Dla os\u00f3b, kt\u00f3re lubi\u0105 pr\u00f3bowa\u0107 r\u00f3\u017cnych smak\u00f3w, ale nie chc\u0105 nosi\u0107 ze sob\u0105 du\u017cej ilo\u015bci sprz\u0119tu lub tych, kt\u00f3rzy maj\u0105 trudno\u015bci z podj\u0119ciem decyzji, jest to idealny wyb\u00f3r. To urz\u0105dzenie ma \u017cywotno\u015b\u0107 baterii do 60000 port\u00f3w i jest trwa\u0142e.<\/p>\n<h2 data-v-md-heading=\"excellent-performance-and-easy-operation\" data-v-md-line=\"9\">Doskona\u0142a wydajno\u015b\u0107 i \u0142atwa obs\u0142uga<\/h2>\n<p data-v-md-line=\"11\">Posiada wbudowan\u0105 cewk\u0119 siatkow\u0105 1,0 \u03a9, co oznacza, \u017ce ka\u017cdy k\u0119s jest r\u00f3wnie pyszny jak pierwszy. Smak jest sp\u00f3jny, pe\u0142ny i bogaty, i nigdy nie b\u0119dzie rozczarowuj\u0105cego smaku spalenizny, jak w przypadku innych waporyzator\u00f3w.<\/p>\n<p data-v-md-line=\"13\">Jest wyposa\u017cony w bateri\u0119 o pojemno\u015bci do 650 mAh, zapewniaj\u0105c\u0105 d\u0142ugotrwa\u0142\u0105 wytrzyma\u0142o\u015b\u0107. Gdy bateria jest roz\u0142adowana, wystarczy u\u017cy\u0107 standardowego kabla do transmisji danych typu C, aby j\u0105 na\u0142adowa\u0107 - tak jak w przypadku \u0142adowania telefonu. Prosty i wygodny.<\/p>\n<h2 data-v-md-heading=\"quick-specifications\" data-v-md-line=\"15\">Szybkie specyfikacje<\/h2>\n<p data-v-md-line=\"17\"><strong>Cz\u0119stotliwo\u015b\u0107 palenia:<\/strong>\u00a0do 60000 zaci\u0105gni\u0119\u0107<\/p>\n<p data-v-md-line=\"19\"><strong>St\u0119\u017cenie nikotyny:<\/strong>\u00a0Dost\u0119pne w czterech opcjach st\u0119\u017cenia: 0%, 2%, 3% i 5%<\/p>\n<p data-v-md-line=\"21\"><strong>Zastosowanie:<\/strong>\u00a0Wdech, aby aktywowa\u0107<\/p>\n<p data-v-md-line=\"23\"><strong>Metoda \u0142adowania:<\/strong>\u00a0Standardowy interfejs USB typu C<\/p>\n<p data-v-md-line=\"25\"><strong>Status:<\/strong>\u00a0Gotowy do u\u017cycia po wyj\u0119ciu z pude\u0142ka<\/p>\n<h2 data-v-md-heading=\"rich-flavor-options\" data-v-md-line=\"27\">Bogate opcje smakowe<\/h2>\n<p data-v-md-line=\"29\">Ka\u017cde urz\u0105dzenie jest fabrycznie wyposa\u017cone w cztery uzupe\u0142niaj\u0105ce si\u0119 kombinacje smakowe. Wystarczy wybra\u0107 kombinacj\u0119, kt\u00f3r\u0105 chcesz zacz\u0105\u0107 u\u017cywa\u0107.<\/p>\n<p data-v-md-line=\"31\"><strong>Grupa 1:<\/strong>\u00a0Watermelon Ice\/Blueberry Mint\/Fuji Ice\/Lemon Romance<br \/>\n<strong>Grupa 2:<\/strong>\u00a0Arbuzowy l\u00f3d\/Jagodowo-wi\u015bniowy\/Letni czas\/Kwa\u015bny mango-ananas<br \/>\n<strong>Grupa 3:<\/strong>\u00a0Blueberry Ice\/Peach Ice\/Rainbow Candy\/Lemon Lime<br \/>\n<strong>Grupa 4:<\/strong>\u00a0L\u00f3d jagodowy\/Brzoskwinia, mango, arbuz\/Nami\u0119tny poca\u0142unek\/Jab\u0142ko miodowe<br \/>\n<strong>Grupa 5:<\/strong>\u00a0Bor\u00f3wki, maliny, mieszane jagody, wi\u015bnie kalifornijskie, mango z marakuj\u0105<br \/>\n<strong>Grupa 6:<\/strong>\u00a0Jagody, maliny, lody winogronowe, lody jagodowe, aloes, mango, melon miodowy<br \/>\n<strong>Grupa 7:<\/strong>\u00a0Napoje energetyczne\/truskawki, banany, mango, brzoskwinie, morele, marakuja, kiwi, limonka<br \/>\n<strong>Grupa 8:<\/strong>\u00a0Napoje energetyczne \/ jagody i arbuzy \/ kwa\u015bne jab\u0142ka i maliny \/ \u017celki<br \/>\n<strong>Grupa 9:<\/strong>\u00a0Strawberry Mango\/Watermelon Bubble Gum\/Red Mojito\/Love 66<br \/>\n<strong>Grupa 10:<\/strong>\u00a0Truskawka-mango\/Truskawka-kiwi\/Jab\u0142ko-winogrono\/Arbuz-smoczy owoc<br \/>\n<strong>Grupa 11:<\/strong>\u00a0Truskawkowy arbuz\/Czarny smok\/woda\/potr\u00f3jnie miodowy melon\/\u017curawinowe winogrono<br \/>\n<strong>Grupa 12:<\/strong>\u00a0Truskawka Arbuz\/Kiwi Marakuja Guawa\/Mango L\u00f3d\/Amelon Kwa\u015bna Brzoskwinia<\/p>\n<h2 data-v-md-heading=\"tailored-for-you-and-your-business\" data-v-md-line=\"44\">Dostosowane do Ciebie i Twojej firmy<\/h2>\n<p data-v-md-line=\"46\">Bang Blaze 60000 jest ju\u017c dost\u0119pny do zakupu pojedynczych butelek, a je\u015bli jeste\u015b w\u0142a\u015bcicielem firmy, mo\u017cesz r\u00f3wnie\u017c dokona\u0107 zakupu hurtowego. Oferujemy hurtowe opakowania po 100 lub 200 butelek, co u\u0142atwia zaopatrzenie i zapewnia, \u017ce p\u00f3\u0142ki s\u0105 zawsze wype\u0142nione produktami, kt\u00f3re klienci naprawd\u0119 kochaj\u0105.<\/p>\n<p data-v-md-line=\"48\">Wsp\u00f3\u0142pracujemy z niezawodnymi partnerami Delivered Duty Paid (DDP), takimi jak UPS, DPD i DHL, aby obs\u0142ugiwa\u0107 wszystkie kwestie zwi\u0105zane z transportem. Oznacza to, \u017ce cena, kt\u00f3r\u0105 widzisz, jest ostateczn\u0105 cen\u0105, kt\u00f3r\u0105 p\u0142acisz, bez martwienia si\u0119 o op\u0142aty celne lub op\u00f3\u017anienia.<\/p>\n<h2 data-v-md-heading=\"reasons-why-you-will-like-it\" data-v-md-line=\"50\">Powody, dla kt\u00f3rych Ci si\u0119 spodoba<\/h2>\n<p data-v-md-line=\"52\"><strong>Cztery smaki w jednym:<\/strong>\u00a0Smaki mo\u017cna zmienia\u0107 w dowolnym momencie bez zmiany urz\u0105dzenia.<\/p>\n<p data-v-md-line=\"54\"><strong>Trwa\u0142o\u015b\u0107:<\/strong>\u00a0Trwa\u0142o\u015b\u0107, brak konieczno\u015bci cz\u0119stego zakupu nowych wk\u0142ad\u00f3w.<\/p>\n<p data-v-md-line=\"56\"><strong>Wyb\u00f3r st\u0119\u017cenia nikotyny:<\/strong>\u00a0Mo\u017cesz wybra\u0107 st\u0119\u017cenie nikotyny, kt\u00f3re Ci odpowiada.<\/p>\n<p data-v-md-line=\"58\"><strong>Akumulator:<\/strong>\u00a0Oznacza to, \u017ce mo\u017cesz w pe\u0142ni wykorzysta\u0107 ka\u017cd\u0105 kropl\u0119 zakupionego e-cieczy.<\/p>\n<p data-v-md-line=\"60\"><strong>Siatkowy rdze\u0144 rozpylaj\u0105cy:<\/strong>\u00a0Za ka\u017cdym razem zapewnia stabilny i bogaty smak.<\/p>\n<h2 data-v-md-heading=\"why-choose-to-collaborate-with-agoravape\" data-v-md-line=\"62\">Dlaczego warto zdecydowa\u0107 si\u0119 na wsp\u00f3\u0142prac\u0119 z AgoraVape?<\/h2>\n<p data-v-md-line=\"64\">Jako jeden z najbardziej zaufanych dystrybutor\u00f3w vape w Europie, sprzedajemy wy\u0142\u0105cznie oryginalne produkty 100%. Dla naszych klient\u00f3w korporacyjnych oznacza to zni\u017cki cen hurtowych Bang Blaze 60000, kompleksowe wsparcie techniczne oraz szybk\u0105 i niezawodn\u0105 dostaw\u0119. Skontaktuj si\u0119 z nami, aby otrzyma\u0107 produkt, kt\u00f3ry Twoi klienci z pewno\u015bci\u0105 doceni\u0105.<\/p>\n<p><script src=\"chrome-extension:\/\/fpelahbljekknahkcaegamhcndkfpfnc\/iFrame.js\" type=\"text\/javascript\"><\/script><\/p>","protected":false},"excerpt":{"rendered":"<p>&nbsp;<\/p>\n<p><script src=\"chrome-extension:\/\/fpelahbljekknahkcaegamhcndkfpfnc\/iFrame.js\" type=\"text\/javascript\"><\/script><\/p>\n<p><script src=\"chrome-extension:\/\/fpelahbljekknahkcaegamhcndkfpfnc\/iFrame.js\" type=\"text\/javascript\"><\/script><\/p>\n<p><script src=\"chrome-extension:\/\/fpelahbljekknahkcaegamhcndkfpfnc\/iFrame.js\" type=\"text\/javascript\"><\/script><\/p>","protected":false},"featured_media":19563,"comment_status":"open","ping_status":"closed","template":"","meta":[],"product_brand":[197],"product_cat":[124,187,185,189,1642,123,176,177,195,174,175,193,191,173,186,180,190],"product_tag":[],"class_list":{"0":"post-19539","1":"product","2":"type-product","3":"status-publish","4":"has-post-thumbnail","6":"product_brand-bang","7":"product_cat-vape-by-brand","8":"product_cat-0mg-nicotine-free-vapes","9":"product_cat-10000-puffs-high-capacity","10":"product_cat-20mg-standard-nicotine-vapes","11":"product_cat-60000-puffs","12":"product_cat-bang","13":"product_cat-beverage","14":"product_cat-dessert-sweets","15":"product_cat-dual-flavor-switch","16":"product_cat-fruit-flavors","17":"product_cat-icy-mint","18":"product_cat-mesh-coil","19":"product_cat-rechargeable-disposables","20":"product_cat-vape-by-flavor-profile","21":"product_cat-vape-by-nicotine-strength","22":"product_cat-vape-by-puff-count","23":"product_cat-vape-by-feature-or-type","25":"first","26":"instock","27":"shipping-taxable","28":"purchasable","29":"product-type-variable","30":"has-default-attributes"},"tiered_pricing_type":"percentage","tiered_pricing_fixed_rules":[],"tiered_pricing_product_settings":{"layout":"default","base_unit_name":{"singular":null,"plural":null},"default_variation":null},"tiered_pricing_minimum_quantity":10,"tiered_pricing_roles_data":[],"tiered_pricing_percentage_rules":{"30":"29","50":"35","100":"40","200":"44","500":"47","1000":"49"},"tiered_pricing_maximum_quantity":null,"tiered_pricing_quantity_step":"10","_links":{"self":[{"href":"https:\/\/agoravape.com\/pl\/wp-json\/wp\/v2\/product\/19539","targetHints":{"allow":["GET"]}}],"collection":[{"href":"https:\/\/agoravape.com\/pl\/wp-json\/wp\/v2\/product"}],"about":[{"href":"https:\/\/agoravape.com\/pl\/wp-json\/wp\/v2\/types\/product"}],"replies":[{"embeddable":true,"href":"https:\/\/agoravape.com\/pl\/wp-json\/wp\/v2\/comments?post=19539"}],"version-history":[{"count":0,"href":"https:\/\/agoravape.com\/pl\/wp-json\/wp\/v2\/product\/19539\/revisions"}],"wp:featuredmedia":[{"embeddable":true,"href":"https:\/\/agoravape.com\/pl\/wp-json\/wp\/v2\/media\/19563"}],"wp:attachment":[{"href":"https:\/\/agoravape.com\/pl\/wp-json\/wp\/v2\/media?parent=19539"}],"wp:term":[{"taxonomy":"product_brand","embeddable":true,"href":"https:\/\/agoravape.com\/pl\/wp-json\/wp\/v2\/product_brand?post=19539"},{"taxonomy":"product_cat","embeddable":true,"href":"https:\/\/agoravape.com\/pl\/wp-json\/wp\/v2\/product_cat?post=19539"},{"taxonomy":"product_tag","embeddable":true,"href":"https:\/\/agoravape.com\/pl\/wp-json\/wp\/v2\/product_tag?post=19539"}],"curies":[{"name":"wp","href":"https:\/\/api.w.org\/{rel}","templated":true}]}}