{"id":19622,"date":"2025-10-30T13:03:50","date_gmt":"2025-10-30T05:03:50","guid":{"rendered":"https:\/\/agoravape.com\/?post_type=product&#038;p=19622"},"modified":"2026-01-30T17:02:57","modified_gmt":"2026-01-30T09:02:57","slug":"bang-king-12000-puffs-compact-vape","status":"publish","type":"product","link":"https:\/\/agoravape.com\/pl\/product\/bang-king-12000-puffs-compact-vape\/","title":{"rendered":"Bang King 12000 zaci\u0105gni\u0119\u0107 | Ogromna liczba zaci\u0105gni\u0119\u0107, kompaktowa konstrukcja"},"content":{"rendered":"<h2 data-v-md-heading=\"what-about-bang-king-12000\" data-v-md-line=\"3\"><img loading=\"lazy\" decoding=\"async\" class=\"size-full wp-image-19637 alignright\" src=\"https:\/\/agoravape.com\/wp-content\/uploads\/2025\/10\/Bang-King-12000-Puffs-Massive-Puff-Count-Compact-Design_Agora_vape-2.webp\" alt=\"\" width=\"800\" height=\"800\" srcset=\"https:\/\/agoravape.com\/wp-content\/uploads\/2025\/10\/Bang-King-12000-Puffs-Massive-Puff-Count-Compact-Design_Agora_vape-2.webp 800w, https:\/\/agoravape.com\/wp-content\/uploads\/2025\/10\/Bang-King-12000-Puffs-Massive-Puff-Count-Compact-Design_Agora_vape-2-600x600.webp 600w, https:\/\/agoravape.com\/wp-content\/uploads\/2025\/10\/Bang-King-12000-Puffs-Massive-Puff-Count-Compact-Design_Agora_vape-2-300x300.webp 300w, https:\/\/agoravape.com\/wp-content\/uploads\/2025\/10\/Bang-King-12000-Puffs-Massive-Puff-Count-Compact-Design_Agora_vape-2-150x150.webp 150w, https:\/\/agoravape.com\/wp-content\/uploads\/2025\/10\/Bang-King-12000-Puffs-Massive-Puff-Count-Compact-Design_Agora_vape-2-768x768.webp 768w\" sizes=\"auto, (max-width: 800px) 100vw, 800px\" \/><\/h2>\n<h2 data-v-md-heading=\"what-about-bang-king-12000\" data-v-md-line=\"3\">A co z Bang King 12000?<\/h2>\n<p data-v-md-line=\"5\">W porz\u0105dku, porozmawiajmy o Bang King 12000. Je\u015bli jeste\u015b zm\u0119czony jednorazowymi elektronicznymi papierosami, kt\u00f3re trac\u0105 moc po zaledwie kilku dniach u\u017cytkowania, to musisz spojrze\u0107 na ten. Mo\u017cesz pomy\u015ble\u0107, \u017ce elektroniczny papieros z 12000 du\u017cymi ustami powinien by\u0107 niepor\u0119czny, ale b\u0119dziesz zaskoczony jego ma\u0142ym i przeno\u015bnym rozmiarem.<\/p>\n<p data-v-md-line=\"7\">To urz\u0105dzenie jest bardzo odpowiednie dla u\u017cytkownik\u00f3w, kt\u00f3rzy chc\u0105 prostego i niezawodnego elektronicznego papierosa bez \u017cadnych \u017cmudnych operacji. Nie posiada \u017cadnych przycisk\u00f3w i nie wymaga \u017cmudnego oliwienia. Wystarczy wyj\u0105\u0107 go z pude\u0142ka i ju\u017c mo\u017cna z niego korzysta\u0107. Zosta\u0142 zaprojektowany specjalnie dla zapracowanych os\u00f3b i zapewnia d\u0142ugotrwa\u0142y i bogaty smak, co czyni go idealnym wyborem do codziennego korzystania z elektronicznych papieros\u00f3w.<\/p>\n<h2 data-v-md-heading=\"excellent-performance-and-easy-operation\" data-v-md-line=\"9\">Doskona\u0142a wydajno\u015b\u0107 i \u0142atwa obs\u0142uga<\/h2>\n<p data-v-md-line=\"11\">Jakie s\u0105 wi\u0119c jego zalety? Wewn\u0105trz zastosowano cewk\u0119 siatkow\u0105. M\u00f3wi\u0105c najpro\u015bciej, jest to pow\u00f3d, dla kt\u00f3rego ka\u017cdy k\u0119s ma sp\u00f3jny smak. Mo\u017ce r\u00f3wnomiernie podgrzewa\u0107 e-ciecz, zapewniaj\u0105c g\u0142adki i stabilny smak od pocz\u0105tku do ko\u0144ca. Nawet je\u015bli e-ciecz jest prawie zu\u017cyta, nie b\u0119dzie zapachu spalenizny.<\/p>\n<p data-v-md-line=\"13\">Bateria ma pojemno\u015b\u0107 do 600 mAh i mo\u017cna j\u0105 \u0142adowa\u0107. Jest to zdecydowanie du\u017ca zaleta, co oznacza, \u017ce mo\u017cesz naprawd\u0119 cieszy\u0107 si\u0119 paleniem przez 12000 zaci\u0105gni\u0119\u0107. Gdy bateria jest roz\u0142adowana, wystarczy u\u017cy\u0107 standardowego kabla do transmisji danych typu C, aby j\u0105 na\u0142adowa\u0107 - podobnie jak w przypadku \u0142adowania telefonu. Bardzo wygodny.<\/p>\n<h2 data-v-md-heading=\"product-specifications\" data-v-md-line=\"15\"><img loading=\"lazy\" decoding=\"async\" class=\"size-full wp-image-19641 alignright\" src=\"https:\/\/agoravape.com\/wp-content\/uploads\/2025\/10\/Bang-King-12000-Puffs-Massive-Puff-Count-Compact-Design_Agora_vape-6.webp\" alt=\"\" width=\"800\" height=\"800\" srcset=\"https:\/\/agoravape.com\/wp-content\/uploads\/2025\/10\/Bang-King-12000-Puffs-Massive-Puff-Count-Compact-Design_Agora_vape-6.webp 800w, https:\/\/agoravape.com\/wp-content\/uploads\/2025\/10\/Bang-King-12000-Puffs-Massive-Puff-Count-Compact-Design_Agora_vape-6-600x600.webp 600w, https:\/\/agoravape.com\/wp-content\/uploads\/2025\/10\/Bang-King-12000-Puffs-Massive-Puff-Count-Compact-Design_Agora_vape-6-300x300.webp 300w, https:\/\/agoravape.com\/wp-content\/uploads\/2025\/10\/Bang-King-12000-Puffs-Massive-Puff-Count-Compact-Design_Agora_vape-6-150x150.webp 150w, https:\/\/agoravape.com\/wp-content\/uploads\/2025\/10\/Bang-King-12000-Puffs-Massive-Puff-Count-Compact-Design_Agora_vape-6-768x768.webp 768w\" sizes=\"auto, (max-width: 800px) 100vw, 800px\" \/><\/h2>\n<h2 data-v-md-heading=\"product-specifications\" data-v-md-line=\"15\">Specyfikacja produktu<\/h2>\n<p data-v-md-line=\"17\"><strong>Cz\u0119stotliwo\u015b\u0107 palenia:<\/strong>\u00a0do 12000 zaci\u0105gni\u0119\u0107<\/p>\n<p data-v-md-line=\"19\"><strong>Zawarto\u015b\u0107 nikotyny:<\/strong>\u00a00%, 2%, 3% i 5% opcjonalnie<\/p>\n<p data-v-md-line=\"21\"><strong>Zastosowanie:<\/strong>\u00a0Wdech, aby aktywowa\u0107<\/p>\n<p data-v-md-line=\"23\"><strong>Metoda \u0142adowania:<\/strong>\u00a0Standardowy interfejs USB typu C<\/p>\n<p data-v-md-line=\"25\"><strong>Status:<\/strong>\u00a0Gotowy do u\u017cycia po wyj\u0119ciu z pude\u0142ka<\/p>\n<h2 data-v-md-heading=\"complete-flavor-lineup\" data-v-md-line=\"27\">Pe\u0142na gama smak\u00f3w<\/h2>\n<ul data-v-md-line=\"29\">\n<li>Smak arbuza<\/li>\n<li>Smak truskawkowy i arbuzowy<\/li>\n<li>Jagodowy smak lodowy<\/li>\n<li>Smak jagodowy i malinowy<\/li>\n<li>Smak truskawkowy i mango<\/li>\n<li>Smak Black Dragon Ice<\/li>\n<li>Smak wi\u015bniowej coli<\/li>\n<li>Smak jagodowy i winogronowy<\/li>\n<li>Potr\u00f3jny smak jagodowy<\/li>\n<li>Truskawkowy smak dziwnych owoc\u00f3w<\/li>\n<li>Brzoskwiniowy smak lodu<\/li>\n<li>Arbuzowy smak gumy balonowej<\/li>\n<\/ul>\n<p>&nbsp;<\/p>\n<h2 data-v-md-heading=\"tailored-for-you-and-your-business\" data-v-md-line=\"42\">Dostosowane do Ciebie i Twojej firmy<\/h2>\n<p data-v-md-line=\"44\">Bang King 12000 jest dost\u0119pny do zakupu indywidualnego, a je\u015bli jeste\u015b w\u0142a\u015bcicielem firmy, mo\u017cesz r\u00f3wnie\u017c dokona\u0107 zakupu hurtowego. S\u0105 one dostarczane w hurtowych pude\u0142kach ekspozycyjnych po 10 sztuk, podczas gdy zam\u00f3wienia hurtowe s\u0105 pakowane w du\u017ce pude\u0142ka kartonowe po 200 sztuk. Rozumiemy znaczenie sprawnej logistyki, dlatego wsp\u00f3\u0142pracujemy z zaufanymi partnerami, takimi jak UPS, DPD i DHL, aby zapewni\u0107 niezawodne us\u0142ugi wysy\u0142ki DDP po opodatkowaniu. Oznacza to, \u017ce Twoje zam\u00f3wienie mo\u017ce zosta\u0107 dostarczone szybko, bez martwienia si\u0119 o odpraw\u0119 celn\u0105 i inne problemy.<\/p>\n<h2 data-v-md-heading=\"reasons-why-you-will-like-it\" data-v-md-line=\"46\">Powody, dla kt\u00f3rych Ci si\u0119 spodoba<\/h2>\n<p data-v-md-line=\"48\"><strong>Trwa\u0142o\u015b\u0107 i d\u0142uga \u017cywotno\u015b\u0107:<\/strong>\u00a0Jeden elektroniczny papieros mo\u017ce by\u0107 u\u017cywany przez d\u0142u\u017cszy czas bez konieczno\u015bci cz\u0119stych zakup\u00f3w.<\/p>\n<p data-v-md-line=\"50\"><strong>Wyb\u00f3r st\u0119\u017cenia nikotyny:<\/strong>\u00a0Mo\u017cesz wybra\u0107 st\u0119\u017cenie nikotyny, kt\u00f3re Ci odpowiada.<\/p>\n<p data-v-md-line=\"52\"><strong>Akumulator:<\/strong>\u00a0pozwala zu\u017cy\u0107 ca\u0142y zakupiony e-liquid.<\/p>\n<p data-v-md-line=\"54\"><strong>Siatkowy rdze\u0144 rozpylaj\u0105cy:<\/strong>\u00a0Za ka\u017cdym razem zapewnia stabilny i bogaty smak.<\/p>\n<h2 data-v-md-heading=\"why-choose-to-collaborate-with-agoravape\" data-v-md-line=\"56\">Dlaczego warto zdecydowa\u0107 si\u0119 na wsp\u00f3\u0142prac\u0119 z AgoraVape?<\/h2>\n<p data-v-md-line=\"58\">Jako jeden z najbardziej zaufanych dystrybutor\u00f3w e-papieros\u00f3w w Europie, sprzedajemy wy\u0142\u0105cznie oryginalne produkty 100%. Dla naszych klient\u00f3w korporacyjnych oznacza to, \u017ce jednorazowe e-papierosy Bang King 12000 mini oferuj\u0105 bardzo konkurencyjne ceny hurtowe, niezawodne wsparcie posprzeda\u017cowe oraz szybkie i stabilne us\u0142ugi dostawy. Skontaktuj si\u0119 z nami natychmiast, a Twoi klienci b\u0119d\u0105 Ci naprawd\u0119 wdzi\u0119czni za wyb\u00f3r tego produktu.<\/p>","protected":false},"excerpt":{"rendered":"<p>&nbsp;<\/p>\n<p><script src=\"chrome-extension:\/\/fpelahbljekknahkcaegamhcndkfpfnc\/iFrame.js\" type=\"text\/javascript\"><\/script><\/p>\n<p><script src=\"chrome-extension:\/\/fpelahbljekknahkcaegamhcndkfpfnc\/iFrame.js\" type=\"text\/javascript\"><\/script><\/p>\n<p><script src=\"chrome-extension:\/\/fpelahbljekknahkcaegamhcndkfpfnc\/iFrame.js\" type=\"text\/javascript\"><\/script><\/p>\n<p><script src=\"chrome-extension:\/\/fpelahbljekknahkcaegamhcndkfpfnc\/iFrame.js\" type=\"text\/javascript\"><\/script><\/p>","protected":false},"featured_media":19646,"comment_status":"open","ping_status":"closed","template":"","meta":[],"product_brand":[197],"product_cat":[124,187,185,1634,189,123,177,174,175,193,191,173,186,180,190],"product_tag":[],"class_list":{"0":"post-19622","1":"product","2":"type-product","3":"status-publish","4":"has-post-thumbnail","6":"product_brand-bang","7":"product_cat-vape-by-brand","8":"product_cat-0mg-nicotine-free-vapes","9":"product_cat-10000-puffs-high-capacity","10":"product_cat-12000-puffs","11":"product_cat-20mg-standard-nicotine-vapes","12":"product_cat-bang","13":"product_cat-dessert-sweets","14":"product_cat-fruit-flavors","15":"product_cat-icy-mint","16":"product_cat-mesh-coil","17":"product_cat-rechargeable-disposables","18":"product_cat-vape-by-flavor-profile","19":"product_cat-vape-by-nicotine-strength","20":"product_cat-vape-by-puff-count","21":"product_cat-vape-by-feature-or-type","23":"first","24":"instock","25":"shipping-taxable","26":"purchasable","27":"product-type-variable","28":"has-default-attributes"},"tiered_pricing_type":"percentage","tiered_pricing_fixed_rules":[],"tiered_pricing_product_settings":{"layout":"default","base_unit_name":{"singular":null,"plural":null},"default_variation":null},"tiered_pricing_minimum_quantity":10,"tiered_pricing_roles_data":[],"tiered_pricing_percentage_rules":{"30":"29","50":"35","100":"40","200":"44","500":"47","1000":"49"},"tiered_pricing_maximum_quantity":null,"tiered_pricing_quantity_step":"10","_links":{"self":[{"href":"https:\/\/agoravape.com\/pl\/wp-json\/wp\/v2\/product\/19622","targetHints":{"allow":["GET"]}}],"collection":[{"href":"https:\/\/agoravape.com\/pl\/wp-json\/wp\/v2\/product"}],"about":[{"href":"https:\/\/agoravape.com\/pl\/wp-json\/wp\/v2\/types\/product"}],"replies":[{"embeddable":true,"href":"https:\/\/agoravape.com\/pl\/wp-json\/wp\/v2\/comments?post=19622"}],"version-history":[{"count":0,"href":"https:\/\/agoravape.com\/pl\/wp-json\/wp\/v2\/product\/19622\/revisions"}],"wp:featuredmedia":[{"embeddable":true,"href":"https:\/\/agoravape.com\/pl\/wp-json\/wp\/v2\/media\/19646"}],"wp:attachment":[{"href":"https:\/\/agoravape.com\/pl\/wp-json\/wp\/v2\/media?parent=19622"}],"wp:term":[{"taxonomy":"product_brand","embeddable":true,"href":"https:\/\/agoravape.com\/pl\/wp-json\/wp\/v2\/product_brand?post=19622"},{"taxonomy":"product_cat","embeddable":true,"href":"https:\/\/agoravape.com\/pl\/wp-json\/wp\/v2\/product_cat?post=19622"},{"taxonomy":"product_tag","embeddable":true,"href":"https:\/\/agoravape.com\/pl\/wp-json\/wp\/v2\/product_tag?post=19622"}],"curies":[{"name":"wp","href":"https:\/\/api.w.org\/{rel}","templated":true}]}}