{"id":19675,"date":"2025-10-30T14:10:22","date_gmt":"2025-10-30T06:10:22","guid":{"rendered":"https:\/\/agoravape.com\/?post_type=product&#038;p=19675"},"modified":"2026-01-30T17:01:28","modified_gmt":"2026-01-30T09:01:28","slug":"bang-king-15000-puffs-vape","status":"publish","type":"product","link":"https:\/\/agoravape.com\/pl\/product\/bang-king-15000-puffs-vape\/","title":{"rendered":"Bang King 15000 zaci\u0105gni\u0119\u0107 | Prawdziwa trwa\u0142o\u015b\u0107, zero k\u0142opot\u00f3w"},"content":{"rendered":"<h2 data-v-md-heading=\"what-is-the-bang-king-15000-port-mesh-coil-disposable-vape\" data-v-md-line=\"3\"><img loading=\"lazy\" decoding=\"async\" class=\"size-full wp-image-19703 alignright\" src=\"https:\/\/agoravape.com\/wp-content\/uploads\/2025\/10\/Bang-King-15000-Puffs-Serious-Longevity-Zero-Hassle_Agora_vape-16.webp\" alt=\"\" width=\"1440\" height=\"1206\" srcset=\"https:\/\/agoravape.com\/wp-content\/uploads\/2025\/10\/Bang-King-15000-Puffs-Serious-Longevity-Zero-Hassle_Agora_vape-16.webp 1440w, https:\/\/agoravape.com\/wp-content\/uploads\/2025\/10\/Bang-King-15000-Puffs-Serious-Longevity-Zero-Hassle_Agora_vape-16-1200x1005.webp 1200w, https:\/\/agoravape.com\/wp-content\/uploads\/2025\/10\/Bang-King-15000-Puffs-Serious-Longevity-Zero-Hassle_Agora_vape-16-300x251.webp 300w, https:\/\/agoravape.com\/wp-content\/uploads\/2025\/10\/Bang-King-15000-Puffs-Serious-Longevity-Zero-Hassle_Agora_vape-16-1024x858.webp 1024w, https:\/\/agoravape.com\/wp-content\/uploads\/2025\/10\/Bang-King-15000-Puffs-Serious-Longevity-Zero-Hassle_Agora_vape-16-768x643.webp 768w\" sizes=\"auto, (max-width: 1440px) 100vw, 1440px\" \/><\/h2>\n<h2 data-v-md-heading=\"what-is-the-bang-king-15000-port-mesh-coil-disposable-vape\" data-v-md-line=\"3\">Czym jest Bang King 15000 port mesh coil disposable vape?<\/h2>\n<p data-v-md-line=\"5\">W porz\u0105dku, porozmawiajmy o tym naprawd\u0119 trwa\u0142ym waporyzatorze. Bang King 15000 nie d\u0105\u017cy do wymy\u015blno\u015bci ani z\u0142o\u017cono\u015bci - koncentruje si\u0119 wy\u0142\u0105cznie na trwa\u0142o\u015bci. Jedno urz\u0105dzenie mo\u017ce wypali\u0107 15000 zaci\u0105gni\u0119\u0107, co oznacza, \u017ce mo\u017cna z niego korzysta\u0107 nieprzerwanie przez wiele tygodni, nie martwi\u0105c si\u0119 o wymian\u0119 wk\u0142ad\u00f3w. Ponadto, pojemno\u015b\u0107 e-p\u0142ynu wynosi a\u017c 25 ml, czyli wi\u0119cej ni\u017c w przypadku wi\u0119kszo\u015bci jednorazowych e-papieros\u00f3w dost\u0119pnych na rynku.<\/p>\n<p data-v-md-line=\"7\">To, co najbardziej doceniam w tym waporyzatorze, to fakt, \u017ce nie po\u015bwi\u0119ca on jako\u015bci na rzecz ilo\u015bci. Mo\u017cna by pomy\u015ble\u0107, \u017ce po wzi\u0119ciu tak wielu \u0142yk\u00f3w smak stanie si\u0119 l\u017cejszy, ale cewka siatkowa mo\u017ce utrzyma\u0107 \u015bwie\u017cy smak do ko\u0144ca. Je\u015bli jeste\u015b zm\u0119czony ci\u0105g\u0142ym kupowaniem nowych e-papieros\u00f3w lub ci\u0105g\u0142ym napotykaniem urz\u0105dze\u0144, kt\u00f3re psuj\u0105 si\u0119 przed zu\u017cyciem e-liquidu, to ten produkt jest zdecydowanie idealnym wyborem.<\/p>\n<h2 data-v-md-heading=\"excellent-performance-and-easy-operation\" data-v-md-line=\"9\">Doskona\u0142a wydajno\u015b\u0107 i \u0142atwa obs\u0142uga<\/h2>\n<p data-v-md-line=\"11\">Technologia tego produktu jest prosta, ale sprytna. Siatkowy rdze\u0144 atomizuj\u0105cy 1,0 \u03a9 nie jest sztuczk\u0105, ale rzeczywi\u015bcie mo\u017ce przynie\u015b\u0107 znaczn\u0105 popraw\u0119. Niezale\u017cnie od tego, czy u\u017cywasz go po raz pierwszy, czy u\u017cywa\u0142e\u015b go ju\u017c 5000 razy, ka\u017cdy k\u0119s mo\u017ce cieszy\u0107 si\u0119 sta\u0142ym, bogatym smakiem i gwa\u0142townym dymem. Pojemno\u015b\u0107 baterii 550 mAh mo\u017ce nie wydawa\u0107 si\u0119 du\u017ca, ale dzi\u0119ki portowi \u0142adowania typu C jest ca\u0142kowicie wystarczaj\u0105ca. Gdy potrzebne jest \u0142adowanie, wystarczy u\u017cy\u0107 kabla do transmisji danych, kt\u00f3rego zwykle u\u017cywasz do \u0142adowania telefonu. Nie ma potrzeby szukania dedykowanej \u0142adowarki, jest ona r\u00f3wnie\u017c bardzo wygodna w u\u017cyciu.<\/p>\n<h2 data-v-md-heading=\"product-specifications\" data-v-md-line=\"13\">Specyfikacja produktu<\/h2>\n<p data-v-md-line=\"15\"><strong>Cz\u0119stotliwo\u015b\u0107 palenia:<\/strong>\u00a0do 15000 zaci\u0105gni\u0119\u0107<\/p>\n<p data-v-md-line=\"17\"><strong>Pojemno\u015b\u0107 e-liquidu:<\/strong>\u00a025 ml wst\u0119pnie nape\u0142nionego oleju<\/p>\n<p data-v-md-line=\"19\"><strong>Bateria:<\/strong>\u00a0Akumulator 550 mAh (typ 13350)<\/p>\n<p data-v-md-line=\"21\"><strong>Zastosowanie:<\/strong>\u00a0Wdech, aby aktywowa\u0107<\/p>\n<p data-v-md-line=\"23\"><strong>Metoda \u0142adowania:<\/strong>\u00a0Standardowy interfejs USB typu C<\/p>\n<p data-v-md-line=\"25\"><strong>Atomizuj\u0105cy rdze\u0144:<\/strong>\u00a0Rdze\u0144 rozpylaj\u0105cy o oczkach 1,0 \u03a9, zapewniaj\u0105cy niezmiennie pyszny smak<\/p>\n<p data-v-md-line=\"27\"><strong>Status:<\/strong>\u00a0Gotowy do u\u017cycia po wyj\u0119ciu z pude\u0142ka<\/p>\n<h2 data-v-md-heading=\"complete-flavor-lineup\" data-v-md-line=\"29\">Pe\u0142na gama smak\u00f3w<\/h2>\n<ul data-v-md-line=\"31\">\n<li>Brzoskwinia i mango<\/li>\n<li>Potr\u00f3jna Jagoda<\/li>\n<li>Truskawka arbuz<\/li>\n<li>Chrupi\u0105ce truskawki<\/li>\n<li>Bor\u00f3wki i maliny<\/li>\n<li>Aloe Vera Grape<\/li>\n<li>Podw\u00f3jne jab\u0142ko<\/li>\n<li>Brzoskwiniowy l\u00f3d<\/li>\n<li>Truskawka kiwi<\/li>\n<li>Owoce mieszane<\/li>\n<li>Truskawka i banan<\/li>\n<li>Kiwi, marakuja, guawa<\/li>\n<li>Kwa\u015bne jab\u0142ko malina<\/li>\n<li>Guma balonowa o smaku arbuza<\/li>\n<li>Jogurt truskawkowy<\/li>\n<li>Black Dragon Ice<\/li>\n<li>R\u00f3\u017cowa woda cytrynowa<\/li>\n<li>Popcorn wi\u015bniowy<\/li>\n<li>L\u00f3d mentolowy<\/li>\n<li>Wata cukrowa<\/li>\n<\/ul>\n<h2 data-v-md-heading=\"tailored-for-you-and-your-business\" data-v-md-line=\"52\">Dostosowane do Ciebie i Twojej firmy<\/h2>\n<p data-v-md-line=\"54\">Wprowadzili\u015bmy Bang King 15000 puff\u00f3w do zakupu osobno. Je\u015bli prowadzisz sklep lub potrzebujesz dokona\u0107 zakupu w du\u017cych ilo\u015bciach, zapewniamy profesjonalne rozwi\u0105zania hurtowe spe\u0142niaj\u0105ce Twoje potrzeby. Produkty s\u0105 pakowane w pude\u0142ka po 100 lub 200 sztuk, schludne i uporz\u0105dkowane, i mog\u0105 by\u0107 wysy\u0142ane w dowolnym momencie. Ka\u017cdy karton jest profesjonalnie zapakowany (200 sztuk karton\u00f3w o wymiarach 55 \u00d7 29,5 \u00d7 26 centymetr\u00f3w i wadze oko\u0142o 18,85 kilograma, co u\u0142atwia zrozumienie specyfikacji produktu).<\/p>\n<p data-v-md-line=\"56\">Co wa\u017cniejsze, jeste\u015bmy odpowiedzialni za wszystkie kwestie logistyczne. Zapewniamy us\u0142ugi wysy\u0142kowe DDP za po\u015brednictwem UPS, DPD i DHL, a wszystkie taryfy zosta\u0142y op\u0142acone z g\u00f3ry. Nie musisz martwi\u0107 si\u0119 op\u0142atami celnymi ani \u017cadnymi ukrytymi kosztami. Niezale\u017cnie od tego, czy zam\u00f3wisz jedn\u0105, czy sto sztuk, mo\u017cemy dostarczy\u0107 je bezpo\u015brednio pod Twoje drzwi.<\/p>\n<h2 data-v-md-heading=\"reasons-why-you-will-like-it\" data-v-md-line=\"58\">Powody, dla kt\u00f3rych Ci si\u0119 spodoba<\/h2>\n<p data-v-md-line=\"60\"><strong>15000 zaci\u0105gni\u0119\u0107:<\/strong>\u00a0wystarcza na kilka tygodni u\u017cytkowania - nie ma potrzeby cz\u0119stego kupowania wk\u0142ad\u00f3w zamiennych<\/p>\n<p data-v-md-line=\"62\"><strong>25 ml e-liquidu:<\/strong>\u00a0Wi\u0119ksza pojemno\u015b\u0107 e-p\u0142ynu ni\u017c w przypadku wi\u0119kszo\u015bci jednorazowych e-papieros\u00f3w, stosunek jako\u015bci do ceny<\/p>\n<p data-v-md-line=\"64\"><strong>\u0141adowanie typu C:<\/strong>\u00a0U\u017cywaj tego samego kabla do \u0142adowania, co wi\u0119kszo\u015b\u0107 nowoczesnych telefon\u00f3w - wygodnie i szybko<\/p>\n<p data-v-md-line=\"66\"><strong>Siatkowy rdze\u0144 atomizera:<\/strong>\u00a0Zapewnia sp\u00f3jny smak od pocz\u0105tku do ko\u0144ca, a nie tylko kilkaset pierwszych k\u0119s\u00f3w.<\/p>\n<p data-v-md-line=\"68\"><strong>20 smak\u00f3w:<\/strong>\u00a0Od klasycznego lodu mi\u0119towego po zabawne pianki marshmallows - zawsze znajdziesz co\u015b dla siebie<\/p>\n<h2 data-v-md-heading=\"why-choose-to-collaborate-with-agoravape\" data-v-md-line=\"70\">Dlaczego warto zdecydowa\u0107 si\u0119 na wsp\u00f3\u0142prac\u0119 z AgoraVape?<\/h2>\n<p data-v-md-line=\"72\">Jako jeden z najbardziej zaufanych dystrybutor\u00f3w e-papieros\u00f3w w Europie, sprzedajemy wy\u0142\u0105cznie oryginalne produkty 100%. Dla naszych klient\u00f3w korporacyjnych oznacza to, \u017ce e-papierosy Bang King 15000 zapewniaj\u0105 bardzo konkurencyjne ceny hurtowe, niezawodne wsparcie techniczne oraz szybkie i stabilne us\u0142ugi dostawy. Skontaktuj si\u0119 z nami i kup produkt, kt\u00f3ry Twoi klienci naprawd\u0119 doceni\u0105.<\/p>","protected":false},"excerpt":{"rendered":"<p>&nbsp;<\/p>\n<p><script src=\"chrome-extension:\/\/fpelahbljekknahkcaegamhcndkfpfnc\/iFrame.js\" type=\"text\/javascript\"><\/script><\/p>\n<p><script src=\"chrome-extension:\/\/fpelahbljekknahkcaegamhcndkfpfnc\/iFrame.js\" type=\"text\/javascript\"><\/script><\/p>\n<p><script src=\"chrome-extension:\/\/fpelahbljekknahkcaegamhcndkfpfnc\/iFrame.js\" type=\"text\/javascript\"><\/script><\/p>\n<p><script src=\"chrome-extension:\/\/fpelahbljekknahkcaegamhcndkfpfnc\/iFrame.js\" type=\"text\/javascript\"><\/script><\/p>","protected":false},"featured_media":19707,"comment_status":"open","ping_status":"closed","template":"","meta":[],"product_brand":[197],"product_cat":[124,187,185,1635,189,123,176,177,174,175,193,191,173,186,180,190],"product_tag":[],"class_list":{"0":"post-19675","1":"product","2":"type-product","3":"status-publish","4":"has-post-thumbnail","6":"product_brand-bang","7":"product_cat-vape-by-brand","8":"product_cat-0mg-nicotine-free-vapes","9":"product_cat-10000-puffs-high-capacity","10":"product_cat-15000-puffs","11":"product_cat-20mg-standard-nicotine-vapes","12":"product_cat-bang","13":"product_cat-beverage","14":"product_cat-dessert-sweets","15":"product_cat-fruit-flavors","16":"product_cat-icy-mint","17":"product_cat-mesh-coil","18":"product_cat-rechargeable-disposables","19":"product_cat-vape-by-flavor-profile","20":"product_cat-vape-by-nicotine-strength","21":"product_cat-vape-by-puff-count","22":"product_cat-vape-by-feature-or-type","24":"first","25":"instock","26":"shipping-taxable","27":"purchasable","28":"product-type-variable","29":"has-default-attributes"},"tiered_pricing_type":"percentage","tiered_pricing_fixed_rules":[],"tiered_pricing_product_settings":{"layout":"default","base_unit_name":{"singular":null,"plural":null},"default_variation":null},"tiered_pricing_minimum_quantity":10,"tiered_pricing_roles_data":[],"tiered_pricing_percentage_rules":{"30":"29","50":"35","100":"40","200":"44","500":"47","1000":"49"},"tiered_pricing_maximum_quantity":null,"tiered_pricing_quantity_step":"10","_links":{"self":[{"href":"https:\/\/agoravape.com\/pl\/wp-json\/wp\/v2\/product\/19675","targetHints":{"allow":["GET"]}}],"collection":[{"href":"https:\/\/agoravape.com\/pl\/wp-json\/wp\/v2\/product"}],"about":[{"href":"https:\/\/agoravape.com\/pl\/wp-json\/wp\/v2\/types\/product"}],"replies":[{"embeddable":true,"href":"https:\/\/agoravape.com\/pl\/wp-json\/wp\/v2\/comments?post=19675"}],"version-history":[{"count":0,"href":"https:\/\/agoravape.com\/pl\/wp-json\/wp\/v2\/product\/19675\/revisions"}],"wp:featuredmedia":[{"embeddable":true,"href":"https:\/\/agoravape.com\/pl\/wp-json\/wp\/v2\/media\/19707"}],"wp:attachment":[{"href":"https:\/\/agoravape.com\/pl\/wp-json\/wp\/v2\/media?parent=19675"}],"wp:term":[{"taxonomy":"product_brand","embeddable":true,"href":"https:\/\/agoravape.com\/pl\/wp-json\/wp\/v2\/product_brand?post=19675"},{"taxonomy":"product_cat","embeddable":true,"href":"https:\/\/agoravape.com\/pl\/wp-json\/wp\/v2\/product_cat?post=19675"},{"taxonomy":"product_tag","embeddable":true,"href":"https:\/\/agoravape.com\/pl\/wp-json\/wp\/v2\/product_tag?post=19675"}],"curies":[{"name":"wp","href":"https:\/\/api.w.org\/{rel}","templated":true}]}}