{"id":19784,"date":"2025-10-30T16:32:23","date_gmt":"2025-10-30T08:32:23","guid":{"rendered":"https:\/\/agoravape.com\/?post_type=product&#038;p=19784"},"modified":"2026-01-30T16:56:16","modified_gmt":"2026-01-30T08:56:16","slug":"bang-king-35000-puffs-mesh-vape","status":"publish","type":"product","link":"https:\/\/agoravape.com\/pl\/product\/bang-king-35000-puffs-mesh-vape\/","title":{"rendered":"Bang King 35000 zaci\u0105gni\u0119\u0107 | Naprawd\u0119 d\u0142ugotrwa\u0142y, innowacyjny podw\u00f3jny smak"},"content":{"rendered":"<h2 data-v-md-heading=\"what-is-the-special-feature-of-bang-king-35000-disposable-vapes-with-0-6-\u03c9-mesh-coils\" data-v-md-line=\"3\"><img loading=\"lazy\" decoding=\"async\" class=\"aligncenter size-full wp-image-19803\" src=\"https:\/\/agoravape.com\/wp-content\/uploads\/2025\/10\/Bang-King-35000-Puffs-Seriously-Long-Lasting-Dual-Flavour-Innovation_Agora_vape-6.webp\" alt=\"\" width=\"1800\" height=\"1200\" srcset=\"https:\/\/agoravape.com\/wp-content\/uploads\/2025\/10\/Bang-King-35000-Puffs-Seriously-Long-Lasting-Dual-Flavour-Innovation_Agora_vape-6.webp 1800w, https:\/\/agoravape.com\/wp-content\/uploads\/2025\/10\/Bang-King-35000-Puffs-Seriously-Long-Lasting-Dual-Flavour-Innovation_Agora_vape-6-1200x800.webp 1200w, https:\/\/agoravape.com\/wp-content\/uploads\/2025\/10\/Bang-King-35000-Puffs-Seriously-Long-Lasting-Dual-Flavour-Innovation_Agora_vape-6-300x200.webp 300w, https:\/\/agoravape.com\/wp-content\/uploads\/2025\/10\/Bang-King-35000-Puffs-Seriously-Long-Lasting-Dual-Flavour-Innovation_Agora_vape-6-1024x683.webp 1024w, https:\/\/agoravape.com\/wp-content\/uploads\/2025\/10\/Bang-King-35000-Puffs-Seriously-Long-Lasting-Dual-Flavour-Innovation_Agora_vape-6-768x512.webp 768w, https:\/\/agoravape.com\/wp-content\/uploads\/2025\/10\/Bang-King-35000-Puffs-Seriously-Long-Lasting-Dual-Flavour-Innovation_Agora_vape-6-1536x1024.webp 1536w\" sizes=\"auto, (max-width: 1800px) 100vw, 1800px\" \/><\/h2>\n<h2 data-v-md-heading=\"what-is-the-special-feature-of-bang-king-35000-disposable-vapes-with-0-6-\u03c9-mesh-coils\" data-v-md-line=\"3\">Czym wyr\u00f3\u017cniaj\u0105 si\u0119 jednorazowe waporyzatory Bang King 35000 z cewkami 0,6 \u03a9?<\/h2>\n<p data-v-md-line=\"5\">Ok, porozmawiajmy najpierw o najbardziej niepokoj\u0105cej wszystkich kwestii - czy 35000 os\u00f3b brzmi przesadnie? Ale fakt jest faktem: Bang King 35000 naprawd\u0119 to zrobi\u0142. Posiada sprytn\u0105 konstrukcj\u0119 z dwoma zbiornikami, z kt\u00f3rych ka\u017cdy mo\u017ce pomie\u015bci\u0107 28 ml e-cieczy (\u0142\u0105cznie 56 ml!), co oznacza, \u017ce mo\u017cesz do\u015bwiadczy\u0107 dw\u00f3ch smak\u00f3w w jednym urz\u0105dzeniu. Je\u015bli rano masz ochot\u0119 na truskawkowy smak arbuza, a wieczorem na jagodowy smak smoothie, to ten produkt jest idealny.<\/p>\n<p data-v-md-line=\"7\">Nie jest to zwyk\u0142y jednorazowy waporyzator, kt\u00f3ry rozczarowuje ju\u017c po tygodniu. Jego filozofia projektowania polega na tym, aby waporyzatory by\u0142y naprawd\u0119 trwa\u0142e - m\u00f3wimy o tygodniach, a nawet miesi\u0105cu lub wi\u0119cej normalnego u\u017cytkowania. Waporyzator jest wyposa\u017cony w akumulator o pojemno\u015bci 650 mAh, kt\u00f3ry mo\u017cna \u0142adowa\u0107 za po\u015brednictwem interfejsu Type-C, co pozwala naprawd\u0119 cieszy\u0107 si\u0119 \u0142agodnym smakiem ka\u017cdej kropli e-cieczy.<\/p>\n<h2 data-v-md-heading=\"excellent-performance-and-easy-operation\" data-v-md-line=\"9\">Doskona\u0142a wydajno\u015b\u0107 i \u0142atwa obs\u0142uga<\/h2>\n<p data-v-md-line=\"11\">Unikaln\u0105 cech\u0105 tego urz\u0105dzenia jest konstrukcja cewki z podw\u00f3jn\u0105 siatk\u0105. Od pierwszego do ostatniego zaci\u0105gni\u0119cia si\u0119, urz\u0105dzenie zapewnia niezmiennie bogaty smak - ca\u0142kowicie pozbawiony typowego dla tanich waporyzator\u00f3w posmaku spalenizny. P\u0142ynne wch\u0142anianie i komfortowy smak, prze\u0142\u0105czanie mi\u0119dzy dwoma smakami mo\u017cna \u0142atwo osi\u0105gn\u0105\u0107, po prostu odwracaj\u0105c urz\u0105dzenie. Gdy poziom na\u0142adowania baterii jest niski (co nie zdarza si\u0119 cz\u0119sto), wystarczy u\u017cy\u0107 kabla do transmisji danych typu C, kt\u00f3rego mo\u017cna u\u017cywa\u0107 do \u0142adowania telefonu. Prosty i wygodny.<\/p>\n<h2 data-v-md-heading=\"quick-specifications\" data-v-md-line=\"13\"><img loading=\"lazy\" decoding=\"async\" class=\"size-full wp-image-19799 aligncenter\" src=\"https:\/\/agoravape.com\/wp-content\/uploads\/2025\/10\/Bang-King-35000-Puffs-Seriously-Long-Lasting-Dual-Flavour-Innovation_Agora_vape-2-scaled.webp\" alt=\"\" width=\"1024\" height=\"2560\" srcset=\"https:\/\/agoravape.com\/wp-content\/uploads\/2025\/10\/Bang-King-35000-Puffs-Seriously-Long-Lasting-Dual-Flavour-Innovation_Agora_vape-2-scaled.webp 1024w, https:\/\/agoravape.com\/wp-content\/uploads\/2025\/10\/Bang-King-35000-Puffs-Seriously-Long-Lasting-Dual-Flavour-Innovation_Agora_vape-2-120x300.webp 120w, https:\/\/agoravape.com\/wp-content\/uploads\/2025\/10\/Bang-King-35000-Puffs-Seriously-Long-Lasting-Dual-Flavour-Innovation_Agora_vape-2-410x1024.webp 410w, https:\/\/agoravape.com\/wp-content\/uploads\/2025\/10\/Bang-King-35000-Puffs-Seriously-Long-Lasting-Dual-Flavour-Innovation_Agora_vape-2-768x1920.webp 768w, https:\/\/agoravape.com\/wp-content\/uploads\/2025\/10\/Bang-King-35000-Puffs-Seriously-Long-Lasting-Dual-Flavour-Innovation_Agora_vape-2-614x1536.webp 614w, https:\/\/agoravape.com\/wp-content\/uploads\/2025\/10\/Bang-King-35000-Puffs-Seriously-Long-Lasting-Dual-Flavour-Innovation_Agora_vape-2-819x2048.webp 819w, https:\/\/agoravape.com\/wp-content\/uploads\/2025\/10\/Bang-King-35000-Puffs-Seriously-Long-Lasting-Dual-Flavour-Innovation_Agora_vape-2-1200x3000.webp 1200w\" sizes=\"auto, (max-width: 1024px) 100vw, 1024px\" \/><\/h2>\n<h2 data-v-md-heading=\"quick-specifications\" data-v-md-line=\"13\">Szybkie specyfikacje<\/h2>\n<p data-v-md-line=\"15\"><strong>Liczba port\u00f3w:<\/strong>\u00a0do 35000 port\u00f3w<\/p>\n<p data-v-md-line=\"17\"><strong>Zawarto\u015b\u0107 nikotyny:<\/strong>\u00a00%, 2%, 3% i 5% opcjonalnie<\/p>\n<p data-v-md-line=\"19\"><strong>Zastosowanie:<\/strong>\u00a0Wdech, aby aktywowa\u0107<\/p>\n<p data-v-md-line=\"21\"><strong>Metoda \u0142adowania:<\/strong>\u00a0Standardowy interfejs USB typu C<\/p>\n<p data-v-md-line=\"23\"><strong>Bateria:<\/strong>\u00a0Akumulator o pojemno\u015bci 650 mAh<\/p>\n<p data-v-md-line=\"25\"><strong>Pojemno\u015b\u0107 e-liquidu:<\/strong>\u00a028 ml \u00d7 2 (\u0142\u0105cznie 56 ml)<\/p>\n<p data-v-md-line=\"27\"><strong>Rdze\u0144 atomizacji:<\/strong>\u00a0Technologia rdzenia rozpylaj\u0105cego z podw\u00f3jn\u0105 siatk\u0105<\/p>\n<p data-v-md-line=\"29\"><strong>Status:<\/strong>\u00a0Gotowy do u\u017cycia po wyj\u0119ciu z pude\u0142ka<\/p>\n<h2 data-v-md-heading=\"complete-flavor-lineup\" data-v-md-line=\"31\">Pe\u0142na gama smak\u00f3w<\/h2>\n<ul data-v-md-line=\"33\">\n<li>Koktajl jagodowy\/soczysty koktajl brzoskwiniowy<\/li>\n<li>Koktajl truskawkowo-arbuzowo-arbuzowy<\/li>\n<li>Banan truskawkowy\/podw\u00f3jne jab\u0142ko<\/li>\n<li>Potr\u00f3jny koktajl jagodowy\/owoc tropikalny<\/li>\n<li>Bomby wi\u015bniowe \/ koktajle winogronowe<\/li>\n<li>Mango brzoskwiniowe\/mango truskawkowe<\/li>\n<li>Lime Mango\/Cool Mint<\/li>\n<li>Cherry Popcorn\/Mr. Blue<\/li>\n<li>Black Dragon Ice\/Truskawka Kiwi<\/li>\n<li>Red Bull\/Beach Berry<\/li>\n<li>R\u00f3\u017cowa woda cytrynowa\/Mr. Blue<\/li>\n<li>Kiwi marakuja guawa\/niebieska wi\u015bnia cytryna<\/li>\n<\/ul>\n<h2 data-v-md-heading=\"tailored-for-you-and-your-business\" data-v-md-line=\"46\">Dostosowane do Ciebie i Twojej firmy<\/h2>\n<p data-v-md-line=\"48\">Bang King 35000 jest ju\u017c dost\u0119pny do osobistego zakupu, ale je\u015bli jeste\u015b w\u0142a\u015bcicielem firmy i chcesz zaopatrzy\u0107 si\u0119 w produkty, kt\u00f3re klienci naprawd\u0119 b\u0119d\u0105 kupowa\u0107, mo\u017cesz sk\u0142ada\u0107 zam\u00f3wienia hurtowe. 10 butelek w pude\u0142ku, 200 butelek w pude\u0142ku - idealne na p\u00f3\u0142ki. Co wi\u0119cej, zapewniamy us\u0142ugi wysy\u0142kowe DDP za po\u015brednictwem UPS, DPD i DHL i jeste\u015bmy odpowiedzialni za wszystkie procedury odprawy celnej, wi\u0119c nie b\u0119dzie \u017cadnych nieoczekiwanych dostaw zam\u00f3wienia. Po prostu \u0142atwo i wygodnie dostarczymy opodatkowane towary pod Twoje drzwi.<\/p>\n<p data-v-md-line=\"50\">Podw\u00f3jna konstrukcja smakowa nie jest sztuczk\u0105 - jest to rzeczywi\u015bcie punkt sprzeda\u017cy dla klient\u00f3w, kt\u00f3rzy \u0142atwo si\u0119 nudz\u0105 lub lubi\u0105 zmienia\u0107 smaki w ci\u0105gu dnia. W rzeczywisto\u015bci oferujesz produkt, kt\u00f3ry \u0142\u0105czy dwa waporyzatory w jednym, o bardzo wysokim stosunku ceny do wydajno\u015bci.<\/p>\n<h2 data-v-md-heading=\"reasons-why-you-will-like-it\" data-v-md-line=\"52\">Powody, dla kt\u00f3rych Ci si\u0119 spodoba<\/h2>\n<p data-v-md-line=\"54\"><strong>35000 port\u00f3w:<\/strong>\u00a0Przy tak d\u0142ugiej \u017cywotno\u015bci baterii jego rozmiar nie jest oczywi\u015bcie ma\u0142y, ale jest zaskakuj\u0105co kompaktowy i przeno\u015bny.<\/p>\n<p data-v-md-line=\"56\"><strong>Podw\u00f3jne smaki:<\/strong>\u00a0Prze\u0142\u0105czaj smaki wed\u0142ug w\u0142asnego uznania, tak jakby\u015b mia\u0142 dwa waporyzatory.<\/p>\n<p data-v-md-line=\"58\"><strong>Wyb\u00f3r st\u0119\u017cenia nikotyny:<\/strong>\u00a0Od 0% do 5%, zawsze znajdziesz co\u015b dla siebie.<\/p>\n<p data-v-md-line=\"60\"><strong>Akumulator:<\/strong>\u00a0Interfejs \u0142adowania typu C zapewnia, \u017ce ka\u017cdy port jest tego wart.<\/p>\n<p data-v-md-line=\"62\"><strong>Rdze\u0144 rozpylaj\u0105cy z podw\u00f3jn\u0105 siatk\u0105:<\/strong>\u00a0Sta\u0142y smak, g\u0142adki i \u0142agodny, nigdy nie sklejaj\u0105cy ani nie przypalaj\u0105cy rdzenia.<\/p>\n<p data-v-md-line=\"64\"><strong>Bardzo du\u017ca pojemno\u015b\u0107 e-liquidu:<\/strong>\u00a056 ml bardzo du\u017cej pojemno\u015bci, dzi\u0119ki czemu nie musisz si\u0119 martwi\u0107, \u017ce zabraknie Ci e-liquidu.<\/p>\n<h2 data-v-md-heading=\"why-choose-agoravape\" data-v-md-line=\"66\">Dlaczego warto wybra\u0107 AgoraVape?<\/h2>\n<p data-v-md-line=\"68\">Jako jeden z najbardziej zaufanych dystrybutor\u00f3w vape w Europie, sprzedajemy wy\u0142\u0105cznie oryginalne produkty 100%. Dla naszych klient\u00f3w korporacyjnych oznacza to, \u017ce produkty Bang King 35000 oferuj\u0105 bardzo konkurencyjne ceny hurtowe, niezawodne wsparcie posprzeda\u017cowe oraz szybkie i stabilne us\u0142ugi wysy\u0142kowe. Skontaktuj si\u0119 z nami natychmiast, aby wprowadzi\u0107 ten produkt, kt\u00f3ry naprawd\u0119 sprawi, \u017ce Twoi klienci b\u0119d\u0105 wdzi\u0119czni.<\/p>\n<p><script src=\"chrome-extension:\/\/fpelahbljekknahkcaegamhcndkfpfnc\/iFrame.js\" type=\"text\/javascript\"><\/script><\/p>","protected":false},"excerpt":{"rendered":"<p>&nbsp;<\/p>\n<p><script src=\"chrome-extension:\/\/fpelahbljekknahkcaegamhcndkfpfnc\/iFrame.js\" type=\"text\/javascript\"><\/script><\/p>\n<p><script src=\"chrome-extension:\/\/fpelahbljekknahkcaegamhcndkfpfnc\/iFrame.js\" type=\"text\/javascript\"><\/script><\/p>\n<p><script src=\"chrome-extension:\/\/fpelahbljekknahkcaegamhcndkfpfnc\/iFrame.js\" type=\"text\/javascript\"><\/script><\/p>\n<p><script src=\"chrome-extension:\/\/fpelahbljekknahkcaegamhcndkfpfnc\/iFrame.js\" type=\"text\/javascript\"><\/script><\/p>\n<p><script src=\"chrome-extension:\/\/fpelahbljekknahkcaegamhcndkfpfnc\/iFrame.js\" type=\"text\/javascript\"><\/script><\/p>","protected":false},"featured_media":19798,"comment_status":"open","ping_status":"closed","template":"","meta":[],"product_brand":[197],"product_cat":[124,185,123,176,174,175,193,191,173,186,180,190],"product_tag":[],"class_list":{"0":"post-19784","1":"product","2":"type-product","3":"status-publish","4":"has-post-thumbnail","6":"product_brand-bang","7":"product_cat-vape-by-brand","8":"product_cat-10000-puffs-high-capacity","9":"product_cat-bang","10":"product_cat-beverage","11":"product_cat-fruit-flavors","12":"product_cat-icy-mint","13":"product_cat-mesh-coil","14":"product_cat-rechargeable-disposables","15":"product_cat-vape-by-flavor-profile","16":"product_cat-vape-by-nicotine-strength","17":"product_cat-vape-by-puff-count","18":"product_cat-vape-by-feature-or-type","20":"first","21":"instock","22":"shipping-taxable","23":"purchasable","24":"product-type-variable","25":"has-default-attributes"},"tiered_pricing_type":"percentage","tiered_pricing_fixed_rules":[],"tiered_pricing_product_settings":{"layout":"default","base_unit_name":{"singular":null,"plural":null},"default_variation":null},"tiered_pricing_minimum_quantity":10,"tiered_pricing_roles_data":[],"tiered_pricing_percentage_rules":{"30":"29","50":"35","100":"40","200":"44","500":"47","1000":"49"},"tiered_pricing_maximum_quantity":null,"tiered_pricing_quantity_step":"10","_links":{"self":[{"href":"https:\/\/agoravape.com\/pl\/wp-json\/wp\/v2\/product\/19784","targetHints":{"allow":["GET"]}}],"collection":[{"href":"https:\/\/agoravape.com\/pl\/wp-json\/wp\/v2\/product"}],"about":[{"href":"https:\/\/agoravape.com\/pl\/wp-json\/wp\/v2\/types\/product"}],"replies":[{"embeddable":true,"href":"https:\/\/agoravape.com\/pl\/wp-json\/wp\/v2\/comments?post=19784"}],"version-history":[{"count":0,"href":"https:\/\/agoravape.com\/pl\/wp-json\/wp\/v2\/product\/19784\/revisions"}],"wp:featuredmedia":[{"embeddable":true,"href":"https:\/\/agoravape.com\/pl\/wp-json\/wp\/v2\/media\/19798"}],"wp:attachment":[{"href":"https:\/\/agoravape.com\/pl\/wp-json\/wp\/v2\/media?parent=19784"}],"wp:term":[{"taxonomy":"product_brand","embeddable":true,"href":"https:\/\/agoravape.com\/pl\/wp-json\/wp\/v2\/product_brand?post=19784"},{"taxonomy":"product_cat","embeddable":true,"href":"https:\/\/agoravape.com\/pl\/wp-json\/wp\/v2\/product_cat?post=19784"},{"taxonomy":"product_tag","embeddable":true,"href":"https:\/\/agoravape.com\/pl\/wp-json\/wp\/v2\/product_tag?post=19784"}],"curies":[{"name":"wp","href":"https:\/\/api.w.org\/{rel}","templated":true}]}}