{"id":19860,"date":"2025-10-30T17:10:02","date_gmt":"2025-10-30T09:10:02","guid":{"rendered":"https:\/\/agoravape.com\/?post_type=product&#038;p=19860"},"modified":"2026-01-19T21:59:07","modified_gmt":"2026-01-19T13:59:07","slug":"bang-king-bk45-45000-puffs-potrojny-zbiornik-vape","status":"publish","type":"product","link":"https:\/\/agoravape.com\/pl\/product\/bang-king-bk45-45000-puffs-triple-tank-vape\/","title":{"rendered":"Bang King BK45 45000 Puffs | Trzy smaki, jedno urz\u0105dzenie, niesko\u0144czona satysfakcja"},"content":{"rendered":"<h2 data-v-md-heading=\"what-is-special-about-bang-king-bk45-45000-three-pack-vape\" data-v-md-line=\"3\"><img loading=\"lazy\" decoding=\"async\" class=\"size-full wp-image-19874 alignright\" src=\"https:\/\/agoravape.com\/wp-content\/uploads\/2025\/10\/Bang-King-BK45-45000-Puffs-Three-Flavours-One-Device-Endless-Satisfaction_Agora_vape-1-scaled.webp\" alt=\"\" width=\"1080\" height=\"2560\" srcset=\"https:\/\/agoravape.com\/wp-content\/uploads\/2025\/10\/Bang-King-BK45-45000-Puffs-Three-Flavours-One-Device-Endless-Satisfaction_Agora_vape-1-scaled.webp 1080w, https:\/\/agoravape.com\/wp-content\/uploads\/2025\/10\/Bang-King-BK45-45000-Puffs-Three-Flavours-One-Device-Endless-Satisfaction_Agora_vape-1-127x300.webp 127w, https:\/\/agoravape.com\/wp-content\/uploads\/2025\/10\/Bang-King-BK45-45000-Puffs-Three-Flavours-One-Device-Endless-Satisfaction_Agora_vape-1-432x1024.webp 432w, https:\/\/agoravape.com\/wp-content\/uploads\/2025\/10\/Bang-King-BK45-45000-Puffs-Three-Flavours-One-Device-Endless-Satisfaction_Agora_vape-1-768x1821.webp 768w, https:\/\/agoravape.com\/wp-content\/uploads\/2025\/10\/Bang-King-BK45-45000-Puffs-Three-Flavours-One-Device-Endless-Satisfaction_Agora_vape-1-648x1536.webp 648w, https:\/\/agoravape.com\/wp-content\/uploads\/2025\/10\/Bang-King-BK45-45000-Puffs-Three-Flavours-One-Device-Endless-Satisfaction_Agora_vape-1-864x2048.webp 864w, https:\/\/agoravape.com\/wp-content\/uploads\/2025\/10\/Bang-King-BK45-45000-Puffs-Three-Flavours-One-Device-Endless-Satisfaction_Agora_vape-1-1200x2845.webp 1200w\" sizes=\"auto, (max-width: 1080px) 100vw, 1080px\" \/><\/h2>\n<h2 data-v-md-heading=\"what-is-special-about-bang-king-bk45-45000-three-pack-vape\" data-v-md-line=\"3\">Co jest wyj\u0105tkowego w tr\u00f3jpaku vape Bang King BK45 45000?<\/h2>\n<p data-v-md-line=\"5\">Ten vape jest inny - mo\u017cesz swobodnie prze\u0142\u0105cza\u0107 si\u0119 mi\u0119dzy trzema smakami bez konieczno\u015bci noszenia trzech urz\u0105dze\u0144. Bang King BK45 to nie tylko zwyk\u0142y jednorazowy waporyzator z zadziwiaj\u0105c\u0105 liczb\u0105 zaci\u0105gni\u0119\u0107. Zastosowano w nim sprytn\u0105 konstrukcj\u0119 z trzema komorami, kt\u00f3ra mo\u017ce pomie\u015bci\u0107 \u0142\u0105cznie 45 mililitr\u00f3w e-cieczy (15 mililitr\u00f3w na komor\u0119), umo\u017cliwiaj\u0105c zmian\u0119 smaku w dowolnym miejscu i czasie. Wystarczy delikatnie obr\u00f3ci\u0107 i prze\u0142\u0105czy\u0107, aby do\u015bwiadczy\u0107 zupe\u0142nie nowego smaku.<\/p>\n<p data-v-md-line=\"7\">Je\u015bli nie mo\u017cesz trzyma\u0107 si\u0119 tego samego smaku przez d\u0142ugi czas lub po prostu lubisz mie\u0107 wi\u0119kszy wyb\u00f3r, ten vape ca\u0142kowicie zmieni Twoje wra\u017cenia z palenia. Po\u017cegnaj si\u0119 z k\u0142opotliwym wypychaniem kieszeni r\u00f3\u017cnymi urz\u0105dzeniami, po\u017cegnaj si\u0119 ze zm\u0119czeniem smakiem - dzi\u0119ki jednemu stylowemu urz\u0105dzeniu mo\u017cesz cieszy\u0107 si\u0119 \u015bwie\u017co\u015bci\u0105 przez wiele tygodni.<\/p>\n<h2 data-v-md-heading=\"excellent-performance-easy-to-operate\" data-v-md-line=\"9\">Doskona\u0142a wydajno\u015b\u0107, \u0142atwa obs\u0142uga<\/h2>\n<p data-v-md-line=\"11\">Technologia cewki siatkowej zapewnia, \u017ce ka\u017cdy k\u0119s (45000 k\u0119s\u00f3w) zachowuje \u015bwie\u017cy i sp\u00f3jny smak, niezale\u017cnie od tego, czy wyci\u0105gn\u0105\u0142e\u015b 100 k\u0119s\u00f3w, czy 40000 k\u0119s\u00f3w. Akumulator o pojemno\u015bci 650 mAh jest wystarczaj\u0105cy, aby zaspokoi\u0107 zapotrzebowanie na e-ciecz o du\u017cej pojemno\u015bci. Gdy trzeba uzupe\u0142ni\u0107 e-liquid, wystarczy pod\u0142\u0105czy\u0107 standardowy kabel do transmisji danych typu C - taki sam jak ten, kt\u00f3rego u\u017cywasz do \u0142adowania telefonu. Prawdziw\u0105 atrakcj\u0105 jest konstrukcja z trzema komorami. Mo\u017ce si\u0119 wydawa\u0107, \u017ce prze\u0142\u0105czanie mi\u0119dzy trzema niezale\u017cnymi komorami na e-ciecz jest skomplikowane, ale w rzeczywisto\u015bci jest to bardzo proste - wystarczy delikatnie przekr\u0119ci\u0107, aby prze\u0142\u0105czy\u0107 si\u0119 na nast\u0119pny smak.<\/p>\n<h2 data-v-md-heading=\"quick-specifications\" data-v-md-line=\"13\">Szybkie specyfikacje<\/h2>\n<p data-v-md-line=\"15\"><strong>Cz\u0119stotliwo\u015b\u0107 palenia:<\/strong>\u00a0do 45000 razy<\/p>\n<p data-v-md-line=\"17\"><strong>St\u0119\u017cenie nikotyny:<\/strong>\u00a0Dost\u0119pne w czterech opcjach st\u0119\u017cenia: 0%, 2%, 3% i 5%<\/p>\n<p data-v-md-line=\"19\"><strong>Zastosowanie:<\/strong>\u00a0Wdech, aby aktywowa\u0107<\/p>\n<p data-v-md-line=\"21\"><strong>Metoda \u0142adowania:<\/strong>\u00a0Standardowy interfejs USB typu C<\/p>\n<p data-v-md-line=\"23\"><strong>Pojemno\u015b\u0107 e-liquidu:<\/strong>\u00a0Ca\u0142kowita pojemno\u015b\u0107 45 ml (15 ml x 3 komory na e-ciecz)<\/p>\n<p data-v-md-line=\"25\"><strong>Bateria:<\/strong>\u00a0Akumulator o pojemno\u015bci 650 mAh<\/p>\n<p data-v-md-line=\"27\"><strong>Status:<\/strong>\u00a0Gotowy do u\u017cycia po wyj\u0119ciu z pude\u0142ka<\/p>\n<h2 data-v-md-heading=\"complete-flavor-lineup\" data-v-md-line=\"29\">Pe\u0142na gama smak\u00f3w<\/h2>\n<p data-v-md-line=\"31\">Ka\u017cde urz\u0105dzenie jest fabrycznie wyposa\u017cone w trzy uzupe\u0142niaj\u0105ce si\u0119 wersje:<\/p>\n<ul data-v-md-line=\"33\">\n<li>Arbuz\/Czerwony Byk\/Truskawka Kiwi<\/li>\n<li>Lemon Lime\/Strawberry Watermelon\/Blueberry Ice<\/li>\n<li>Truskawka Banan\/Raspberry Arbuz\/Lemon Limonka<\/li>\n<li>Truskawka kiwi\/kwa\u015bne ananas mango\/Red Bull<\/li>\n<li>Owoce tropikalne \/ truskawki, arbuzy \/ brzoskwinie cytrynowe<\/li>\n<li>Ananas Kokos\/Truskawka Banan\/Bor\u00f3wka Malina<\/li>\n<li>Truskawka Malina\/Potr\u00f3jny Melon Miodowy\/Kwa\u015bne Mango Ananas<\/li>\n<li>Arbuz malina\/mango brzoskwinia\/truskawka kiwi<\/li>\n<li>Strawberry Vanilla Cola\/Blueberry Raspberry\/Lemon Lime<\/li>\n<li>Lody arbuzowe\/truskawkowe\/potr\u00f3jny arbuz<\/li>\n<\/ul>\n<h2 data-v-md-heading=\"tailored-for-you-and-your-business\" data-v-md-line=\"44\">Dostosowane do Ciebie i Twojej firmy<\/h2>\n<p data-v-md-line=\"46\">Uruchomili\u015bmy Bang King BK45 45000 trzy puszki vapes do osobistego zakupu. Je\u015bli jeste\u015b w\u0142a\u015bcicielem firmy i chcesz dostarcza\u0107 naprawd\u0119 wyj\u0105tkowe produkty, mo\u017cesz r\u00f3wnie\u017c sk\u0142ada\u0107 zam\u00f3wienia hurtowe. Produkt jest sprzedawany w opakowaniach hurtowych po 10 sztuk na pude\u0142ko, z zewn\u0119trznym pude\u0142kiem zawieraj\u0105cym 200 sztuk. Zapewniamy us\u0142ugi wysy\u0142ki DDP po op\u0142aceniu podatku u zaufanych partner\u00f3w, takich jak UPS, DPD i DHL, zapewniaj\u0105c szybk\u0105 dostaw\u0119 zam\u00f3wienia bez martwienia si\u0119 o op\u0142aty celne. Ten produkt sprawi, \u017ce klienci b\u0119d\u0105 wraca\u0107, nie tylko w celu uzupe\u0142nienia e-liquidu, ale tak\u017ce w celu wypr\u00f3bowania r\u00f3\u017cnych kombinacji smakowych.<\/p>\n<h2 data-v-md-heading=\"reasons-why-you-will-like-it\" data-v-md-line=\"48\">Powody, dla kt\u00f3rych Ci si\u0119 spodoba<\/h2>\n<p data-v-md-line=\"50\"><strong>Trzy w jednym smaku:<\/strong>\u00a0Nie musisz nosi\u0107 ze sob\u0105 wielu urz\u0105dze\u0144, mo\u017cesz prze\u0142\u0105cza\u0107 si\u0119 mi\u0119dzy r\u00f3\u017cnymi smakami przez ca\u0142y dzie\u0144<\/p>\n<p data-v-md-line=\"52\"><strong>Ponad 45000 zaci\u0105gni\u0119\u0107:<\/strong>\u00a0Jedno urz\u0105dzenie mo\u017ce zaspokoi\u0107 potrzeby u\u017cytkownika przez wiele tygodni.<\/p>\n<p data-v-md-line=\"54\"><strong>Wyb\u00f3r st\u0119\u017cenia nikotyny:<\/strong>\u00a0St\u0119\u017cenie nikotyny od 0% do 5% spe\u0142niaj\u0105ce indywidualne potrzeby u\u017cytkownika<\/p>\n<p data-v-md-line=\"56\"><strong>Akumulator:<\/strong>\u00a0Wykorzystaj w pe\u0142ni ka\u017cd\u0105 kropl\u0119 45 ml e-liquidu.<\/p>\n<p data-v-md-line=\"58\"><strong>Technologia cewki siatkowej:<\/strong>\u00a0Sta\u0142y, bogaty smak od pierwszego do ostatniego k\u0119sa<\/p>\n<p data-v-md-line=\"60\"><strong>\u0141atwe prze\u0142\u0105czanie:<\/strong>\u00a0Wystarczy przekr\u0119ci\u0107, aby zmieni\u0107 smak - czysto i wydajnie, \u0142atwo i wygodnie<\/p>\n<h2 data-v-md-heading=\"why-choose-to-collaborate-with-agoravape\" data-v-md-line=\"62\">Dlaczego warto zdecydowa\u0107 si\u0119 na wsp\u00f3\u0142prac\u0119 z AgoraVape?<\/h2>\n<p data-v-md-line=\"64\">Jako jeden z najbardziej zaufanych dystrybutor\u00f3w vape w Europie, sprzedajemy wy\u0142\u0105cznie oryginalne produkty 100%. Dla naszych klient\u00f3w korporacyjnych oznacza to, \u017ce mo\u017cesz cieszy\u0107 si\u0119 \u015bwietnymi cenami hurtowymi Bang King BK45, niezawodnym wsparciem posprzeda\u017cowym oraz szybkimi i niezawodnymi us\u0142ugami dostawy obejmuj\u0105cymi ca\u0142\u0105 Europ\u0119. To nie tylko zwyk\u0142y produkt vape, ale tak\u017ce innowacyjne dzie\u0142o, kt\u00f3re mo\u017ce naprawd\u0119 ekscytowa\u0107 klient\u00f3w. Skontaktuj si\u0119 z nami natychmiast i zosta\u0144 dystrybutorem tego najlepiej sprzedaj\u0105cego si\u0119 produktu!<\/p>\n<p><script src=\"chrome-extension:\/\/fpelahbljekknahkcaegamhcndkfpfnc\/iFrame.js\" type=\"text\/javascript\"><\/script><\/p>","protected":false},"excerpt":{"rendered":"<p>&nbsp;<\/p>\n<p><script src=\"chrome-extension:\/\/fpelahbljekknahkcaegamhcndkfpfnc\/iFrame.js\" type=\"text\/javascript\"><\/script><\/p>\n<p><script src=\"chrome-extension:\/\/fpelahbljekknahkcaegamhcndkfpfnc\/iFrame.js\" type=\"text\/javascript\"><\/script><\/p>\n<p><script src=\"chrome-extension:\/\/fpelahbljekknahkcaegamhcndkfpfnc\/iFrame.js\" type=\"text\/javascript\"><\/script><\/p>\n<p><script src=\"chrome-extension:\/\/fpelahbljekknahkcaegamhcndkfpfnc\/iFrame.js\" type=\"text\/javascript\"><\/script><\/p>\n<p><script src=\"chrome-extension:\/\/fpelahbljekknahkcaegamhcndkfpfnc\/iFrame.js\" type=\"text\/javascript\"><\/script><\/p>\n<p><script src=\"chrome-extension:\/\/fpelahbljekknahkcaegamhcndkfpfnc\/iFrame.js\" type=\"text\/javascript\"><\/script><\/p>","protected":false},"featured_media":19880,"comment_status":"open","ping_status":"closed","template":"","meta":[],"product_brand":[197],"product_cat":[124,187,185,189,1640,123,176,195,174,175,191,173,186,180,190],"product_tag":[],"class_list":{"0":"post-19860","1":"product","2":"type-product","3":"status-publish","4":"has-post-thumbnail","6":"product_brand-bang","7":"product_cat-vape-by-brand","8":"product_cat-0mg-nicotine-free-vapes","9":"product_cat-10000-puffs-high-capacity","10":"product_cat-20mg-standard-nicotine-vapes","11":"product_cat-45000-puffs","12":"product_cat-bang","13":"product_cat-beverage","14":"product_cat-dual-flavor-switch","15":"product_cat-fruit-flavors","16":"product_cat-icy-mint","17":"product_cat-rechargeable-disposables","18":"product_cat-vape-by-flavor-profile","19":"product_cat-vape-by-nicotine-strength","20":"product_cat-vape-by-puff-count","21":"product_cat-vape-by-feature-or-type","23":"first","24":"onbackorder","25":"shipping-taxable","26":"purchasable","27":"product-type-variable","28":"has-default-attributes"},"tiered_pricing_type":"percentage","tiered_pricing_fixed_rules":[],"tiered_pricing_product_settings":{"layout":"default","base_unit_name":{"singular":null,"plural":null},"default_variation":null},"tiered_pricing_minimum_quantity":10,"tiered_pricing_roles_data":[],"tiered_pricing_percentage_rules":{"30":"29","50":"35","100":"40","200":"44","500":"47","1000":"49"},"tiered_pricing_maximum_quantity":null,"tiered_pricing_quantity_step":"10","_links":{"self":[{"href":"https:\/\/agoravape.com\/pl\/wp-json\/wp\/v2\/product\/19860","targetHints":{"allow":["GET"]}}],"collection":[{"href":"https:\/\/agoravape.com\/pl\/wp-json\/wp\/v2\/product"}],"about":[{"href":"https:\/\/agoravape.com\/pl\/wp-json\/wp\/v2\/types\/product"}],"replies":[{"embeddable":true,"href":"https:\/\/agoravape.com\/pl\/wp-json\/wp\/v2\/comments?post=19860"}],"version-history":[{"count":0,"href":"https:\/\/agoravape.com\/pl\/wp-json\/wp\/v2\/product\/19860\/revisions"}],"wp:featuredmedia":[{"embeddable":true,"href":"https:\/\/agoravape.com\/pl\/wp-json\/wp\/v2\/media\/19880"}],"wp:attachment":[{"href":"https:\/\/agoravape.com\/pl\/wp-json\/wp\/v2\/media?parent=19860"}],"wp:term":[{"taxonomy":"product_brand","embeddable":true,"href":"https:\/\/agoravape.com\/pl\/wp-json\/wp\/v2\/product_brand?post=19860"},{"taxonomy":"product_cat","embeddable":true,"href":"https:\/\/agoravape.com\/pl\/wp-json\/wp\/v2\/product_cat?post=19860"},{"taxonomy":"product_tag","embeddable":true,"href":"https:\/\/agoravape.com\/pl\/wp-json\/wp\/v2\/product_tag?post=19860"}],"curies":[{"name":"wp","href":"https:\/\/api.w.org\/{rel}","templated":true}]}}