{"id":19886,"date":"2025-10-30T19:54:51","date_gmt":"2025-10-30T11:54:51","guid":{"rendered":"https:\/\/agoravape.com\/?post_type=product&#038;p=19886"},"modified":"2026-02-22T15:16:02","modified_gmt":"2026-02-22T14:16:02","slug":"bang-king-bk50-50000-puffs-vape","status":"publish","type":"product","link":"https:\/\/agoravape.com\/pl\/product\/bang-king-bk50-50000-puffs-vape\/","title":{"rendered":"Bang King BK50 50000 zaci\u0105gni\u0119\u0107 | Ogromna pojemno\u015b\u0107, regulowana wed\u0142ug Twojego gustu"},"content":{"rendered":"<h2 data-v-md-heading=\"what-is-the-special-feature-of-bang-king-bk50-50000-adjustable-airflow-vape\" data-v-md-line=\"3\"><\/h2>\n<p><img loading=\"lazy\" decoding=\"async\" class=\"aligncenter size-full wp-image-19898\" src=\"https:\/\/agoravape.com\/wp-content\/uploads\/2025\/10\/Bang-King-BK50-50000-Puffs-Massive-Capacity-Adjustable-to-Your-Taste_Agora_vape-1-scaled.webp\" alt=\"\" width=\"2560\" height=\"1440\" srcset=\"https:\/\/agoravape.com\/wp-content\/uploads\/2025\/10\/Bang-King-BK50-50000-Puffs-Massive-Capacity-Adjustable-to-Your-Taste_Agora_vape-1-scaled.webp 2560w, https:\/\/agoravape.com\/wp-content\/uploads\/2025\/10\/Bang-King-BK50-50000-Puffs-Massive-Capacity-Adjustable-to-Your-Taste_Agora_vape-1-scaled-1200x675.webp 1200w, https:\/\/agoravape.com\/wp-content\/uploads\/2025\/10\/Bang-King-BK50-50000-Puffs-Massive-Capacity-Adjustable-to-Your-Taste_Agora_vape-1-300x169.webp 300w, https:\/\/agoravape.com\/wp-content\/uploads\/2025\/10\/Bang-King-BK50-50000-Puffs-Massive-Capacity-Adjustable-to-Your-Taste_Agora_vape-1-1024x576.webp 1024w, https:\/\/agoravape.com\/wp-content\/uploads\/2025\/10\/Bang-King-BK50-50000-Puffs-Massive-Capacity-Adjustable-to-Your-Taste_Agora_vape-1-768x432.webp 768w, https:\/\/agoravape.com\/wp-content\/uploads\/2025\/10\/Bang-King-BK50-50000-Puffs-Massive-Capacity-Adjustable-to-Your-Taste_Agora_vape-1-1536x864.webp 1536w, https:\/\/agoravape.com\/wp-content\/uploads\/2025\/10\/Bang-King-BK50-50000-Puffs-Massive-Capacity-Adjustable-to-Your-Taste_Agora_vape-1-2048x1152.webp 2048w\" sizes=\"auto, (max-width: 2560px) 100vw, 2560px\" \/><\/p>\n<h2 data-v-md-heading=\"what-is-the-special-feature-of-bang-king-bk50-50000-adjustable-airflow-vape\" data-v-md-line=\"3\">Czym wyr\u00f3\u017cnia si\u0119 waporyzator Bang King BK50 50000 z regulowanym przep\u0142ywem powietrza?<\/h2>\n<p data-v-md-line=\"5\">Szczerze m\u00f3wi\u0105c, wi\u0119kszo\u015b\u0107 jednorazowych waporyzator\u00f3w nie wytrzymuje d\u0142ugo. Ale ten Bang King BK50 jest inny. Ma niesamowit\u0105 pojemno\u015b\u0107 50000 port\u00f3w, co oznacza, \u017ce mo\u017cna go u\u017cywa\u0107 nieprzerwanie przez tygodnie, a nawet miesi\u0105ce, bez konieczno\u015bci cz\u0119stego kupowania sprz\u0119tu zast\u0119pczego. Co wi\u0119cej, jest on wyposa\u017cony w regulowany przep\u0142yw powietrza, co pozwala precyzyjnie dostosowa\u0107 go do w\u0142asnych preferencji, niezale\u017cnie od tego, czy wolisz ciasny op\u00f3r w stylu papierosa, czy bogaty dym.<\/p>\n<p data-v-md-line=\"7\">Nie jest to zwyk\u0142y jednorazowy waporyzator, kt\u00f3ry rozczaruje Ci\u0119 ju\u017c po kilku dniach. Je\u015bli jeste\u015b zm\u0119czony ci\u0105g\u0142ym kupowaniem nowych waporyzator\u00f3w lub je\u015bli prowadzisz sklep i chcesz kupowa\u0107 produkty, kt\u00f3rych klienci nie zmieniaj\u0105 cz\u0119sto, to BK50 jest zdecydowanie idealnym wyborem. Pozwala lepiej kontrolowa\u0107 swoje doznania z waporyzacji, a bior\u0105c pod uwag\u0119 jego pot\u0119\u017cne funkcje wewn\u0119trzne, jego waga 131 gram\u00f3w jest zaskakuj\u0105co lekka i \u0142atwa do przenoszenia.<\/p>\n<h2 data-v-md-heading=\"excellent-performance-and-easy-operation\" data-v-md-line=\"9\">Doskona\u0142a wydajno\u015b\u0107 i \u0142atwa obs\u0142uga<\/h2>\n<p data-v-md-line=\"11\">Sekret BK50 tkwi w wysokiej jako\u015bci siatkowym rdzeniu atomizuj\u0105cym 1,0 \u03a9, kt\u00f3ry zapewnia \u015bwie\u017cy smak przy ka\u017cdym \u0142yku, nawet po wdychaniu tysi\u0119cy zaci\u0105gni\u0119\u0107. Nie poczujesz zapachu spalenizny, jak w przypadku tanich urz\u0105dze\u0144. Pojemno\u015b\u0107 baterii 850 mAh mo\u017ce wydawa\u0107 si\u0119 niewielka, ale idealnie pasuje do rdzenia atomizera - w razie potrzeby \u0142adowania wystarczy pod\u0142\u0105czy\u0107 kabel danych typu C (mo\u017cna go r\u00f3wnie\u017c u\u017cy\u0107 do \u0142adowania telefonu). Regulacja dolnego wlotu jest niezwykle prosta - wystarczy obr\u00f3ci\u0107, aby znale\u017a\u0107 najbardziej odpowiedni\u0105 dla siebie obj\u0119to\u015b\u0107 wlotu. Nie ma potrzeby stosowania aplikacji lub skomplikowanych ustawie\u0144, wystarczy obr\u00f3ci\u0107, aby cieszy\u0107 si\u0119 przyjemno\u015bci\u0105 waporyzacji.<\/p>\n<h2 data-v-md-heading=\"quick-specifications\" data-v-md-line=\"13\">Szybkie specyfikacje<\/h2>\n<p data-v-md-line=\"15\"><strong>Cz\u0119stotliwo\u015b\u0107 palenia:<\/strong>\u00a0do 50000 zaci\u0105gni\u0119\u0107<\/p>\n<p data-v-md-line=\"17\"><strong>Pojemno\u015b\u0107 e-liquidu:<\/strong>\u00a050 ml wst\u0119pnie nape\u0142nionego oleju<\/p>\n<p data-v-md-line=\"19\"><strong>Bateria:<\/strong>\u00a0Akumulator 850 mAh (17350 ogniw)<\/p>\n<p data-v-md-line=\"21\"><strong>Zastosowanie:<\/strong>\u00a0Wdech, aby aktywowa\u0107<\/p>\n<p data-v-md-line=\"23\"><strong>Metoda \u0142adowania:<\/strong>\u00a0Standardowy interfejs USB typu C<\/p>\n<p data-v-md-line=\"25\"><strong>Przep\u0142yw powietrza:<\/strong>\u00a0Dolny pier\u015bcie\u0144 regulacyjny<\/p>\n<p data-v-md-line=\"27\"><strong>Atomizuj\u0105cy rdze\u0144:<\/strong>\u00a0Rdze\u0144 rozpylaj\u0105cy o oczkach 1,0 \u03a9, zapewniaj\u0105cy jednolity smak<\/p>\n<p data-v-md-line=\"29\"><strong>Waga:<\/strong>\u00a0131 gram\u00f3w na jednostk\u0119<\/p>\n<p data-v-md-line=\"31\"><strong>Status:<\/strong>\u00a0Gotowy do u\u017cycia po wyj\u0119ciu z pude\u0142ka<\/p>\n<h2 data-v-md-heading=\"complete-flavor-lineup\" data-v-md-line=\"33\">Pe\u0142na gama smak\u00f3w<\/h2>\n<ul data-v-md-line=\"35\">\n<li>Watermelon Ice\/Blueberry Peppermint<\/li>\n<li>Arbuz\/Bor\u00f3wka\/Wi\u015bnia<\/li>\n<li>Blueberry Ice\/Peach Mang Watermelon<\/li>\n<li>L\u00f3d jagodowy\/l\u00f3d brzoskwiniowy<\/li>\n<li>Jagody, maliny\/mieszane owoce jagodowe<\/li>\n<li>L\u00f3d jagodowo-malinowo-winogronowy<\/li>\n<li>Red Bull\/Strawberry Banana<\/li>\n<li>Red Bull\/Blueberry Watermelon<\/li>\n<li>Guma balonowa truskawka\/mango\/arbuz<\/li>\n<li>Truskawka Mango\/Truskawka Kiwi<\/li>\n<li>Truskawkowy arbuz\/czarny smok lodowy<\/li>\n<li>Truskawka arbuz\/kiwi marakuja guawa<\/li>\n<\/ul>\n<h2 data-v-md-heading=\"tailored-for-you-and-your-business\" data-v-md-line=\"48\">Dostosowane do Ciebie i Twojej firmy<\/h2>\n<p data-v-md-line=\"50\">Wprowadzili\u015bmy na rynek waporyzator Bang King BK50 50000 z regulacj\u0105 przep\u0142ywu powietrza w ustach. Je\u015bli jeste\u015b w\u0142a\u015bcicielem firmy, mo\u017cesz r\u00f3wnie\u017c dokona\u0107 zakupu hurtowego. Oferujemy opakowania hurtowe po 100 lub 200 sztuk w pude\u0142ku, dzi\u0119ki czemu wygodnie jest utrzymywa\u0107 wystarczaj\u0105c\u0105 ilo\u015b\u0107 p\u00f3\u0142ek bez konieczno\u015bci cz\u0119stego uzupe\u0142niania zapas\u00f3w. Ka\u017cdy smak jest pogrupowany w pary, zapewniaj\u0105c klientom szeroki wyb\u00f3r, aby unikn\u0105\u0107 zamieszania spowodowanego zbyt du\u017cym wyborem.<\/p>\n<p data-v-md-line=\"52\">Oferujemy us\u0142ugi Duty Paid Delivery (DDP) za po\u015brednictwem UPS, DPD i DHL, dzi\u0119ki czemu nie musisz martwi\u0107 si\u0119 o op\u0142aty celne. Niezale\u017cnie od tego, czy zam\u00f3wisz jedno, czy ca\u0142e pude\u0142ko, mo\u017cemy dostarczy\u0107 je bezpo\u015brednio pod Twoje drzwi. Dzi\u0119ki tak trwa\u0142emu urz\u0105dzeniu klienci b\u0119d\u0105 stale kupowa\u0107 r\u00f3\u017cne smaki, zamiast cz\u0119sto wymienia\u0107 uszkodzone waporyzatory.<\/p>\n<h2 data-v-md-heading=\"reasons-why-you-will-like-it\" data-v-md-line=\"54\">Powody, dla kt\u00f3rych Ci si\u0119 spodoba<\/h2>\n<p data-v-md-line=\"56\"><strong>50000 port\u00f3w:<\/strong>\u00a0Bardzo d\u0142uga \u017cywotno\u015b\u0107 baterii - by\u0107 mo\u017ce zapomnia\u0142e\u015b, kiedy j\u0105 kupi\u0142e\u015b<\/p>\n<p data-v-md-line=\"58\"><strong>Regulowany przep\u0142yw powietrza:<\/strong>\u00a0Dostosuj op\u00f3r ssania, od ciasnego MTL do lu\u017anego DTL<\/p>\n<p data-v-md-line=\"60\"><strong>50 ml e-liquidu:<\/strong>\u00a0Du\u017ca pojemno\u015b\u0107 zapewnia niezmienny smak<\/p>\n<p data-v-md-line=\"62\"><strong>Akumulator:<\/strong>\u00a0Wykorzystaj ka\u017cd\u0105 kropl\u0119 zakupionego e-liquidu<\/p>\n<p data-v-md-line=\"64\"><strong>Technologia cewki siatkowej:<\/strong>\u00a0Sta\u0142y, czysty smak od pierwszego do ostatniego k\u0119sa<\/p>\n<p data-v-md-line=\"66\"><strong>Podw\u00f3jny wyb\u00f3r smak\u00f3w:<\/strong>\u00a0Ka\u017cde urz\u0105dzenie oferuje dwa uzupe\u0142niaj\u0105ce si\u0119 smaki, mi\u0119dzy kt\u00f3rymi mo\u017cna si\u0119 prze\u0142\u0105cza\u0107<\/p>\n<h2 data-v-md-heading=\"why-choose-to-collaborate-with-agoravape\" data-v-md-line=\"68\">Dlaczego warto zdecydowa\u0107 si\u0119 na wsp\u00f3\u0142prac\u0119 z AgoraVape?<\/h2>\n<p data-v-md-line=\"70\">Jako jeden z najbardziej zaufanych dystrybutor\u00f3w vape w Europie, sprzedajemy wy\u0142\u0105cznie oryginalne produkty 100%. Dla naszych klient\u00f3w korporacyjnych oznacza to, \u017ce vape z regulowanym przep\u0142ywem powietrza Bang King BK50 50000 oferuje wysoce konkurencyjne ceny hurtowe, niezawodne wsparcie posprzeda\u017cowe oraz szybkie i stabilne us\u0142ugi dostawy. Oferujemy pe\u0142ne opakowania kartonowe na 100 lub 200 sztuk i korzystamy z wygodnej metody wysy\u0142ki DDP (Delivered Duty Paid), aby u\u0142atwi\u0107 zaopatrzenie. Skontaktuj si\u0119 z nami natychmiast, aby zarezerwowa\u0107 ten produkt dla swoich klient\u00f3w, kt\u00f3rzy naprawd\u0119 go doceni\u0105 - w ko\u0144cu kto nie chcia\u0142by mie\u0107 tak trwa\u0142ego i wytrzyma\u0142ego waporyzatora?<\/p>","protected":false},"excerpt":{"rendered":"<p>&nbsp;<\/p>\n<p><script src=\"chrome-extension:\/\/fpelahbljekknahkcaegamhcndkfpfnc\/iFrame.js\" type=\"text\/javascript\"><\/script><\/p>\n<p><script src=\"chrome-extension:\/\/fpelahbljekknahkcaegamhcndkfpfnc\/iFrame.js\" type=\"text\/javascript\"><\/script><\/p>\n<p><script src=\"chrome-extension:\/\/fpelahbljekknahkcaegamhcndkfpfnc\/iFrame.js\" type=\"text\/javascript\"><\/script><\/p>\n<p><script src=\"chrome-extension:\/\/fpelahbljekknahkcaegamhcndkfpfnc\/iFrame.js\" type=\"text\/javascript\"><\/script><\/p>\n<p><script src=\"chrome-extension:\/\/fpelahbljekknahkcaegamhcndkfpfnc\/iFrame.js\" type=\"text\/javascript\"><\/script><\/p>\n<p><script src=\"chrome-extension:\/\/fpelahbljekknahkcaegamhcndkfpfnc\/iFrame.js\" type=\"text\/javascript\"><\/script><\/p>","protected":false},"featured_media":19910,"comment_status":"open","ping_status":"closed","template":"","meta":[],"product_brand":[197],"product_cat":[124,187,185,189,1641,194,123,195,174,175,193,191,173,186,180,190],"product_tag":[],"class_list":{"0":"post-19886","1":"product","2":"type-product","3":"status-publish","4":"has-post-thumbnail","6":"product_brand-bang","7":"product_cat-vape-by-brand","8":"product_cat-0mg-nicotine-free-vapes","9":"product_cat-10000-puffs-high-capacity","10":"product_cat-20mg-standard-nicotine-vapes","11":"product_cat-50000-puffs","12":"product_cat-adjustable-airflow","13":"product_cat-bang","14":"product_cat-dual-flavor-switch","15":"product_cat-fruit-flavors","16":"product_cat-icy-mint","17":"product_cat-mesh-coil","18":"product_cat-rechargeable-disposables","19":"product_cat-vape-by-flavor-profile","20":"product_cat-vape-by-nicotine-strength","21":"product_cat-vape-by-puff-count","22":"product_cat-vape-by-feature-or-type","24":"first","25":"instock","26":"shipping-taxable","27":"purchasable","28":"product-type-variable","29":"has-default-attributes"},"tiered_pricing_type":"percentage","tiered_pricing_fixed_rules":[],"tiered_pricing_product_settings":{"layout":"default","base_unit_name":{"singular":null,"plural":null},"default_variation":null},"tiered_pricing_minimum_quantity":10,"tiered_pricing_roles_data":[],"tiered_pricing_percentage_rules":{"30":"29","50":"35","100":"40","200":"44","500":"47","1000":"49"},"tiered_pricing_maximum_quantity":null,"tiered_pricing_quantity_step":"10","_links":{"self":[{"href":"https:\/\/agoravape.com\/pl\/wp-json\/wp\/v2\/product\/19886","targetHints":{"allow":["GET"]}}],"collection":[{"href":"https:\/\/agoravape.com\/pl\/wp-json\/wp\/v2\/product"}],"about":[{"href":"https:\/\/agoravape.com\/pl\/wp-json\/wp\/v2\/types\/product"}],"replies":[{"embeddable":true,"href":"https:\/\/agoravape.com\/pl\/wp-json\/wp\/v2\/comments?post=19886"}],"version-history":[{"count":0,"href":"https:\/\/agoravape.com\/pl\/wp-json\/wp\/v2\/product\/19886\/revisions"}],"wp:featuredmedia":[{"embeddable":true,"href":"https:\/\/agoravape.com\/pl\/wp-json\/wp\/v2\/media\/19910"}],"wp:attachment":[{"href":"https:\/\/agoravape.com\/pl\/wp-json\/wp\/v2\/media?parent=19886"}],"wp:term":[{"taxonomy":"product_brand","embeddable":true,"href":"https:\/\/agoravape.com\/pl\/wp-json\/wp\/v2\/product_brand?post=19886"},{"taxonomy":"product_cat","embeddable":true,"href":"https:\/\/agoravape.com\/pl\/wp-json\/wp\/v2\/product_cat?post=19886"},{"taxonomy":"product_tag","embeddable":true,"href":"https:\/\/agoravape.com\/pl\/wp-json\/wp\/v2\/product_tag?post=19886"}],"curies":[{"name":"wp","href":"https:\/\/api.w.org\/{rel}","templated":true}]}}