{"id":19940,"date":"2025-10-30T21:17:39","date_gmt":"2025-10-30T13:17:39","guid":{"rendered":"https:\/\/agoravape.com\/?post_type=product&#038;p=19940"},"modified":"2026-02-22T15:14:30","modified_gmt":"2026-02-22T14:14:30","slug":"bang-king-85000-puffs-triple-mesh-vape","status":"publish","type":"product","link":"https:\/\/agoravape.com\/pl\/product\/bang-king-85000-puffs-triple-mesh-vape\/","title":{"rendered":"Bang King 85000 | Vape, kt\u00f3ry po prostu nie przestaje dzia\u0142a\u0107"},"content":{"rendered":"<h2 data-v-md-heading=\"what-is-the-special-feature-of-bang-king-85000-three-network-atomizer-core-vape\" data-v-md-line=\"3\"><img loading=\"lazy\" decoding=\"async\" class=\"size-full wp-image-19954 alignright\" src=\"https:\/\/agoravape.com\/wp-content\/uploads\/2025\/10\/Bang-King-85000-The-Vape-That-Just-Keeps-Going_Agora_vape-1.webp\" alt=\"\" width=\"800\" height=\"800\" srcset=\"https:\/\/agoravape.com\/wp-content\/uploads\/2025\/10\/Bang-King-85000-The-Vape-That-Just-Keeps-Going_Agora_vape-1.webp 800w, https:\/\/agoravape.com\/wp-content\/uploads\/2025\/10\/Bang-King-85000-The-Vape-That-Just-Keeps-Going_Agora_vape-1-600x600.webp 600w, https:\/\/agoravape.com\/wp-content\/uploads\/2025\/10\/Bang-King-85000-The-Vape-That-Just-Keeps-Going_Agora_vape-1-300x300.webp 300w, https:\/\/agoravape.com\/wp-content\/uploads\/2025\/10\/Bang-King-85000-The-Vape-That-Just-Keeps-Going_Agora_vape-1-150x150.webp 150w, https:\/\/agoravape.com\/wp-content\/uploads\/2025\/10\/Bang-King-85000-The-Vape-That-Just-Keeps-Going_Agora_vape-1-768x768.webp 768w\" sizes=\"auto, (max-width: 800px) 100vw, 800px\" \/><\/h2>\n<h2 data-v-md-heading=\"what-is-the-special-feature-of-bang-king-85000-three-network-atomizer-core-vape\" data-v-md-line=\"3\">Czym wyr\u00f3\u017cnia si\u0119 Bang King 85000 z trzema atomizerami sieciowymi?<\/h2>\n<p data-v-md-line=\"5\">Dobra, porozmawiajmy o nieco szalonym produkcie - vape z 85000 zaci\u0105gni\u0119\u0107. Wiem, co sobie my\u015blisz: \u2018Czy to niemo\u017cliwe?\u2019. Ale faktem jest, \u017ce \u017cywotno\u015b\u0107 Bang King 85000 wynosi kilka miesi\u0119cy, a nie tygodni. Je\u015bli jeste\u015b zm\u0119czony ci\u0105g\u0142ym kupowaniem nowych urz\u0105dze\u0144 lub po prostu chcesz niezawodnego produktu, kt\u00f3ry nie spadnie, gdy b\u0119dziesz go najbardziej potrzebowa\u0107, to jest to idealny wyb\u00f3r dla Ciebie.<\/p>\n<p data-v-md-line=\"7\">Dzi\u0119ki trzem siatkom rozpylaj\u0105cym i bardzo du\u017cej pojemno\u015bci 63 ml e-liquidu, nie jest to zwyk\u0142y waporyzator. Zapewnia on raczej d\u0142ugotrwa\u0142e doznania vape z najwy\u017cszej p\u00f3\u0142ki. Co wi\u0119cej, mo\u017cna go \u0142adowa\u0107 - w ko\u0144cu nie mo\u017cna opr\u00f3\u017cni\u0107 85000 port\u00f3w na jednym \u0142adowaniu!<\/p>\n<h2 data-v-md-heading=\"excellent-performance-easy-and-convenient\" data-v-md-line=\"9\">Doskona\u0142a wydajno\u015b\u0107, \u0142atwo\u015b\u0107 i wygoda<\/h2>\n<p data-v-md-line=\"11\">Sekret tego produktu tkwi w systemie trzech cewek siatkowych. Nie jest on obs\u0142ugiwany niezale\u017cnie przez pojedyncz\u0105 cewk\u0119, ale przez trzy cewki pracuj\u0105ce razem z rezystancj\u0105 1,0 \u03a9. Co to oznacza dla Ciebie? To proste - od pierwszego ugryzienia do 85000 ugryzie\u0144, ka\u017cdy k\u0119s ma \u015bwie\u017cy i \u0142agodny smak. Pojemno\u015b\u0107 baterii 600 mAh mo\u017ce nie wydawa\u0107 si\u0119 du\u017ca, ale jest wystarczaj\u0105ca do regularnego \u0142adowania za pomoc\u0105 kabla do transmisji danych typu C - tak jak w przypadku kabla do transmisji danych u\u017cywanego do \u0142adowania telefonu. Nie ma potrzeby stosowania specjalnych \u0142adowarek, jest to \u0142atwe i wygodne.<\/p>\n<h2 data-v-md-heading=\"quick-specifications\" data-v-md-line=\"13\">Szybkie specyfikacje<\/h2>\n<p data-v-md-line=\"15\"><strong>Cz\u0119stotliwo\u015b\u0107 palenia:<\/strong>\u00a0do 85000 zaci\u0105gni\u0119\u0107<\/p>\n<p data-v-md-line=\"17\"><strong>St\u0119\u017cenie nikotyny:<\/strong>\u00a02%<\/p>\n<p data-v-md-line=\"19\"><strong>Zastosowanie:<\/strong>\u00a0Wdech, aby aktywowa\u0107<\/p>\n<p data-v-md-line=\"21\"><strong>Metoda \u0142adowania:<\/strong>\u00a0Standardowy interfejs USB typu C<\/p>\n<p data-v-md-line=\"23\"><strong>Pojemno\u015b\u0107 e-liquidu:<\/strong>\u00a0Magazyn e-liquidu o du\u017cej pojemno\u015bci 63 ml<\/p>\n<p data-v-md-line=\"25\"><strong>Podstawowa technologia atomizacji:<\/strong>\u00a0Trzy rdzenie atomizuj\u0105ce z siatk\u0105 1,0 \u03a9<\/p>\n<p data-v-md-line=\"27\"><strong>Bateria:<\/strong>\u00a0Akumulator o pojemno\u015bci 600 mAh<\/p>\n<p data-v-md-line=\"29\"><strong>Rozmiar:<\/strong>\u00a045 \u00d7 45 \u00d7 130 mm (pot\u0119\u017cna funkcja, kompaktowy rozmiar! \uff09<\/p>\n<p data-v-md-line=\"31\"><strong>Status:<\/strong>\u00a0Gotowy do u\u017cycia po wyj\u0119ciu z pude\u0142ka<\/p>\n<h2 data-v-md-heading=\"rich-flavor-options\" data-v-md-line=\"33\">Bogate opcje smakowe<\/h2>\n<p data-v-md-line=\"35\">Bang King 85000 oferuje 16 r\u00f3\u017cnych kombinacji smakowych, z kt\u00f3rych ka\u017cda zawiera wiele opcji smakowych. Oto niekt\u00f3re smaki:<\/p>\n<ul data-v-md-line=\"37\">\n<li>Arbuz\/Czerwony Byk\/Truskawka Kiwi<\/li>\n<li>Ch\u0142odna mi\u0119ta\/brzoskwinia mango\/owoc tropikalny<\/li>\n<li>Woda jagodowo-malinowa\/r\u00f3\u017cowa woda cytrynowa\/ arbuz malinowy<\/li>\n<li>Strawberry Vanilla Cola\/Black Dragon Ice\/Peach Ice<\/li>\n<li>Love 66\/Banana Ice\/Strawberry Donut<\/li>\n<li>Coke Ice\/Cherry Coke\/Mr. Blue<\/li>\n<li>Podw\u00f3jne jab\u0142ko\/mieszanka owoc\u00f3w\/l\u00f3d ananasowy<\/li>\n<li>Litchi Ice\/Mango Ice\/Lemon Iced Tea<\/li>\n<li>Dost\u0119pnych jest wi\u0119cej kombinacji, w tym mieszane jagody, l\u00f3d winogronowy, pulchny l\u00f3d i kiwi z marakuj\u0105 i guaw\u0105<\/li>\n<\/ul>\n<h2 data-v-md-heading=\"for-you-and-your-business\" data-v-md-line=\"47\">Dla Ciebie i Twojego biznesu<\/h2>\n<p data-v-md-line=\"49\">Bang King 85000 jest ju\u017c dost\u0119pny do osobistego zakupu, ale je\u015bli jeste\u015b w\u0142a\u015bcicielem firmy i chcesz zaopatrzy\u0107 si\u0119 w naprawd\u0119 wyj\u0105tkowe produkty, oferujemy opakowania hurtowe po 200 sztuk. Ka\u017cde kartonowe pude\u0142ko jest wydajnie zapakowane (48 x 47 x 27,6 cm, ca\u0142kowita waga 26 kg), co u\u0142atwia przechowywanie i zarz\u0105dzanie zapasami. \u015awiadczymy us\u0142ugi Duty Paid Delivery (DDP) za po\u015brednictwem zaufanych partner\u00f3w, takich jak UPS, DPD i DHL, aby zapewni\u0107 bezpieczn\u0105 dostaw\u0119 wszystkich towar\u00f3w bez martwienia si\u0119 o op\u0142aty celne. Twoje zam\u00f3wienie mo\u017ce zosta\u0107 sprzedane lub wykorzystane po przybyciu.<\/p>\n<h2 data-v-md-heading=\"reasons-why-you-will-like-it\" data-v-md-line=\"51\">Powody, dla kt\u00f3rych Ci si\u0119 spodoba<\/h2>\n<p data-v-md-line=\"53\"><strong>85000 zaci\u0105gni\u0119\u0107:<\/strong>\u00a0Dla wi\u0119kszo\u015bci u\u017cytkownik\u00f3w jest to odpowiednik ponad 6 miesi\u0119cy korzystania z waporyzatora - \u015bwietna opcja.<\/p>\n<p data-v-md-line=\"55\"><strong>Cewka z potr\u00f3jn\u0105 siatk\u0105:<\/strong>\u00a0W por\u00f3wnaniu do urz\u0105dze\u0144 z pojedyncz\u0105 cewk\u0105, stabilno\u015b\u0107 smaku jest trzykrotnie wy\u017csza<\/p>\n<p data-v-md-line=\"57\"><strong>Zbiornik paliwa o bardzo du\u017cej pojemno\u015bci 63 ml:<\/strong>\u00a0Po\u017cegnaj si\u0119 z problemem ca\u0142kowitego wyczerpania e-liquidu<\/p>\n<p data-v-md-line=\"59\"><strong>\u0141adowanie typu C:<\/strong>\u00a0U\u017cywaj tego samego kabla do \u0142adowania, co wi\u0119kszo\u015b\u0107 nowoczesnych urz\u0105dze\u0144 - wygodnie i szybko<\/p>\n<p data-v-md-line=\"61\"><strong>2% Nikotyna:<\/strong>\u00a0Umiarkowane st\u0119\u017cenie nikotyny, kt\u00f3re zaspokaja potrzeby bez nadmiernego pobudzenia.<\/p>\n<p data-v-md-line=\"63\"><strong>Kompaktowa konstrukcja:<\/strong>\u00a0Pomimo ogromnej pojemno\u015bci, wa\u017cy zaledwie 120 gram\u00f3w i nadal jest wygodny do przenoszenia<\/p>\n<h2 data-v-md-heading=\"why-choose-agoravape\" data-v-md-line=\"65\">Dlaczego warto wybra\u0107 AgoraVape?<\/h2>\n<p data-v-md-line=\"67\">Jako jeden z najbardziej zaufanych dystrybutor\u00f3w vape w Europie, sprzedajemy wy\u0142\u0105cznie oryginalne produkty 100%. Dla naszych klient\u00f3w korporacyjnych oznacza to zni\u017cki cen hurtowych Bang King 85000, niezawodne wsparcie techniczne oraz szybkie i niezawodne us\u0142ugi dostawy obejmuj\u0105ce ca\u0142\u0105 Europ\u0119. Bang King 85000 to nie tylko zwyk\u0142y vape - mo\u017ce wywo\u0142a\u0107 dyskusj\u0119, a Twoi klienci z pewno\u015bci\u0105 podzi\u0119kuj\u0105 Ci za zakup. Skontaktuj si\u0119 z nami, aby doda\u0107 naprawd\u0119 wyj\u0105tkowy produkt do swojej linii produkt\u00f3w.<\/p>","protected":false},"excerpt":{"rendered":"<p>&nbsp;<\/p>\n<p><script src=\"chrome-extension:\/\/fpelahbljekknahkcaegamhcndkfpfnc\/iFrame.js\" type=\"text\/javascript\"><\/script><\/p>\n<p><script src=\"chrome-extension:\/\/fpelahbljekknahkcaegamhcndkfpfnc\/iFrame.js\" type=\"text\/javascript\"><\/script><\/p>\n<p><script src=\"chrome-extension:\/\/fpelahbljekknahkcaegamhcndkfpfnc\/iFrame.js\" type=\"text\/javascript\"><\/script><\/p>\n<p><script src=\"chrome-extension:\/\/fpelahbljekknahkcaegamhcndkfpfnc\/iFrame.js\" type=\"text\/javascript\"><\/script><\/p>\n<p><script src=\"chrome-extension:\/\/fpelahbljekknahkcaegamhcndkfpfnc\/iFrame.js\" type=\"text\/javascript\"><\/script><\/p>\n<p><script src=\"chrome-extension:\/\/fpelahbljekknahkcaegamhcndkfpfnc\/iFrame.js\" type=\"text\/javascript\"><\/script><\/p>","protected":false},"featured_media":19961,"comment_status":"open","ping_status":"closed","template":"","meta":[],"product_brand":[197],"product_cat":[124,187,185,189,123,176,177,195,174,175,193,191,173,186,180,190],"product_tag":[],"class_list":{"0":"post-19940","1":"product","2":"type-product","3":"status-publish","4":"has-post-thumbnail","6":"product_brand-bang","7":"product_cat-vape-by-brand","8":"product_cat-0mg-nicotine-free-vapes","9":"product_cat-10000-puffs-high-capacity","10":"product_cat-20mg-standard-nicotine-vapes","11":"product_cat-bang","12":"product_cat-beverage","13":"product_cat-dessert-sweets","14":"product_cat-dual-flavor-switch","15":"product_cat-fruit-flavors","16":"product_cat-icy-mint","17":"product_cat-mesh-coil","18":"product_cat-rechargeable-disposables","19":"product_cat-vape-by-flavor-profile","20":"product_cat-vape-by-nicotine-strength","21":"product_cat-vape-by-puff-count","22":"product_cat-vape-by-feature-or-type","24":"first","25":"instock","26":"shipping-taxable","27":"purchasable","28":"product-type-variable","29":"has-default-attributes"},"tiered_pricing_type":"percentage","tiered_pricing_fixed_rules":[],"tiered_pricing_product_settings":{"layout":"default","base_unit_name":{"singular":null,"plural":null},"default_variation":null},"tiered_pricing_minimum_quantity":10,"tiered_pricing_roles_data":[],"tiered_pricing_percentage_rules":{"30":"29","50":"35","100":"40","200":"44","500":"47","1000":"49"},"tiered_pricing_maximum_quantity":null,"tiered_pricing_quantity_step":"10","_links":{"self":[{"href":"https:\/\/agoravape.com\/pl\/wp-json\/wp\/v2\/product\/19940","targetHints":{"allow":["GET"]}}],"collection":[{"href":"https:\/\/agoravape.com\/pl\/wp-json\/wp\/v2\/product"}],"about":[{"href":"https:\/\/agoravape.com\/pl\/wp-json\/wp\/v2\/types\/product"}],"replies":[{"embeddable":true,"href":"https:\/\/agoravape.com\/pl\/wp-json\/wp\/v2\/comments?post=19940"}],"version-history":[{"count":0,"href":"https:\/\/agoravape.com\/pl\/wp-json\/wp\/v2\/product\/19940\/revisions"}],"wp:featuredmedia":[{"embeddable":true,"href":"https:\/\/agoravape.com\/pl\/wp-json\/wp\/v2\/media\/19961"}],"wp:attachment":[{"href":"https:\/\/agoravape.com\/pl\/wp-json\/wp\/v2\/media?parent=19940"}],"wp:term":[{"taxonomy":"product_brand","embeddable":true,"href":"https:\/\/agoravape.com\/pl\/wp-json\/wp\/v2\/product_brand?post=19940"},{"taxonomy":"product_cat","embeddable":true,"href":"https:\/\/agoravape.com\/pl\/wp-json\/wp\/v2\/product_cat?post=19940"},{"taxonomy":"product_tag","embeddable":true,"href":"https:\/\/agoravape.com\/pl\/wp-json\/wp\/v2\/product_tag?post=19940"}],"curies":[{"name":"wp","href":"https:\/\/api.w.org\/{rel}","templated":true}]}}