{"id":19980,"date":"2025-10-30T21:35:46","date_gmt":"2025-10-30T13:35:46","guid":{"rendered":"https:\/\/agoravape.com\/?post_type=product&#038;p=19980"},"modified":"2026-01-19T21:59:00","modified_gmt":"2026-01-19T13:59:00","slug":"bang-starry-25000-puffow-vape","status":"publish","type":"product","link":"https:\/\/agoravape.com\/pl\/product\/bang-starry-25000-puffs-vape\/","title":{"rendered":"Bang Starry 25000 | Ogromna liczba puff\u00f3w, zero k\u0142opot\u00f3w"},"content":{"rendered":"<h2 data-v-md-heading=\"what-is-the-special-feature-of-bang-starry-25000-rechargeable-mesh-coil-vape\" data-v-md-line=\"3\"><img loading=\"lazy\" decoding=\"async\" class=\"size-full wp-image-20029 aligncenter\" src=\"https:\/\/agoravape.com\/wp-content\/uploads\/2025\/10\/Bang-Starry-25000-Massive-Puff-Count-Zero-Hassle_Agora_vape-6-scaled.webp\" alt=\"\" width=\"1163\" height=\"2560\" srcset=\"https:\/\/agoravape.com\/wp-content\/uploads\/2025\/10\/Bang-Starry-25000-Massive-Puff-Count-Zero-Hassle_Agora_vape-6-scaled.webp 1163w, https:\/\/agoravape.com\/wp-content\/uploads\/2025\/10\/Bang-Starry-25000-Massive-Puff-Count-Zero-Hassle_Agora_vape-6-136x300.webp 136w, https:\/\/agoravape.com\/wp-content\/uploads\/2025\/10\/Bang-Starry-25000-Massive-Puff-Count-Zero-Hassle_Agora_vape-6-465x1024.webp 465w, https:\/\/agoravape.com\/wp-content\/uploads\/2025\/10\/Bang-Starry-25000-Massive-Puff-Count-Zero-Hassle_Agora_vape-6-768x1690.webp 768w, https:\/\/agoravape.com\/wp-content\/uploads\/2025\/10\/Bang-Starry-25000-Massive-Puff-Count-Zero-Hassle_Agora_vape-6-698x1536.webp 698w, https:\/\/agoravape.com\/wp-content\/uploads\/2025\/10\/Bang-Starry-25000-Massive-Puff-Count-Zero-Hassle_Agora_vape-6-931x2048.webp 931w, https:\/\/agoravape.com\/wp-content\/uploads\/2025\/10\/Bang-Starry-25000-Massive-Puff-Count-Zero-Hassle_Agora_vape-6-1200x2641.webp 1200w\" sizes=\"auto, (max-width: 1163px) 100vw, 1163px\" \/><\/h2>\n<h2 data-v-md-heading=\"what-is-the-special-feature-of-bang-starry-25000-rechargeable-mesh-coil-vape\" data-v-md-line=\"3\">Czym wyr\u00f3\u017cnia si\u0119 vape z cewk\u0105 siatkow\u0105 Bang Starry 25000?<\/h2>\n<p data-v-md-line=\"5\">Szczerze m\u00f3wi\u0105c, wi\u0119kszo\u015b\u0107 jednorazowych waporyzator\u00f3w jest przesadzona, ale po kilku dniach rozczarowuj\u0105. Bang Starry 25000 jest zupe\u0142nie inny. To urz\u0105dzenie ma niesamowit\u0105 \u017cywotno\u015b\u0107 baterii 25000 port\u00f3w, co nie jest typowym produktem, kt\u00f3ry rozczarowuje w \u015brody. Jest przeznaczony dla tych, kt\u00f3rzy maj\u0105 nadziej\u0119, \u017ce waporyzatory nad\u0105\u017c\u0105 za tempem \u017cycia, zamiast by\u0107 przez nie ograniczane.<\/p>\n<p data-v-md-line=\"7\">Co wi\u0119cej, mo\u017ce si\u0119 wydawa\u0107, \u017ce urz\u0105dzenie o \u017cywotno\u015bci baterii 25000 powinno by\u0107 niepor\u0119czne jak ceg\u0142a, ale Bang Starry z \u0142atwo\u015bci\u0105 zmie\u015bci si\u0119 w kieszeni. Dla tych, kt\u00f3rzy s\u0105 zm\u0119czeni ci\u0105g\u0142ym kupowaniem nowych urz\u0105dze\u0144 lub zajmowaniem si\u0119 skomplikowanymi ustawieniami, jest to idealny wyb\u00f3r. Wystarczy wybra\u0107 sw\u00f3j ulubiony smak i cieszy\u0107 si\u0119 nim przez wiele tygodni.<\/p>\n<h2 data-v-md-heading=\"excellent-performance-easy-and-convenient\" data-v-md-line=\"9\">Doskona\u0142a wydajno\u015b\u0107, \u0142atwo\u015b\u0107 i wygoda<\/h2>\n<p data-v-md-line=\"11\">Sekret niezmiennie bogatego smaku? Siatkowy rdze\u0144 rozpylaj\u0105cy 1,1 \u03a9 zapewnia, \u017ce ka\u017cdy k\u0119s jest tak \u015bwie\u017cy jak pierwszy - niezale\u017cnie od tego, czy zaci\u0105gn\u0105\u0142e\u015b si\u0119 10 czy 10000 zaci\u0105gni\u0119ciami. Pojemno\u015b\u0107 28 ml e-liquidu pozwala cieszy\u0107 si\u0119 p\u0142ynnymi doznaniami, a bateria 800 mAh ma d\u0142ug\u0105 \u017cywotno\u015b\u0107, wi\u0119c nie musisz si\u0119 martwi\u0107 o wyczerpanie baterii. W razie potrzeby \u0142adowania wystarczy u\u017cy\u0107 kabla do transmisji danych typu C - tak jak w przypadku \u0142adowania telefonu. Prosty i wygodny.<\/p>\n<h2 data-v-md-heading=\"product-specifications\" data-v-md-line=\"13\">Specyfikacja produktu<\/h2>\n<p data-v-md-line=\"15\"><strong>Cz\u0119stotliwo\u015b\u0107 palenia:<\/strong>\u00a0do 25000 zaci\u0105gni\u0119\u0107<\/p>\n<p data-v-md-line=\"17\"><strong>Pojemno\u015b\u0107 e-liquidu:<\/strong>\u00a028 ml wst\u0119pnie nape\u0142nionego oleju<\/p>\n<p data-v-md-line=\"19\"><strong>Bateria:<\/strong>\u00a0Akumulator o pojemno\u015bci 800 mAh<\/p>\n<p data-v-md-line=\"21\"><strong>Atomizuj\u0105cy rdze\u0144:<\/strong>\u00a0Rdze\u0144 rozpylaj\u0105cy o oczkach 1,1 \u03a9, zapewniaj\u0105cy g\u0142adki i stabilny smak<\/p>\n<p data-v-md-line=\"23\"><strong>Interfejs \u0142adowania:<\/strong>\u00a0Standardowy interfejs USB typu C<\/p>\n<p data-v-md-line=\"25\"><strong>Status:<\/strong>\u00a0Gotowy do u\u017cycia po wyj\u0119ciu z pude\u0142ka<\/p>\n<h2 data-v-md-heading=\"complete-flavor-lineup\" data-v-md-line=\"27\">Pe\u0142na gama smak\u00f3w<\/h2>\n<ul data-v-md-line=\"29\">\n<li>Truskawka arbuz<\/li>\n<li>Cherry Soda<\/li>\n<li>Brzoskwiniowy l\u00f3d<\/li>\n<li>Kiwi i marakuja<\/li>\n<li>Arbuzowy l\u00f3d<\/li>\n<li>Red Bull<\/li>\n<li>Lody winogronowe<\/li>\n<li>Niebieskie lodowisko<\/li>\n<li>Truskawka i banan<\/li>\n<li>Cytryna jako<\/li>\n<li>Podw\u00f3jne jab\u0142ka<\/li>\n<li>Mango Ice<\/li>\n<li>L\u00f3d ananasowy<\/li>\n<li>Coca-Cola Ice<\/li>\n<li>Granat<\/li>\n<li>Niebieskie lodowisko<\/li>\n<\/ul>\n<h2 data-v-md-heading=\"tailored-for-you-and-your-business\" data-v-md-line=\"46\">Dostosowane do Ciebie i Twojej firmy<\/h2>\n<p data-v-md-line=\"48\">Obecnie udost\u0119pnili\u015bmy Bang Starry 25000 do zakup\u00f3w osobistych, ale je\u015bli jeste\u015b w\u0142a\u015bcicielem firmy i chcesz zaopatrzy\u0107 si\u0119 w produkty, kt\u00f3re klienci naprawd\u0119 kupi\u0105 ponownie, nasze rozwi\u0105zanie hurtowe mo\u017ce zaspokoi\u0107 Twoje potrzeby. Ka\u017cda partia towar\u00f3w posiada pe\u0142n\u0105 dokumentacj\u0119 i jest dostarczana po opodatkowaniu (DDP) za po\u015brednictwem zaufanych partner\u00f3w, takich jak UPS, DPD i DHL, dzi\u0119ki czemu nie musisz martwi\u0107 si\u0119 o op\u0142aty celne.<\/p>\n<p data-v-md-line=\"50\">Dla sprzedawc\u00f3w detalicznych i dystrybutor\u00f3w Bang oferuje r\u00f3wnie\u017c wsparcie OEM\/ODM, co oznacza, \u017ce mo\u017cna dostosowa\u0107 zam\u00f3wienia do zapotrzebowania rynku. To w\u0142a\u015bnie ta elastyczno\u015b\u0107 sprawia, \u017ce Bang Starry jest m\u0105drym wyborem dla firm w ca\u0142ej Europie.<\/p>\n<h2 data-v-md-heading=\"reasons-why-you-will-like-it\" data-v-md-line=\"52\">Powody, dla kt\u00f3rych Ci si\u0119 spodoba<\/h2>\n<p data-v-md-line=\"54\"><strong>25000 zaci\u0105gni\u0119\u0107:<\/strong>\u00a0Ciesz si\u0119 tygodniami wra\u017ce\u0144 z waporyzacji bez konieczno\u015bci wymiany rdzenia atomizera<\/p>\n<p data-v-md-line=\"56\"><strong>Technologia rdzenia rozpylania siatkowego:<\/strong>\u00a0Ka\u017cdy k\u0119s przynosi ten sam doskona\u0142y smak<\/p>\n<p data-v-md-line=\"58\"><strong>Bardzo du\u017ca pojemno\u015b\u0107 28 ml:<\/strong>\u00a0Wi\u0119ksza pojemno\u015b\u0107 e-liquidu oznacza wy\u017csz\u0105 op\u0142acalno\u015b\u0107<\/p>\n<p data-v-md-line=\"60\"><strong>\u0141adowanie przez USB typu C:<\/strong>\u00a0Szybki i wygodny, mo\u017ce korzysta\u0107 z istniej\u0105cego kabla do transmisji danych<\/p>\n<p data-v-md-line=\"62\"><strong>16 opcji smakowych:<\/strong>\u00a0Od klasycznych smak\u00f3w owocowych po unikalne smaki, takie jak Red Bull i Iced Coke, wszystko jest dost\u0119pne<\/p>\n<h2 data-v-md-heading=\"why-choose-to-collaborate-with-agoravape\" data-v-md-line=\"64\">Dlaczego warto zdecydowa\u0107 si\u0119 na wsp\u00f3\u0142prac\u0119 z AgoraVape?<\/h2>\n<p data-v-md-line=\"66\">Jako jeden z najbardziej zaufanych dystrybutor\u00f3w vape w Europie, sprzedajemy wy\u0142\u0105cznie oryginalne produkty 100%. Dla naszych klient\u00f3w korporacyjnych oznacza to zni\u017cki cen hurtowych Bang Starry 25000, kompleksowe wsparcie techniczne oraz szybkie i niezawodne us\u0142ugi dostawy. Skontaktuj si\u0119 z nami natychmiast, aby naprawd\u0119 podzi\u0119kowa\u0107 swoim klientom za dostarczenie tego produktu.<\/p>\n<p><script src=\"chrome-extension:\/\/fpelahbljekknahkcaegamhcndkfpfnc\/iFrame.js\" type=\"text\/javascript\"><\/script><\/p>\n<p><script src=\"chrome-extension:\/\/fpelahbljekknahkcaegamhcndkfpfnc\/iFrame.js\" type=\"text\/javascript\"><\/script><\/p>","protected":false},"excerpt":{"rendered":"<p>&nbsp;<\/p>\n<p><script src=\"chrome-extension:\/\/fpelahbljekknahkcaegamhcndkfpfnc\/iFrame.js\" type=\"text\/javascript\"><\/script><\/p>\n<p><script src=\"chrome-extension:\/\/fpelahbljekknahkcaegamhcndkfpfnc\/iFrame.js\" type=\"text\/javascript\"><\/script><\/p>\n<p><script src=\"chrome-extension:\/\/fpelahbljekknahkcaegamhcndkfpfnc\/iFrame.js\" type=\"text\/javascript\"><\/script><\/p>\n<p><script src=\"chrome-extension:\/\/fpelahbljekknahkcaegamhcndkfpfnc\/iFrame.js\" type=\"text\/javascript\"><\/script><\/p>\n<p><script src=\"chrome-extension:\/\/fpelahbljekknahkcaegamhcndkfpfnc\/iFrame.js\" type=\"text\/javascript\"><\/script><\/p>\n<p><script src=\"chrome-extension:\/\/fpelahbljekknahkcaegamhcndkfpfnc\/iFrame.js\" type=\"text\/javascript\"><\/script><\/p>","protected":false},"featured_media":20040,"comment_status":"open","ping_status":"closed","template":"","meta":[],"product_brand":[197],"product_cat":[124,187,185,189,123,176,174,175,193,191,173,186,180,190],"product_tag":[],"class_list":{"0":"post-19980","1":"product","2":"type-product","3":"status-publish","4":"has-post-thumbnail","6":"product_brand-bang","7":"product_cat-vape-by-brand","8":"product_cat-0mg-nicotine-free-vapes","9":"product_cat-10000-puffs-high-capacity","10":"product_cat-20mg-standard-nicotine-vapes","11":"product_cat-bang","12":"product_cat-beverage","13":"product_cat-fruit-flavors","14":"product_cat-icy-mint","15":"product_cat-mesh-coil","16":"product_cat-rechargeable-disposables","17":"product_cat-vape-by-flavor-profile","18":"product_cat-vape-by-nicotine-strength","19":"product_cat-vape-by-puff-count","20":"product_cat-vape-by-feature-or-type","22":"first","23":"onbackorder","24":"shipping-taxable","25":"purchasable","26":"product-type-variable","27":"has-default-attributes"},"tiered_pricing_type":"percentage","tiered_pricing_fixed_rules":[],"tiered_pricing_product_settings":{"layout":"default","base_unit_name":{"singular":null,"plural":null},"default_variation":null},"tiered_pricing_minimum_quantity":10,"tiered_pricing_roles_data":[],"tiered_pricing_percentage_rules":{"30":"29","50":"35","100":"40","200":"44","500":"47","1000":"49"},"tiered_pricing_maximum_quantity":null,"tiered_pricing_quantity_step":"10","_links":{"self":[{"href":"https:\/\/agoravape.com\/pl\/wp-json\/wp\/v2\/product\/19980","targetHints":{"allow":["GET"]}}],"collection":[{"href":"https:\/\/agoravape.com\/pl\/wp-json\/wp\/v2\/product"}],"about":[{"href":"https:\/\/agoravape.com\/pl\/wp-json\/wp\/v2\/types\/product"}],"replies":[{"embeddable":true,"href":"https:\/\/agoravape.com\/pl\/wp-json\/wp\/v2\/comments?post=19980"}],"version-history":[{"count":0,"href":"https:\/\/agoravape.com\/pl\/wp-json\/wp\/v2\/product\/19980\/revisions"}],"wp:featuredmedia":[{"embeddable":true,"href":"https:\/\/agoravape.com\/pl\/wp-json\/wp\/v2\/media\/20040"}],"wp:attachment":[{"href":"https:\/\/agoravape.com\/pl\/wp-json\/wp\/v2\/media?parent=19980"}],"wp:term":[{"taxonomy":"product_brand","embeddable":true,"href":"https:\/\/agoravape.com\/pl\/wp-json\/wp\/v2\/product_brand?post=19980"},{"taxonomy":"product_cat","embeddable":true,"href":"https:\/\/agoravape.com\/pl\/wp-json\/wp\/v2\/product_cat?post=19980"},{"taxonomy":"product_tag","embeddable":true,"href":"https:\/\/agoravape.com\/pl\/wp-json\/wp\/v2\/product_tag?post=19980"}],"curies":[{"name":"wp","href":"https:\/\/api.w.org\/{rel}","templated":true}]}}