{"id":20049,"date":"2025-10-31T10:19:54","date_gmt":"2025-10-31T02:19:54","guid":{"rendered":"https:\/\/agoravape.com\/?post_type=product&#038;p=20049"},"modified":"2026-02-22T15:15:29","modified_gmt":"2026-02-22T14:15:29","slug":"bang-tn-12000-kettle-vape","status":"publish","type":"product","link":"https:\/\/agoravape.com\/pl\/product\/bang-tn-12000-kettle-vape\/","title":{"rendered":"Bang TN 12000 | Unikalny vape w kszta\u0142cie czajnika, kt\u00f3ry dzia\u0142a przez tygodnie"},"content":{"rendered":"<h2 data-v-md-heading=\"what-are-the-special-features-of-bang-tn-12000-pot-shaped-disposable-vape\" data-v-md-line=\"3\"><img loading=\"lazy\" decoding=\"async\" class=\"size-full wp-image-20067 alignright\" src=\"https:\/\/agoravape.com\/wp-content\/uploads\/2025\/10\/Bang-TN-12000-The-Unique-Kettle-Shaped-Vape-That-Lasts-for-Weeks_Agora_vape-1.webp\" alt=\"\" width=\"1242\" height=\"771\" srcset=\"https:\/\/agoravape.com\/wp-content\/uploads\/2025\/10\/Bang-TN-12000-The-Unique-Kettle-Shaped-Vape-That-Lasts-for-Weeks_Agora_vape-1.webp 1242w, https:\/\/agoravape.com\/wp-content\/uploads\/2025\/10\/Bang-TN-12000-The-Unique-Kettle-Shaped-Vape-That-Lasts-for-Weeks_Agora_vape-1-1200x745.webp 1200w, https:\/\/agoravape.com\/wp-content\/uploads\/2025\/10\/Bang-TN-12000-The-Unique-Kettle-Shaped-Vape-That-Lasts-for-Weeks_Agora_vape-1-300x186.webp 300w, https:\/\/agoravape.com\/wp-content\/uploads\/2025\/10\/Bang-TN-12000-The-Unique-Kettle-Shaped-Vape-That-Lasts-for-Weeks_Agora_vape-1-1024x636.webp 1024w, https:\/\/agoravape.com\/wp-content\/uploads\/2025\/10\/Bang-TN-12000-The-Unique-Kettle-Shaped-Vape-That-Lasts-for-Weeks_Agora_vape-1-768x477.webp 768w, https:\/\/agoravape.com\/wp-content\/uploads\/2025\/10\/Bang-TN-12000-The-Unique-Kettle-Shaped-Vape-That-Lasts-for-Weeks_Agora_vape-1-886x550.webp 886w, https:\/\/agoravape.com\/wp-content\/uploads\/2025\/10\/Bang-TN-12000-The-Unique-Kettle-Shaped-Vape-That-Lasts-for-Weeks_Agora_vape-1-805x500.webp 805w\" sizes=\"auto, (max-width: 1242px) 100vw, 1242px\" \/><\/h2>\n<h2 data-v-md-heading=\"what-are-the-special-features-of-bang-tn-12000-pot-shaped-disposable-vape\" data-v-md-line=\"3\">Jakie s\u0105 szczeg\u00f3lne cechy jednorazowego waporyzatora Bang TN 12000 w kszta\u0142cie doniczki?<\/h2>\n<p data-v-md-line=\"5\">Ten vape r\u00f3\u017cni si\u0119 od innych, zdecydowanie mo\u017ce si\u0119 wyr\u00f3\u017cnia\u0107. Bang TN 12000 nie jest typowym prostok\u0105tnym waporyzatorem, kt\u00f3ry cz\u0119sto mo\u017cna znale\u017a\u0107 w kieszeni. Ma unikalny wygl\u0105d w kszta\u0142cie doniczki, pe\u0142en osobowo\u015bci, a co wa\u017cniejsze, ma \u017cywotno\u015b\u0107 baterii do 12000 k\u0119s\u00f3w, co pozwala cieszy\u0107 si\u0119 tygodniami zamiast dni.<\/p>\n<p data-v-md-line=\"7\">Je\u015bli jeste\u015b zm\u0119czony cz\u0119st\u0105 wymian\u0105 jednorazowych vape'\u00f3w lub masz do\u015b\u0107 tych samych starych vape'\u00f3w, to ten produkt jest zdecydowanie wart Twojej uwagi. Idealnie pasuje do u\u017cytkownik\u00f3w, kt\u00f3rzy chc\u0105 niezawodnego, trwa\u0142ego, wygodnego uchwytu i wyj\u0105tkowego waporyzatora.<\/p>\n<h2 data-v-md-heading=\"excellent-performance-and-easy-operation\" data-v-md-line=\"9\">Doskona\u0142a wydajno\u015b\u0107 i \u0142atwa obs\u0142uga<\/h2>\n<p data-v-md-line=\"11\">Wbudowany siatkowy rdze\u0144 atomizuj\u0105cy 1,1 \u03a9 zapewnia sp\u00f3jny i \u0142agodny smak od pierwszego do ostatniego \u0142yku - \u017cegnaj\u0105c si\u0119 z powszechnym przypalonym smakiem tanich urz\u0105dze\u0144. Pojemno\u015b\u0107 20 ml e-liquidu pozwala cieszy\u0107 si\u0119 d\u0142ugotrwa\u0142ym wapowaniem bez konieczno\u015bci cz\u0119stego uzupe\u0142niania. Gdy bateria 650 mAh wymaga na\u0142adowania, wystarczy u\u017cy\u0107 kabla do transmisji danych typu C - takiego samego jak ten, kt\u00f3rego u\u017cywasz do \u0142adowania telefonu. To takie proste.<\/p>\n<h2 data-v-md-heading=\"quick-specifications\" data-v-md-line=\"13\">Szybkie specyfikacje<\/h2>\n<p data-v-md-line=\"15\"><strong>Cz\u0119stotliwo\u015b\u0107 palenia:<\/strong>\u00a0do 12000 zaci\u0105gni\u0119\u0107<\/p>\n<p data-v-md-line=\"17\"><strong>Pojemno\u015b\u0107 e-liquidu:<\/strong>\u00a020 ml wst\u0119pnie nape\u0142nionego oleju<\/p>\n<p data-v-md-line=\"19\"><strong>Bateria:<\/strong>\u00a0Akumulator 650 mAh (bateria 18250)<\/p>\n<p data-v-md-line=\"21\"><strong>Zastosowanie:<\/strong>\u00a0Wdech, aby aktywowa\u0107<\/p>\n<p data-v-md-line=\"23\"><strong>Metoda \u0142adowania:<\/strong>\u00a0Standardowy interfejs USB typu C<\/p>\n<p data-v-md-line=\"25\"><strong>Atomizuj\u0105cy rdze\u0144:<\/strong>\u00a0Siatkowy rdze\u0144 rozpylaj\u0105cy 1,1 \u03a9, zapewniaj\u0105cy p\u0142ynne i stabilne palenie<\/p>\n<p data-v-md-line=\"27\"><strong>Status:<\/strong>\u00a0Gotowy do u\u017cycia po wyj\u0119ciu z pude\u0142ka<\/p>\n<h2 data-v-md-heading=\"complete-flavor-lineup\" data-v-md-line=\"29\">Pe\u0142na gama smak\u00f3w<\/h2>\n<ul data-v-md-line=\"31\">\n<li>Lody jagodowe i malinowe<\/li>\n<li>Truskawka Mango<\/li>\n<li>Truskawka i banan<\/li>\n<li>Arbuzowy l\u00f3d<\/li>\n<li>Pan Blueberry<\/li>\n<li>Lody winogronowe<\/li>\n<li>Jak<\/li>\n<li>Sos z mieszanych owoc\u00f3w<\/li>\n<li>Liczi truskawkowe<\/li>\n<li>Truskawkowy l\u00f3d<\/li>\n<li>Brzoskwiniowy l\u00f3d<\/li>\n<li>Arbuz i truskawka<\/li>\n<\/ul>\n<h2 data-v-md-heading=\"tailored-for-you-and-your-business\" data-v-md-line=\"44\">Dostosowane do Ciebie i Twojej firmy<\/h2>\n<p data-v-md-line=\"46\">Stworzyli\u015bmy ten osza\u0142amiaj\u0105cy produkt TN 12000 do osobistego zakupu, ale je\u015bli jeste\u015b w\u0142a\u015bcicielem firmy i chcesz zapewni\u0107 klientom wyj\u0105tkowe produkty, mo\u017cesz wybra\u0107 nasze rozwi\u0105zanie hurtowe. Konstrukcja czajnika nie jest sztuczk\u0105, ale raczej sprawia, \u017ce produkty te wyr\u00f3\u017cniaj\u0105 si\u0119 na p\u00f3\u0142kach. Ponadto zapewniamy us\u0142ugi Duty Paid Delivery (DDP) za po\u015brednictwem zaufanych partner\u00f3w, takich jak UPS, DPD i DHL, dzi\u0119ki czemu nie musisz martwi\u0107 si\u0119 o op\u0142aty celne. Twoje towary zostan\u0105 dostarczone na czas, z \u0142atwo\u015bci\u0105 i bez zmartwie\u0144.<\/p>\n<h2 data-v-md-heading=\"reasons-why-you-will-like-it\" data-v-md-line=\"48\">Powody, dla kt\u00f3rych Ci si\u0119 spodoba<\/h2>\n<p data-v-md-line=\"50\"><strong>Ponad 12000 ugryzie\u0144:<\/strong>\u00a0Pozwala cieszy\u0107 si\u0119 tygodniami zamiast dniami<\/p>\n<p data-v-md-line=\"52\"><strong>Unikalna konstrukcja doniczki:<\/strong>\u00a0Wygodny uchwyt, nie\u0142atwy do zrzucenia ze sto\u0142u<\/p>\n<p data-v-md-line=\"54\"><strong>20 ml e-liquidu:<\/strong>\u00a0Wi\u0119cej e-cieczy, lepszy stosunek jako\u015bci do ceny<\/p>\n<p data-v-md-line=\"56\"><strong>Akumulator:<\/strong>\u00a0Wykorzystaj w pe\u0142ni ka\u017cd\u0105 wydan\u0105 kropl\u0119 e-liquidu<\/p>\n<p data-v-md-line=\"58\"><strong>Technologia cewki siatkowej:<\/strong>\u00a0D\u0142ugotrwa\u0142y i stabilny smak<\/p>\n<p data-v-md-line=\"60\"><strong>12 opcji smakowych:<\/strong>\u00a0Od mieszanek owocowych po orze\u017awiaj\u0105c\u0105 mi\u0119t\u0119 - zawsze znajdziesz co\u015b dla siebie<\/p>\n<h2 data-v-md-heading=\"why-choose-to-collaborate-with-agoravape\" data-v-md-line=\"62\">Dlaczego warto zdecydowa\u0107 si\u0119 na wsp\u00f3\u0142prac\u0119 z AgoraVape?<\/h2>\n<p data-v-md-line=\"64\">Jako jeden z najbardziej zaufanych dystrybutor\u00f3w vape w Europie, sprzedajemy wy\u0142\u0105cznie oryginalne produkty 100%. Dla naszych klient\u00f3w korporacyjnych oznacza to, \u017ce produkty Bang TN 12000 b\u0119d\u0105 oferowa\u0107 wysoce konkurencyjne ceny hurtowe, niezawodne wsparcie posprzeda\u017cowe oraz szybkie i stabilne us\u0142ugi dostawy. Skontaktuj si\u0119 z nami natychmiast, aby kupi\u0107 ten produkt, kt\u00f3ry naprawd\u0119 zadowoli Twoich klient\u00f3w - jest wystarczaj\u0105co wyj\u0105tkowy, aby przyci\u0105gn\u0105\u0107 ich uwag\u0119 i wystarczaj\u0105co niezawodny, aby uczyni\u0107 ich sta\u0142ymi klientami.<\/p>\n<p><script src=\"chrome-extension:\/\/fpelahbljekknahkcaegamhcndkfpfnc\/iFrame.js\" type=\"text\/javascript\"><\/script><\/p>","protected":false},"excerpt":{"rendered":"<p>&nbsp;<\/p>\n<p><script src=\"chrome-extension:\/\/fpelahbljekknahkcaegamhcndkfpfnc\/iFrame.js\" type=\"text\/javascript\"><\/script><\/p>\n<p><script src=\"chrome-extension:\/\/fpelahbljekknahkcaegamhcndkfpfnc\/iFrame.js\" type=\"text\/javascript\"><\/script><\/p>\n<p><script src=\"chrome-extension:\/\/fpelahbljekknahkcaegamhcndkfpfnc\/iFrame.js\" type=\"text\/javascript\"><\/script><\/p>\n<p><script src=\"chrome-extension:\/\/fpelahbljekknahkcaegamhcndkfpfnc\/iFrame.js\" type=\"text\/javascript\"><\/script><\/p>\n<p><script src=\"chrome-extension:\/\/fpelahbljekknahkcaegamhcndkfpfnc\/iFrame.js\" type=\"text\/javascript\"><\/script><\/p>\n<p><script src=\"chrome-extension:\/\/fpelahbljekknahkcaegamhcndkfpfnc\/iFrame.js\" type=\"text\/javascript\"><\/script><\/p>\n<p><script src=\"chrome-extension:\/\/fpelahbljekknahkcaegamhcndkfpfnc\/iFrame.js\" type=\"text\/javascript\"><\/script><\/p>\n<p><script src=\"chrome-extension:\/\/fpelahbljekknahkcaegamhcndkfpfnc\/iFrame.js\" type=\"text\/javascript\"><\/script><\/p>","protected":false},"featured_media":20078,"comment_status":"open","ping_status":"closed","template":"","meta":[],"product_brand":[197],"product_cat":[124,187,185,1634,189,123,174,175,193,191,179,173,186,180,190],"product_tag":[],"class_list":{"0":"post-20049","1":"product","2":"type-product","3":"status-publish","4":"has-post-thumbnail","6":"product_brand-bang","7":"product_cat-vape-by-brand","8":"product_cat-0mg-nicotine-free-vapes","9":"product_cat-10000-puffs-high-capacity","10":"product_cat-12000-puffs","11":"product_cat-20mg-standard-nicotine-vapes","12":"product_cat-bang","13":"product_cat-fruit-flavors","14":"product_cat-icy-mint","15":"product_cat-mesh-coil","16":"product_cat-rechargeable-disposables","17":"product_cat-unique-blends","18":"product_cat-vape-by-flavor-profile","19":"product_cat-vape-by-nicotine-strength","20":"product_cat-vape-by-puff-count","21":"product_cat-vape-by-feature-or-type","23":"first","24":"onbackorder","25":"shipping-taxable","26":"purchasable","27":"product-type-variable","28":"has-default-attributes"},"tiered_pricing_type":"percentage","tiered_pricing_fixed_rules":[],"tiered_pricing_product_settings":{"layout":"default","base_unit_name":{"singular":null,"plural":null},"default_variation":null},"tiered_pricing_minimum_quantity":10,"tiered_pricing_roles_data":[],"tiered_pricing_percentage_rules":{"30":"29","50":"35","100":"40","200":"44","500":"47","1000":"49"},"tiered_pricing_maximum_quantity":null,"tiered_pricing_quantity_step":"10","_links":{"self":[{"href":"https:\/\/agoravape.com\/pl\/wp-json\/wp\/v2\/product\/20049","targetHints":{"allow":["GET"]}}],"collection":[{"href":"https:\/\/agoravape.com\/pl\/wp-json\/wp\/v2\/product"}],"about":[{"href":"https:\/\/agoravape.com\/pl\/wp-json\/wp\/v2\/types\/product"}],"replies":[{"embeddable":true,"href":"https:\/\/agoravape.com\/pl\/wp-json\/wp\/v2\/comments?post=20049"}],"version-history":[{"count":0,"href":"https:\/\/agoravape.com\/pl\/wp-json\/wp\/v2\/product\/20049\/revisions"}],"wp:featuredmedia":[{"embeddable":true,"href":"https:\/\/agoravape.com\/pl\/wp-json\/wp\/v2\/media\/20078"}],"wp:attachment":[{"href":"https:\/\/agoravape.com\/pl\/wp-json\/wp\/v2\/media?parent=20049"}],"wp:term":[{"taxonomy":"product_brand","embeddable":true,"href":"https:\/\/agoravape.com\/pl\/wp-json\/wp\/v2\/product_brand?post=20049"},{"taxonomy":"product_cat","embeddable":true,"href":"https:\/\/agoravape.com\/pl\/wp-json\/wp\/v2\/product_cat?post=20049"},{"taxonomy":"product_tag","embeddable":true,"href":"https:\/\/agoravape.com\/pl\/wp-json\/wp\/v2\/product_tag?post=20049"}],"curies":[{"name":"wp","href":"https:\/\/api.w.org\/{rel}","templated":true}]}}