{"id":20109,"date":"2025-10-31T11:05:58","date_gmt":"2025-10-31T03:05:58","guid":{"rendered":"https:\/\/agoravape.com\/?post_type=product&#038;p=20109"},"modified":"2026-02-22T15:15:18","modified_gmt":"2026-02-22T14:15:18","slug":"fluum-box-15000-puffs-display-vape","status":"publish","type":"product","link":"https:\/\/agoravape.com\/pl\/product\/fluum-box-15000-puffs-display-vape\/","title":{"rendered":"Fluum Box 15000 | Inteligentny waporyzator, kt\u00f3ry naprawd\u0119 d\u0142ugo dzia\u0142a"},"content":{"rendered":"<h2 data-v-md-heading=\"what-is-the-special-feature-of-fluum-box-15000-vape-with-display-screen\" data-v-md-line=\"3\"><img loading=\"lazy\" decoding=\"async\" class=\"aligncenter size-full wp-image-20123\" src=\"https:\/\/agoravape.com\/wp-content\/uploads\/2025\/10\/Fluum-Box-15000-The-Smart-Vape-That-Actually-Lasts_Agora_vape-1-scaled.webp\" alt=\"\" width=\"1091\" height=\"2560\" srcset=\"https:\/\/agoravape.com\/wp-content\/uploads\/2025\/10\/Fluum-Box-15000-The-Smart-Vape-That-Actually-Lasts_Agora_vape-1-scaled.webp 1091w, https:\/\/agoravape.com\/wp-content\/uploads\/2025\/10\/Fluum-Box-15000-The-Smart-Vape-That-Actually-Lasts_Agora_vape-1-128x300.webp 128w, https:\/\/agoravape.com\/wp-content\/uploads\/2025\/10\/Fluum-Box-15000-The-Smart-Vape-That-Actually-Lasts_Agora_vape-1-437x1024.webp 437w, https:\/\/agoravape.com\/wp-content\/uploads\/2025\/10\/Fluum-Box-15000-The-Smart-Vape-That-Actually-Lasts_Agora_vape-1-768x1802.webp 768w, https:\/\/agoravape.com\/wp-content\/uploads\/2025\/10\/Fluum-Box-15000-The-Smart-Vape-That-Actually-Lasts_Agora_vape-1-655x1536.webp 655w, https:\/\/agoravape.com\/wp-content\/uploads\/2025\/10\/Fluum-Box-15000-The-Smart-Vape-That-Actually-Lasts_Agora_vape-1-873x2048.webp 873w, https:\/\/agoravape.com\/wp-content\/uploads\/2025\/10\/Fluum-Box-15000-The-Smart-Vape-That-Actually-Lasts_Agora_vape-1-1200x2815.webp 1200w\" sizes=\"auto, (max-width: 1091px) 100vw, 1091px\" \/><\/h2>\n<h2 data-v-md-heading=\"what-is-the-special-feature-of-fluum-box-15000-vape-with-display-screen\" data-v-md-line=\"3\">Czym wyr\u00f3\u017cnia si\u0119 vape Fluum Box 15000 z wy\u015bwietlaczem?<\/h2>\n<p data-v-md-line=\"5\">Ten jednorazowy vape z pewno\u015bci\u0105 zrobi na Tobie wra\u017cenie, bez konieczno\u015bci zgadywania poziomu na\u0142adowania baterii lub pozosta\u0142ego e-cieczy. Fluum Box 15000 to nie tylko waporyzator o du\u017cej pojemno\u015bci, ale tak\u017ce wbudowany wy\u015bwietlacz, kt\u00f3ry wyra\u017anie pokazuje pozosta\u0142y czas pracy baterii i poziom e-cieczy. Po\u017cegnaj si\u0119 z obawami o wyczerpanie baterii vape. To urz\u0105dzenie ma \u017cywotno\u015b\u0107 baterii wynosz\u0105c\u0105 15000 port\u00f3w, co pozwala cieszy\u0107 si\u0119 tygodniami niezawodnego u\u017cytkowania bez konieczno\u015bci cz\u0119stych zakup\u00f3w zamiennik\u00f3w.<\/p>\n<p data-v-md-line=\"7\">Dla tych, kt\u00f3rzy s\u0105 zm\u0119czeni zgadywaniem poziomu na\u0142adowania baterii i pozosta\u0142ego e-cieczy w tradycyjnych waporyzatorach, jest to idealny wyb\u00f3r. Czy kiedykolwiek mia\u0142e\u015b problem z urz\u0105dzeniem, kt\u00f3re nagle przesta\u0142o dzia\u0142a\u0107 i nie by\u0142e\u015b w stanie okre\u015bli\u0107, czy bateria jest wyczerpana, czy e-ciecz jest zu\u017cyta? Z tym urz\u0105dzeniem wszystko b\u0119dzie \u0142atwe do rozwi\u0105zania. Ekran wy\u015bwietlacza poka\u017ce pozosta\u0142y czas pracy baterii w czasie rzeczywistym, a pojemno\u015b\u0107 25 ml e-liquidu wystarczy, aby zaskoczy\u0107 Ci\u0119 \u017cywotno\u015bci\u0105 baterii.<\/p>\n<h2 data-v-md-heading=\"excellent-performance-and-easy-operation\" data-v-md-line=\"9\">Doskona\u0142a wydajno\u015b\u0107 i \u0142atwa obs\u0142uga<\/h2>\n<p data-v-md-line=\"11\">Wbudowany siatkowy rdze\u0144 atomizera (o rezystancji 1,1 \u03a9, je\u015bli jeste\u015b ciekawy) zapewnia \u015bwie\u017cy i pe\u0142ny smak przy ka\u017cdym k\u0119sie, \u017cegnaj\u0105c si\u0119 z powszechnym spalonym smakiem tanich urz\u0105dze\u0144. Bateria o pojemno\u015bci 650 mAh mo\u017ce by\u0107 \u0142adowana przez interfejs Type-C. Gdy ekran wy\u015bwietla niski poziom na\u0142adowania baterii, wystarczy u\u017cy\u0107 tego samego kabla do transmisji danych, kt\u00f3rym zwykle \u0142adujesz telefon. Ekran nie jest tylko sztuczk\u0105, ale rzeczywi\u015bcie mo\u017ce pom\u00f3c w zaplanowaniu czasu \u0142adowania z wyprzedzeniem.<\/p>\n<h2 data-v-md-heading=\"quick-specifications\" data-v-md-line=\"13\">Szybkie specyfikacje<\/h2>\n<p data-v-md-line=\"15\"><strong>Cz\u0119stotliwo\u015b\u0107 palenia:<\/strong>\u00a0do 15000 zaci\u0105gni\u0119\u0107<\/p>\n<p data-v-md-line=\"17\"><strong>Pojemno\u015b\u0107 e-liquidu:<\/strong>\u00a025 ml wst\u0119pnie nape\u0142nionego oleju<\/p>\n<p data-v-md-line=\"19\"><strong>Ekran wy\u015bwietlacza:<\/strong>\u00a0Ekran LED wy\u015bwietla poziom na\u0142adowania baterii i pozosta\u0142\u0105 ilo\u015b\u0107 e-liquidu.<\/p>\n<p data-v-md-line=\"21\"><strong>Zastosowanie:<\/strong>\u00a0Wdech, aby aktywowa\u0107<\/p>\n<p data-v-md-line=\"23\"><strong>Metoda \u0142adowania:<\/strong>\u00a0Standardowy interfejs USB typu C<\/p>\n<p data-v-md-line=\"25\"><strong>Atomizuj\u0105cy rdze\u0144:<\/strong>\u00a0Siatkowy rdze\u0144 rozpylaj\u0105cy 1,1 \u03a9, zapewniaj\u0105cy niezmiennie pyszny smak<\/p>\n<p data-v-md-line=\"27\"><strong>Bateria:<\/strong>\u00a0Akumulator o pojemno\u015bci 650 mAh<\/p>\n<p data-v-md-line=\"29\"><strong>Status:<\/strong>\u00a0Gotowy do u\u017cycia po wyj\u0119ciu z pude\u0142ka<\/p>\n<h2 data-v-md-heading=\"complete-flavor-lineup\" data-v-md-line=\"31\">Pe\u0142na gama smak\u00f3w<\/h2>\n<ul data-v-md-line=\"33\">\n<li>Truskawka arbuz<\/li>\n<li>Truskawka Mango<\/li>\n<li>Potr\u00f3jna Jagoda<\/li>\n<li>Arbuzowy l\u00f3d<\/li>\n<li>Mango Brzoskwinia<\/li>\n<li>Bor\u00f3wki i maliny<\/li>\n<li>Brzoskwiniowy l\u00f3d<\/li>\n<li>Niebieskie lodowisko<\/li>\n<li>Kwa\u015bne jab\u0142ka<\/li>\n<li>Truskawka kiwi<\/li>\n<li>Kiwi, marakuja, guawa<\/li>\n<li>Lody winogronowe<\/li>\n<\/ul>\n<h2 data-v-md-heading=\"for-commercial-use-by-you-and-your-family-friends\" data-v-md-line=\"46\">Do u\u017cytku komercyjnego przez u\u017cytkownika i jego rodzin\u0119\/przyjaci\u00f3\u0142<\/h2>\n<p data-v-md-line=\"48\">Pude\u0142ko Fluum Box 15000 jest ju\u017c dost\u0119pne do osobistego zakupu, ale je\u015bli jeste\u015b w\u0142a\u015bcicielem firmy i chcesz zaopatrzy\u0107 si\u0119 w produkty, po kt\u00f3re klienci b\u0119d\u0105 wraca\u0107, mo\u017cesz zam\u00f3wi\u0107 opakowania hurtowe w ilo\u015bci 200 sztuk\/pude\u0142ko. Ka\u017cde kartonowe pude\u0142ko ma wymiary 64 x 34,5 x 25 centymetr\u00f3w, co u\u0142atwia przechowywanie. Wsp\u00f3\u0142pracujemy z zaufanymi partnerami, takimi jak UPS, DPD i DHL, aby zaj\u0105\u0107 si\u0119 wszystkimi kwestiami zwi\u0105zanymi z wysy\u0142k\u0105 - wszystkie towary zosta\u0142y opodatkowane (DDP), wi\u0119c nie musisz si\u0119 martwi\u0107 o \u017cadne dodatkowe op\u0142aty celne. Zapewniamy sprawn\u0105 i niezawodn\u0105 us\u0142ug\u0119 dostawy do domu.<\/p>\n<p data-v-md-line=\"50\">Ekran wy\u015bwietlacza mo\u017ce wydawa\u0107 si\u0119 nieistotny, ale to w\u0142a\u015bnie on podnosi ten produkt ze zwyk\u0142ego produktu vape do produktu, kt\u00f3ry klienci naprawd\u0119 poleciliby swoim znajomym. Rozwi\u0105zuje on praktyczne problemy, kt\u00f3re ludzie napotykaj\u0105 podczas korzystania z waporyzator\u00f3w, co jest kluczem do budowania lojalno\u015bci u\u017cytkownik\u00f3w.<\/p>\n<h2 data-v-md-heading=\"reasons-why-you-will-like-it\" data-v-md-line=\"52\">Powody, dla kt\u00f3rych Ci si\u0119 spodoba<\/h2>\n<p data-v-md-line=\"54\"><strong>Ekran wy\u015bwietlacza:<\/strong>\u00a0Nie trzeba zgadywa\u0107 - zawsze wiadomo, kiedy nale\u017cy na\u0142adowa\u0107 urz\u0105dzenie lub kiedy jest ono w pe\u0142ni na\u0142adowane.<\/p>\n<p data-v-md-line=\"56\"><strong>15000 sztuk:<\/strong>\u00a0Jedno urz\u0105dzenie mo\u017ce zaspokoi\u0107 potrzeby u\u017cytkownika przez kilka tygodni.<\/p>\n<p data-v-md-line=\"58\"><strong>Pojemnik na e-liquid o du\u017cej pojemno\u015bci 25 ml:<\/strong>\u00a0Odpowiednia pojemno\u015b\u0107 e-liquidu zapewnia niezmienny smak od pierwszego do ostatniego \u0142yku.<\/p>\n<p data-v-md-line=\"60\"><strong>\u0141adowanie typu C:<\/strong>\u00a0Do \u0142adowania mo\u017cna u\u017cy\u0107 istniej\u0105cego kabla do \u0142adowania<\/p>\n<p data-v-md-line=\"62\"><strong>12 smak\u00f3w:<\/strong>\u00a0Od klasycznych smak\u00f3w owocowych po orze\u017awiaj\u0105ce smaki mieszane - zawsze znajdzie si\u0119 co\u015b dla siebie<\/p>\n<p data-v-md-line=\"64\"><strong>Technologia cewki siatkowej:<\/strong>\u00a0zapewnia g\u0142adki i bogaty smak, zapobiegaj\u0105c podra\u017cnieniom gard\u0142a<\/p>\n<h2 data-v-md-heading=\"why-choose-to-collaborate-with-agoravape\" data-v-md-line=\"66\">Dlaczego warto zdecydowa\u0107 si\u0119 na wsp\u00f3\u0142prac\u0119 z AgoraVape?<\/h2>\n<p data-v-md-line=\"68\">Jako jeden z najbardziej zaufanych dystrybutor\u00f3w vape w Europie, sprzedajemy wy\u0142\u0105cznie oryginalne produkty 100%. Dla naszych klient\u00f3w korporacyjnych oznacza to, \u017ce Fluum Box 15000 oferuje bardzo konkurencyjne ceny hurtowe, niezawodne wsparcie techniczne oraz szybkie i stabilne us\u0142ugi dostawy. Jego funkcja wy\u015bwietlania sprawia, \u017ce wyr\u00f3\u017cnia si\u0119 na tle konkurencji - ta praktyczna innowacja z pewno\u015bci\u0105 zachwyci Twoich klient\u00f3w. Skontaktuj si\u0119 z nami natychmiast, aby wprowadzi\u0107 ten produkt, kt\u00f3ry zachwyci Twoich klient\u00f3w.<\/p>\n<p><script src=\"chrome-extension:\/\/fpelahbljekknahkcaegamhcndkfpfnc\/iFrame.js\" type=\"text\/javascript\"><\/script><\/p>\n<p><script src=\"chrome-extension:\/\/fpelahbljekknahkcaegamhcndkfpfnc\/iFrame.js\" type=\"text\/javascript\"><\/script><\/p>","protected":false},"excerpt":{"rendered":"<p>&nbsp;<\/p>\n<p><script src=\"chrome-extension:\/\/fpelahbljekknahkcaegamhcndkfpfnc\/iFrame.js\" type=\"text\/javascript\"><\/script><\/p>\n<p><script src=\"chrome-extension:\/\/fpelahbljekknahkcaegamhcndkfpfnc\/iFrame.js\" type=\"text\/javascript\"><\/script><\/p>\n<p><script src=\"chrome-extension:\/\/fpelahbljekknahkcaegamhcndkfpfnc\/iFrame.js\" type=\"text\/javascript\"><\/script><\/p>\n<p><script src=\"chrome-extension:\/\/fpelahbljekknahkcaegamhcndkfpfnc\/iFrame.js\" type=\"text\/javascript\"><\/script><\/p>\n<p><script src=\"chrome-extension:\/\/fpelahbljekknahkcaegamhcndkfpfnc\/iFrame.js\" type=\"text\/javascript\"><\/script><\/p>\n<p><script src=\"chrome-extension:\/\/fpelahbljekknahkcaegamhcndkfpfnc\/iFrame.js\" type=\"text\/javascript\"><\/script><\/p>\n<p><script src=\"chrome-extension:\/\/fpelahbljekknahkcaegamhcndkfpfnc\/iFrame.js\" type=\"text\/javascript\"><\/script><\/p>","protected":false},"featured_media":20135,"comment_status":"open","ping_status":"closed","template":"","meta":[],"product_brand":[197],"product_cat":[124,187,185,189,123,174,175,193,191,173,186,180,190,192],"product_tag":[],"class_list":{"0":"post-20109","1":"product","2":"type-product","3":"status-publish","4":"has-post-thumbnail","6":"product_brand-bang","7":"product_cat-vape-by-brand","8":"product_cat-0mg-nicotine-free-vapes","9":"product_cat-10000-puffs-high-capacity","10":"product_cat-20mg-standard-nicotine-vapes","11":"product_cat-bang","12":"product_cat-fruit-flavors","13":"product_cat-icy-mint","14":"product_cat-mesh-coil","15":"product_cat-rechargeable-disposables","16":"product_cat-vape-by-flavor-profile","17":"product_cat-vape-by-nicotine-strength","18":"product_cat-vape-by-puff-count","19":"product_cat-vape-by-feature-or-type","20":"product_cat-vapes-with-screens","22":"first","23":"onbackorder","24":"shipping-taxable","25":"purchasable","26":"product-type-variable","27":"has-default-attributes"},"tiered_pricing_type":"percentage","tiered_pricing_fixed_rules":[],"tiered_pricing_product_settings":{"layout":"default","base_unit_name":{"singular":null,"plural":null},"default_variation":null},"tiered_pricing_minimum_quantity":10,"tiered_pricing_roles_data":[],"tiered_pricing_percentage_rules":{"30":"29","50":"35","100":"40","200":"44","500":"47","1000":"49"},"tiered_pricing_maximum_quantity":null,"tiered_pricing_quantity_step":"10","_links":{"self":[{"href":"https:\/\/agoravape.com\/pl\/wp-json\/wp\/v2\/product\/20109","targetHints":{"allow":["GET"]}}],"collection":[{"href":"https:\/\/agoravape.com\/pl\/wp-json\/wp\/v2\/product"}],"about":[{"href":"https:\/\/agoravape.com\/pl\/wp-json\/wp\/v2\/types\/product"}],"replies":[{"embeddable":true,"href":"https:\/\/agoravape.com\/pl\/wp-json\/wp\/v2\/comments?post=20109"}],"version-history":[{"count":0,"href":"https:\/\/agoravape.com\/pl\/wp-json\/wp\/v2\/product\/20109\/revisions"}],"wp:featuredmedia":[{"embeddable":true,"href":"https:\/\/agoravape.com\/pl\/wp-json\/wp\/v2\/media\/20135"}],"wp:attachment":[{"href":"https:\/\/agoravape.com\/pl\/wp-json\/wp\/v2\/media?parent=20109"}],"wp:term":[{"taxonomy":"product_brand","embeddable":true,"href":"https:\/\/agoravape.com\/pl\/wp-json\/wp\/v2\/product_brand?post=20109"},{"taxonomy":"product_cat","embeddable":true,"href":"https:\/\/agoravape.com\/pl\/wp-json\/wp\/v2\/product_cat?post=20109"},{"taxonomy":"product_tag","embeddable":true,"href":"https:\/\/agoravape.com\/pl\/wp-json\/wp\/v2\/product_tag?post=20109"}],"curies":[{"name":"wp","href":"https:\/\/api.w.org\/{rel}","templated":true}]}}