{"id":20462,"date":"2025-12-30T22:06:43","date_gmt":"2025-12-30T14:06:43","guid":{"rendered":"https:\/\/agoravape.com\/?post_type=product&#038;p=20462"},"modified":"2026-01-21T21:52:04","modified_gmt":"2026-01-21T13:52:04","slug":"jnr-shisha-ultra-45k-puffs-disposable-vape-wholesale","status":"publish","type":"product","link":"https:\/\/agoravape.com\/pl\/product\/jnr-shisha-ultra-45k-puffs-disposable-vape-wholesale\/","title":{"rendered":"JNR Shisha Ultra 45000 Port Jednorazowy Vape Hurtowy | Du\u017ca pojemno\u015b\u0107, \u0142atwe \u0142adowanie"},"content":{"rendered":"<h2 data-v-md-heading=\"what-are-the-advantages-of-wholesale-jnr-shisha-ultra-45000-disposable-vapes\" data-v-md-line=\"3\">Jakie s\u0105 zalety hurtowej sprzeda\u017cy jednorazowych waporyzator\u00f3w JNR Shisha Ultra 45000?<\/h2>\n<p data-v-md-line=\"5\">Je\u015bli masz do\u015b\u0107 jednorazowych e-papieros\u00f3w, kt\u00f3re wyczerpuj\u0105 si\u0119 po kilku dniach, to warto rozwa\u017cy\u0107 ten produkt. JNR Shisha Ultra pomie\u015bci do 45 000 port\u00f3w, jest wytrzyma\u0142y i nie wymaga cz\u0119stego \u0142adowania.<\/p>\n<p data-v-md-line=\"7\">Zosta\u0142 zaprojektowany specjalnie dla u\u017cytkownik\u00f3w waporyzator\u00f3w, kt\u00f3rzy ceni\u0105 sobie niezawodno\u015b\u0107, doskona\u0142y smak i wygodne \u0142adowanie. Nie ma w nim \u017cadnych wyszukanych funkcji, tylko d\u0142uga \u017cywotno\u015b\u0107 baterii i klasyczne smaki, kt\u00f3re Twoi klienci znaj\u0105 i uwielbiaj\u0105.<\/p>\n<h2 data-v-md-heading=\"excellent-performance-and-easy-operation\" data-v-md-line=\"9\">Doskona\u0142a wydajno\u015b\u0107 i \u0142atwa obs\u0142uga<\/h2>\n<p data-v-md-line=\"11\">Grza\u0142ka zosta\u0142a starannie dostrojona, aby zapewni\u0107 sp\u00f3jny smak, a ostatni k\u0119s jest r\u00f3wnie pyszny, jak pierwszy. Gdy bateria jest s\u0142aba, mo\u017cna j\u0105 \u0142atwo na\u0142adowa\u0107 za pomoc\u0105 interfejsu typu C. Interfejs ten jest taki sam, jak w wi\u0119kszo\u015bci telefon\u00f3w kom\u00f3rkowych, wi\u0119c nie ma potrzeby szukania dedykowanego kabla do \u0142adowania. Urz\u0105dzenie jest \u0142atwe w u\u017cyciu i konserwacji.<\/p>\n<p data-v-md-line=\"11\"><img loading=\"lazy\" decoding=\"async\" class=\"aligncenter size-full wp-image-20467\" src=\"https:\/\/agoravape.com\/wp-content\/uploads\/2025\/12\/JNR-Shisha-Ultra-45000-Puffs-Disposable-Vape-Wholesale_Agora_vape-13.webp\" alt=\"\" width=\"1200\" height=\"1200\" srcset=\"https:\/\/agoravape.com\/wp-content\/uploads\/2025\/12\/JNR-Shisha-Ultra-45000-Puffs-Disposable-Vape-Wholesale_Agora_vape-13.webp 1200w, https:\/\/agoravape.com\/wp-content\/uploads\/2025\/12\/JNR-Shisha-Ultra-45000-Puffs-Disposable-Vape-Wholesale_Agora_vape-13-600x600.webp 600w, https:\/\/agoravape.com\/wp-content\/uploads\/2025\/12\/JNR-Shisha-Ultra-45000-Puffs-Disposable-Vape-Wholesale_Agora_vape-13-300x300.webp 300w, https:\/\/agoravape.com\/wp-content\/uploads\/2025\/12\/JNR-Shisha-Ultra-45000-Puffs-Disposable-Vape-Wholesale_Agora_vape-13-1024x1024.webp 1024w, https:\/\/agoravape.com\/wp-content\/uploads\/2025\/12\/JNR-Shisha-Ultra-45000-Puffs-Disposable-Vape-Wholesale_Agora_vape-13-150x150.webp 150w, https:\/\/agoravape.com\/wp-content\/uploads\/2025\/12\/JNR-Shisha-Ultra-45000-Puffs-Disposable-Vape-Wholesale_Agora_vape-13-768x768.webp 768w, https:\/\/agoravape.com\/wp-content\/uploads\/2025\/12\/JNR-Shisha-Ultra-45000-Puffs-Disposable-Vape-Wholesale_Agora_vape-13-12x12.webp 12w\" sizes=\"auto, (max-width: 1200px) 100vw, 1200px\" \/><\/p>\n<h2 data-v-md-heading=\"quick-specifications\" data-v-md-line=\"13\">Szybkie specyfikacje<\/h2>\n<ul data-v-md-line=\"15\">\n<li>Cz\u0119stotliwo\u015b\u0107 palenia: do 45000 razy<\/li>\n<li>Zawarto\u015b\u0107 nikotyny: 2% nikotyny<\/li>\n<li>Stosowanie: Wdychaj, aby aktywowa\u0107<\/li>\n<li>Spos\u00f3b \u0142adowania: Standardowy interfejs USB typu C<\/li>\n<li>Pojemno\u015b\u0107 baterii: 1100mAh<\/li>\n<li>Status: Gotowy do u\u017cycia od razu po wyj\u0119ciu z pude\u0142ka<\/li>\n<\/ul>\n<h2 data-v-md-heading=\"complete-flavor-lineup\" data-v-md-line=\"22\">Pe\u0142na gama smak\u00f3w<\/h2>\n<ul data-v-md-line=\"23\">\n<li>Jak<\/li>\n<li>Guma do \u017cucia<\/li>\n<li>Truskawkowy Panqu<\/li>\n<li>Brzoskwiniowy l\u00f3d<\/li>\n<li>Magiczna mi\u0142o\u015b\u0107<\/li>\n<li>Mi\u0119ta jagodowa<\/li>\n<li>Bor\u00f3wki i maliny<\/li>\n<li>Cytryna jako<\/li>\n<li>Truskawka Wi\u015bnia<\/li>\n<li>Mentol<\/li>\n<li>Mi\u0119ta zielona<\/li>\n<li>Mieszane jagody<\/li>\n<li>Letni sen<\/li>\n<li>Mango Ananas<\/li>\n<li>Karnawa\u0142 Wi\u015bniowy<\/li>\n<li>Letnia brzoskwinia<\/li>\n<li>Podw\u00f3jne jab\u0142ka<\/li>\n<\/ul>\n<h2 data-v-md-heading=\"suitable-for-you-and-your-business\" data-v-md-line=\"41\">Odpowiednie dla Ciebie i Twojej firmy<\/h2>\n<p data-v-md-line=\"43\">Mo\u017cesz kupi\u0107 pojedyncz\u0105 sztuk\u0119 do test\u00f3w lub hurtowo. Ka\u017cde opakowanie wewn\u0119trzne zawiera 5 sztuk, a ka\u017cde opakowanie zewn\u0119trzne 100 sztuk. Opakowanie zewn\u0119trzne wa\u017cy 14,34 kg, co u\u0142atwia planowanie za\u0142adunku palet.<\/p>\n<p data-v-md-line=\"45\">Wsp\u00f3\u0142pracujemy z zaufanymi partnerami, takimi jak UPS, DPD i DHL, oferuj\u0105c us\u0142ugi wysy\u0142ki DDP po opodatkowaniu na terenie ca\u0142ej Europy. Mo\u017cesz \u015bledzi\u0107 przesy\u0142k\u0119 na ka\u017cdym etapie i korzysta\u0107 z przewidywalnych termin\u00f3w dostawy, aby unikn\u0105\u0107 nieoczekiwanych sytuacji na odprawie celnej.<\/p>\n<p data-v-md-line=\"47\">Zgodno\u015b\u0107: Pojemno\u015b\u0107 i cz\u0119stotliwo\u015b\u0107 palenia tego produktu znacznie przekraczaj\u0105 limit 2 ml okre\u015blony w unijnych przepisach TPD\/TRRP. Przed wprowadzeniem produktu do obrotu w danym kraju nale\u017cy sprawdzi\u0107 lokalne przepisy.<\/p>\n<h2 data-v-md-heading=\"the-reason-why-you-will-like-it\" data-v-md-line=\"49\">Pow\u00f3d, dla kt\u00f3rego Ci si\u0119 spodoba<\/h2>\n<ul data-v-md-line=\"50\">\n<li>Cz\u0119stsze palenie: Trwalsze i bardziej wytrzyma\u0142e, bez konieczno\u015bci cz\u0119stego uzupe\u0142niania.<\/li>\n<li>Umiarkowana zawarto\u015b\u0107 nikotyny: Zawarto\u015b\u0107 nikotyny na poziomie 2% jest odpowiednia dla rynku masowego i \u0142atwa do wyboru.<\/li>\n<li>Mo\u017cliwo\u015b\u0107 ponownego \u0142adowania: Wykorzystaj w pe\u0142ni e-liquid bez wyrzucania p\u00f3\u0142produkt\u00f3w. *Sp\u00f3jny smak: Ten atomizer zapewnia stabilne i satysfakcjonuj\u0105ce doznania inhalacyjne od pocz\u0105tku do ko\u0144ca.<\/li>\n<\/ul>\n<h2 data-v-md-heading=\"why-choose-to-collaborate-with-agoravape\" data-v-md-line=\"54\">Dlaczego warto zdecydowa\u0107 si\u0119 na wsp\u00f3\u0142prac\u0119 z AgoraVape?<\/h2>\n<p data-v-md-line=\"56\">Gwarantujemy, \u017ce wszystkie produkty s\u0105 w 100% oryginalne i gwarantuj\u0105 jako\u015b\u0107. Oferujemy hurtowe dostawy jednorazowych e-papieros\u00f3w JNR Shisha Ultra 45000. Oferujemy uczciwe ceny hurtowe, szybk\u0105 pomoc techniczn\u0105 i wygodn\u0105 dostaw\u0119 DDP. Je\u015bli chcesz doda\u0107 do swojej oferty jednorazowy e-papieros o du\u017cej pojemno\u015bci i sprawi\u0107, by stali si\u0119 sta\u0142ymi klientami, skontaktuj si\u0119 z nami w dowolnym momencie.<\/p>","protected":false},"excerpt":{"rendered":"<p>Jakie s\u0105 zalety hurtowych jednorazowych vape'\u00f3w JNR Shisha Ultra 45000? Je\u015bli masz do\u015b\u0107 jednorazowych e-papieros\u00f3w, kt\u00f3re szybko si\u0119 wyczerpuj\u0105<\/p>","protected":false},"featured_media":20480,"comment_status":"closed","ping_status":"closed","template":"","meta":[],"product_brand":[225],"product_cat":[124,185,189,177,174,175,152,193,191,173,186,180,190],"product_tag":[],"class_list":{"0":"post-20462","1":"product","2":"type-product","3":"status-publish","4":"has-post-thumbnail","6":"product_brand-jnr","7":"product_cat-vape-by-brand","8":"product_cat-10000-puffs-high-capacity","9":"product_cat-20mg-standard-nicotine-vapes","10":"product_cat-dessert-sweets","11":"product_cat-fruit-flavors","12":"product_cat-icy-mint","13":"product_cat-jnr","14":"product_cat-mesh-coil","15":"product_cat-rechargeable-disposables","16":"product_cat-vape-by-flavor-profile","17":"product_cat-vape-by-nicotine-strength","18":"product_cat-vape-by-puff-count","19":"product_cat-vape-by-feature-or-type","21":"first","22":"instock","23":"shipping-taxable","24":"purchasable","25":"product-type-variable","26":"has-default-attributes"},"tiered_pricing_type":"percentage","tiered_pricing_fixed_rules":{"30":"29","50":"35","100":"40","200":"44","500":"47","1000":"49"},"tiered_pricing_product_settings":{"layout":"default","base_unit_name":{"singular":null,"plural":null},"default_variation":null},"tiered_pricing_minimum_quantity":10,"tiered_pricing_roles_data":[],"tiered_pricing_percentage_rules":{"30":"29","50":"35","100":"40","200":"44","500":"47","1000":"46"},"tiered_pricing_maximum_quantity":null,"tiered_pricing_quantity_step":"10","_links":{"self":[{"href":"https:\/\/agoravape.com\/pl\/wp-json\/wp\/v2\/product\/20462","targetHints":{"allow":["GET"]}}],"collection":[{"href":"https:\/\/agoravape.com\/pl\/wp-json\/wp\/v2\/product"}],"about":[{"href":"https:\/\/agoravape.com\/pl\/wp-json\/wp\/v2\/types\/product"}],"replies":[{"embeddable":true,"href":"https:\/\/agoravape.com\/pl\/wp-json\/wp\/v2\/comments?post=20462"}],"version-history":[{"count":0,"href":"https:\/\/agoravape.com\/pl\/wp-json\/wp\/v2\/product\/20462\/revisions"}],"wp:featuredmedia":[{"embeddable":true,"href":"https:\/\/agoravape.com\/pl\/wp-json\/wp\/v2\/media\/20480"}],"wp:attachment":[{"href":"https:\/\/agoravape.com\/pl\/wp-json\/wp\/v2\/media?parent=20462"}],"wp:term":[{"taxonomy":"product_brand","embeddable":true,"href":"https:\/\/agoravape.com\/pl\/wp-json\/wp\/v2\/product_brand?post=20462"},{"taxonomy":"product_cat","embeddable":true,"href":"https:\/\/agoravape.com\/pl\/wp-json\/wp\/v2\/product_cat?post=20462"},{"taxonomy":"product_tag","embeddable":true,"href":"https:\/\/agoravape.com\/pl\/wp-json\/wp\/v2\/product_tag?post=20462"}],"curies":[{"name":"wp","href":"https:\/\/api.w.org\/{rel}","templated":true}]}}