{"id":20517,"date":"2025-12-30T22:20:04","date_gmt":"2025-12-30T14:20:04","guid":{"rendered":"https:\/\/agoravape.com\/?post_type=product&#038;p=20517"},"modified":"2026-01-21T21:53:08","modified_gmt":"2026-01-21T13:53:08","slug":"jnr-windwhip-44k-puffs-dual-flavor-disposable","status":"publish","type":"product","link":"https:\/\/agoravape.com\/pl\/product\/jnr-windwhip-44k-puffs-dual-flavor-disposable\/","title":{"rendered":"JNR WindWhip 44000 Puffs Dual Flavor Jednorazowe | Hurtowe | Dwa smaki. Jedno urz\u0105dzenie. Du\u017ca liczba zaci\u0105gni\u0119\u0107."},"content":{"rendered":"<h2 data-v-md-heading=\"jnr-windwhip-44000-dual-flavored-disposable-vape-what-s-special-about-its-large-capacity\" data-v-md-line=\"3\">JNR WindWhip 44000 jednorazowy waporyzator o dw\u00f3ch smakach | Co jest szczeg\u00f3lnego w jego du\u017cej pojemno\u015bci?<\/h2>\n<p data-v-md-line=\"5\">Je\u015bli masz do\u015b\u0107 zbyt szybkiego u\u017cywania e-papieros\u00f3w, ten produkt b\u0119dzie zdecydowanie idealnym wyborem. JNR WindWhip ma bateri\u0119 o \u017cywotno\u015bci do 44 000 port\u00f3w, a jedno urz\u0105dzenie oferuje dwa smaki, pozwalaj\u0105c Ci w dowolnym momencie zmieni\u0107 preferencje.<\/p>\n<p data-v-md-line=\"7\">Je\u015bli szukasz trwa\u0142ego i \u0142atwego w obs\u0142udze waporyzatora, to jest to idealny wyb\u00f3r. Nie wymaga obs\u0142ugi menu ani wymiany atomizera. Wystarczy wzi\u0105\u0107 go do r\u0119ki i cieszy\u0107 si\u0119 niezmiennie pysznym smakiem od pocz\u0105tku do ko\u0144ca.<\/p>\n<h2 data-v-md-heading=\"excellent-performance-simple-and-easy-to-use\" data-v-md-line=\"9\">Doskona\u0142a wydajno\u015b\u0107, prostota i \u0142atwo\u015b\u0107 obs\u0142ugi<\/h2>\n<p data-v-md-line=\"11\">WindWhip zosta\u0142 zaprojektowany z my\u015bl\u0105 o p\u0142ynnym przep\u0142ywie powietrza i stabilnym smaku, dzi\u0119ki czemu mo\u017cesz cieszy\u0107 si\u0119 jego doskona\u0142o\u015bci\u0105 ka\u017cdego dnia. Gdy bateria jest s\u0142aba, wystarczy na\u0142adowa\u0107 j\u0105 kablem danych typu C, takim samym, kt\u00f3rego u\u017cywasz do \u0142adowania telefonu. To proste.<\/p>\n<h2 data-v-md-heading=\"quick-specifications\" data-v-md-line=\"13\">Szybkie specyfikacje<\/h2>\n<ul data-v-md-line=\"14\">\n<li>Cz\u0119stotliwo\u015b\u0107 palenia: do 44000 papieros\u00f3w<\/li>\n<li>St\u0119\u017cenie nikotyny: 2%<\/li>\n<li>Stosowanie: Wdychaj, aby aktywowa\u0107<\/li>\n<li>Spos\u00f3b \u0142adowania: Standardowy interfejs USB typu C<\/li>\n<li>Status: Gotowy do u\u017cycia od razu po wyj\u0119ciu z pude\u0142ka<\/li>\n<\/ul>\n<p><img loading=\"lazy\" decoding=\"async\" class=\"aligncenter size-full wp-image-20550\" src=\"https:\/\/agoravape.com\/wp-content\/uploads\/2025\/12\/JNR-WindWhip-44000-Puffs-Dual-Flavor-Disposable-Bulk-Two-flavours.-One-device.-Big-puff-count._Agora_vape-11.webp\" alt=\"\" width=\"1600\" height=\"1600\" srcset=\"https:\/\/agoravape.com\/wp-content\/uploads\/2025\/12\/JNR-WindWhip-44000-Puffs-Dual-Flavor-Disposable-Bulk-Two-flavours.-One-device.-Big-puff-count._Agora_vape-11.webp 1600w, https:\/\/agoravape.com\/wp-content\/uploads\/2025\/12\/JNR-WindWhip-44000-Puffs-Dual-Flavor-Disposable-Bulk-Two-flavours.-One-device.-Big-puff-count._Agora_vape-11-600x600.webp 600w, https:\/\/agoravape.com\/wp-content\/uploads\/2025\/12\/JNR-WindWhip-44000-Puffs-Dual-Flavor-Disposable-Bulk-Two-flavours.-One-device.-Big-puff-count._Agora_vape-11-1200x1200.webp 1200w, https:\/\/agoravape.com\/wp-content\/uploads\/2025\/12\/JNR-WindWhip-44000-Puffs-Dual-Flavor-Disposable-Bulk-Two-flavours.-One-device.-Big-puff-count._Agora_vape-11-300x300.webp 300w, https:\/\/agoravape.com\/wp-content\/uploads\/2025\/12\/JNR-WindWhip-44000-Puffs-Dual-Flavor-Disposable-Bulk-Two-flavours.-One-device.-Big-puff-count._Agora_vape-11-1024x1024.webp 1024w, https:\/\/agoravape.com\/wp-content\/uploads\/2025\/12\/JNR-WindWhip-44000-Puffs-Dual-Flavor-Disposable-Bulk-Two-flavours.-One-device.-Big-puff-count._Agora_vape-11-150x150.webp 150w, https:\/\/agoravape.com\/wp-content\/uploads\/2025\/12\/JNR-WindWhip-44000-Puffs-Dual-Flavor-Disposable-Bulk-Two-flavours.-One-device.-Big-puff-count._Agora_vape-11-768x768.webp 768w, https:\/\/agoravape.com\/wp-content\/uploads\/2025\/12\/JNR-WindWhip-44000-Puffs-Dual-Flavor-Disposable-Bulk-Two-flavours.-One-device.-Big-puff-count._Agora_vape-11-1536x1536.webp 1536w, https:\/\/agoravape.com\/wp-content\/uploads\/2025\/12\/JNR-WindWhip-44000-Puffs-Dual-Flavor-Disposable-Bulk-Two-flavours.-One-device.-Big-puff-count._Agora_vape-11-12x12.webp 12w\" sizes=\"auto, (max-width: 1600px) 100vw, 1600px\" \/><\/p>\n<h2 data-v-md-heading=\"complete-flavor-lineup\" data-v-md-line=\"20\">Pe\u0142na gama smak\u00f3w<\/h2>\n<ul data-v-md-line=\"21\">\n<li>Blue Razz Cherry + Cherry<\/li>\n<li>Mieszane jagody + bia\u0142a brzoskwinia Razz<\/li>\n<li>\u015awie\u017cy l\u00f3d truskawkowy + kwa\u015bna jagoda z malinami<\/li>\n<li>Arbuzowy l\u00f3d + Arbuzowa guma balonowa<\/li>\n<li>Lody kiwi-arbuzowe + truskawkowo-kiwi<\/li>\n<li>Lody truskawkowo-arbuzowe + truskawkowo-bananowe<\/li>\n<li>Cherry Cola + Letnie Brzoskwinie<\/li>\n<li>Mi\u0142o\u015b\u0107 66 + Hawaje<\/li>\n<li>Podw\u00f3jne jab\u0142ko + zielone jab\u0142ko brzoskwinia gruszka<\/li>\n<li>Czarny l\u00f3d + Czarny l\u00f3d smoka<\/li>\n<\/ul>\n<h2 data-v-md-heading=\"to-serve-you-and-your-business\" data-v-md-line=\"32\">Aby s\u0142u\u017cy\u0107 Tobie i Twojemu biznesowi<\/h2>\n<p data-v-md-line=\"34\">Mo\u017cesz kupi\u0107 JNR WindWhip 44000 osobno lub hurtowo w sprzeda\u017cy detalicznej. 10 sztuk w opakowaniu wewn\u0119trznym i 200 sztuk w opakowaniu zewn\u0119trznym. Je\u015bli prowadzisz sklep, z pewno\u015bci\u0105 spodoba Ci si\u0119 to schludne opakowanie wewn\u0119trzne zawieraj\u0105ce 10 sztuk, kt\u00f3re jest wygodne do przechowywania na p\u00f3\u0142kach i zarz\u0105dzania zapasami.<\/p>\n<p data-v-md-line=\"36\">Oferujemy niezawodne us\u0142ugi wysy\u0142ki DDP po op\u0142aceniu podatku, wsp\u00f3\u0142pracuj\u0105c z takimi partnerami jak UPS, DPD i DHL, aby pom\u00f3c Ci unikn\u0105\u0107 op\u00f3\u017anie\u0144 w odprawie celnej i nieoczekiwanych wydatk\u00f3w. Ze wzgl\u0119du na r\u00f3\u017cnice w przepisach obowi\u0105zuj\u0105cych w poszczeg\u00f3lnych krajach europejskich, przed sprzeda\u017c\u0105 jednorazowych e-papieros\u00f3w o du\u017cej pojemno\u015bci nale\u017cy sprawdzi\u0107 lokalne przepisy.<\/p>\n<h2 data-v-md-heading=\"the-reason-why-you-will-like-it\" data-v-md-line=\"38\">Pow\u00f3d, dla kt\u00f3rego Ci si\u0119 spodoba<\/h2>\n<ul data-v-md-line=\"39\">\n<li>Trwa\u0142o\u015b\u0107 i d\u0142uga \u017cywotno\u015b\u0107: Dzi\u0119ki d\u0142u\u017cszemu czasowi u\u017cytkowania nie ma potrzeby cz\u0119stej wymiany sprz\u0119tu.<\/li>\n<li>Wyb\u00f3r st\u0119\u017cenia nikotyny: st\u0119\u017cenie nikotyny 2%, odpowiednie dla wi\u0119kszo\u015bci u\u017cytkownik\u00f3w jednorazowych e-papieros\u00f3w.<\/li>\n<li>Mo\u017cliwo\u015b\u0107 \u0142adowania: Mo\u017cesz wykorzysta\u0107 ca\u0142y zakupiony e-liquid, nie martwi\u0105c si\u0119 o wyrzucenie urz\u0105dzenia, gdy b\u0119dzie w po\u0142owie nape\u0142nione.<\/li>\n<li>Jednolity smak: zaprojektowany z my\u015bl\u0105 o swobodnym przep\u0142ywie powietrza i jednolitym smaku.<\/li>\n<\/ul>\n<h2 data-v-md-heading=\"why-choose-to-collaborate-with-agoravape\" data-v-md-line=\"44\">Dlaczego warto zdecydowa\u0107 si\u0119 na wsp\u00f3\u0142prac\u0119 z AgoraVape?<\/h2>\n<p data-v-md-line=\"46\">Sprzedajemy wy\u0142\u0105cznie oryginalne produkty, Twoi klienci mog\u0105 nam zaufa\u0107. Dla klient\u00f3w korporacyjnych oznacza to, \u017ce jednorazowe waporyzatory JNR WindWhip 44000 o dw\u00f3ch smakach (luzem) oferuj\u0105 bardzo konkurencyjne ceny hurtowe, niezawodne wsparcie posprzeda\u017cowe i szybk\u0105 wysy\u0142k\u0119. Je\u015bli chcesz doda\u0107 do swojej oferty sprawdzony, wydajny waporyzator o dw\u00f3ch smakach, skontaktuj si\u0119 z nami. Twoi klienci z pewno\u015bci\u0105 dokonaj\u0105 kolejnego zakupu.<\/p>","protected":false},"excerpt":{"rendered":"<p>JNR WindWhip 44000 dual flavored disposable vape | Co wyr\u00f3\u017cnia jego du\u017c\u0105 pojemno\u015b\u0107? Je\u015bli jeste\u015b zm\u0119czony u\u017cywaniem<\/p>","protected":false},"featured_media":20549,"comment_status":"closed","ping_status":"closed","template":"","meta":[],"product_brand":[225],"product_cat":[124,185,189,177,195,174,175,152,193,191,173,186,180,190],"product_tag":[],"class_list":{"0":"post-20517","1":"product","2":"type-product","3":"status-publish","4":"has-post-thumbnail","6":"product_brand-jnr","7":"product_cat-vape-by-brand","8":"product_cat-10000-puffs-high-capacity","9":"product_cat-20mg-standard-nicotine-vapes","10":"product_cat-dessert-sweets","11":"product_cat-dual-flavor-switch","12":"product_cat-fruit-flavors","13":"product_cat-icy-mint","14":"product_cat-jnr","15":"product_cat-mesh-coil","16":"product_cat-rechargeable-disposables","17":"product_cat-vape-by-flavor-profile","18":"product_cat-vape-by-nicotine-strength","19":"product_cat-vape-by-puff-count","20":"product_cat-vape-by-feature-or-type","22":"first","23":"instock","24":"shipping-taxable","25":"purchasable","26":"product-type-variable","27":"has-default-attributes"},"tiered_pricing_type":"percentage","tiered_pricing_fixed_rules":{"30":"29","50":"35","100":"40","200":"44","500":"47","1000":"49"},"tiered_pricing_product_settings":{"layout":"default","base_unit_name":{"singular":null,"plural":null},"default_variation":null},"tiered_pricing_minimum_quantity":10,"tiered_pricing_roles_data":[],"tiered_pricing_percentage_rules":{"30":"29","50":"35","100":"40","200":"44","500":"47","1000":"46"},"tiered_pricing_maximum_quantity":null,"tiered_pricing_quantity_step":"10","_links":{"self":[{"href":"https:\/\/agoravape.com\/pl\/wp-json\/wp\/v2\/product\/20517","targetHints":{"allow":["GET"]}}],"collection":[{"href":"https:\/\/agoravape.com\/pl\/wp-json\/wp\/v2\/product"}],"about":[{"href":"https:\/\/agoravape.com\/pl\/wp-json\/wp\/v2\/types\/product"}],"replies":[{"embeddable":true,"href":"https:\/\/agoravape.com\/pl\/wp-json\/wp\/v2\/comments?post=20517"}],"version-history":[{"count":0,"href":"https:\/\/agoravape.com\/pl\/wp-json\/wp\/v2\/product\/20517\/revisions"}],"wp:featuredmedia":[{"embeddable":true,"href":"https:\/\/agoravape.com\/pl\/wp-json\/wp\/v2\/media\/20549"}],"wp:attachment":[{"href":"https:\/\/agoravape.com\/pl\/wp-json\/wp\/v2\/media?parent=20517"}],"wp:term":[{"taxonomy":"product_brand","embeddable":true,"href":"https:\/\/agoravape.com\/pl\/wp-json\/wp\/v2\/product_brand?post=20517"},{"taxonomy":"product_cat","embeddable":true,"href":"https:\/\/agoravape.com\/pl\/wp-json\/wp\/v2\/product_cat?post=20517"},{"taxonomy":"product_tag","embeddable":true,"href":"https:\/\/agoravape.com\/pl\/wp-json\/wp\/v2\/product_tag?post=20517"}],"curies":[{"name":"wp","href":"https:\/\/api.w.org\/{rel}","templated":true}]}}