{"id":20619,"date":"2025-12-30T23:06:34","date_gmt":"2025-12-30T15:06:34","guid":{"rendered":"https:\/\/agoravape.com\/?post_type=product&#038;p=20619"},"modified":"2026-03-31T04:20:26","modified_gmt":"2026-03-31T02:20:26","slug":"jnr-quads-4in1-120k-puffs-disposable-vape-wholesale","status":"publish","type":"product","link":"https:\/\/agoravape.com\/pl\/product\/jnr-quads-4in1-120k-puffs-disposable-vape-wholesale\/","title":{"rendered":"JNR QUADS 4w1 120000 zaci\u0105gni\u0119\u0107 Jednorazowy waporyzator hurtowo | Cztery smaki w jednym, stworzone, by przetrwa\u0107"},"content":{"rendered":"<h2 data-v-md-heading=\"what-is-special-about-jnr-quads-4-in-1-120000-disposable-vape-wholesale\" data-v-md-line=\"3\"><img loading=\"lazy\" decoding=\"async\" class=\"aligncenter size-full wp-image-20650\" src=\"https:\/\/agoravape.com\/wp-content\/uploads\/2025\/12\/JNR-QUADS-4in1-120000-Puffs-Disposable-Vape-Wholesale-Four-Flavours-in-One-Built-to-Last_Agora_vape-11.webp\" alt=\"\" width=\"1920\" height=\"1080\" srcset=\"https:\/\/agoravape.com\/wp-content\/uploads\/2025\/12\/JNR-QUADS-4in1-120000-Puffs-Disposable-Vape-Wholesale-Four-Flavours-in-One-Built-to-Last_Agora_vape-11.webp 1920w, https:\/\/agoravape.com\/wp-content\/uploads\/2025\/12\/JNR-QUADS-4in1-120000-Puffs-Disposable-Vape-Wholesale-Four-Flavours-in-One-Built-to-Last_Agora_vape-11-1200x675.webp 1200w, https:\/\/agoravape.com\/wp-content\/uploads\/2025\/12\/JNR-QUADS-4in1-120000-Puffs-Disposable-Vape-Wholesale-Four-Flavours-in-One-Built-to-Last_Agora_vape-11-300x169.webp 300w, https:\/\/agoravape.com\/wp-content\/uploads\/2025\/12\/JNR-QUADS-4in1-120000-Puffs-Disposable-Vape-Wholesale-Four-Flavours-in-One-Built-to-Last_Agora_vape-11-1024x576.webp 1024w, https:\/\/agoravape.com\/wp-content\/uploads\/2025\/12\/JNR-QUADS-4in1-120000-Puffs-Disposable-Vape-Wholesale-Four-Flavours-in-One-Built-to-Last_Agora_vape-11-768x432.webp 768w, https:\/\/agoravape.com\/wp-content\/uploads\/2025\/12\/JNR-QUADS-4in1-120000-Puffs-Disposable-Vape-Wholesale-Four-Flavours-in-One-Built-to-Last_Agora_vape-11-1536x864.webp 1536w, https:\/\/agoravape.com\/wp-content\/uploads\/2025\/12\/JNR-QUADS-4in1-120000-Puffs-Disposable-Vape-Wholesale-Four-Flavours-in-One-Built-to-Last_Agora_vape-11-18x10.webp 18w, https:\/\/agoravape.com\/wp-content\/uploads\/2025\/12\/JNR-QUADS-4in1-120000-Puffs-Disposable-Vape-Wholesale-Four-Flavours-in-One-Built-to-Last_Agora_vape-11-889x500.webp 889w\" sizes=\"auto, (max-width: 1920px) 100vw, 1920px\" \/><\/h2>\n<h2 data-v-md-heading=\"what-is-special-about-jnr-quads-4-in-1-120000-disposable-vape-wholesale\" data-v-md-line=\"3\">What is special about JNR QUADS 4-in-1 120000 disposable vape wholesale?<\/h2>\n<p data-v-md-line=\"4\">If you dislike the taste fading or need to replace your device during the week, then you must take a look at this product. JNR QUADS 4-in-1 disposable vape offers up to 120000 puffs, with four flavors included in one device, allowing you to switch anytime according to your preferences.<\/p>\n<p data-v-md-line=\"6\">If you want an vape with long battery life, simple use, and stable taste, then this product is your ideal choice. For stores that want to sell a popular, high-capacity disposable vape that can attract customers to repurchase, this product is also a wise choice.<\/p>\n<h2 data-v-md-heading=\"excellent-performance-easy-to-operate\" data-v-md-line=\"8\">Doskona\u0142a wydajno\u015b\u0107, \u0142atwa obs\u0142uga<\/h2>\n<p data-v-md-line=\"9\">The QUADS 4-in-1 is equipped with a 1000mAh rechargeable battery and a spacious 4 \u00d7 15ml e-liquid capacity. This combination ensures a long-term stable user experience. No need for tedious setup or learning process. When the battery is low, you can use a Type-C data cable for charging, which is the same as the charging cable used for your phone. The 4-in-1 flavor system allows you to always experience fresh flavors, which is very practical for a device designed for long-term use.<\/p>\n<h2 data-v-md-heading=\"quick-specifications\" data-v-md-line=\"11\">Szybkie specyfikacje<\/h2>\n<ul data-v-md-line=\"12\">\n<li>Smoking frequency: up to 120000 times<\/li>\n<li>Zawarto\u015b\u0107 nikotyny: 2% nikotyny<\/li>\n<li>Usage: Inhale to use<\/li>\n<li>\u0141adowanie: Standardowy interfejs USB typu C<\/li>\n<li>Status: Gotowy do u\u017cycia od razu po wyj\u0119ciu z pude\u0142ka<\/li>\n<\/ul>\n<h2 data-v-md-heading=\"full-range-of-flavors\" data-v-md-line=\"18\">Pe\u0142na gama smak\u00f3w<\/h2>\n<ul data-v-md-line=\"19\">\n<li>Summer peach + strawberry ice + watermelon ice + black ice<\/li>\n<li>Mieszane jagody + jagody, wi\u015bnia, \u017curawina + jagody, kwa\u015bna malina + wi\u015bnia i jagody<\/li>\n<li>Passion fruit kiwi + peach mango pineapple + strawberry kiwi + blueberry kiwi<\/li>\n<li>Kiwi watermelon ice + Strawberry watermelon ice + Black Dragon ice + Strawberry kiwi<\/li>\n<li>Raspberry Orange + Blueberry Sour Raspberry + JNR VC Boost + JNR Red Punch<\/li>\n<li>Double apples + triple melons + watermelon bubble gum + strawberries and bananas<\/li>\n<li>Blueberry Raspberry Cherry + Blueberry Raspberry Ice + Black Ice + Strawberry Ice<\/li>\n<li>Peach, Mango, Pineapple, Passion Fruit, Kiwi, Coke Ice, Summer Peach<\/li>\n<li>Tiger Blood + Passion Fruit Kiwi + Double Apples + Sparkling Cherry Cola<\/li>\n<li>Watermelon Ice + Triple Melon + Strawberry Watermelon Ice + Kiwi Watermelon Ice<\/li>\n<\/ul>\n<h2 data-v-md-heading=\"suitable-for-you-and-your-business\" data-v-md-line=\"30\">Odpowiednie dla Ciebie i Twojej firmy<\/h2>\n<p data-v-md-line=\"31\">You can purchase JNR QUADS 4-in-1 120000 disposable vapes separately, or purchase them in bulk for your store. The wholesale packaging is 5 pieces per inner box, 100 pieces per large box, and a gross weight of 15.5 kilograms per box. Convenient for storage and shelving.<\/p>\n<p data-v-md-line=\"33\">We collaborate with trusted partners such as UPS, DPD, and DHL to ship our products to various parts of Europe. Many regions offer DDP (Delivered Duty Paid) options, so tariffs and taxes have been pre processed to avoid any unexpected situations with customs.<\/p>\n<p data-v-md-line=\"35\">Compliance statement: This device uses four 15ml e-liquid modules and has a very high number of uses. This does not comply with the 2 milliliter e-liquid capacity limit imposed by TPD\/TRRP regulations on retail sales in many EU markets. Before retail, please make sure to check local regulations.<\/p>\n<h2 data-v-md-heading=\"reasons-why-you-will-like-it\" data-v-md-line=\"37\">Powody, dla kt\u00f3rych Ci si\u0119 spodoba<\/h2>\n<ul data-v-md-line=\"38\">\n<li>Ultra long battery life: longer usage time, lower purchase frequency.<\/li>\n<li>Four flavors: switch flavors at any time to maintain freshness.<\/li>\n<li>Mo\u017cliwo\u015b\u0107 \u0142adowania: Interfejs \u0142adowania typu C, umo\u017cliwiaj\u0105cy wykorzystanie ka\u017cdej kropli e-liquidu. - Stabilna wydajno\u015b\u0107: Od pierwszego do ostatniego k\u0119sa zapewnia bogaty i \u0142agodny smak.<\/li>\n<\/ul>\n<h2 data-v-md-heading=\"why-choose-to-collaborate-with-agoravape\" data-v-md-line=\"42\">Dlaczego warto zdecydowa\u0107 si\u0119 na wsp\u00f3\u0142prac\u0119 z AgoraVape?<\/h2>\n<p data-v-md-line=\"43\">Pozyskujemy wy\u0142\u0105cznie w 100% oryginalne produkty z zaufanych \u017ar\u00f3de\u0142. Oferujemy konkurencyjne ceny hurtowe, responsywn\u0105 obs\u0142ug\u0119 klienta oraz szybk\u0105 i niezawodn\u0105 dostaw\u0119 hurtow\u0105 jednorazowych e-papieros\u00f3w JNR QUADS 4 w 1 120000. Potrzebujesz dokument\u00f3w celnych lub danych o identyfikowalno\u015bci partii? Zapewnimy wszystko. Zapraszamy do negocjacji cen hurtowych i plan\u00f3w transportu, aby Twoje p\u00f3\u0142ki by\u0142y pe\u0142ne produkt\u00f3w, kt\u00f3re klienci z pewno\u015bci\u0105 b\u0119d\u0105 chcieli ponownie kupi\u0107.<\/p>","protected":false},"excerpt":{"rendered":"<p>Co jest wyj\u0105tkowego w hurtowej sprzeda\u017cy jednorazowych vape'\u00f3w JNR QUADS 4-in-1 120000? Je\u015bli nie lubisz, gdy smak zanika lub potrzebujesz<\/p>","protected":false},"featured_media":20649,"comment_status":"closed","ping_status":"closed","template":"","meta":[],"product_brand":[225],"product_cat":[124,185,189,177,195,174,175,152,193,191,173,186,180,190,192],"product_tag":[],"class_list":{"0":"post-20619","1":"product","2":"type-product","3":"status-publish","4":"has-post-thumbnail","6":"product_brand-jnr","7":"product_cat-vape-by-brand","8":"product_cat-10000-puffs-high-capacity","9":"product_cat-20mg-standard-nicotine-vapes","10":"product_cat-dessert-sweets","11":"product_cat-dual-flavor-switch","12":"product_cat-fruit-flavors","13":"product_cat-icy-mint","14":"product_cat-jnr","15":"product_cat-mesh-coil","16":"product_cat-rechargeable-disposables","17":"product_cat-vape-by-flavor-profile","18":"product_cat-vape-by-nicotine-strength","19":"product_cat-vape-by-puff-count","20":"product_cat-vape-by-feature-or-type","21":"product_cat-vapes-with-screens","23":"first","24":"instock","25":"shipping-taxable","26":"purchasable","27":"product-type-variable","28":"has-default-attributes"},"tiered_pricing_type":"percentage","tiered_pricing_fixed_rules":{"30":"29","50":"35","100":"40","200":"44","500":"47","1000":"49"},"tiered_pricing_product_settings":{"layout":"default","base_unit_name":{"singular":null,"plural":null},"default_variation":null},"tiered_pricing_minimum_quantity":10,"tiered_pricing_roles_data":[],"tiered_pricing_percentage_rules":{"30":"29","50":"35","100":"40","200":"44","500":"47","1000":"46"},"tiered_pricing_maximum_quantity":null,"tiered_pricing_quantity_step":"10","_links":{"self":[{"href":"https:\/\/agoravape.com\/pl\/wp-json\/wp\/v2\/product\/20619","targetHints":{"allow":["GET"]}}],"collection":[{"href":"https:\/\/agoravape.com\/pl\/wp-json\/wp\/v2\/product"}],"about":[{"href":"https:\/\/agoravape.com\/pl\/wp-json\/wp\/v2\/types\/product"}],"replies":[{"embeddable":true,"href":"https:\/\/agoravape.com\/pl\/wp-json\/wp\/v2\/comments?post=20619"}],"version-history":[{"count":1,"href":"https:\/\/agoravape.com\/pl\/wp-json\/wp\/v2\/product\/20619\/revisions"}],"predecessor-version":[{"id":29805,"href":"https:\/\/agoravape.com\/pl\/wp-json\/wp\/v2\/product\/20619\/revisions\/29805"}],"wp:featuredmedia":[{"embeddable":true,"href":"https:\/\/agoravape.com\/pl\/wp-json\/wp\/v2\/media\/20649"}],"wp:attachment":[{"href":"https:\/\/agoravape.com\/pl\/wp-json\/wp\/v2\/media?parent=20619"}],"wp:term":[{"taxonomy":"product_brand","embeddable":true,"href":"https:\/\/agoravape.com\/pl\/wp-json\/wp\/v2\/product_brand?post=20619"},{"taxonomy":"product_cat","embeddable":true,"href":"https:\/\/agoravape.com\/pl\/wp-json\/wp\/v2\/product_cat?post=20619"},{"taxonomy":"product_tag","embeddable":true,"href":"https:\/\/agoravape.com\/pl\/wp-json\/wp\/v2\/product_tag?post=20619"}],"curies":[{"name":"wp","href":"https:\/\/api.w.org\/{rel}","templated":true}]}}