{"id":20698,"date":"2025-12-30T23:38:05","date_gmt":"2025-12-30T15:38:05","guid":{"rendered":"https:\/\/agoravape.com\/?post_type=product&#038;p=20698"},"modified":"2026-01-21T21:55:17","modified_gmt":"2026-01-21T13:55:17","slug":"jnr-big-mac-shisha-80k-puffs-disposable-vape-wholesale","status":"publish","type":"product","link":"https:\/\/agoravape.com\/pl\/product\/jnr-big-mac-shisha-80k-puffs-disposable-vape-wholesale\/","title":{"rendered":"JNR Big Mac Shisha 80000 zaci\u0105gni\u0119\u0107 Jednorazowy Vape Hurt | Du\u017ca pojemno\u015b\u0107, prosta wygoda"},"content":{"rendered":"<h2 data-v-md-heading=\"what-is-special-about-jnr-big-mac-shisha-s-wholesale-of-80000-disposable-vapes\" data-v-md-line=\"3\"><img loading=\"lazy\" decoding=\"async\" class=\"aligncenter size-full wp-image-20718\" src=\"https:\/\/agoravape.com\/wp-content\/uploads\/2025\/12\/JNR-Big-Mac-Shisha-80000-Puffs-Disposable-Vape-Wholesale-Big-Capacity-Straightforward-Convenience_Agora_vape-8.webp\" alt=\"\" width=\"1600\" height=\"1600\" srcset=\"https:\/\/agoravape.com\/wp-content\/uploads\/2025\/12\/JNR-Big-Mac-Shisha-80000-Puffs-Disposable-Vape-Wholesale-Big-Capacity-Straightforward-Convenience_Agora_vape-8.webp 1600w, https:\/\/agoravape.com\/wp-content\/uploads\/2025\/12\/JNR-Big-Mac-Shisha-80000-Puffs-Disposable-Vape-Wholesale-Big-Capacity-Straightforward-Convenience_Agora_vape-8-600x600.webp 600w, https:\/\/agoravape.com\/wp-content\/uploads\/2025\/12\/JNR-Big-Mac-Shisha-80000-Puffs-Disposable-Vape-Wholesale-Big-Capacity-Straightforward-Convenience_Agora_vape-8-1200x1200.webp 1200w, https:\/\/agoravape.com\/wp-content\/uploads\/2025\/12\/JNR-Big-Mac-Shisha-80000-Puffs-Disposable-Vape-Wholesale-Big-Capacity-Straightforward-Convenience_Agora_vape-8-300x300.webp 300w, https:\/\/agoravape.com\/wp-content\/uploads\/2025\/12\/JNR-Big-Mac-Shisha-80000-Puffs-Disposable-Vape-Wholesale-Big-Capacity-Straightforward-Convenience_Agora_vape-8-1024x1024.webp 1024w, https:\/\/agoravape.com\/wp-content\/uploads\/2025\/12\/JNR-Big-Mac-Shisha-80000-Puffs-Disposable-Vape-Wholesale-Big-Capacity-Straightforward-Convenience_Agora_vape-8-150x150.webp 150w, https:\/\/agoravape.com\/wp-content\/uploads\/2025\/12\/JNR-Big-Mac-Shisha-80000-Puffs-Disposable-Vape-Wholesale-Big-Capacity-Straightforward-Convenience_Agora_vape-8-768x768.webp 768w, https:\/\/agoravape.com\/wp-content\/uploads\/2025\/12\/JNR-Big-Mac-Shisha-80000-Puffs-Disposable-Vape-Wholesale-Big-Capacity-Straightforward-Convenience_Agora_vape-8-1536x1536.webp 1536w, https:\/\/agoravape.com\/wp-content\/uploads\/2025\/12\/JNR-Big-Mac-Shisha-80000-Puffs-Disposable-Vape-Wholesale-Big-Capacity-Straightforward-Convenience_Agora_vape-8-12x12.webp 12w\" sizes=\"auto, (max-width: 1600px) 100vw, 1600px\" \/><\/h2>\n<h2 data-v-md-heading=\"what-is-special-about-jnr-big-mac-shisha-s-wholesale-of-80000-disposable-vapes\" data-v-md-line=\"3\">Co jest szczeg\u00f3lnego w hurtowej sprzeda\u017cy 80000 jednorazowych waporyzator\u00f3w JNR Big Mac Shisha?<\/h2>\n<p data-v-md-line=\"4\">Je\u015bli masz ju\u017c do\u015b\u0107 jednorazowych waporyzator\u00f3w, kt\u00f3re roz\u0142adowuj\u0105 si\u0119, gdy po raz pierwszy zaczynasz delektowa\u0107 si\u0119 pysznym jedzeniem, koniecznie sprawd\u017a ten produkt. JNR Big Mac Shisha ma ogromn\u0105 pojemno\u015b\u0107 e-liquidu \u2013 a\u017c 55 ml \u2013 co zapewnia do 80 000 zaci\u0105gni\u0119\u0107, a jego konstrukcja pozwala na d\u0142ugotrwa\u0142e u\u017cytkowanie bez \u017cmudnych czynno\u015bci.<\/p>\n<p data-v-md-line=\"6\">Idealnie nadaje si\u0119 dla u\u017cytkownik\u00f3w, kt\u00f3rzy chc\u0105 do\u015bwiadczy\u0107 smaku fajki wodnej, a jednocze\u015bnie korzysta\u0107 z prostych i wygodnych, jednorazowych, \u0142adowalnych waporyzator\u00f3w. Bez przycisk\u00f3w i menu. Wystarczy zaci\u0105gn\u0105\u0107 si\u0119 \u0142atwo i cieszy\u0107 si\u0119 jednolit\u0105, g\u0142adk\u0105 konsystencj\u0105.<\/p>\n<h2 data-v-md-heading=\"excellent-performance-simple-and-easy-to-use\" data-v-md-line=\"8\">Doskona\u0142a wydajno\u015b\u0107, prostota i \u0142atwo\u015b\u0107 obs\u0142ugi<\/h2>\n<p data-v-md-line=\"9\">Od pocz\u0105tku do ko\u0144ca mo\u017cesz cieszy\u0107 si\u0119 czystym do\u015bwiadczeniem inhalacji i stabilnym smakiem. Urz\u0105dzenie jest aktywowane poprzez inhalacj\u0119 i wystarczy je podnie\u015b\u0107, aby zaci\u0105gn\u0105\u0107 si\u0119. Gdy bateria jest s\u0142aba, wystarczy pod\u0142\u0105czy\u0107 kabel danych typu C, aby kontynuowa\u0107 korzystanie z urz\u0105dzenia. Nie potrzebujesz dedykowanej \u0142adowarki, poniewa\u017c korzysta z interfejsu powszechnie u\u017cywanego w wi\u0119kszo\u015bci telefon\u00f3w kom\u00f3rkowych.<\/p>\n<h2 data-v-md-heading=\"quick-specifications\" data-v-md-line=\"11\">Szybkie specyfikacje<\/h2>\n<ul data-v-md-line=\"12\">\n<li>Cz\u0119stotliwo\u015b\u0107 palenia: do 80000 zaci\u0105gni\u0119\u0107<\/li>\n<li>Zawarto\u015b\u0107 nikotyny: 2% nikotyny<\/li>\n<li>Pojemno\u015b\u0107 e-liquidu: 55 ml<\/li>\n<li>Bateria: 1200mAh<\/li>\n<li>Stosowanie: Aktywowa\u0107 poprzez wdychanie<\/li>\n<li>\u0141adowanie: Standardowy interfejs USB typu C<\/li>\n<li>Status: Gotowy do u\u017cycia od razu po wyj\u0119ciu z pude\u0142ka<\/li>\n<li>Opakowanie: 10 sztuk w pude\u0142ku wewn\u0119trznym, 100 sztuk w pude\u0142ku zewn\u0119trznym<\/li>\n<li>Masa brutto zewn\u0119trznego opakowania: 17,82 kg<\/li>\n<li>SKU: JNR-Big-Mac-Shisha-80k<\/li>\n<\/ul>\n<h2 data-v-md-heading=\"full-range-of-flavors\" data-v-md-line=\"23\">Pe\u0142na gama smak\u00f3w<\/h2>\n<ul data-v-md-line=\"24\">\n<li>Jak<\/li>\n<li>Guma do \u017cucia<\/li>\n<li>Truskawkowy Panqu<\/li>\n<li>Gildia Pa\u0144<\/li>\n<li>Magiczna mi\u0142o\u015b\u0107<\/li>\n<li>Mi\u0142o\u015b\u0107 66<\/li>\n<li>Podw\u00f3jne jab\u0142ka<\/li>\n<li>Cytryna jako<\/li>\n<li>Truskawka Wi\u015bnia<\/li>\n<li>Mentol<\/li>\n<li>Zapach Liulan<\/li>\n<li>Mieszane jagody<\/li>\n<li>Mango Ananas<\/li>\n<li>Uczta Wi\u015bniowa<\/li>\n<li>Letnia brzoskwinia<\/li>\n<\/ul>\n<h2 data-v-md-heading=\"suitable-for-you-and-your-business\" data-v-md-line=\"40\">Odpowiednie dla Ciebie i Twojej firmy<\/h2>\n<p data-v-md-line=\"41\">Mo\u017cesz kupi\u0107 jednorazowe waporyzatory JNR Big Mac Shisha 80000 osobno lub hurtowo, aby uzupe\u0142ni\u0107 zapasy w swoim sklepie. Opakowanie hurtowe zawiera 10 sztuk opakowania wewn\u0119trznego i 100 sztuk opakowania zewn\u0119trznego, co u\u0142atwia planowanie zakup\u00f3w.<\/p>\n<p data-v-md-line=\"43\">Wsp\u00f3\u0142pracujemy z zaufanymi partnerami, takimi jak UPS, DPD i DHL, oferuj\u0105c us\u0142ugi DDP (Delivered Duty Paid) w zakresie wysy\u0142ki produkt\u00f3w do Europy. Dzi\u0119ki temu c\u0142a s\u0105 wliczone w cen\u0119 i nie musisz martwi\u0107 si\u0119 o nieprzewidziane sytuacje na odprawie celnej. Uwaga dla sprzedawc\u00f3w detalicznych z UE i Wielkiej Brytanii: urz\u0105dzenie ma pojemno\u015b\u0107 55 ml i mo\u017ce zaci\u0105gn\u0105\u0107 80 000 dawek, przekraczaj\u0105c limit TPD\/TRRP, co czyni je odpowiednim dla rynk\u00f3w, na kt\u00f3rych TPD nie obowi\u0105zuje. Przed z\u0142o\u017ceniem zam\u00f3wienia detalicznego prosimy o sprawdzenie lokalnych przepis\u00f3w.<\/p>\n<h2 data-v-md-heading=\"reasons-why-you-will-like-it\" data-v-md-line=\"45\">Powody, dla kt\u00f3rych Ci si\u0119 spodoba<\/h2>\n<ul data-v-md-line=\"46\">\n<li>Bardzo d\u0142uga \u017cywotno\u015b\u0107 baterii: D\u0142ugi czas u\u017cytkowania, nie ma potrzeby cz\u0119stej wymiany.<\/li>\n<li>Prosty wyb\u00f3r nikotyny: st\u0119\u017cenie nikotyny 2% jest odpowiednie do codziennego stosowania, proste i wygodne.<\/li>\n<li>Mo\u017cliwo\u015b\u0107 \u0142adowania: Interfejs \u0142adowania typu C pozwala na pe\u0142ne wykorzystanie ka\u017cdej kropli e-liquidu.<\/li>\n<li>Sta\u0142y smak: Mo\u017cesz cieszy\u0107 si\u0119 sta\u0142ym smakiem od pierwszego do ostatniego k\u0119sa.<\/li>\n<\/ul>\n<h2 data-v-md-heading=\"reasons-for-choosing-agoravape\" data-v-md-line=\"51\">Powody wyboru AgoraVape<\/h2>\n<p data-v-md-line=\"52\">Sprzedajemy wy\u0142\u0105cznie oryginalne produkty i zapewniamy kompleksow\u0105 obs\u0142ug\u0119 posprzeda\u017cow\u0105. Oferujemy bardzo konkurencyjne ceny hurtowe, niezawodne wsparcie oraz szybk\u0105 i niezawodn\u0105 wysy\u0142k\u0119 DDP dla jednorazowych waporyzator\u00f3w JNR Big Mac Shisha 80000. Skontaktuj si\u0119 z naszym zespo\u0142em, a pomo\u017cemy Ci stworzy\u0107 lini\u0119 produkt\u00f3w, kt\u00f3re klienci ch\u0119tnie b\u0119d\u0105 ponownie kupowa\u0107.<\/p>","protected":false},"excerpt":{"rendered":"<p>Co jest wyj\u0105tkowego w hurtowej sprzeda\u017cy 80 000 jednorazowych vape'\u00f3w JNR Big Mac Shisha? Je\u015bli masz do\u015b\u0107 jednorazowych vape'\u00f3w, kt\u00f3re<\/p>","protected":false},"featured_media":20726,"comment_status":"closed","ping_status":"closed","template":"","meta":[],"product_brand":[225],"product_cat":[124,185,189,177,174,175,152,193,191,173,186,180,190,192],"product_tag":[],"class_list":{"0":"post-20698","1":"product","2":"type-product","3":"status-publish","4":"has-post-thumbnail","6":"product_brand-jnr","7":"product_cat-vape-by-brand","8":"product_cat-10000-puffs-high-capacity","9":"product_cat-20mg-standard-nicotine-vapes","10":"product_cat-dessert-sweets","11":"product_cat-fruit-flavors","12":"product_cat-icy-mint","13":"product_cat-jnr","14":"product_cat-mesh-coil","15":"product_cat-rechargeable-disposables","16":"product_cat-vape-by-flavor-profile","17":"product_cat-vape-by-nicotine-strength","18":"product_cat-vape-by-puff-count","19":"product_cat-vape-by-feature-or-type","20":"product_cat-vapes-with-screens","22":"first","23":"instock","24":"shipping-taxable","25":"purchasable","26":"product-type-variable","27":"has-default-attributes"},"tiered_pricing_type":"percentage","tiered_pricing_fixed_rules":{"30":"29","50":"35","100":"40","200":"44","500":"47","1000":"49"},"tiered_pricing_product_settings":{"layout":"default","base_unit_name":{"singular":null,"plural":null},"default_variation":null},"tiered_pricing_minimum_quantity":10,"tiered_pricing_roles_data":[],"tiered_pricing_percentage_rules":{"30":"29","50":"35","100":"40","200":"44","500":"47","1000":"46"},"tiered_pricing_maximum_quantity":null,"tiered_pricing_quantity_step":"10","_links":{"self":[{"href":"https:\/\/agoravape.com\/pl\/wp-json\/wp\/v2\/product\/20698","targetHints":{"allow":["GET"]}}],"collection":[{"href":"https:\/\/agoravape.com\/pl\/wp-json\/wp\/v2\/product"}],"about":[{"href":"https:\/\/agoravape.com\/pl\/wp-json\/wp\/v2\/types\/product"}],"replies":[{"embeddable":true,"href":"https:\/\/agoravape.com\/pl\/wp-json\/wp\/v2\/comments?post=20698"}],"version-history":[{"count":0,"href":"https:\/\/agoravape.com\/pl\/wp-json\/wp\/v2\/product\/20698\/revisions"}],"wp:featuredmedia":[{"embeddable":true,"href":"https:\/\/agoravape.com\/pl\/wp-json\/wp\/v2\/media\/20726"}],"wp:attachment":[{"href":"https:\/\/agoravape.com\/pl\/wp-json\/wp\/v2\/media?parent=20698"}],"wp:term":[{"taxonomy":"product_brand","embeddable":true,"href":"https:\/\/agoravape.com\/pl\/wp-json\/wp\/v2\/product_brand?post=20698"},{"taxonomy":"product_cat","embeddable":true,"href":"https:\/\/agoravape.com\/pl\/wp-json\/wp\/v2\/product_cat?post=20698"},{"taxonomy":"product_tag","embeddable":true,"href":"https:\/\/agoravape.com\/pl\/wp-json\/wp\/v2\/product_tag?post=20698"}],"curies":[{"name":"wp","href":"https:\/\/api.w.org\/{rel}","templated":true}]}}