{"id":21146,"date":"2026-01-18T00:53:54","date_gmt":"2026-01-17T16:53:54","guid":{"rendered":"https:\/\/agoravape.com\/?post_type=product&#038;p=21146"},"modified":"2026-03-26T13:22:26","modified_gmt":"2026-03-26T12:22:26","slug":"myde-ak80000-80000-puffow-dtl-vape","status":"publish","type":"product","link":"https:\/\/agoravape.com\/pl\/product\/myde-ak80000-80000-puffs-dtl-vape\/","title":{"rendered":"MYDE AK80000 80000 zaci\u0105gni\u0119\u0107 o du\u017cej mocy DTL Vape | Du\u017ce chmury, mniej k\u0142opot\u00f3w"},"content":{"rendered":"<h2 data-v-md-heading=\"what-is-myde-ak80000-80000-high-power-dtl-electronic-cigarette-like\" data-v-md-line=\"1\"><\/h2>\n<p><img loading=\"lazy\" decoding=\"async\" class=\"size-full wp-image-21205 alignright\" src=\"https:\/\/agoravape.com\/wp-content\/uploads\/2026\/01\/MYDE-AK80000-80000-Puffs-High-Power-DTL-Vape_Agora_vape-2.webp\" alt=\"\" width=\"1280\" height=\"1659\" srcset=\"https:\/\/agoravape.com\/wp-content\/uploads\/2026\/01\/MYDE-AK80000-80000-Puffs-High-Power-DTL-Vape_Agora_vape-2.webp 1280w, https:\/\/agoravape.com\/wp-content\/uploads\/2026\/01\/MYDE-AK80000-80000-Puffs-High-Power-DTL-Vape_Agora_vape-2-1200x1555.webp 1200w, https:\/\/agoravape.com\/wp-content\/uploads\/2026\/01\/MYDE-AK80000-80000-Puffs-High-Power-DTL-Vape_Agora_vape-2-231x300.webp 231w, https:\/\/agoravape.com\/wp-content\/uploads\/2026\/01\/MYDE-AK80000-80000-Puffs-High-Power-DTL-Vape_Agora_vape-2-790x1024.webp 790w, https:\/\/agoravape.com\/wp-content\/uploads\/2026\/01\/MYDE-AK80000-80000-Puffs-High-Power-DTL-Vape_Agora_vape-2-768x995.webp 768w, https:\/\/agoravape.com\/wp-content\/uploads\/2026\/01\/MYDE-AK80000-80000-Puffs-High-Power-DTL-Vape_Agora_vape-2-1185x1536.webp 1185w, https:\/\/agoravape.com\/wp-content\/uploads\/2026\/01\/MYDE-AK80000-80000-Puffs-High-Power-DTL-Vape_Agora_vape-2-9x12.webp 9w\" sizes=\"auto, (max-width: 1280px) 100vw, 1280px\" \/> <img loading=\"lazy\" decoding=\"async\" class=\"size-full wp-image-21206 alignright\" src=\"https:\/\/agoravape.com\/wp-content\/uploads\/2026\/01\/MYDE-AK80000-80000-Puffs-High-Power-DTL-Vape_Agora_vape-3-scaled.webp\" alt=\"\" width=\"765\" height=\"2560\" srcset=\"https:\/\/agoravape.com\/wp-content\/uploads\/2026\/01\/MYDE-AK80000-80000-Puffs-High-Power-DTL-Vape_Agora_vape-3-scaled.webp 765w, https:\/\/agoravape.com\/wp-content\/uploads\/2026\/01\/MYDE-AK80000-80000-Puffs-High-Power-DTL-Vape_Agora_vape-3-90x300.webp 90w, https:\/\/agoravape.com\/wp-content\/uploads\/2026\/01\/MYDE-AK80000-80000-Puffs-High-Power-DTL-Vape_Agora_vape-3-306x1024.webp 306w, https:\/\/agoravape.com\/wp-content\/uploads\/2026\/01\/MYDE-AK80000-80000-Puffs-High-Power-DTL-Vape_Agora_vape-3-768x2570.webp 768w, https:\/\/agoravape.com\/wp-content\/uploads\/2026\/01\/MYDE-AK80000-80000-Puffs-High-Power-DTL-Vape_Agora_vape-3-459x1536.webp 459w, https:\/\/agoravape.com\/wp-content\/uploads\/2026\/01\/MYDE-AK80000-80000-Puffs-High-Power-DTL-Vape_Agora_vape-3-612x2048.webp 612w, https:\/\/agoravape.com\/wp-content\/uploads\/2026\/01\/MYDE-AK80000-80000-Puffs-High-Power-DTL-Vape_Agora_vape-3-4x12.webp 4w, https:\/\/agoravape.com\/wp-content\/uploads\/2026\/01\/MYDE-AK80000-80000-Puffs-High-Power-DTL-Vape_Agora_vape-3-1200x4015.webp 1200w\" sizes=\"auto, (max-width: 765px) 100vw, 765px\" \/><\/p>\n<h2 data-v-md-heading=\"what-is-myde-ak80000-80000-high-power-dtl-electronic-cigarette-like\" data-v-md-line=\"1\">Jak wygl\u0105da elektroniczny papieros MYDE AK80000 80000 DTL o du\u017cej mocy?<\/h2>\n<p data-v-md-line=\"3\">Je\u015bli masz do\u015b\u0107 jednorazowych papieros\u00f3w elektronicznych, kt\u00f3re wydaj\u0105 si\u0119 \u201ezu\u017cyte\u201d na pocz\u0105tku, MYDE AK80000 to idealny wyb\u00f3r. To wydajny, jednorazowy papieros elektroniczny DTL (z bezpo\u015brednim zasysaniem p\u0142uc) przeznaczony dla u\u017cytkownik\u00f3w, kt\u00f3rzy oczekuj\u0105 p\u0142ynniejszego oporu i bogatszego dymu, a nie sztywnego oporu typowego dla papieros\u00f3w.<\/p>\n<p data-v-md-line=\"5\">Jest jeszcze jedna nieoczekiwana rzecz. Mo\u017cesz pomy\u015ble\u0107, \u017ce urz\u0105dzenie z 80 000 port\u00f3w b\u0119dzie tak samo ci\u0119\u017ckie jak ceg\u0142a, ale w rzeczywisto\u015bci jest bardzo \u0142atwe do trzymania w d\u0142oni. Je\u015bli zale\u017cy Ci na du\u017cej ilo\u015bci dymu, sp\u00f3jnym smaku i kr\u00f3tszej wymianie, ten e-papieros b\u0119dzie dla Ciebie najlepszym wyborem.<\/p>\n<h2 data-v-md-heading=\"excellent-performance-simple-and-easy-to-use\" data-v-md-line=\"7\">Doskona\u0142a wydajno\u015b\u0107, prostota i \u0142atwo\u015b\u0107 obs\u0142ugi<\/h2>\n<p data-v-md-line=\"9\">MYDE stawia na prostot\u0119 w kluczowych obszarach. Grza\u0142ka o oporno\u015bci 0,4 \u03a9 pomaga utrzyma\u0107 stabilny smak i zapewnia pe\u0142ny, a nie rzadki dym. Moc wyj\u015bciowa wynosi 30 W, dzi\u0119ki czemu doskonale nadaje si\u0119 do trybu bezpo\u015bredniego zasysania z p\u0142uc (DTL).<\/p>\n<p data-v-md-line=\"11\">Gdy bateria jest s\u0142aba, nie ma potrzeby korzystania ze specjalnej \u0142adowarki. Wystarczy pod\u0142\u0105czy\u0107 j\u0105 przez interfejs USB typu C (by\u0107 mo\u017ce wcze\u015bniej u\u017cywa\u0142e\u015b tego samego kabla USB do \u0142adowania telefonu) i mo\u017cesz kontynuowa\u0107 korzystanie z telefonu.<\/p>\n<h2 data-v-md-heading=\"quick-specifications\" data-v-md-line=\"13\">Szybkie specyfikacje<\/h2>\n<ul data-v-md-line=\"14\">\n<li>Cz\u0119stotliwo\u015b\u0107 palenia: do 80000 zaci\u0105gni\u0119\u0107<\/li>\n<li>Pojemno\u015b\u0107 e-liquidu: 45 ml<\/li>\n<li>Zawarto\u015b\u0107 nikotyny: 5 mg<\/li>\n<li>Moc wyj\u015bciowa: 30 W<\/li>\n<li>Rdze\u0144 rozpylaj\u0105cy: rdze\u0144 rozpylaj\u0105cy o oczkach 0,4 \u03a9<\/li>\n<li>Pojemno\u015b\u0107 baterii: 1300mAh (\u0142adowalna)<\/li>\n<li>Stosowanie: Wdychaj, aby aktywowa\u0107<\/li>\n<li>Spos\u00f3b \u0142adowania: Standardowy interfejs USB typu C<\/li>\n<li>Materia\u0142: Stop + PCTG<\/li>\n<li>Wymiary\/waga: 157 \u00d7 36,3 \u00d7 36,3 mm, 135 g<\/li>\n<li>Status: Gotowy do u\u017cycia od razu po wyj\u0119ciu z pude\u0142ka<\/li>\n<\/ul>\n<h2 data-v-md-heading=\"complete-flavor-lineup\" data-v-md-line=\"26\">Pe\u0142na gama smak\u00f3w<\/h2>\n<ul data-v-md-line=\"27\">\n<li>Zab\u00f3jczyni kobiet<\/li>\n<li>Lody winogronowe<\/li>\n<li>Mi\u0119ta Spear<\/li>\n<li>Cytryna i limonka<\/li>\n<li>Arbuzowy l\u00f3d<\/li>\n<li>Soda Cherry Cola<\/li>\n<li>Truskawka kiwi<\/li>\n<li>Pistolet na melony<\/li>\n<li>Truskawka arbuz<\/li>\n<li>Pistolet na ba\u0144ki arbuzowe<\/li>\n<\/ul>\n<h2 data-v-md-heading=\"suitable-for-you-and-your-business\" data-v-md-line=\"38\">Odpowiednie dla Ciebie i Twojej firmy<\/h2>\n<p data-v-md-line=\"40\">Mo\u017cesz kupi\u0107 te produkty do u\u017cytku osobistego, ale je\u015bli prowadzisz sprzeda\u017c detaliczn\u0105, ten produkt b\u0119dzie bardzo dobrym wyborem jako opcja \u201ewysokiej mocy bezpo\u015bredniego ssania\u201d w Twojej ofercie. Ka\u017cde opakowanie zawiera 100 sztuk, co u\u0142atwia zamawianie, a ilo\u015b\u0107 jest kontrolowana.<\/p>\n<p data-v-md-line=\"42\">W zakresie logistyki rozumiemy obawy kupuj\u0105cych z UE: op\u00f3\u017anienia, uci\u0105\u017cliwe procedury i nieoczekiwane koszty. Dlatego koncentrujemy si\u0119 na wsp\u00f3\u0142pracy z renomowanymi przewo\u017anikami, doborze niezawodnych tras transportu, zapewnieniu p\u0142ynnej dostawy towar\u00f3w i unikni\u0119ciu problem\u00f3w w procesie celnym.<\/p>\n<h2 data-v-md-heading=\"the-reason-why-you-will-like-it\" data-v-md-line=\"44\">Pow\u00f3d, dla kt\u00f3rego Ci si\u0119 spodoba<\/h2>\n<ul data-v-md-line=\"45\">\n<li>\n<p data-v-md-line=\"45\">Trwa\u0142o\u015b\u0107 i d\u0142uga \u017cywotno\u015b\u0107: Dzi\u0119ki d\u0142u\u017cszej \u017cywotno\u015bci nie ma potrzeby cz\u0119stej wymiany sprz\u0119tu.<\/p>\n<\/li>\n<li>\n<p data-v-md-line=\"47\">Moc DTL: Moc wyj\u015bciowa 30 W zapewnia bardziej satysfakcjonuj\u0105ce i p\u0142ynne dzia\u0142anie ssania.<\/p>\n<\/li>\n<li>\n<p data-v-md-line=\"48\">Akumulator: Mo\u017cesz w pe\u0142ni wykorzysta\u0107 pojemno\u015b\u0107 akumulatora, nie wymieniaj\u0105c go zawczasu.<\/p>\n<\/li>\n<li>\n<p data-v-md-line=\"49\">Siatkowy rdze\u0144 atomizera: gwarantuje jednolity smak i stabiln\u0105 produkcj\u0119 dymu.<\/p>\n<\/li>\n<\/ul>\n<h2 data-v-md-heading=\"why-choose-to-collaborate-with-agoravape\" data-v-md-line=\"51\">Dlaczego warto zdecydowa\u0107 si\u0119 na wsp\u00f3\u0142prac\u0119 z AgoraVape?<\/h2>\n<p data-v-md-line=\"53\">AgoraVape zawsze przestrzega jednej zasady: sprzedajemy wy\u0142\u0105cznie oryginalne produkty. W przypadku urz\u0105dze\u0144 o du\u017cej pojemno\u015bci, takich jak to, jest to szczeg\u00f3lnie wa\u017cne, poniewa\u017c rynek jest zalewany podr\u00f3bkami. Je\u015bli jeste\u015b klientem korporacyjnym, mo\u017cesz r\u00f3wnie\u017c skorzysta\u0107 z dogodnych ilo\u015bci hurtowych, niezawodnego wsparcia i szybkiej wysy\u0142ki e-papieros\u00f3w MYDE AK80000 80000 o du\u017cej mocy DTL. Je\u015bli chcesz zarezerwowa\u0107 produkt dla swoich klient\u00f3w DTL, kt\u00f3ry ch\u0119tnie kupi\u0105 ponownie, skontaktuj si\u0119 z nami.<\/p>","protected":false},"excerpt":{"rendered":"<p>Jaki jest elektroniczny papieros MYDE AK80000 80000 o wysokiej mocy DTL? Je\u015bli jeste\u015b zm\u0119czony jednorazowymi papierosami elektronicznymi, kt\u00f3re<\/p>","protected":false},"featured_media":21212,"comment_status":"open","ping_status":"closed","template":"","meta":[],"product_brand":[221],"product_cat":[124,185,194,176,177,174,175,148,191,173,186,180,190],"product_tag":[],"class_list":{"0":"post-21146","1":"product","2":"type-product","3":"status-publish","4":"has-post-thumbnail","6":"product_brand-myde","7":"product_cat-vape-by-brand","8":"product_cat-10000-puffs-high-capacity","9":"product_cat-adjustable-airflow","10":"product_cat-beverage","11":"product_cat-dessert-sweets","12":"product_cat-fruit-flavors","13":"product_cat-icy-mint","14":"product_cat-myde","15":"product_cat-rechargeable-disposables","16":"product_cat-vape-by-flavor-profile","17":"product_cat-vape-by-nicotine-strength","18":"product_cat-vape-by-puff-count","19":"product_cat-vape-by-feature-or-type","21":"first","22":"instock","23":"shipping-taxable","24":"purchasable","25":"product-type-variable","26":"has-default-attributes"},"tiered_pricing_type":"percentage","tiered_pricing_fixed_rules":[],"tiered_pricing_product_settings":{"layout":"default","base_unit_name":{"singular":null,"plural":null},"default_variation":null},"tiered_pricing_minimum_quantity":10,"tiered_pricing_roles_data":[],"tiered_pricing_percentage_rules":{"30":"29","50":"35","100":"40","200":"44","500":"47","1000":"49"},"tiered_pricing_maximum_quantity":null,"tiered_pricing_quantity_step":"10","_links":{"self":[{"href":"https:\/\/agoravape.com\/pl\/wp-json\/wp\/v2\/product\/21146","targetHints":{"allow":["GET"]}}],"collection":[{"href":"https:\/\/agoravape.com\/pl\/wp-json\/wp\/v2\/product"}],"about":[{"href":"https:\/\/agoravape.com\/pl\/wp-json\/wp\/v2\/types\/product"}],"replies":[{"embeddable":true,"href":"https:\/\/agoravape.com\/pl\/wp-json\/wp\/v2\/comments?post=21146"}],"version-history":[{"count":0,"href":"https:\/\/agoravape.com\/pl\/wp-json\/wp\/v2\/product\/21146\/revisions"}],"wp:featuredmedia":[{"embeddable":true,"href":"https:\/\/agoravape.com\/pl\/wp-json\/wp\/v2\/media\/21212"}],"wp:attachment":[{"href":"https:\/\/agoravape.com\/pl\/wp-json\/wp\/v2\/media?parent=21146"}],"wp:term":[{"taxonomy":"product_brand","embeddable":true,"href":"https:\/\/agoravape.com\/pl\/wp-json\/wp\/v2\/product_brand?post=21146"},{"taxonomy":"product_cat","embeddable":true,"href":"https:\/\/agoravape.com\/pl\/wp-json\/wp\/v2\/product_cat?post=21146"},{"taxonomy":"product_tag","embeddable":true,"href":"https:\/\/agoravape.com\/pl\/wp-json\/wp\/v2\/product_tag?post=21146"}],"curies":[{"name":"wp","href":"https:\/\/api.w.org\/{rel}","templated":true}]}}