{"id":21214,"date":"2026-01-18T01:26:07","date_gmt":"2026-01-17T17:26:07","guid":{"rendered":"https:\/\/agoravape.com\/?post_type=product&#038;p=21214"},"modified":"2026-03-31T04:20:23","modified_gmt":"2026-03-31T02:20:23","slug":"myde-miou-60k-60000-puff-podwojny-smak","status":"publish","type":"product","link":"https:\/\/agoravape.com\/pl\/product\/myde-miou-60k-60000-puffs-dual-flavor\/","title":{"rendered":"MYDE MIOU 60k 60000 zaci\u0105gni\u0119\u0107 podw\u00f3jny smak Vape | Dwa smaki, jeden \u0142atwy codzienny papieros"},"content":{"rendered":"<h2 data-v-md-heading=\"what-are-the-special-features-of-myde-miou-60k-60000-dual-flavored-vapes\" data-v-md-line=\"3\"><img loading=\"lazy\" decoding=\"async\" class=\"size-full wp-image-21228 alignright\" src=\"https:\/\/agoravape.com\/wp-content\/uploads\/2026\/01\/MYDE-MIOU-60k-60000-Puffs-Dual-Flavor-Vape-Two-Flavours-One-Easy-Daily-Driver_Agora_vape-3.webp\" alt=\"\" width=\"800\" height=\"800\" srcset=\"https:\/\/agoravape.com\/wp-content\/uploads\/2026\/01\/MYDE-MIOU-60k-60000-Puffs-Dual-Flavor-Vape-Two-Flavours-One-Easy-Daily-Driver_Agora_vape-3.webp 800w, https:\/\/agoravape.com\/wp-content\/uploads\/2026\/01\/MYDE-MIOU-60k-60000-Puffs-Dual-Flavor-Vape-Two-Flavours-One-Easy-Daily-Driver_Agora_vape-3-600x600.webp 600w, https:\/\/agoravape.com\/wp-content\/uploads\/2026\/01\/MYDE-MIOU-60k-60000-Puffs-Dual-Flavor-Vape-Two-Flavours-One-Easy-Daily-Driver_Agora_vape-3-300x300.webp 300w, https:\/\/agoravape.com\/wp-content\/uploads\/2026\/01\/MYDE-MIOU-60k-60000-Puffs-Dual-Flavor-Vape-Two-Flavours-One-Easy-Daily-Driver_Agora_vape-3-150x150.webp 150w, https:\/\/agoravape.com\/wp-content\/uploads\/2026\/01\/MYDE-MIOU-60k-60000-Puffs-Dual-Flavor-Vape-Two-Flavours-One-Easy-Daily-Driver_Agora_vape-3-768x768.webp 768w, https:\/\/agoravape.com\/wp-content\/uploads\/2026\/01\/MYDE-MIOU-60k-60000-Puffs-Dual-Flavor-Vape-Two-Flavours-One-Easy-Daily-Driver_Agora_vape-3-12x12.webp 12w\" sizes=\"auto, (max-width: 800px) 100vw, 800px\" \/><\/h2>\n<h2 data-v-md-heading=\"what-are-the-special-features-of-myde-miou-60k-60000-dual-flavored-vapes\" data-v-md-line=\"3\">Jakie s\u0105 szczeg\u00f3lne cechy waporyzator\u00f3w dwusmakowych MYDE MIOU 60k 60000?<\/h2>\n<p data-v-md-line=\"5\">Je\u015bli masz do\u015b\u0107 waporyzator\u00f3w, kt\u00f3re wytrzymuj\u0105 tylko dzie\u0144 lub dwa i szybko trac\u0105 \u015bwie\u017co\u015b\u0107, to MYDE MIOU 60k b\u0119dzie idealnym wyborem. Zosta\u0142 zaprojektowany do d\u0142ugotrwa\u0142ego u\u017cytkowania (do 60 000 zaci\u0105gni\u0119\u0107) i opiera si\u0119 na prostej, ale praktycznej koncepcji: dwa smaki w jednym, co pozwala na \u0142atw\u0105 zmian\u0119 aromat\u00f3w bez konieczno\u015bci noszenia drugiego waporyzatora.<\/p>\n<p data-v-md-line=\"7\">Mo\u017cesz pomy\u015ble\u0107, \u017ce waporyzator o nominalnej pojemno\u015bci 60 000 zaci\u0105gni\u0119\u0107 b\u0119dzie ci\u0119\u017cki jak ceg\u0142a w kieszeni, ale w rzeczywisto\u015bci jego u\u017cytkowanie jest l\u017cejsze i bardziej por\u0119czne, ni\u017c my\u015blisz. To prosty i \u0142atwy w obs\u0142udze waporyzator, wyposa\u017cony w akumulatory, fabrycznie zainstalowany e-liquid i wiele opcji smakowych, kt\u00f3re zapewni\u0105 \u015bwie\u017co\u015b\u0107, nawet je\u015bli Twoje kubki smakowe si\u0119 znudz\u0105.<\/p>\n<h2 data-v-md-heading=\"excellent-performance-and-easy-operation\" data-v-md-line=\"9\">Doskona\u0142a wydajno\u015b\u0107 i \u0142atwa obs\u0142uga<\/h2>\n<p data-v-md-line=\"11\">Wyposa\u017cony w rdze\u0144 atomizuj\u0105cy o oporno\u015bci 1,2 \u03a9 i pojemny, 40-mililitrowy pojemnik na e-liquid, gwarantuje stabilny smak bez pogorszenia jego jako\u015bci w trakcie. Dodatkowo, wyposa\u017cony jest w bateri\u0119 o pojemno\u015bci 600 mAh, dzi\u0119ki czemu nie musisz si\u0119 martwi\u0107, nawet je\u015bli bateria roz\u0142aduje si\u0119 przed wyczerpaniem e-liquidu. Wystarczy uzupe\u0142ni\u0107 e-liquid, aby kontynuowa\u0107 korzystanie.<\/p>\n<p data-v-md-line=\"13\">Nie potrzeba \u017cadnych przycisk\u00f3w ani ustawie\u0144. Wystarczy \u0142yk i ciesz si\u0119 doskona\u0142ymi doznaniami.<\/p>\n<h2 data-v-md-heading=\"quick-specifications\" data-v-md-line=\"15\">Szybkie specyfikacje<\/h2>\n<ul data-v-md-line=\"17\">\n<li>Liczba port\u00f3w: do 60000 port\u00f3w<\/li>\n<li>Pojemno\u015b\u0107 e-liquidu: \u0142\u0105cznie 40 mililitr\u00f3w (podw\u00f3jny system smakowy, oko\u0142o 7 mililitr\u00f3w na komor\u0119)<\/li>\n<li>Bateria: 600mAh (\u0142adowalna)<\/li>\n<li>Rezystancja cewki: 1,2 oma<\/li>\n<li>Zawarto\u015b\u0107 nikotyny: 2% lub 5%<\/li>\n<li>Spos\u00f3b u\u017cycia: Aby aktywowa\u0107, wystarczy wdycha\u0107<\/li>\n<li>Status: Gotowy do u\u017cycia od razu po wyj\u0119ciu z pude\u0142ka<\/li>\n<\/ul>\n<h2 data-v-md-heading=\"complete-flavor-lineup\" data-v-md-line=\"24\">Pe\u0142na gama smak\u00f3w<\/h2>\n<ul data-v-md-line=\"25\">\n<li>L\u00f3d cytrynowo-limonkowy i arbuzowy<\/li>\n<li>Lody winogronowe i truskawka-kiwi<\/li>\n<li>Ananas, kokos i truskawka-banan<\/li>\n<li>Pomara\u0144czowy Mang Arbuz i Red Bull<\/li>\n<li>Lody jagodowe i nap\u00f3j wi\u015bniowy<\/li>\n<li>L\u00f3d arbuzowy i mieszane jagody<\/li>\n<li>Truskawka-banan i musuj\u0105ca wi\u015bnia<\/li>\n<li>Lody truskawkowo-malinowo-wi\u015bniowo-winogronowe<\/li>\n<li>Woda jagodowo-cytrynowa i cytrynowo-limonkowa<\/li>\n<li>Arbuzowy l\u00f3d i truskawkowo-mango<\/li>\n<\/ul>\n<h2 data-v-md-heading=\"suitable-for-personal-and-commercial-use\" data-v-md-line=\"36\">Nadaje si\u0119 do u\u017cytku osobistego i komercyjnego<\/h2>\n<p data-v-md-line=\"38\">MYDE MIOU 60k to trwa\u0142y waporyzator, kt\u00f3ry nie znudzi Ci si\u0119 po kilku dniach, co czyni go idealnym wyborem do u\u017cytku osobistego. Jednocze\u015bnie nadaje si\u0119 r\u00f3wnie\u017c jako produkt detaliczny, poniewa\u017c konsumenci preferuj\u0105 wygodne, \u201ezintegrowane\u201d produkty, zw\u0142aszcza wersj\u0119 o dw\u00f3ch smakach.<\/p>\n<p data-v-md-line=\"40\">Je\u015bli kupujesz z my\u015bl\u0105 o dalszej odsprzeda\u017cy, AgoraVape oferuje szybk\u0105 i niezawodn\u0105 wysy\u0142k\u0119 na terenie Europy. Wsp\u00f3\u0142pracujemy z zaufanymi przewo\u017anikami, takimi jak DHL, DPD i UPS, aby zapewni\u0107 p\u0142ynny transport i unikn\u0105\u0107 nieprzewidzianych sytuacji na granicy. Je\u015bli potrzebujesz dok\u0142adnej ilo\u015bci potrzebnej do wysy\u0142ki hurtowej, skontaktuj si\u0119 z naszym zespo\u0142em, a ustalimy dla Ciebie aktualne szczeg\u00f3\u0142y dotycz\u0105ce pakowania.<\/p>\n<h2 data-v-md-heading=\"reasons-why-you-will-like-it\" data-v-md-line=\"42\">Powody, dla kt\u00f3rych Ci si\u0119 spodoba<\/h2>\n<ul data-v-md-line=\"44\">\n<li>Bardzo d\u0142ugi czas pracy baterii: D\u0142u\u017cszy czas pracy, brak konieczno\u015bci cz\u0119stej wymiany urz\u0105dze\u0144.<\/li>\n<li>Dwa ustawienia smaku: Nie musisz kupowa\u0107 drugiego waporyzatora, aby zmieni\u0107 smak.<\/li>\n<li>Wyb\u00f3r st\u0119\u017cenia nikotyny: 2% dla \u0142agodniejszego smaku, 5% dla mocniejszego doznania.<\/li>\n<li>Akumulator: Upewnij si\u0119, \u017ce ca\u0142kowicie wykorzysta\u0142e\u015b zakupiony e-liquid.<\/li>\n<li>Cewka 1,2 \u03a9: utrzymuje stabiln\u0105 rezystancj\u0119 ssania, zapobiegaj\u0105c zbyt szybkiemu pogorszeniu smaku.<\/li>\n<\/ul>\n<h2 data-v-md-heading=\"why-choose-agoravape\" data-v-md-line=\"50\">Dlaczego warto wybra\u0107 AgoraVape?<\/h2>\n<p data-v-md-line=\"52\">W AgoraVape koncentrujemy si\u0119 na tym, co naprawd\u0119 wa\u017cne: rzetelnym zapewnieniu jako\u015bci produktu, niezawodnej logistyce i przejrzystych odpowiedziach. Je\u015bli sprzedajesz e-papierosy MYDE MIOU 60k 60000 o dw\u00f3ch smakach, pomo\u017cemy Ci zwi\u0119kszy\u0107 sprzeda\u017c dzi\u0119ki bardzo konkurencyjnym cenom hurtowym, responsywnemu wsparciu technicznemu i elastycznym rozwi\u0105zaniom wysy\u0142kowym. Skontaktuj si\u0119 z nami, a zapewnimy Ci wystarczaj\u0105c\u0105 ilo\u015b\u0107 zapas\u00f3w, aby\u015b m\u00f3g\u0142 wraca\u0107 do swoich klient\u00f3w.<\/p>","protected":false},"excerpt":{"rendered":"<p>Jakie s\u0105 szczeg\u00f3lne cechy podw\u00f3jnych waporyzator\u00f3w smakowych MYDE MIOU 60k 60000? Je\u015bli jeste\u015b zm\u0119czony waporyzatorami, kt\u00f3re<\/p>","protected":false},"featured_media":21235,"comment_status":"open","ping_status":"closed","template":"","meta":[],"product_brand":[221],"product_cat":[124,185,1642,176,177,195,174,175,148,191,173,186,180,190],"product_tag":[],"class_list":{"0":"post-21214","1":"product","2":"type-product","3":"status-publish","4":"has-post-thumbnail","6":"product_brand-myde","7":"product_cat-vape-by-brand","8":"product_cat-10000-puffs-high-capacity","9":"product_cat-60000-puffs","10":"product_cat-beverage","11":"product_cat-dessert-sweets","12":"product_cat-dual-flavor-switch","13":"product_cat-fruit-flavors","14":"product_cat-icy-mint","15":"product_cat-myde","16":"product_cat-rechargeable-disposables","17":"product_cat-vape-by-flavor-profile","18":"product_cat-vape-by-nicotine-strength","19":"product_cat-vape-by-puff-count","20":"product_cat-vape-by-feature-or-type","22":"first","23":"onbackorder","24":"shipping-taxable","25":"purchasable","26":"product-type-variable","27":"has-default-attributes"},"tiered_pricing_type":"percentage","tiered_pricing_fixed_rules":[],"tiered_pricing_product_settings":{"layout":"default","base_unit_name":{"singular":null,"plural":null},"default_variation":null},"tiered_pricing_minimum_quantity":10,"tiered_pricing_roles_data":[],"tiered_pricing_percentage_rules":{"30":"29","50":"35","100":"40","200":"44","500":"47","1000":"49"},"tiered_pricing_maximum_quantity":null,"tiered_pricing_quantity_step":"10","_links":{"self":[{"href":"https:\/\/agoravape.com\/pl\/wp-json\/wp\/v2\/product\/21214","targetHints":{"allow":["GET"]}}],"collection":[{"href":"https:\/\/agoravape.com\/pl\/wp-json\/wp\/v2\/product"}],"about":[{"href":"https:\/\/agoravape.com\/pl\/wp-json\/wp\/v2\/types\/product"}],"replies":[{"embeddable":true,"href":"https:\/\/agoravape.com\/pl\/wp-json\/wp\/v2\/comments?post=21214"}],"version-history":[{"count":1,"href":"https:\/\/agoravape.com\/pl\/wp-json\/wp\/v2\/product\/21214\/revisions"}],"predecessor-version":[{"id":29804,"href":"https:\/\/agoravape.com\/pl\/wp-json\/wp\/v2\/product\/21214\/revisions\/29804"}],"wp:featuredmedia":[{"embeddable":true,"href":"https:\/\/agoravape.com\/pl\/wp-json\/wp\/v2\/media\/21235"}],"wp:attachment":[{"href":"https:\/\/agoravape.com\/pl\/wp-json\/wp\/v2\/media?parent=21214"}],"wp:term":[{"taxonomy":"product_brand","embeddable":true,"href":"https:\/\/agoravape.com\/pl\/wp-json\/wp\/v2\/product_brand?post=21214"},{"taxonomy":"product_cat","embeddable":true,"href":"https:\/\/agoravape.com\/pl\/wp-json\/wp\/v2\/product_cat?post=21214"},{"taxonomy":"product_tag","embeddable":true,"href":"https:\/\/agoravape.com\/pl\/wp-json\/wp\/v2\/product_tag?post=21214"}],"curies":[{"name":"wp","href":"https:\/\/api.w.org\/{rel}","templated":true}]}}