{"id":21412,"date":"2026-01-18T16:11:02","date_gmt":"2026-01-18T08:11:02","guid":{"rendered":"https:\/\/agoravape.com\/?post_type=product&#038;p=21412"},"modified":"2026-03-19T11:37:04","modified_gmt":"2026-03-19T10:37:04","slug":"saimeo-tequila-30k-30000-zaciagniec-vape","status":"publish","type":"product","link":"https:\/\/agoravape.com\/pl\/product\/saimeo-tequila-30k-30000-puffs-vape\/","title":{"rendered":"Tequila Saimeo 30k, 30000 zaci\u0105gni\u0119\u0107, unikalna butelka do wapowania | D\u0142ugi czas pracy, proste u\u017cytkowanie"},"content":{"rendered":"<h2 data-v-md-heading=\"what-s-special-about-saimeo-tequila-flavored-30k-30000-unique-bottled-vapes\" data-v-md-line=\"3\"><img loading=\"lazy\" decoding=\"async\" class=\"size-full wp-image-21435 alignright\" src=\"https:\/\/agoravape.com\/wp-content\/uploads\/2026\/01\/Saimeo-Tequila-30k-30000-Puffs-Unique-Bottle-Vape-Long-Runs-Simple-Use_Agora_vape-12-scaled.webp\" alt=\"\" width=\"795\" height=\"2560\" srcset=\"https:\/\/agoravape.com\/wp-content\/uploads\/2026\/01\/Saimeo-Tequila-30k-30000-Puffs-Unique-Bottle-Vape-Long-Runs-Simple-Use_Agora_vape-12-scaled.webp 795w, https:\/\/agoravape.com\/wp-content\/uploads\/2026\/01\/Saimeo-Tequila-30k-30000-Puffs-Unique-Bottle-Vape-Long-Runs-Simple-Use_Agora_vape-12-93x300.webp 93w, https:\/\/agoravape.com\/wp-content\/uploads\/2026\/01\/Saimeo-Tequila-30k-30000-Puffs-Unique-Bottle-Vape-Long-Runs-Simple-Use_Agora_vape-12-318x1024.webp 318w, https:\/\/agoravape.com\/wp-content\/uploads\/2026\/01\/Saimeo-Tequila-30k-30000-Puffs-Unique-Bottle-Vape-Long-Runs-Simple-Use_Agora_vape-12-768x2472.webp 768w, https:\/\/agoravape.com\/wp-content\/uploads\/2026\/01\/Saimeo-Tequila-30k-30000-Puffs-Unique-Bottle-Vape-Long-Runs-Simple-Use_Agora_vape-12-477x1536.webp 477w, https:\/\/agoravape.com\/wp-content\/uploads\/2026\/01\/Saimeo-Tequila-30k-30000-Puffs-Unique-Bottle-Vape-Long-Runs-Simple-Use_Agora_vape-12-636x2048.webp 636w, https:\/\/agoravape.com\/wp-content\/uploads\/2026\/01\/Saimeo-Tequila-30k-30000-Puffs-Unique-Bottle-Vape-Long-Runs-Simple-Use_Agora_vape-12-4x12.webp 4w, https:\/\/agoravape.com\/wp-content\/uploads\/2026\/01\/Saimeo-Tequila-30k-30000-Puffs-Unique-Bottle-Vape-Long-Runs-Simple-Use_Agora_vape-12-1200x3862.webp 1200w\" sizes=\"auto, (max-width: 795px) 100vw, 795px\" \/><\/h2>\n<h2 data-v-md-heading=\"what-s-special-about-saimeo-tequila-flavored-30k-30000-unique-bottled-vapes\" data-v-md-line=\"3\">Co jest szczeg\u00f3lnego w 30000 unikalnych butelkach o smaku tequili Saimeo?<\/h2>\n<p data-v-md-line=\"5\">Je\u015bli masz do\u015b\u0107 jednorazowych waporyzator\u00f3w, kt\u00f3re szybko si\u0119 ko\u0144cz\u0105, ten produkt zosta\u0142 zaprojektowany z my\u015bl\u0105 o d\u0142ugotrwa\u0142ym u\u017cytkowaniu. Saimeo Tequila Flavor Don Leon 1942 (\u201eUnikalna Butelka\u201d) zosta\u0142 stworzony dla u\u017cytkownik\u00f3w, kt\u00f3rzy oczekuj\u0105 du\u017cej liczby ustnik\u00f3w i \u0142atwego w u\u017cyciu codziennego waporyzatora, a tak\u017ce nieco innego komfortu trzymania.<\/p>\n<p data-v-md-line=\"7\">Urz\u0105dzenie 30000 mo\u017ce wydawa\u0107 si\u0119 ci\u0119\u017ckie jak ceg\u0142a, ale konstrukcja w kszta\u0142cie butelki sprawia, \u017ce \u200b\u200bwygodnie si\u0119 je trzyma. To waporyzator, kt\u00f3ry mo\u017cesz zabra\u0107 ze sob\u0105, gdy wychodzisz, bo wiesz, \u017ce jest absolutnie niezawodny i trwa\u0142y.<\/p>\n<h2 data-v-md-heading=\"excellent-performance-and-easy-operation\" data-v-md-line=\"9\">Doskona\u0142a wydajno\u015b\u0107 i \u0142atwa obs\u0142uga<\/h2>\n<p data-v-md-line=\"11\">To jednorazowy waporyzator z funkcj\u0105 aktywacji inhalacji, kt\u00f3ry nie wymaga \u017cadnych przycisk\u00f3w ani ustawie\u0144. Wystarczy zaci\u0105gn\u0105\u0107 si\u0119, aby rozpocz\u0105\u0107. Je\u015bli szukasz prostego i \u0142atwego w u\u017cyciu produktu, to zdecydowanie idealny wyb\u00f3r.<\/p>\n<p data-v-md-line=\"13\">Pod wzgl\u0119dem zawarto\u015bci nikotyny, produkt zawiera 2% soli nikotynowej, kt\u00f3ra ma \u0142agodny smak i mo\u017ce zaspokoi\u0107 potrzeby wi\u0119kszo\u015bci codziennych u\u017cytkownik\u00f3w.<\/p>\n<h2 data-v-md-heading=\"quick-specifications\" data-v-md-line=\"15\">Szybkie specyfikacje<\/h2>\n<ul data-v-md-line=\"16\">\n<li>Cz\u0119stotliwo\u015b\u0107 palenia: do 30000 zaci\u0105gni\u0119\u0107<\/li>\n<li>Zawarto\u015b\u0107 nikotyny: 2% soli nikotynowej<\/li>\n<li>Spos\u00f3b u\u017cycia: Aby aktywowa\u0107, wystarczy wdycha\u0107<\/li>\n<li>Status: Gotowy do u\u017cycia od razu po wyj\u0119ciu z pude\u0142ka<\/li>\n<li>Rozmiar urz\u0105dzenia: 37 * 40 * 160 milimetr\u00f3w<\/li>\n<li>Specyfikacja opakowania: 10 sztuk w opakowaniu<\/li>\n<li>Specyfikacja opakowania: 200 sztuk w pude\u0142ku<\/li>\n<li>Wymiary zewn\u0119trzne opakowania: 427 \u00d7 395 \u00d7 353 milimetr\u00f3w, Masa ca\u0142kowita: 21 kilogram\u00f3w<\/li>\n<\/ul>\n<h2 data-v-md-heading=\"complete-flavor-lineup\" data-v-md-line=\"25\">Pe\u0142na gama smak\u00f3w<\/h2>\n<ul data-v-md-line=\"26\">\n<li>Arbuzowy l\u00f3d<\/li>\n<li>Truskawka kiwi<\/li>\n<li>Soczysta brzoskwinia<\/li>\n<li>Truskawka arbuz<\/li>\n<li>Szampan brzoskwiniowy czerwony<\/li>\n<li>Bor\u00f3wki i maliny<\/li>\n<li>Niebieskie lodowisko<\/li>\n<li>Mieszane jagody<\/li>\n<li>Marakuja Mango<\/li>\n<li>Smoczy owoc wi\u015bniowy<\/li>\n<\/ul>\n<h2 data-v-md-heading=\"suitable-for-you-and-your-business\" data-v-md-line=\"37\">Odpowiednie dla Ciebie i Twojej firmy<\/h2>\n<p data-v-md-line=\"39\">Mo\u017cesz kupi\u0107 te produkty na w\u0142asny u\u017cytek, ale je\u015bli robisz zakupy do swojego sklepu lub musisz regularnie uzupe\u0142nia\u0107 zapasy w du\u017cych ilo\u015bciach, to opakowanie jest wygodne do zarz\u0105dzania zapasami. 10 sztuk w opakowaniu, 200 sztuk w pude\u0142ku, wi\u0119c nie musisz cz\u0119sto uzupe\u0142nia\u0107 zapas\u00f3w.<\/p>\n<p data-v-md-line=\"41\">AgoraVape koncentruje si\u0119 na \u015bwiadczeniu niezawodnych us\u0142ug wysy\u0142kowych w UE. Wsp\u00f3\u0142pracujemy z zaufanymi przewo\u017anikami, takimi jak UPS, DPD i DHL, i oferujemy opcj\u0119 dostawy z op\u0142aconym c\u0142em (DDP), je\u015bli pozwalaj\u0105 na to warunki. Oznacza to sprawniejszy proces importu i mniejszy niepok\u00f3j o status Twojej przesy\u0142ki.<\/p>\n<h2 data-v-md-heading=\"the-reason-why-you-will-like-it\" data-v-md-line=\"43\">Pow\u00f3d, dla kt\u00f3rego Ci si\u0119 spodoba<\/h2>\n<ul data-v-md-line=\"44\">\n<li>\n<p data-v-md-line=\"44\">Trwa\u0142e i d\u0142ugotrwa\u0142e: Trwa\u0142e i d\u0142ugotrwa\u0142e, bez konieczno\u015bci cz\u0119stej wymiany.<\/p>\n<\/li>\n<li>\n<p data-v-md-line=\"46\">2% soli nikotynowej: Odpowiednie dla st\u0119\u017cenia znanego wi\u0119kszo\u015bci codziennych u\u017cytkownik\u00f3w.<\/p>\n<\/li>\n<li>\n<p data-v-md-line=\"48\">Aktywacja inhalacji: Bez przycisk\u00f3w, bez nauki. We\u017a j\u0105 do r\u0119ki i u\u017cyj.<\/p>\n<\/li>\n<li>\n<p data-v-md-line=\"50\">Konstrukcja korpusu butelki: Wygodny uchwyt, dyskretny, a zarazem pow\u015bci\u0105gliwy.<\/p>\n<\/li>\n<\/ul>\n<h2 data-v-md-heading=\"why-choose-to-collaborate-with-agoravape\" data-v-md-line=\"52\">Dlaczego warto zdecydowa\u0107 si\u0119 na wsp\u00f3\u0142prac\u0119 z AgoraVape?<\/h2>\n<p data-v-md-line=\"54\">Sprzedajemy wy\u0142\u0105cznie w 100% oryginalne produkty do waporyzacji, poniewa\u017c nikt nie chce cierpie\u0107 z powodu niestabilnej jako\u015bci. Je\u015bli jeste\u015b klientem korporacyjnym, otrzymasz r\u00f3wnie\u017c rozbudowane opcje hurtowe, wygodne wsparcie techniczne i niezawodn\u0105, \u200b\u200bszybk\u0105 wysy\u0142k\u0119. Chcesz kupi\u0107 unikatowe waporyzatory Saimeo Tequila 30k w butelkach? Skontaktuj si\u0119 z nami, a pomo\u017cemy Ci wybra\u0107 odpowiedni smak i ilo\u015b\u0107 dla Twoich klient\u00f3w.<\/p>","protected":false},"excerpt":{"rendered":"<p>Co jest wyj\u0105tkowego w Saimeo Tequila o smaku 30k 30000 unikalnych vap\u00f3w butelkowanych? Je\u015bli jeste\u015b zm\u0119czony jednorazowymi waporyzatorami, kt\u00f3re si\u0119 ko\u0144cz\u0105<\/p>","protected":false},"featured_media":21433,"comment_status":"open","ping_status":"closed","template":"","meta":[],"product_brand":[1663],"product_cat":[124,185,1637,177,1674,174,191,1666,179,173,186,180,190],"product_tag":[],"class_list":{"0":"post-21412","1":"product","2":"type-product","3":"status-publish","4":"has-post-thumbnail","6":"product_brand-saimeo","7":"product_cat-vape-by-brand","8":"product_cat-10000-puffs-high-capacity","9":"product_cat-30000-puffs","10":"product_cat-dessert-sweets","11":"product_cat-eu-warehouse","12":"product_cat-fruit-flavors","13":"product_cat-rechargeable-disposables","14":"product_cat-saimeo","15":"product_cat-unique-blends","16":"product_cat-vape-by-flavor-profile","17":"product_cat-vape-by-nicotine-strength","18":"product_cat-vape-by-puff-count","19":"product_cat-vape-by-feature-or-type","21":"first","22":"instock","23":"shipping-taxable","24":"purchasable","25":"product-type-variable","26":"has-default-attributes"},"tiered_pricing_type":"percentage","tiered_pricing_fixed_rules":[],"tiered_pricing_product_settings":{"layout":"default","base_unit_name":{"singular":null,"plural":null},"default_variation":null},"tiered_pricing_minimum_quantity":10,"tiered_pricing_roles_data":[],"tiered_pricing_percentage_rules":{"30":"12.41","50":"27","100":"33","200":"35","500":"39","1000":"42"},"tiered_pricing_maximum_quantity":null,"tiered_pricing_quantity_step":"10","_links":{"self":[{"href":"https:\/\/agoravape.com\/pl\/wp-json\/wp\/v2\/product\/21412","targetHints":{"allow":["GET"]}}],"collection":[{"href":"https:\/\/agoravape.com\/pl\/wp-json\/wp\/v2\/product"}],"about":[{"href":"https:\/\/agoravape.com\/pl\/wp-json\/wp\/v2\/types\/product"}],"replies":[{"embeddable":true,"href":"https:\/\/agoravape.com\/pl\/wp-json\/wp\/v2\/comments?post=21412"}],"version-history":[{"count":0,"href":"https:\/\/agoravape.com\/pl\/wp-json\/wp\/v2\/product\/21412\/revisions"}],"wp:featuredmedia":[{"embeddable":true,"href":"https:\/\/agoravape.com\/pl\/wp-json\/wp\/v2\/media\/21433"}],"wp:attachment":[{"href":"https:\/\/agoravape.com\/pl\/wp-json\/wp\/v2\/media?parent=21412"}],"wp:term":[{"taxonomy":"product_brand","embeddable":true,"href":"https:\/\/agoravape.com\/pl\/wp-json\/wp\/v2\/product_brand?post=21412"},{"taxonomy":"product_cat","embeddable":true,"href":"https:\/\/agoravape.com\/pl\/wp-json\/wp\/v2\/product_cat?post=21412"},{"taxonomy":"product_tag","embeddable":true,"href":"https:\/\/agoravape.com\/pl\/wp-json\/wp\/v2\/product_tag?post=21412"}],"curies":[{"name":"wp","href":"https:\/\/api.w.org\/{rel}","templated":true}]}}