{"id":21870,"date":"2026-01-18T22:03:21","date_gmt":"2026-01-18T14:03:21","guid":{"rendered":"https:\/\/agoravape.com\/?post_type=product&#038;p=21870"},"modified":"2026-03-24T10:04:53","modified_gmt":"2026-03-24T09:04:53","slug":"saimeo-humo-azul-24k-24000-puffow","status":"publish","type":"product","link":"https:\/\/agoravape.com\/pl\/product\/saimeo-humo-azul-24k-24000-puffs\/","title":{"rendered":"Saimeo Humo AZUL 24k 24000 Puffs Mesh Coil Vape | D\u0142ugotrwa\u0142y smak, mniej k\u0142opot\u00f3w"},"content":{"rendered":"<h2 data-v-md-heading=\"what-is-saimeo-humo-azul-24k-24000-mouth-mesh-atomizer-core-vape\" data-v-md-line=\"3\"><\/h2>\n<h2 data-v-md-heading=\"what-is-saimeo-humo-azul-24k-24000-mouth-mesh-atomizer-core-vape\" data-v-md-line=\"3\">Czym jest atomizer Saimeo Humo AZUL 24k 24000 z rdzeniem z siatki ustnej?<\/h2>\n<p data-v-md-line=\"5\">Je\u015bli masz ju\u017c do\u015b\u0107 jednorazowych waporyzator\u00f3w, kt\u00f3re po kilku dniach u\u017cytkowania \u201enie daj\u0105 rady\u201d, ten produkt b\u0119dzie dla Ciebie bardziej odpowiedni. Saimeo Humo AZUL 24k zosta\u0142 zaprojektowany z my\u015bl\u0105 o d\u0142ugotrwa\u0142ym u\u017cytkowaniu, z moc\u0105 ssania do 24 000 port\u00f3w i jest wyposa\u017cony w akumulator, dzi\u0119ki czemu nie musisz go wyrzuca\u0107 tylko dlatego, \u017ce bateria si\u0119 wyczerpie.<\/p>\n<p data-v-md-line=\"7\">Urz\u0105dzenie o pojemno\u015bci 24 000 baterii mo\u017ce wydawa\u0107 si\u0119 niepor\u0119czne jak ceg\u0142a. Jednak w d\u0142oni jego waga jest zaskakuj\u0105co niska. Dla tych, kt\u00f3rzy chc\u0105 stabilnego i niezawodnego codziennego wapowania bez konieczno\u015bci wymiany wk\u0142adu, atomizera czy butelki z liquidem, ten produkt jest idealnym wyborem.<\/p>\n<h2 data-v-md-heading=\"excellent-performance-and-easy-operation\" data-v-md-line=\"9\">Doskona\u0142a wydajno\u015b\u0107 i \u0142atwa obs\u0142uga<\/h2>\n<p data-v-md-line=\"11\">Saimeo wykorzystuje cewki siateczkowe, co oznacza bardziej r\u00f3wnomierne rozprowadzanie smaku. W praktyce oznacza to mniej \u201emd\u0142ego\u201d smaku i sta\u0142\u0105, \u0142agodn\u0105 konsystencj\u0119 podczas u\u017cytkowania.<\/p>\n<p data-v-md-line=\"13\">Gdy bateria jest s\u0142aba, wystarczy j\u0105 na\u0142adowa\u0107. Proste i wygodne. Informacje o produkcie potwierdzaj\u0105, \u017ce jest \u0142adowalny, ale nie okre\u015blaj\u0105 konkretnego typu interfejsu (np. USB-C), wi\u0119c nie mog\u0119 zgadywa\u0107. Kr\u00f3tko m\u00f3wi\u0105c, kluczem jest to, \u017ce mo\u017cna go nadal u\u017cywa\u0107 po na\u0142adowaniu.<\/p>\n<h2 data-v-md-heading=\"quick-specifications\" data-v-md-line=\"15\">Szybkie specyfikacje<\/h2>\n<ul data-v-md-line=\"16\">\n<li>Cz\u0119stotliwo\u015b\u0107 palenia: do 24000<\/li>\n<li>Zawarto\u015b\u0107 nikotyny: 2% soli nikotynowej<\/li>\n<li>Zastosowanie: Aktywacja inhalacyjna<\/li>\n<li>Spos\u00f3b \u0142adowania: Akumulatorowy (typ interfejsu \u0142adowania nie zosta\u0142 okre\u015blony)<\/li>\n<li>Status: Gotowy do u\u017cycia od razu po wyj\u0119ciu z pude\u0142ka<\/li>\n<li>Rozmiar sprz\u0119tu: 135 41,5 41,5 milimetr\u00f3w<\/li>\n<li>Wersja: Wersja standardowa i wersja r\u00f3\u017cowa<\/li>\n<\/ul>\n<h2 data-v-md-heading=\"complete-flavor-lineup\" data-v-md-line=\"24\">Pe\u0142na gama smak\u00f3w<\/h2>\n<ul data-v-md-line=\"25\">\n<li>Brzoskwiniowy l\u00f3d<\/li>\n<li>Niebieskie lodowisko<\/li>\n<li>Lody winogronowe<\/li>\n<li>L\u00f3d miodowy<\/li>\n<li>Truskawka, arbuz, winogrono<\/li>\n<li>Je\u017cyna smoczy owoc<\/li>\n<li>Smoczy owoc bor\u00f3wki<\/li>\n<li>Lody jagodowe i malinowe<\/li>\n<li>Cytryna i limonka<\/li>\n<li>Arbuzowy l\u00f3d<\/li>\n<li>Smak truskawkowy, \u017curawinowy, wi\u015bniowy<\/li>\n<li>Smak winogronowo-jagodowy<\/li>\n<li>Smak marakui, kiwi i guawy<\/li>\n<\/ul>\n<h2 data-v-md-heading=\"suitable-for-you-and-your-business\" data-v-md-line=\"39\">Odpowiednie dla Ciebie i Twojej firmy<\/h2>\n<p data-v-md-line=\"41\">Saimeo Humo AZUL 24k mo\u017cna naby\u0107 bezpo\u015brednio jako produkt detaliczny i jest to produkt odpowiedni r\u00f3wnie\u017c dla sklep\u00f3w, kt\u00f3re chc\u0105 oferowa\u0107 klientom produkty o wysokiej stopie zwrotu.<\/p>\n<p data-v-md-line=\"43\">W przypadku sprzeda\u017cy hurtowej opakowanie jest proste i \u0142atwe w u\u017cyciu: 10 sztuk w opakowaniu, 200 sztuk w kartonie. Je\u015bli kupujesz z my\u015bl\u0105 o dalszej odsprzeda\u017cy, takie opakowanie jest wygodne do przechowywania i \u0142atwe do liczenia i wyjmowania.<\/p>\n<h2 data-v-md-heading=\"the-reason-why-you-will-like-it\" data-v-md-line=\"45\">Pow\u00f3d, dla kt\u00f3rego Ci si\u0119 spodoba<\/h2>\n<ul data-v-md-line=\"46\">\n<li>D\u0142uga \u017cywotno\u015b\u0107 baterii: Trwa\u0142a i wytrzyma\u0142a, nie wymaga cz\u0119stej wymiany.<\/li>\n<li>2% soli nikotynowej: Odpowiednie dla st\u0119\u017cenia powszechnie stosowanego przez wi\u0119kszo\u015b\u0107 codziennych u\u017cytkownik\u00f3w e-papieros\u00f3w.<\/li>\n<li>Mo\u017cliwo\u015b\u0107 \u0142adowania: pozwala na pe\u0142ne wykorzystanie urz\u0105dzenia zamiast zbyt wczesnej jego wymiany. Grza\u0142ka siateczkowa: gwarantuje niezmienny smak od pocz\u0105tku do ko\u0144ca.<\/li>\n<\/ul>\n<h2 data-v-md-heading=\"why-choose-to-collaborate-with-agoravape\" data-v-md-line=\"50\">Dlaczego warto zdecydowa\u0107 si\u0119 na wsp\u00f3\u0142prac\u0119 z AgoraVape?<\/h2>\n<p data-v-md-line=\"52\">AgoraVape kieruje si\u0119 prost\u0105 zasad\u0105: sprzedajemy wy\u0142\u0105cznie oryginalne produkty. Jest to szczeg\u00f3lnie wa\u017cne w bran\u017cy waporyzator\u00f3w z du\u017cym otworem, gdzie stale pojawiaj\u0105 si\u0119 podr\u00f3bki. Je\u015bli kupujesz dla klient\u00f3w, potrzebujesz godnych zaufania produkt\u00f3w.<\/p>\n<p data-v-md-line=\"54\">Klienci korporacyjni otrzymaj\u0105 r\u00f3wnie\u017c rozbudowane opcje hurtowe, szybkie wsparcie techniczne i sprawn\u0105 dostaw\u0119 logistyczn\u0105 na terenie ca\u0142ej Europy. Chcesz kupi\u0107 waporyzatory Saimeo Humo AZUL 24k z grza\u0142k\u0105 24000 mesh? Skontaktuj si\u0119 z nami, a ustalimy dla Ciebie ilo\u015b\u0107 zam\u00f3wienia i plan dostaw.<\/p>","protected":false},"excerpt":{"rendered":"<p>Czym jest Saimeo Humo AZUL 24k 24000 z atomizerem z siatk\u0105 ustn\u0105? Je\u015bli jeste\u015b zm\u0119czony jednorazowymi waporyzatorami, kt\u00f3re<\/p>","protected":false},"featured_media":0,"comment_status":"open","ping_status":"closed","template":"","meta":[],"product_brand":[1663],"product_cat":[124,185,189,174,191,1666,179,173,186,180,190],"product_tag":[],"class_list":{"0":"post-21870","1":"product","2":"type-product","3":"status-publish","5":"product_brand-saimeo","6":"product_cat-vape-by-brand","7":"product_cat-10000-puffs-high-capacity","8":"product_cat-20mg-standard-nicotine-vapes","9":"product_cat-fruit-flavors","10":"product_cat-rechargeable-disposables","11":"product_cat-saimeo","12":"product_cat-unique-blends","13":"product_cat-vape-by-flavor-profile","14":"product_cat-vape-by-nicotine-strength","15":"product_cat-vape-by-puff-count","16":"product_cat-vape-by-feature-or-type","18":"first","19":"onbackorder","20":"shipping-taxable","21":"purchasable","22":"product-type-variable","23":"has-default-attributes"},"tiered_pricing_type":"percentage","tiered_pricing_fixed_rules":[],"tiered_pricing_product_settings":{"layout":"default","base_unit_name":{"singular":null,"plural":null},"default_variation":null},"tiered_pricing_minimum_quantity":10,"tiered_pricing_roles_data":[],"tiered_pricing_percentage_rules":{"30":"29","50":"35","100":"40","200":"44","500":"47","1000":"49"},"tiered_pricing_maximum_quantity":null,"tiered_pricing_quantity_step":"10","_links":{"self":[{"href":"https:\/\/agoravape.com\/pl\/wp-json\/wp\/v2\/product\/21870","targetHints":{"allow":["GET"]}}],"collection":[{"href":"https:\/\/agoravape.com\/pl\/wp-json\/wp\/v2\/product"}],"about":[{"href":"https:\/\/agoravape.com\/pl\/wp-json\/wp\/v2\/types\/product"}],"replies":[{"embeddable":true,"href":"https:\/\/agoravape.com\/pl\/wp-json\/wp\/v2\/comments?post=21870"}],"version-history":[{"count":0,"href":"https:\/\/agoravape.com\/pl\/wp-json\/wp\/v2\/product\/21870\/revisions"}],"wp:attachment":[{"href":"https:\/\/agoravape.com\/pl\/wp-json\/wp\/v2\/media?parent=21870"}],"wp:term":[{"taxonomy":"product_brand","embeddable":true,"href":"https:\/\/agoravape.com\/pl\/wp-json\/wp\/v2\/product_brand?post=21870"},{"taxonomy":"product_cat","embeddable":true,"href":"https:\/\/agoravape.com\/pl\/wp-json\/wp\/v2\/product_cat?post=21870"},{"taxonomy":"product_tag","embeddable":true,"href":"https:\/\/agoravape.com\/pl\/wp-json\/wp\/v2\/product_tag?post=21870"}],"curies":[{"name":"wp","href":"https:\/\/api.w.org\/{rel}","templated":true}]}}