{"id":23780,"date":"2026-01-25T14:06:41","date_gmt":"2026-01-25T06:06:41","guid":{"rendered":"https:\/\/agoravape.com\/?post_type=product&#038;p=23780"},"modified":"2026-03-26T13:22:25","modified_gmt":"2026-03-26T12:22:25","slug":"saimeo-humo-case-iphone-16-30000-puffs","status":"publish","type":"product","link":"https:\/\/agoravape.com\/pl\/product\/saimeo-humo-case-iphone-16-30000-puffs\/","title":{"rendered":"Etui Saimeo Humo na iPhone'a 16, 30 tys. zaci\u0105gni\u0119\u0107 (30 000 zaci\u0105gni\u0119\u0107) | Du\u017ca liczba zaci\u0105gni\u0119\u0107, por\u0119czny kszta\u0142t"},"content":{"rendered":"<h2 data-v-md-heading=\"what-is-the-special-feature-of-saimeo-humo-case-iphone-16-30k-30000-pack-vape\" data-v-md-line=\"3\">Jakie s\u0105 szczeg\u00f3lne cechy etui Saimeo Humo na iPhone'a 16 30k 30000 pack vape?<\/h2>\n<p data-v-md-line=\"5\">Je\u015bli masz ju\u017c do\u015b\u0107 jednorazowych e-papieros\u00f3w bez papierosa, gdy zaczynasz z nich korzysta\u0107, to ten produkt jest zdecydowanie idealnym wyborem. Etui Saimeo Humo do iPhone'a 16 30k zosta\u0142o zaprojektowane z my\u015bl\u0105 o d\u0142ugotrwa\u0142ym u\u017cytkowaniu, z bateri\u0105 o \u017cywotno\u015bci do 30 000 w\u0142\u0105cze\u0144 i akumulatorem, dzi\u0119ki czemu mo\u017cesz w pe\u0142ni wykorzysta\u0107 pozosta\u0142y w nim e-liquid.<\/p>\n<p data-v-md-line=\"7\">Mo\u017cna by pomy\u015ble\u0107, \u017ce waporyzator z tak d\u0142ug\u0105 \u017cywotno\u015bci\u0105 baterii b\u0119dzie niepor\u0119czny jak ceg\u0142a, ale jego wygl\u0105d przypomina cienkie \u201eetui na telefon\u201d. Dla ka\u017cdego u\u017cytkownika, kt\u00f3ry szuka niezawodnego, przeno\u015bnego i \u0142atwego w obs\u0142udze waporyzatora, jest to prosty i przyjazny dla u\u017cytkownika wyb\u00f3r.<\/p>\n<h2 data-v-md-heading=\"excellent-performance-and-easy-operation\" data-v-md-line=\"9\">Doskona\u0142a wydajno\u015b\u0107 i \u0142atwa obs\u0142uga<\/h2>\n<p data-v-md-line=\"11\">Filozofia projektowania Saimeo jest bardzo prosta: wystarczy wci\u0105gn\u0105\u0107 powietrze, aby aktywowa\u0107 urz\u0105dzenie. Gdy bateria si\u0119 wyczerpie, mo\u017cna j\u0105 na\u0142adowa\u0107 przez interfejs Type-C, co oznacza, \u017ce \u200b\u200bmo\u017cna u\u017cy\u0107 tego samego kabla do \u0142adowania, kt\u00f3ry jest ju\u017c dost\u0119pny w domu.<\/p>\n<p data-v-md-line=\"13\">Posiada r\u00f3wnie\u017c funkcj\u0119 ochrony przed upadkiem (przetestowano j\u0105 pod k\u0105tem wytrzyma\u0142o\u015bci na upadki z wysoko\u015bci do 10 pi\u0119ter). \u017bycie nieuchronnie wi\u0105\u017ce si\u0119 z nieoczekiwanymi sytuacjami, a ten produkt zosta\u0142 zaprojektowany z my\u015bl\u0105 o nich.<\/p>\n<h2 data-v-md-heading=\"quick-specifications\" data-v-md-line=\"15\">Szybkie specyfikacje<\/h2>\n<ul data-v-md-line=\"16\">\n<li>Cz\u0119stotliwo\u015b\u0107 palenia: do 30000 zaci\u0105gni\u0119\u0107<\/li>\n<li>pojemno\u015b\u0107 e-liquidu: 13 mililitr\u00f3w<\/li>\n<li>Pojemno\u015b\u0107 baterii: 680mAh (\u0142adowalna)<\/li>\n<li>Zawarto\u015b\u0107 nikotyny: 5%<\/li>\n<li>Stosowanie: Wdychaj, aby aktywowa\u0107<\/li>\n<li>Interfejs \u0142adowania: Typ C<\/li>\n<li>Rozmiar: 75,8 \u00d7 21,92 \u00d7 166,66 milimetr\u00f3w<\/li>\n<li>Status: Gotowy do u\u017cycia od razu po wyj\u0119ciu z pude\u0142ka<\/li>\n<\/ul>\n<h2 data-v-md-heading=\"complete-flavor-lineup\" data-v-md-line=\"25\">Pe\u0142na gama smak\u00f3w<\/h2>\n<ul data-v-md-line=\"26\">\n<li>Arbuzowy l\u00f3d<\/li>\n<li>L\u00f3d jagodowy<\/li>\n<li>Mi\u0119ta Miami<\/li>\n<li>Kwa\u015bne lody jab\u0142kowe<\/li>\n<li>Potr\u00f3jna Jagoda<\/li>\n<\/ul>\n<h2 data-v-md-heading=\"tailored-for-you-and-your-business\" data-v-md-line=\"32\">Dostosowane do Ciebie i Twojej firmy<\/h2>\n<p data-v-md-line=\"34\">Etui Saimeo Humo na iPhone'a 16 mo\u017cna kupi\u0107 za 30000 juan\u00f3w za sztuk\u0119, ale je\u015bli jeste\u015b sprzedawc\u0105 detalicznym, opakowanie nadaje si\u0119 r\u00f3wnie\u017c do sprzeda\u017cy hurtowej. 5 sztuk w pude\u0142ku, 100 sztuk w pude\u0142ku.<\/p>\n<p data-v-md-line=\"36\">Wsp\u00f3\u0142pracujemy \u015bci\u015ble z rzetelnymi partnerami logistycznymi, aby zapewni\u0107 sprawn\u0105 dostaw\u0119 klientom europejskim, uwalniaj\u0105c Ci\u0119 od konieczno\u015bci zastanawiania si\u0119: \u201eGdzie jest moja paczka?\u201d. Po co odprawa celna? Je\u015bli jeste\u015b klientem korporacyjnym, potwierdzimy najodpowiedniejsze rozwi\u0105zanie transportowe dla Twojego kraju\/regionu podczas finalizacji transakcji lub za po\u015brednictwem naszego zespo\u0142u sprzeda\u017cy.<\/p>\n<h2 data-v-md-heading=\"reasons-why-you-will-like-it\" data-v-md-line=\"38\">Powody, dla kt\u00f3rych Ci si\u0119 spodoba<\/h2>\n<ul data-v-md-line=\"39\">\n<li>Trwa\u0142o\u015b\u0107 i d\u0142uga \u017cywotno\u015b\u0107: Zmniejsz liczb\u0119 wymian, zminimalizuj problemy i zapewnij sobie stabilniejsze dzia\u0142anie ka\u017cdego dnia.<\/li>\n<li>Akumulator: Pozwala w pe\u0142ni wykorzysta\u0107 zapas e-liquidu i unikn\u0105\u0107 jego przedwczesnej utylizacji.<\/li>\n<li>Prosta odporno\u015b\u0107 na ssanie: nie wymaga przycisk\u00f3w, nie ma potrzeby uczenia si\u0119, jest \u0142atwa w obs\u0142udze.<\/li>\n<li>Konstrukcja zabezpieczaj\u0105ca przed upadkiem: Nadaje si\u0119 do umieszczenia w kieszeniach lub torbach, dzi\u0119ki czemu mo\u017cesz z niego wygodnie korzysta\u0107 w dowolnym czasie i miejscu.<\/li>\n<\/ul>\n<h2 data-v-md-heading=\"why-choose-to-collaborate-with-agoravape\" data-v-md-line=\"44\">Dlaczego warto zdecydowa\u0107 si\u0119 na wsp\u00f3\u0142prac\u0119 z AgoraVape?<\/h2>\n<p data-v-md-line=\"46\">AgoraVape dok\u0142ada wszelkich stara\u0144, aby zapewni\u0107 100% oryginalno\u015b\u0107 produkt\u00f3w oraz jasny i przejrzysty proces zam\u00f3wie\u0144 z odpowiednim wsparciem. Je\u015bli jeste\u015b klientem korporacyjnym, zapewnimy Ci konkurencyjne rozwi\u0105zania hurtowe, niezawodne kana\u0142y komunikacji oraz us\u0142ugi logistyczne dostosowane do potrzeb europejskich odbiorc\u00f3w, kt\u00f3rzy ceni\u0105 szybko\u015b\u0107 i przewidywalno\u015b\u0107. Chcesz kupi\u0107 etui Saimeo Humo na iPhone'a 16 (30 tys.)? Skontaktuj si\u0119 z nami, a ustalimy odpowiedni\u0105 ilo\u015b\u0107 i plan dostawy.<\/p>","protected":false},"excerpt":{"rendered":"<p>Czym wyr\u00f3\u017cnia si\u0119 Saimeo Humo Case iPhone 16 30k 30000 pack vape? Je\u015bli jeste\u015b zm\u0119czony jednorazowymi<\/p>","protected":false},"featured_media":22104,"comment_status":"open","ping_status":"closed","template":"","meta":[],"product_brand":[1663],"product_cat":[124,185,189,1637,174,191,1666,179,173,186,180,190],"product_tag":[],"class_list":{"0":"post-23780","1":"product","2":"type-product","3":"status-publish","4":"has-post-thumbnail","6":"product_brand-saimeo","7":"product_cat-vape-by-brand","8":"product_cat-10000-puffs-high-capacity","9":"product_cat-20mg-standard-nicotine-vapes","10":"product_cat-30000-puffs","11":"product_cat-fruit-flavors","12":"product_cat-rechargeable-disposables","13":"product_cat-saimeo","14":"product_cat-unique-blends","15":"product_cat-vape-by-flavor-profile","16":"product_cat-vape-by-nicotine-strength","17":"product_cat-vape-by-puff-count","18":"product_cat-vape-by-feature-or-type","20":"first","21":"instock","22":"shipping-taxable","23":"purchasable","24":"product-type-variable","25":"has-default-attributes"},"tiered_pricing_type":"percentage","tiered_pricing_fixed_rules":[],"tiered_pricing_product_settings":{"layout":"default","base_unit_name":{"singular":null,"plural":null},"default_variation":null},"tiered_pricing_minimum_quantity":10,"tiered_pricing_roles_data":[],"tiered_pricing_percentage_rules":{"30":"29","50":"35","100":"40","200":"44","500":"47","1000":"49"},"tiered_pricing_maximum_quantity":null,"tiered_pricing_quantity_step":"10","_links":{"self":[{"href":"https:\/\/agoravape.com\/pl\/wp-json\/wp\/v2\/product\/23780","targetHints":{"allow":["GET"]}}],"collection":[{"href":"https:\/\/agoravape.com\/pl\/wp-json\/wp\/v2\/product"}],"about":[{"href":"https:\/\/agoravape.com\/pl\/wp-json\/wp\/v2\/types\/product"}],"replies":[{"embeddable":true,"href":"https:\/\/agoravape.com\/pl\/wp-json\/wp\/v2\/comments?post=23780"}],"version-history":[{"count":0,"href":"https:\/\/agoravape.com\/pl\/wp-json\/wp\/v2\/product\/23780\/revisions"}],"wp:featuredmedia":[{"embeddable":true,"href":"https:\/\/agoravape.com\/pl\/wp-json\/wp\/v2\/media\/22104"}],"wp:attachment":[{"href":"https:\/\/agoravape.com\/pl\/wp-json\/wp\/v2\/media?parent=23780"}],"wp:term":[{"taxonomy":"product_brand","embeddable":true,"href":"https:\/\/agoravape.com\/pl\/wp-json\/wp\/v2\/product_brand?post=23780"},{"taxonomy":"product_cat","embeddable":true,"href":"https:\/\/agoravape.com\/pl\/wp-json\/wp\/v2\/product_cat?post=23780"},{"taxonomy":"product_tag","embeddable":true,"href":"https:\/\/agoravape.com\/pl\/wp-json\/wp\/v2\/product_tag?post=23780"}],"curies":[{"name":"wp","href":"https:\/\/api.w.org\/{rel}","templated":true}]}}