{"id":23813,"date":"2026-01-25T14:23:09","date_gmt":"2026-01-25T06:23:09","guid":{"rendered":"https:\/\/agoravape.com\/?post_type=product&#038;p=23813"},"modified":"2026-03-21T12:43:57","modified_gmt":"2026-03-21T11:43:57","slug":"saimeo-humo-etui-iphone-15-30000-puffow","status":"publish","type":"product","link":"https:\/\/agoravape.com\/pl\/product\/saimeo-humo-case-iphone-15-30000-puffs\/","title":{"rendered":"Etui Saimeo Humo na iPhone'a 15 30k 30000 Puffs Vape | Big Puff Life, uchwyt w stylu telefonu"},"content":{"rendered":"<h2 data-v-md-heading=\"what-is-the-special-feature-of-saimeo-humo-case-iphone-15-30k-30000-pack-vape\" data-v-md-line=\"3\">Jakie s\u0105 szczeg\u00f3lne cechy etui Saimeo Humo Case iPhone 15 30k 30000 pack vape?<\/h2>\n<p data-v-md-line=\"5\">Je\u015bli masz ju\u017c do\u015b\u0107 jednorazowych e-papieros\u00f3w, kt\u00f3re na pocz\u0105tku wyczerpuj\u0105 bateri\u0119, to ten produkt zdecydowanie jest wart uwagi. Etui Saimeo Humo do iPhone'a 15 zosta\u0142o zaprojektowane z my\u015bl\u0105 o d\u0142ugotrwa\u0142ym u\u017cytkowaniu (do 30 000 jednostek), a jego design przypominaj\u0105cy etui na telefon zapewnia wygodny chwyt i z \u0142atwo\u015bci\u0105 zmie\u015bci si\u0119 w kieszeni lub torbie.<\/p>\n<p data-v-md-line=\"7\">Mo\u017cesz mie\u0107 wra\u017cenie, \u017ce produkt oznaczony etykiet\u0105 \u201e30k\u201d jest w d\u0142oni ci\u0119\u017cki jak ceg\u0142a. Ale prawda jest inna. Jest smuk\u0142y i elegancki, a jego og\u00f3lny design przypomina etui na iPhone'a, dzi\u0119ki czemu codzienne u\u017cytkowanie jest wyj\u0105tkowo \u0142atwe.<\/p>\n<h2 data-v-md-heading=\"excellent-performance-and-easy-operation\" data-v-md-line=\"9\">Doskona\u0142a wydajno\u015b\u0107 i \u0142atwa obs\u0142uga<\/h2>\n<p data-v-md-line=\"11\">Filozofia projektowania Saimeo jest bardzo zwi\u0119z\u0142a. Wystarczy wci\u0105gn\u0105\u0107 powietrze, aby aktywowa\u0107 urz\u0105dzenie, bez przycisk\u00f3w i uci\u0105\u017cliwych operacji. Wbudowany akumulator o pojemno\u015bci 680 mAh obs\u0142uguje \u0142adowanie przez USB typu C, dzi\u0119ki czemu, gdy bateria jest s\u0142aba, mo\u017cna \u0142adowa\u0107 za pomoc\u0105 najpopularniejszych kabli. To w\u0142a\u015bnie odr\u00f3\u017cnia waporyzatory jednorazowe od waporyzator\u00f3w pe\u0142nowarto\u015bciowych.<\/p>\n<h2 data-v-md-heading=\"quick-specifications\" data-v-md-line=\"13\">Szybkie specyfikacje<\/h2>\n<ul data-v-md-line=\"14\">\n<li>Liczba port\u00f3w: do 30000 port\u00f3w<\/li>\n<li>pojemno\u015b\u0107 e-liquidu: 13 mililitr\u00f3w<\/li>\n<li>Bateria: 680mAh (\u0142adowalna)<\/li>\n<li>Zawarto\u015b\u0107 nikotyny: 2% lub 5% (w zale\u017cno\u015bci od smaku)<\/li>\n<li>Zastosowanie: Aktywacja inhalacyjna<\/li>\n<li>Interfejs \u0142adowania: Typ C<\/li>\n<li>Odporno\u015b\u0107 na upadek: przetestowano pod k\u0105tem wytrzyma\u0142o\u015bci na upadek z wysoko\u015bci 10 pi\u0119ter<\/li>\n<li>Rozmiar: 75,8 \u00d7 21,92 \u00d7 166,66 milimetr\u00f3w<\/li>\n<li>Status: Gotowy do u\u017cycia po rozpakowaniu<\/li>\n<li>Kompatybilny z rozmiarami iPhone 13; iPhone 12 i 12 Pro; iPhone 14;<\/li>\n<\/ul>\n<h2 data-v-md-heading=\"complete-flavor-lineup\" data-v-md-line=\"24\">Pe\u0142na gama smak\u00f3w<\/h2>\n<ul data-v-md-line=\"25\">\n<li>Zab\u00f3jczyni kobiet (2%)<\/li>\n<li>Hawaje (2%)<\/li>\n<li>Marakuja Kiwi (2%)<\/li>\n<li>Mi\u0142o\u015b\u0107 66 (2%)<\/li>\n<li>Jagody i cytryny (2%)<\/li>\n<li>Arbuzowy l\u00f3d (5%)<\/li>\n<li>L\u00f3d jagodowy (5%)<\/li>\n<li>Mi\u0119ta Miami (5%)<\/li>\n<li>Kwa\u015bne lody jab\u0142kowe (5%)<\/li>\n<li>Potr\u00f3jna Jagoda (5%)<\/li>\n<\/ul>\n<h2 data-v-md-heading=\"tailored-for-you-and-your-business\" data-v-md-line=\"36\">Dostosowane do Ciebie i Twojej firmy<\/h2>\n<p data-v-md-line=\"38\">Etui Saimeo Humo na iPhone'a 15 30k to prosty i \u0142atwy w u\u017cyciu jednorazowy waporyzator, odpowiedni do u\u017cytku osobistego. Zar\u00f3wno w sklepach stacjonarnych, jak i internetowych, wygodnie jest r\u00f3wnie\u017c kupowa\u0107 hurtowo. Opakowanie zawiera 5 sztuk w pude\u0142ku i 100 sztuk w pude\u0142ku.<\/p>\n<p data-v-md-line=\"40\">Wiemy r\u00f3wnie\u017c, \u017ce opr\u00f3cz smaku, r\u00f3wnie wa\u017cne s\u0105 inne aspekty. Dlatego AgoraVape dok\u0142ada wszelkich stara\u0144, aby zapewni\u0107 wygodne dostawy w Europie i wsp\u00f3\u0142pracowa\u0107 z niezawodnymi partnerami kurierskimi, takimi jak UPS, DPD i DHL, aby zapewni\u0107 Ci brak problem\u00f3w z odpraw\u0105 celn\u0105 i przewidywaln\u0105 dostaw\u0119.<\/p>\n<h2 data-v-md-heading=\"reasons-why-you-will-like-it\" data-v-md-line=\"42\">Powody, dla kt\u00f3rych Ci si\u0119 spodoba<\/h2>\n<ul data-v-md-line=\"43\">\n<li>Bardzo d\u0142ugi czas pracy baterii: D\u0142u\u017cszy czas pracy, brak konieczno\u015bci cz\u0119stej wymiany urz\u0105dze\u0144.<\/li>\n<li>Dwie opcje st\u0119\u017cenia nikotyny: st\u0119\u017cenie nikotyny 2%, odpowiednie dla u\u017cytkownik\u00f3w, kt\u00f3rzy preferuj\u0105 \u0142agodny smak;<\/li>\n<li>St\u0119\u017cenie nikotyny 5%, odpowiednie dla u\u017cytkownik\u00f3w, kt\u00f3rzy lubi\u0105 bogate smaki (o lepszym smaku).<\/li>\n<li>Mo\u017cliwo\u015b\u0107 \u0142adowania: Upewnij si\u0119, \u017ce mo\u017cesz w pe\u0142ni wykorzysta\u0107 zakupiony e-liquid.<\/li>\n<li>Konstrukcja etui na telefon: Wygodna w trzymaniu, nie\u0142atwo si\u0119 ze\u015blizguje.<\/li>\n<li>Test odporno\u015bci na upadek: Wi\u0119ksza wytrzyma\u0142o\u015b\u0107, nawet je\u015bli urz\u0105dzenie zostanie przypadkowo upuszczone, nie ma powodu do obaw.<\/li>\n<\/ul>\n<h2 data-v-md-heading=\"why-choose-agoravape\" data-v-md-line=\"50\">Dlaczego warto wybra\u0107 AgoraVape?<\/h2>\n<p data-v-md-line=\"52\">AgoraVape wyznaje jedn\u0105 zasad\u0119: nigdy nie u\u017cywaj produkt\u00f3w gorszej jako\u015bci, nigdy nie przemycaj nieznanych \u0142a\u0144cuch\u00f3w dostaw. Oferujemy 100% gwarancj\u0119 oryginalno\u015bci produktu, obni\u017cone ceny i profesjonalne wsparcie, szczeg\u00f3lnie przydatne w przypadku zam\u00f3wie\u0144 korporacyjnych. Je\u015bli chcesz kupi\u0107 etui Saimeo Humo do iPhone'a 15 30k 30000 Puffs Vape, skontaktuj si\u0119 z nami, a pomo\u017cemy Ci dobra\u0107 odpowiedni smak i st\u0119\u017cenie nikotyny dla Twoich klient\u00f3w.<\/p>","protected":false},"excerpt":{"rendered":"<p>Czym wyr\u00f3\u017cnia si\u0119 Saimeo Humo Case iPhone 15 30k 30000 pack vape? Je\u015bli jeste\u015b zm\u0119czony jednorazowymi<\/p>","protected":false},"featured_media":22096,"comment_status":"open","ping_status":"closed","template":"","meta":[],"product_brand":[1663],"product_cat":[124,185,189,1637,174,191,1666,179,173,186,180,190],"product_tag":[],"class_list":{"0":"post-23813","1":"product","2":"type-product","3":"status-publish","4":"has-post-thumbnail","6":"product_brand-saimeo","7":"product_cat-vape-by-brand","8":"product_cat-10000-puffs-high-capacity","9":"product_cat-20mg-standard-nicotine-vapes","10":"product_cat-30000-puffs","11":"product_cat-fruit-flavors","12":"product_cat-rechargeable-disposables","13":"product_cat-saimeo","14":"product_cat-unique-blends","15":"product_cat-vape-by-flavor-profile","16":"product_cat-vape-by-nicotine-strength","17":"product_cat-vape-by-puff-count","18":"product_cat-vape-by-feature-or-type","20":"first","21":"instock","22":"shipping-taxable","23":"purchasable","24":"product-type-variable","25":"has-default-attributes"},"tiered_pricing_type":"percentage","tiered_pricing_fixed_rules":[],"tiered_pricing_product_settings":{"layout":"default","base_unit_name":{"singular":null,"plural":null},"default_variation":null},"tiered_pricing_minimum_quantity":10,"tiered_pricing_roles_data":[],"tiered_pricing_percentage_rules":{"30":"29","50":"35","100":"40","200":"44","500":"47","1000":"49"},"tiered_pricing_maximum_quantity":null,"tiered_pricing_quantity_step":"10","_links":{"self":[{"href":"https:\/\/agoravape.com\/pl\/wp-json\/wp\/v2\/product\/23813","targetHints":{"allow":["GET"]}}],"collection":[{"href":"https:\/\/agoravape.com\/pl\/wp-json\/wp\/v2\/product"}],"about":[{"href":"https:\/\/agoravape.com\/pl\/wp-json\/wp\/v2\/types\/product"}],"replies":[{"embeddable":true,"href":"https:\/\/agoravape.com\/pl\/wp-json\/wp\/v2\/comments?post=23813"}],"version-history":[{"count":0,"href":"https:\/\/agoravape.com\/pl\/wp-json\/wp\/v2\/product\/23813\/revisions"}],"wp:featuredmedia":[{"embeddable":true,"href":"https:\/\/agoravape.com\/pl\/wp-json\/wp\/v2\/media\/22096"}],"wp:attachment":[{"href":"https:\/\/agoravape.com\/pl\/wp-json\/wp\/v2\/media?parent=23813"}],"wp:term":[{"taxonomy":"product_brand","embeddable":true,"href":"https:\/\/agoravape.com\/pl\/wp-json\/wp\/v2\/product_brand?post=23813"},{"taxonomy":"product_cat","embeddable":true,"href":"https:\/\/agoravape.com\/pl\/wp-json\/wp\/v2\/product_cat?post=23813"},{"taxonomy":"product_tag","embeddable":true,"href":"https:\/\/agoravape.com\/pl\/wp-json\/wp\/v2\/product_tag?post=23813"}],"curies":[{"name":"wp","href":"https:\/\/api.w.org\/{rel}","templated":true}]}}